{"id":299,"date":"2024-12-12T13:46:58","date_gmt":"2024-12-12T05:46:58","guid":{"rendered":"https:\/\/shuangy.gg12.globaldeepsea.site\/?post_type=product&#038;p=299"},"modified":"2024-12-12T13:48:12","modified_gmt":"2024-12-12T05:48:12","slug":"hot-sale-cable-organizer","status":"publish","type":"product","link":"https:\/\/www.soyang-group.com\/it\/prodotto\/hot-sale-cable-organizer\/","title":{"rendered":"Organizzatore di cavi di vendita a caldo"},"content":{"rendered":"<p><strong>(1) Informazioni di base<\/strong><br \/>\nModello n.: Organizzatore di cavi<br \/>\nMarca: Shuangyang<br \/>\nMateriale a guscio: pp<br \/>\nWarlyly: 1 anni<br \/>\nCertificato: ROHS, REACH, Pahs<\/p>\n<p>&nbsp;<\/p>\n<p><strong>(2) Dettaglio del prodotto:<\/strong><br \/>\nNumero modello: RXJ-02<br \/>\nMarca: Shuangyang<br \/>\nUtilizzo: arrotolare il cavo<\/p>\n<p><strong>Descrizione e caratteristiche<\/strong><br \/>\n1. Impossibile: IP44<br \/>\n2.color:blue<br \/>\n3. Dimensione unit\u00e0: 440x120x8,7 mm<\/p>\n<p><img decoding=\"async\" src=\"https:\/\/www.soyanggroup.com\/uploads\/c218d87a.png\" alt=\"\" \/><br \/>\n4. Abilit\u00e0 di fornitura: 10.000.000 di pezzi\/pezzi al mese timer<\/p>\n<p><strong>Specifiche<\/strong><br \/>\nPacchetto: etichetta<br \/>\nQTY\/CTN: 100pcs<br \/>\nGW: 5,2 kg<br \/>\nNW: 4,8 kg<br \/>\nDimensione del cartone: 46x30x20 cm<br \/>\nQTY\/20 \u2032: 97.800 pezzi<br \/>\nCertificazioni: ROHS, REACH, Pahs<\/p>\n<p><img decoding=\"async\" src=\"https:\/\/www.soyanggroup.com\/uploads\/ff0edabc.png\" alt=\"\" \/><img decoding=\"async\" src=\"https:\/\/www.soyanggroup.com\/uploads\/1c7ddccc.png\" alt=\"\" \/><\/p>\n<p><strong>I nostri servizi<\/strong><br \/>\n1. Una volta ricevere il tuo messaggio, ti risponderemo tra 24 ore<br \/>\n2. Abbiamo un team di vendita professionale per offrire un servizio per te<br \/>\n3. Offri 2 anni come tempo di garanzia e servizio post-vendita<\/p>\n<p>&nbsp;<\/p>\n<p>&nbsp;<\/p>\n<p><strong>Informazioni sulla societ\u00e0<\/strong><\/p>\n<p>Zhejiang Shuangyang Group Co.ltd. \u00e8 stato fondato nel 1986, \u00e8 un'impresa privata, una delle stelle imprese di Ningbo City nel 1998, e approvata da ISO9001\/14000\/18000. Abbiamo localizzato a Cixi, Ningbo City, che \u00e8 solo un'ora per il porto e l'aeroporto di Ningbo e due ore a Shanghai.<\/p>\n<p><img decoding=\"async\" src=\"https:\/\/sc01.alicdn.com\/kf\/He5ba632c74e44a68a587403dde671c5eH\/1942321\/He5ba632c74e44a68a587403dde671c5eH.png_.webp\" alt=\"\" \/><br \/>\nFino ad ora, il capitale registrato \u00e8 di oltre 16 milioni di usdo. La nostra area del pavimento \u00e8 di circa 120.000 mq e l'area di costruzione \u00e8 di circa 85.000 mq. Nel 2018, il nostro turno totale \u00e8 di 80 milioni di usdo. Abbiamo dieci persone di ricerca e sviluppo e oltre 100 QC per garantire la qualit\u00e0, ogni anno, progettiamo e sviluppiamo oltre dieci nuovi prodotti che agiscono come produttore di piombo.<\/p>\n<p>I nostri prodotti principali sono timer, prese, cavi flessibili, cavi di alimentazione, tappi, prese di estensione, bobine per cavi e illuminazione. Possiamo fornire molti tipi di timer come timer quotidiani, timer meccanici e digitali, conti con timer, timer del settore con tutti i tipi di prese. I nostri mercati target sono il mercato europeo e il mercato americano. I nostri prodotti approvati da CE, GS, D, N, S, NF, ETL, VDE, ROHS, REACH, IPA e cos\u00ec via.<\/p>\n<p>Abbiamo una buona reputazione tra i nostri clienti. Ci concentriamo sempre sulla protezione dell'ambiente e della sicurezza umana. Migliorare la qualit\u00e0 della vita \u00e8 il nostro scopo finale.<\/p>\n<p>Le cavi di alimentazione, le prolunghe e le bobine dei cavi sono la nostra attivit\u00e0 principale, siamo il produttore principale degli ordini di promozione dal mercato europeo ogni anno. Siamo i migliori produttori che collaborano con VDE Global Service in Germania per proteggere il marchio.<\/p>\n<p>Benvenuto calorosamente per collaborare con tutti i clienti per il beneficio reciproco e un futuro luminoso.<\/p>\n<p>&nbsp;<\/p>\n<p><strong>FAQ<\/strong><\/p>\n<p>Q1. What shipping terms can we choose?<\/p>\n<p>A : There are by sea, by air, by express delivery for your options.<\/p>\n<p>&nbsp;<\/p>\n<p>Q2. Che ne dici del tempo di garanzia e dei prodotti di garanzia?<\/p>\n<p>A: La maggior parte dei prodotti \u00e8 di 2 anni, taglia i fili e scatta alcune foto.<\/p>\n<p>&nbsp;<\/p>\n<p>Q3. Quali termini di spedizione possiamo scegliere?<\/p>\n<p>A : There are by sea, by air, by express delivery for your options.<\/p>\n<p>&nbsp;<\/p>\n<p>Q4. Test di tutti i prodotti prima della consegna?<\/p>\n<p>A: S\u00ec, testiamo 100% di prodotti prima della consegna, mantieni i prodotti 100% funzionano normalmente.<\/p>","protected":false},"excerpt":{"rendered":"<p>Parti di prolunga di plastica<br \/>\nFacile da disporre il cavo,<br \/>\nFacile da trasportare e trasportare<br \/>\nTempi di consegna :<br \/>\nQuantit\u00e0 (pezzi) 1 - 10000&gt; 10000<br \/>\nEst. Tempo (giorni) 60 da negoziare<\/p>","protected":false},"featured_media":300,"template":"","meta":[],"product_cat":[27],"product_tag":[],"class_list":{"0":"post-299","1":"product","2":"type-product","3":"status-publish","4":"has-post-thumbnail","6":"product_cat-cable-organizer","8":"first","9":"instock","10":"shipping-taxable","11":"product-type-simple"},"_links":{"self":[{"href":"https:\/\/www.soyang-group.com\/it\/wp-json\/wp\/v2\/product\/299","targetHints":{"allow":["GET"]}}],"collection":[{"href":"https:\/\/www.soyang-group.com\/it\/wp-json\/wp\/v2\/product"}],"about":[{"href":"https:\/\/www.soyang-group.com\/it\/wp-json\/wp\/v2\/types\/product"}],"version-history":[{"count":0,"href":"https:\/\/www.soyang-group.com\/it\/wp-json\/wp\/v2\/product\/299\/revisions"}],"wp:featuredmedia":[{"embeddable":true,"href":"https:\/\/www.soyang-group.com\/it\/wp-json\/wp\/v2\/media\/300"}],"wp:attachment":[{"href":"https:\/\/www.soyang-group.com\/it\/wp-json\/wp\/v2\/media?parent=299"}],"wp:term":[{"taxonomy":"product_cat","embeddable":true,"href":"https:\/\/www.soyang-group.com\/it\/wp-json\/wp\/v2\/product_cat?post=299"},{"taxonomy":"product_tag","embeddable":true,"href":"https:\/\/www.soyang-group.com\/it\/wp-json\/wp\/v2\/product_tag?post=299"}],"curies":[{"name":"wp","href":"https:\/\/api.w.org\/{rel}","templated":true}]}}