{"id":303,"date":"2024-12-12T13:52:00","date_gmt":"2024-12-12T05:52:00","guid":{"rendered":"https:\/\/shuangy.gg12.globaldeepsea.site\/?post_type=product&#038;p=303"},"modified":"2024-12-12T13:52:00","modified_gmt":"2024-12-12T05:52:00","slug":"3ways-extension-sockets","status":"publish","type":"product","link":"https:\/\/www.soyang-group.com\/it\/prodotto\/3ways-extension-sockets\/","title":{"rendered":"Prese di estensione 3ways"},"content":{"rendered":"<p><strong>Panoramica<\/strong><\/p>\n<p><strong>Dettagli rapidi<\/strong><br \/>\nLuogo di origine: Zhejiang, Cina<br \/>\nMarca: Shuangyang<br \/>\nNumero modello: TXB-3-D<br \/>\nTipo: presa di estensione<br \/>\nCertificato: S NF GS CE<\/p>\n<p><strong>Capacit\u00e0 di fornitura<\/strong><br \/>\nCapacit\u00e0 di alimentazione: 9000000 metri\/metri al mese estensione europea<\/p>\n<p><strong>Imballaggio e consegna<\/strong><br \/>\nDettagli dell'imballaggio: borsa PE con etichetta<br \/>\nPorta: Ningbo<br \/>\nTempo di consegna: 25 giorni dopo ricevuto il deposito<br \/>\nExtension Cord Germany<\/p>\n<p>&nbsp;<\/p>\n<p><strong>Descrizione del prodotto dettagliato<\/strong><\/p>\n<p><strong>Prese di estensione residenziale<\/strong><br \/>\nNumero modello: TXB-3-D<br \/>\nMarca: Shuangyang<br \/>\nGrounding: messa a terra standard<\/p>\n<p><strong>Descrizione e caratteristiche<\/strong><br \/>\n1.Foltaggio: 250 V AC<br \/>\n2. Corrente nominale: 16A<br \/>\n3. Impossibile: IP44<br \/>\n4. Con la protezione-protezione-sicurezza<br \/>\n5.Color: nero<br \/>\n6. Cavo di match come segue: H05RN-F 3G1.0<br \/>\nH05RR-F 3G1.5<br \/>\nH07RN-F 3G1.0\/1.5\/2.5<br \/>\n7. La lunghezza del cavo pu\u00f2 in base alle esigenze del cliente. Ad esempio: 10m, 25m, 50m\u2026.<br \/>\n8. pu\u00f2 essere necessario in base alla necessit\u00e0 del cliente.<br \/>\n9. Abilit\u00e0 di alimentazione: 5000000 pezzi\/pezzi al mese timer<br \/>\n10. Capacit\u00e0 disponibile per un altro design: versione in Francia, versione tedesca<\/p>\n<p><img decoding=\"async\" src=\"https:\/\/www.soyanggroup.com\/uploads\/dc719d6c.png\" alt=\"\" \/><img decoding=\"async\" src=\"https:\/\/www.soyanggroup.com\/uploads\/d4047062.png\" alt=\"\" \/><\/p>\n<p><strong>Specifiche<\/strong><br \/>\nPACCHIA: borsa PP con carta<br \/>\nCertificazioni: S, GS, CE, ROHS, REACH, IPA<\/p>\n<p><img decoding=\"async\" src=\"https:\/\/www.soyanggroup.com\/uploads\/38a0b92314.jpg\" alt=\"\" \/><\/p>\n<p>&nbsp;<\/p>\n<p><strong>Informazioni sulla societ\u00e0<\/strong><\/p>\n<p>Zhejiang Shuangyang Group Co.ltd. \u00e8 stato fondato nel 1986, \u00e8 un'impresa privata, una delle stelle imprese di Ningbo City nel 1998, e approvata da ISO9001\/14000\/18000. Abbiamo localizzato a Cixi, Ningbo City, che \u00e8 solo un'ora per il porto e l'aeroporto di Ningbo e due ore a Shanghai.<\/p>\n<p><img decoding=\"async\" src=\"https:\/\/sc01.alicdn.com\/kf\/He5ba632c74e44a68a587403dde671c5eH\/1942321\/He5ba632c74e44a68a587403dde671c5eH.png_.webp\" alt=\"\" \/><br \/>\nFino ad ora, il capitale registrato \u00e8 di oltre 16 milioni di usdo. La nostra area del pavimento \u00e8 di circa 120.000 mq e l'area di costruzione \u00e8 di circa 85.000 mq. Nel 2018, il nostro turno totale \u00e8 di 80 milioni di usdo. Abbiamo dieci persone di ricerca e sviluppo e oltre 100 QC per garantire la qualit\u00e0, ogni anno, progettiamo e sviluppiamo oltre dieci nuovi prodotti che agiscono come produttore di piombo.<\/p>\n<p>I nostri prodotti principali sono timer, prese, cavi flessibili, cavi di alimentazione, tappi, prese di estensione, bobine per cavi e illuminazione. Possiamo fornire molti tipi di timer come timer quotidiani, timer meccanici e digitali, conti con timer, timer del settore con tutti i tipi di prese. I nostri mercati target sono il mercato europeo e il mercato americano. I nostri prodotti approvati da CE, GS, D, N, S, NF, ETL, VDE, ROHS, REACH, IPA e cos\u00ec via.<\/p>\n<p>Abbiamo una buona reputazione tra i nostri clienti. Ci concentriamo sempre sulla protezione dell'ambiente e della sicurezza umana. Migliorare la qualit\u00e0 della vita \u00e8 il nostro scopo finale.<\/p>\n<p>Le cavi di alimentazione, le prolunghe e le bobine dei cavi sono la nostra attivit\u00e0 principale, siamo il produttore principale degli ordini di promozione dal mercato europeo ogni anno. Siamo i migliori produttori che collaborano con VDE Global Service in Germania per proteggere il marchio.<\/p>\n<p>Benvenuto calorosamente per collaborare con tutti i clienti per il beneficio reciproco e un futuro luminoso.<\/p>\n<p>&nbsp;<\/p>\n<p><strong>FAQ<\/strong><\/p>\n<p>Q1. Che ne dici del tempo di garanzia e dei prodotti di garanzia?<\/p>\n<p>A: La maggior parte dei prodotti \u00e8 di 2 anni, taglia i fili e scatta alcune foto.<\/p>\n<p>&nbsp;<\/p>\n<p>Q2. Quali sono i tuoi termini di pagamento?<\/p>\n<p>A: T\/T, L\/C.<\/p>\n<p>&nbsp;<\/p>\n<p>Q3. Test di tutti i prodotti prima della consegna?<\/p>\n<p>A: S\u00ec, testiamo 100% di prodotti prima della consegna, mantieni i prodotti 100% funzionano normalmente.<\/p>\n<p>&nbsp;<\/p>\n<p>Q4. Che audit di responsabilit\u00e0 sociale hai superato?<\/p>\n<p>A: S\u00ec, abbiamo BSCI, sedex.<\/p>","protected":false},"excerpt":{"rendered":"<p>1. Cabocchi: H05RN-F 3G1.0, H05RR-F 3G1.0\/1.5, H07RN-F 3G1.0\/1.5.<br \/>\n2. La lunghezza del cavo pu\u00f2 in base alle esigenze del cliente. Ad esempio: 1m, 3m, 10m\u2026.<br \/>\n3. pu\u00f2 essere necessario in base alla necessit\u00e0 del cliente<\/p>\n<p>Tempi di consegna :<br \/>\nQuantit\u00e0 (pezzi) 1 - 10000&gt; 10000<br \/>\nEst. Tempo (giorni) 60 da negoziare<\/p>","protected":false},"featured_media":304,"template":"","meta":[],"product_cat":[29],"product_tag":[],"class_list":{"0":"post-303","1":"product","2":"type-product","3":"status-publish","4":"has-post-thumbnail","6":"product_cat-extension-sockets","8":"first","9":"instock","10":"shipping-taxable","11":"product-type-simple"},"_links":{"self":[{"href":"https:\/\/www.soyang-group.com\/it\/wp-json\/wp\/v2\/product\/303","targetHints":{"allow":["GET"]}}],"collection":[{"href":"https:\/\/www.soyang-group.com\/it\/wp-json\/wp\/v2\/product"}],"about":[{"href":"https:\/\/www.soyang-group.com\/it\/wp-json\/wp\/v2\/types\/product"}],"version-history":[{"count":0,"href":"https:\/\/www.soyang-group.com\/it\/wp-json\/wp\/v2\/product\/303\/revisions"}],"wp:featuredmedia":[{"embeddable":true,"href":"https:\/\/www.soyang-group.com\/it\/wp-json\/wp\/v2\/media\/304"}],"wp:attachment":[{"href":"https:\/\/www.soyang-group.com\/it\/wp-json\/wp\/v2\/media?parent=303"}],"wp:term":[{"taxonomy":"product_cat","embeddable":true,"href":"https:\/\/www.soyang-group.com\/it\/wp-json\/wp\/v2\/product_cat?post=303"},{"taxonomy":"product_tag","embeddable":true,"href":"https:\/\/www.soyang-group.com\/it\/wp-json\/wp\/v2\/product_tag?post=303"}],"curies":[{"name":"wp","href":"https:\/\/api.w.org\/{rel}","templated":true}]}}