{"id":266,"date":"2024-12-12T13:10:17","date_gmt":"2024-12-12T05:10:17","guid":{"rendered":"https:\/\/shuangy.gg12.globaldeepsea.site\/?post_type=product&#038;p=266"},"modified":"2024-12-12T13:10:17","modified_gmt":"2024-12-12T05:10:17","slug":"2-1a-usb-socket","status":"publish","type":"product","link":"https:\/\/www.soyang-group.com\/ko\/product\/2-1a-usb-socket\/","title":{"rendered":"2.1A USB \uc18c\ucf13"},"content":{"rendered":"<p><strong>\uac1c\uc694<\/strong><\/p>\n<p><strong>\ube60\ub978 \uc138\ubd80 \uc0ac\ud56d<\/strong><br \/>\n\uc6d0\uc0b0\uc9c0 : \uc911\uad6d \uc794\uae30 \ud310<br \/>\n\ube0c\ub79c\ub4dc \uc774\ub984 : \ucf69<br \/>\n\ubaa8\ub378 \ubc88\ud638 : USB-D2<br \/>\nDC : 5V AC<br \/>\nMax:2.1A<br \/>\n\uc0c9\uc0c1 : \ud770\uc0c9<br \/>\n\uc751\uc6a9 \ud504\ub85c\uadf8\ub7a8 : \ud0c0\uc774\uba38 \uc2a4\uc704\uce58<\/p>\n<p><strong>\uacf5\uae09 \ub2a5\ub825<\/strong><br \/>\n\uacf5\uae09 \ub2a5\ub825 : \ud55c \ub2ec\uc5d0 10 \ub9cc \uc870\uac01\/\uc870\uac01<\/p>\n<p><strong>\ud3ec\uc7a5 \ubc0f \ubc30\uc1a1<\/strong><br \/>\n\ud3ec\uc7a5 \uc138\ubd80 \uc0ac\ud56d : \uc774\uc911 \ubb3c\uc9d1, 10pcs\/ \ub0b4\ubd80 \uc0c1\uc790, 60pcs\/ \uc678\ubd80 \uc0c1\uc790<br \/>\n\ud3ec\ud2b8 : Ningbo\/Shanghai<br \/>\n\ub9ac\ub4dc \ud0c0\uc784 :<br \/>\n\uc218\ub7c9 (\uc870\uac01) 1 - 100000&gt; 10000<br \/>\nest. \ud611\uc0c1 \ud560 \uc2dc\uac04 (\uc77c) 60<\/p>\n<p>&nbsp;<\/p>\n<p><strong>\uc138\ubd80 \uc81c\ud488 \uc124\uba85<\/strong><\/p>\n<p><strong>2.1A USB \uc18c\ucf13<\/strong><br \/>\n\ubaa8\ub378 \ubc88\ud638 : USB-D2<br \/>\n\ub3c5\uc77c \ubc84\uc804<br \/>\n\ube0c\ub79c\ub4dc \uc774\ub984 : Shuangyang<br \/>\n\uc0ac\uc6a9 : \ucda9\uc804\uae30 \uc18c\ucf13<br \/>\n\uc774\ub860 : \uae30\uacc4\uc801<br \/>\n\uc124\uba85 \ubc0f \uae30\ub2a5<br \/>\n1.max : 2.1a<br \/>\n2.DC : 5V<br \/>\n3. \ub2e8\uc704 \ud06c\uae30 :<\/p>\n<p><a class=\"fancybox\" href=\"https:\/\/www.soyanggroup.com\/uploads\/125.jpg\" target=\"_blank\" rel=\"noopener\"><img decoding=\"async\" class=\"alignnone size-full wp-image-4344\" src=\"https:\/\/www.soyanggroup.com\/uploads\/125.jpg\" alt=\"1\" \/><\/a><\/p>\n<p>4. \uacf5\uae09 \ub2a5\ub825 : \ub9e4\uc6d4 100000 \uc870\uac01\/\uc870\uac01 \ud0c0\uc774\uba38<br \/>\n5. \ub2e4\ub978 \ub514\uc790\uc778\uc5d0 \uc0ac\uc6a9 \uac00\ub2a5\ud55c \uc6a9\ub7c9 : Gemany \ubc84\uc804, \ub374\ub9c8\ud06c \ubc84\uc804, \ud504\ub791\uc2a4 \ubc84\uc804<\/p>\n<p>&nbsp;<\/p>\n<p><strong>\uc0ac\uc591<\/strong><br \/>\n\ud328\ud0a4\uc9c0 : \uc774\uc911 \ubb3c\uc9d1<br \/>\n\uc218\ub7c9\/\uc0c1\uc790 : 10pcs<br \/>\n\uc218\ub7c9\/CTN : 60pcs<br \/>\nGW : 5.8kg<br \/>\nNW : 4.8kg<br \/>\n\uc0c1\uc790 \ud06c\uae30 : 38*73*23cm<br \/>\n\uc218\ub7c9\/20 \u2032 : 23,040pcs<br \/>\n\uc778\uc99d : GS, CE, ROHS, Reach, PAH<\/p>\n<p>&nbsp;<\/p>\n<p><strong>\ud310\ub9e4\uc810<\/strong><br \/>\n1. \ub192\uc740 \ud488\uc9c8<br \/>\n2. \uc720\uc775\ud55c \uac00\uaca9<br \/>\n3. \ub2e4\uc591\ud55c \uc81c\ud488<br \/>\n4. \ub9e4\ub825\uc801\uc778 \ub514\uc790\uc778<br \/>\n5. \ud658\uacbd \uce5c\ud654\uc801 \uae30\uc220<br \/>\n6. OEM \ubc0f ODM \uc11c\ube44\uc2a4 \uc81c\uacf5<\/p>\n<p>&nbsp;<\/p>\n<p><strong>\ud3ec\uc7a5 \ubc0f \uc9c0\ubd88 \ubc0f \ubc30\uc1a1<\/strong><br \/>\n\ud3ec\uc7a5 \uc138\ubd80 \uc0ac\ud56d : \ud770\uc0c9 \uc0c1\uc790<br \/>\n\uacb0\uc81c \ubc29\ubc95 : \uc0ac\uc804 TT, T\/T, L\/C.<br \/>\n\ubc30\uc1a1 : \uc608\uae08\uc744\ubc1b\uc740 \ud6c4 30-45 \uc77c<br \/>\n\ud3ec\ud2b8 : Ningbo \ub610\ub294 \uc0c1\ud558\uc774<\/p>\n<p>&nbsp;<\/p>\n<p><strong>\uc6b0\ub9ac\uc758 \uc11c\ube44\uc2a4<\/strong><br \/>\n1. \uba54\uc2dc\uc9c0\ub97c \ubc1b\uc73c\uba74 24 \uc2dc\uac04 \uc548\uc5d0 \ub2f5\uc7a5\uc744 \ub4dc\ub9ac\uaca0\uc2b5\ub2c8\ub2e4.<br \/>\n2. \uc6b0\ub9ac\ub294 \ub2f9\uc2e0\uc5d0\uac8c \uc11c\ube44\uc2a4\ub97c \uc81c\uacf5 \ud560 \uc804\ubb38 \uc601\uc5c5 \ud300\uc774 \uc788\uc2b5\ub2c8\ub2e4.<br \/>\n3. \ubcf4\uc99d \uc2dc\uac04 \ubc0f \uc560\ud504\ud130 \uc2a4 \uc11c\ube44\uc2a4\ub85c 2 \ub144\uc744 \uc81c\uacf5\ud569\ub2c8\ub2e4.<\/p>\n<p>&nbsp;<\/p>\n<p><strong>\ud68c\uc0ac \uc815\ubcf4<\/strong><\/p>\n<p>Zhejiang Shuangyang Group Co.ltd. 1986 \ub144\uc5d0 \uc124\ub9bd \ub41c \uac83\uc740 1998 \ub144 Ningbo City\uc758 Star Enterprise \uc911 \ud558\ub098 \uc778 \uac1c\uc778 \uc18c\uc720 \uae30\uc5c5\uc774\uba70 ISO9001\/14000\/18000\uc5d0 \uc758\ud574 \uc2b9\uc778\ub418\uc5c8\uc2b5\ub2c8\ub2e4. \uc6b0\ub9ac\ub294 Ningbo City\uc758 Cixi\uc5d0 \uc704\uce58\ud55c Ningbo Harbor\uc640 \uacf5\ud56d\uae4c\uc9c0 1 \uc2dc\uac04, \uc0c1\ud558\uc774\uae4c\uc9c0 2 \uc2dc\uac04\uc785\ub2c8\ub2e4.<\/p>\n<p><a class=\"fancybox\" href=\"https:\/\/www.soyanggroup.com\/uploads\/11.jpg\" target=\"_blank\" rel=\"noopener\"><img decoding=\"async\" class=\"alignnone size-full wp-image-4014\" src=\"https:\/\/www.soyanggroup.com\/uploads\/11.jpg\" alt=\"\u00c4\u00da\u00d2\u00b3\u00d0\u00a7\u00b9\u00fb-1\" \/><\/a><br \/>\n\uc9c0\uae08\uae4c\uc9c0 \ub4f1\ub85d \ub41c \uc790\ubcf8\uc740 1,600 \ub9cc \uac74 \uc774\uc0c1\uc785\ub2c8\ub2e4. \uc6b0\ub9ac\uc758 \ubc14\ub2e5 \uba74\uc801\uc740 \uc57d 120.000 \ud3c9\ubc29 \ubbf8\ud130\uc774\uba70 \uac74\ucd95 \uba74\uc801\uc740 \uc57d 85,000 \ud3c9\ubc29 \ubbf8\ud130\uc785\ub2c8\ub2e4. 2018 \ub144\uc5d0 \uc6b0\ub9ac\uc758 \ucd1d \uc804\ud658\uc740 8 \ucc9c\ub9cc \uac74\uc785\ub2c8\ub2e4. \uc6b0\ub9ac\ub294 \ud488\uc9c8\uc744 \ubcf4\uc7a5\ud558\uae30 \uc704\ud574 10 \uba85\uc758 R &amp; D \uc0ac\ub78c\uacfc 100 \uba85 \uc774\uc0c1\uc758 QC\ub97c \ubcf4\uc720\ud558\uace0 \uc788\uc73c\uba70, \ub9e4\ub144 \ub9ac\ub4dc \uc81c\uc870\uc5c5\uccb4 \uc5ed\ud560\uc744\ud558\ub294 10 \uac1c \uc774\uc0c1\uc758 \uc2e0\uc81c\ud488\uc744 \uc124\uacc4\ud558\uace0 \uac1c\ubc1c\ud569\ub2c8\ub2e4.<\/p>\n<p>\ub2f9\uc0ac\uc758 \uc8fc\uc694 \uc81c\ud488\uc740 \ud0c0\uc774\uba38, \uc18c\ucf13, \uc720\uc5f0\ud55c \ucf00\uc774\ube14, \uc804\uc6d0 \ucf54\ub4dc, \ud50c\ub7ec\uadf8, \ud655\uc7a5 \uc18c\ucf13, \ucf00\uc774\ube14 \ub9b4 \ubc0f \uc870\uba85\uc785\ub2c8\ub2e4. \uc6b0\ub9ac\ub294 \uc77c\uc77c \ud0c0\uc774\uba38, \uae30\uacc4\uc2dd \ubc0f \ub514\uc9c0\ud138 \ud0c0\uc774\uba38, \uce74\uc6b4\ud2b8 \ub2e4\uc6b4 \ud0c0\uc774\uba38, \uc0b0\uc5c5 \ud0c0\uc774\uba38\ub97c \ubaa8\ub4e0 \uc885\ub958\uc758 \uc18c\ucf13\uacfc \uac19\uc740 \ub9ce\uc740 \uc885\ub958\uc758 \ud0c0\uc774\uba38\ub97c \uacf5\uae09\ud560 \uc218 \uc788\uc2b5\ub2c8\ub2e4. \uc6b0\ub9ac\uc758 \ubaa9\ud45c \uc2dc\uc7a5\uc740 \uc720\ub7fd \uc2dc\uc7a5\uacfc \ubbf8\uad6d \uc2dc\uc7a5\uc785\ub2c8\ub2e4. \ub2f9\uc0ac\uc758 \uc81c\ud488\uc740 CE, GS, D, N, S, NF, ETL, VDE, ROHS, REACH, PAHS \ub4f1\uc73c\ub85c \uc2b9\uc778\ud588\uc2b5\ub2c8\ub2e4.<\/p>\n<p>\uc6b0\ub9ac\ub294 \uace0\uac1d\ub4e4 \uc0ac\uc774\uc5d0\uc11c \uc88b\uc740 \ud3c9\ud310\uc744 \uac00\uc9c0\uace0 \uc788\uc2b5\ub2c8\ub2e4. \uc6b0\ub9ac\ub294 \ud56d\uc0c1 \ud658\uacbd\uacfc \uc778\uac04\uc758 \uc548\uc804\uc5d0 \uc911\uc810\uc744 \ub461\ub2c8\ub2e4. \uc0b6\uc758 \uc9c8\uc744 \ud5a5\uc0c1\uc2dc\ud0a4\ub294 \uac83\uc774 \uc6b0\ub9ac\uc758 \ucd5c\uc885 \ubaa9\uc801\uc785\ub2c8\ub2e4.<\/p>\n<p>\uc804\uc6d0 \ucf54\ub4dc, \ud655\uc7a5 \ucf54\ub4dc \ubc0f \ucf00\uc774\ube14 \ub9b4\uc740 \uc6b0\ub9ac\uc758 \uc8fc\uc694 \uc0ac\uc5c5\uc774\uba70, \uc6b0\ub9ac\ub294 \ub9e4\ub144 \uc720\ub7fd \uc2dc\uc7a5\uc758 \ud64d\ubcf4 \uc8fc\ubb38\uc758 \uc8fc\uc694 \uc81c\uc870\uc5c5\uccb4\uc785\ub2c8\ub2e4. \uc6b0\ub9ac\ub294 \uc0c1\ud45c\ub97c \ubcf4\ud638\ud558\uae30 \uc704\ud574 \ub3c5\uc77c\uc758 VDE Global Service\uc640 \ud611\ub825\ud558\ub294 \uc81c\uc870\uc5c5\uccb4 \uc911 \ud558\ub098\uc785\ub2c8\ub2e4.<\/p>\n<p>\uc0c1\ud638 \uc774\uc775\uacfc \ubc1d\uc740 \ubbf8\ub798\ub97c \uc704\ud574 \ubaa8\ub4e0 \uace0\uac1d\uacfc \ud611\ub825\ud558\ub294 \ub370 \ub530\ub73b\ud55c \ud658\uc601\uc744 \ud658\uc601\ud569\ub2c8\ub2e4.<\/p>\n<p>&nbsp;<\/p>\n<p><strong>FAQ<\/strong><br \/>\nQ1. \uc0d8\ud50c \uc8fc\ubb38\uc744 \uc218\ub77d \ud560 \uc218 \uc788\uc2b5\ub2c8\uae4c?<\/p>\n<p>A : \uadf8\ub807\uc2b5\ub2c8\ub2e4. \uc6b0\ub9ac\ub294 \uc0d8\ud50c \uc21c\uc11c\ub97c \uc218\ub77d\ud569\ub2c8\ub2e4.<\/p>\n<p>&nbsp;<\/p>\n<p>Q2. \uc6b0\ub9ac\ub97c \uacc4\uc57d\ud558\ub294 \ubc29\ubc95?<\/p>\n<p>A : \uc6b0\ub9ac\uc5d0\uac8c \uba54\uc77c\uc744 \ubcf4\ub0b4\uac70\ub098 \uc804\ud654 \ud560 \uc218 \uc788\uc2b5\ub2c8\ub2e4.<\/p>","protected":false},"excerpt":{"rendered":"<p>\ud648 USB \ucda9\uc804\uae30 \ubbf8\ub2c8 \uc18c\ucf13 \ud50c\ub7ec\uadf8<br \/>\niOS \ubc0f Android \uc7a5\uce58\ub294 \ud638\ud658 \uac00\ub2a5\ud558\uba70<br \/>\n\uc5b4\ub824\uc6b4 \ucda9\uc804 \ubb38\uc81c\ub97c \ud574\uacb0\ud558\uae30 \uc704\ud574 \ub450 \uc7a5\uce58\ub97c \uc9c0\uc6d0\ud569\ub2c8\ub2e4.<\/p>","protected":false},"featured_media":270,"template":"","meta":[],"product_cat":[24],"product_tag":[],"class_list":{"0":"post-266","1":"product","2":"type-product","3":"status-publish","4":"has-post-thumbnail","6":"product_cat-socketplug","8":"first","9":"instock","10":"shipping-taxable","11":"product-type-simple"},"_links":{"self":[{"href":"https:\/\/www.soyang-group.com\/ko\/wp-json\/wp\/v2\/product\/266","targetHints":{"allow":["GET"]}}],"collection":[{"href":"https:\/\/www.soyang-group.com\/ko\/wp-json\/wp\/v2\/product"}],"about":[{"href":"https:\/\/www.soyang-group.com\/ko\/wp-json\/wp\/v2\/types\/product"}],"version-history":[{"count":0,"href":"https:\/\/www.soyang-group.com\/ko\/wp-json\/wp\/v2\/product\/266\/revisions"}],"wp:featuredmedia":[{"embeddable":true,"href":"https:\/\/www.soyang-group.com\/ko\/wp-json\/wp\/v2\/media\/270"}],"wp:attachment":[{"href":"https:\/\/www.soyang-group.com\/ko\/wp-json\/wp\/v2\/media?parent=266"}],"wp:term":[{"taxonomy":"product_cat","embeddable":true,"href":"https:\/\/www.soyang-group.com\/ko\/wp-json\/wp\/v2\/product_cat?post=266"},{"taxonomy":"product_tag","embeddable":true,"href":"https:\/\/www.soyang-group.com\/ko\/wp-json\/wp\/v2\/product_tag?post=266"}],"curies":[{"name":"wp","href":"https:\/\/api.w.org\/{rel}","templated":true}]}}