{"id":266,"date":"2024-12-12T13:10:17","date_gmt":"2024-12-12T05:10:17","guid":{"rendered":"https:\/\/shuangy.gg12.globaldeepsea.site\/?post_type=product&#038;p=266"},"modified":"2024-12-12T13:10:17","modified_gmt":"2024-12-12T05:10:17","slug":"2-1a-usb-socket","status":"publish","type":"product","link":"https:\/\/www.soyang-group.com\/mr\/product\/2-1a-usb-socket\/","title":{"rendered":"2.1 \u090f \u092f\u0942\u090f\u0938\u092c\u0940 \u0938\u0949\u0915\u0947\u091f"},"content":{"rendered":"<p><strong>\u0935\u093f\u0939\u0902\u0917\u093e\u0935\u0932\u094b\u0915\u0928<\/strong><\/p>\n<p><strong>\u0926\u094d\u0930\u0941\u0924 \u0924\u092a\u0936\u0940\u0932<\/strong><br \/>\n\u092e\u0942\u0933 \u0920\u093f\u0915\u093e\u0923: \u091d\u0947\u091c\u093f\u092f\u093e\u0902\u0917, \u091a\u0940\u0928<br \/>\nBrand Name:Soyang<br \/>\n\u092e\u0949\u0921\u0947\u0932 \u0915\u094d\u0930\u092e\u093e\u0902\u0915: \u092f\u0942\u090f\u0938\u092c\u0940-\u0921\u0940 2<br \/>\n\u0921\u0940\u0938\u0940: 5 \u0935\u094d\u0939\u0940 \u090f\u0938\u0940<br \/>\nMax:2.1A<br \/>\nColor:white<br \/>\n\u0905\u0928\u0941\u092a\u094d\u0930\u092f\u094b\u0917: \u091f\u093e\u0907\u092e\u0930 \u0938\u094d\u0935\u093f\u091a<\/p>\n<p><strong>\u092a\u0941\u0930\u0935\u0920\u093e \u0915\u094d\u0937\u092e\u0924\u093e<\/strong><br \/>\n\u092a\u0941\u0930\u0935\u0920\u093e \u0915\u094d\u0937\u092e\u0924\u093e: \u0926\u0930\u092e\u0939\u093e 100000 \u0924\u0941\u0915\u0921\u093e\/\u0924\u0941\u0915\u0921\u0947<\/p>\n<p><strong>\u092a\u0945\u0915\u0947\u091c\u093f\u0902\u0917 \u0906\u0923\u093f \u0935\u093f\u0924\u0930\u0923<\/strong><br \/>\n\u092a\u0945\u0915\u0947\u091c\u093f\u0902\u0917 \u0924\u092a\u0936\u0940\u0932: \u0921\u092c\u0932 \u092c\u094d\u0932\u093f\u0938\u094d\u091f\u0930, 10 \u092a\u0940\u0938\u0940\/ \u0905\u0902\u0924\u0930\u094d\u0917\u0924 \u092c\u0949\u0915\u094d\u0938, 60 \u092a\u0940\u0938\u0940\/ \u092c\u093e\u0939\u094d\u092f \u0915\u093e\u0930\u094d\u091f\u0928<br \/>\nPort:Ningbo\/Shanghai<br \/>\n\u0906\u0918\u093e\u0921\u0940 \u0935\u0947\u0933 :<br \/>\n\u092a\u094d\u0930\u092e\u093e\u0923 (\u0924\u0941\u0915\u0921\u0947) 1 - 10000&gt; 10000<br \/>\n\u0908\u090f\u0938\u091f\u0940. \u0935\u0947\u0933 (\u0926\u093f\u0935\u0938) 60 \u0935\u093e\u091f\u093e\u0918\u093e\u091f\u0940<\/p>\n<p>&nbsp;<\/p>\n<p><strong>\u0924\u092a\u0936\u0940\u0932 \u0909\u0924\u094d\u092a\u093e\u0926\u0928 \u0935\u0930\u094d\u0923\u0928<\/strong><\/p>\n<p><strong>2.1 \u090f \u092f\u0942\u090f\u0938\u092c\u0940 \u0938\u0949\u0915\u0947\u091f<\/strong><br \/>\n\u092e\u0949\u0921\u0947\u0932 \u0915\u094d\u0930\u092e\u093e\u0902\u0915: \u092f\u0942\u090f\u0938\u092c\u0940-\u0921\u0940 2<br \/>\n\u091c\u0930\u094d\u092e\u0928\u0940 \u0906\u0935\u0943\u0924\u094d\u0924\u0940<br \/>\n\u092c\u094d\u0930\u0901\u0921 \u0928\u093e\u0935: \u0936\u0941\u0906\u0902\u0917\u092f\u093e\u0902\u0917<br \/>\n\u0935\u093e\u092a\u0930: \u091a\u093e\u0930\u094d\u091c\u0930 \u0938\u0949\u0915\u0947\u091f<br \/>\n\u0938\u093f\u0926\u094d\u0927\u093e\u0902\u0924: \u092f\u093e\u0902\u0924\u094d\u0930\u093f\u0915<br \/>\n\u0935\u0930\u094d\u0923\u0928 \u0906\u0923\u093f \u0935\u0948\u0936\u093f\u0937\u094d\u091f\u094d\u092f\u0947<br \/>\n1. \u092e\u0947\u0915\u094d\u0938: 2.1 \u090f<br \/>\n2. \u0921\u0940\u0938\u0940: 5 \u0935\u094d\u0939\u0940<br \/>\n3. \u092f\u0941\u0928\u093f\u091f \u0906\u0915\u093e\u0930:<\/p>\n<p><a class=\"fancybox\" href=\"https:\/\/www.soyanggroup.com\/uploads\/125.jpg\" target=\"_blank\" rel=\"noopener\"><img decoding=\"async\" class=\"alignnone size-full wp-image-4344\" src=\"https:\/\/www.soyanggroup.com\/uploads\/125.jpg\" alt=\"1\" \/><\/a><\/p>\n<p>4. \u092a\u0941\u0930\u0935\u0920\u093e \u0915\u094d\u0937\u092e\u0924\u093e: 1000000 \u0924\u0941\u0915\u0921\u093e\/\u0926\u0930\u092e\u0939\u093e \u091f\u093e\u092f\u092e\u0930<br \/>\n5. \u0926\u0941\u0938\u0930\u094d\u200d\u092f\u093e \u0921\u093f\u091d\u093e\u0907\u0928\u0938\u093e\u0920\u0940 \u0909\u092a\u0932\u092c\u094d\u0927 \u0915\u094d\u0937\u092e\u0924\u093e: \u0930\u0924\u094d\u0928 \u0906\u0935\u0943\u0924\u094d\u0924\u0940, \u0921\u0947\u0928\u094d\u092e\u093e\u0930\u094d\u0915 \u0906\u0935\u0943\u0924\u094d\u0924\u0940, \u092b\u094d\u0930\u093e\u0928\u094d\u0938 \u0906\u0935\u0943\u0924\u094d\u0924\u0940<\/p>\n<p>&nbsp;<\/p>\n<p><strong>\u0924\u092a\u0936\u0940\u0932<\/strong><br \/>\n\u092a\u0945\u0915\u0947\u091c: \u0921\u092c\u0932 \u092b\u094b\u0921<br \/>\nQty\/\u092c\u0949\u0915\u094d\u0938: 10 \u092a\u0940\u0938\u0940<br \/>\nQty\/ctn: 60 \u092a\u0940\u0938\u0940<br \/>\n\u091c\u0940\u0921\u092c\u094d\u0932\u094d\u092f\u0942: 5.8 \u0915\u093f\u0932\u094b<br \/>\n\u090f\u0928\u0921\u092c\u094d\u0932\u094d\u092f\u0942: 4.8 \u0915\u093f\u0932\u094b<br \/>\n\u0915\u093e\u0930\u094d\u091f\u0928 \u0906\u0915\u093e\u0930: 38*73*23 \u0938\u0947\u092e\u0940<br \/>\nQty\/20 \u2032: 23,040pcs<br \/>\n\u092a\u094d\u0930\u092e\u093e\u0923\u092a\u0924\u094d\u0930\u0947: \u091c\u0940\u090f\u0938, \u0938\u0940\u0908, \u0906\u0930\u0913\u090f\u091a\u090f\u0938, \u092a\u094b\u0939\u094b\u091a, \u092a\u0940\u090f\u090f\u091a\u090f\u0938<\/p>\n<p>&nbsp;<\/p>\n<p><strong>\u0935\u093f\u0915\u094d\u0930\u0940 \u092c\u093f\u0902\u0926\u0942<\/strong><br \/>\n1. \u0909\u091a\u094d\u091a \u0917\u0941\u0923\u0935\u0924\u094d\u0924\u093e<br \/>\n2. \u0905\u0928\u0941\u0915\u0942\u0932 \u0915\u093f\u0902\u092e\u0924<br \/>\n3. \u0909\u0924\u094d\u092a\u093e\u0926\u0928\u093e\u0902\u091a\u0940 \u0935\u093f\u0935\u093f\u0927\u0924\u093e<br \/>\n4. \u0905\u0945\u091f\u094d\u0930\u0945\u0915\u094d\u091f\u093f\u0935\u094d\u0939 \u0921\u093f\u091d\u093e\u0907\u0928<br \/>\n5. \u092a\u0930\u094d\u092f\u093e\u0935\u0930\u0923 \u0905\u0928\u0941\u0915\u0942\u0932 \u0924\u0902\u0924\u094d\u0930\u091c\u094d\u091e\u093e\u0928<br \/>\n6. \u0913\u0908\u090f\u092e \u0906\u0923\u093f \u0913\u0921\u0940\u090f\u092e \u0938\u0947\u0935\u093e \u092a\u094d\u0930\u0926\u093e\u0928 \u0915\u0947\u0932\u0940<\/p>\n<p>&nbsp;<\/p>\n<p><strong>\u092a\u0945\u0915\u0947\u091c\u093f\u0902\u0917 \u0906\u0923\u093f \u092a\u0947\u092e\u0947\u0902\u091f \u0906\u0923\u093f \u0936\u093f\u092a\u092e\u0947\u0902\u091f<\/strong><br \/>\n\u092a\u0945\u0915\u0947\u091c\u093f\u0902\u0917 \u0924\u092a\u0936\u0940\u0932: \u092a\u093e\u0902\u0922\u0930\u093e \u092c\u0949\u0915\u094d\u0938<br \/>\n\u0926\u0947\u092f \u092a\u0926\u094d\u0927\u0924: \u0905\u200d\u0945\u0921\u0935\u094d\u0939\u093e\u0928\u094d\u0938 \u091f\u0940\u091f\u0940, \u091f\u0940\/\u091f\u0940, \u090f\u0932\/\u0938\u0940<br \/>\n\u0935\u093f\u0924\u0930\u0923: \u091c\u092e\u093e \u091d\u093e\u0932\u094d\u092f\u093e\u0928\u0902\u0924\u0930 30-45 \u0926\u093f\u0935\u0938\u093e\u0928\u0902\u0924\u0930<br \/>\n\u092c\u0902\u0926\u0930: \u0928\u093f\u0902\u0917\u092c\u094b \u0915\u093f\u0902\u0935\u093e \u0936\u093e\u0902\u0918\u093e\u092f<\/p>\n<p>&nbsp;<\/p>\n<p><strong>\u0906\u092e\u091a\u094d\u092f\u093e \u0938\u0947\u0935\u093e<\/strong><br \/>\n1. \u090f\u0915\u0926\u093e \u0906\u092a\u0932\u093e \u0938\u0902\u0926\u0947\u0936 \u092e\u093f\u0933\u093e\u0932\u093e \u0915\u0940 \u0906\u092e\u094d\u0939\u0940 24 \u0924\u093e\u0938\u093e\u0902\u0924 \u0906\u092a\u0932\u094d\u092f\u093e\u0932\u093e \u0909\u0924\u094d\u0924\u0930 \u0926\u0947\u090a<br \/>\n2. \u0906\u092e\u091a\u094d\u092f\u093e\u0915\u0921\u0947 \u0906\u092a\u0932\u094d\u092f\u093e\u0938\u093e\u0920\u0940 \u0938\u0947\u0935\u093e \u0926\u0947\u0923\u094d\u092f\u093e\u0938\u093e\u0920\u0940 \u0935\u094d\u092f\u093e\u0935\u0938\u093e\u092f\u093f\u0915 \u0935\u093f\u0915\u094d\u0930\u0940 \u0915\u093e\u0930\u094d\u092f\u0938\u0902\u0918 \u0906\u0939\u0947<br \/>\n3. \u0935\u0949\u0930\u0902\u091f\u0940 \u0935\u0947\u0933 \u0906\u0923\u093f \u0935\u093f\u0915\u094d\u0930\u0940\u0928\u0902\u0924\u0930\u091a\u0940 \u0938\u0947\u0935\u093e \u092e\u094d\u0939\u0923\u0942\u0928 2 \u0935\u0930\u094d\u0937\u0947 \u0911\u092b\u0930 \u0915\u0930\u093e<\/p>\n<p>&nbsp;<\/p>\n<p><strong>\u0915\u0902\u092a\u0928\u0940 \u092e\u093e\u0939\u093f\u0924\u0940<\/strong><\/p>\n<p>\u091d\u0947\u091c\u093f\u092f\u093e\u0902\u0917 \u0936\u0941\u0906\u0902\u0917\u092f\u093e\u0902\u0917 \u0917\u094d\u0930\u0941\u092a \u0915\u094b.\u0932\u091f\u0940\u0921\u0940. \u0967 198 66 \u092e\u0927\u094d\u092f\u0947 \u0938\u094d\u0925\u093e\u092a\u0928 \u0915\u0930\u0923\u094d\u092f\u093e\u0924 \u0906\u0932\u0947 \u0939\u094b\u0924\u0947, \u0924\u0947 \u090f\u0915 \u0916\u093e\u091c\u0917\u0940 \u092e\u093e\u0932\u0915\u0940\u091a\u0947 \u090f\u0902\u091f\u0930\u092a\u094d\u0930\u093e\u0907\u091d \u0906\u0939\u0947, \u091c\u0947 1998 \u092e\u0927\u094d\u092f\u0947 \u0928\u093f\u0902\u0917\u092c\u094b \u0938\u093f\u091f\u0940\u091a\u094d\u092f\u093e \u0938\u094d\u091f\u093e\u0930 \u090f\u0902\u091f\u0930\u092a\u094d\u0930\u093e\u0907\u091d\u092a\u0948\u0915\u0940 \u090f\u0915 \u0906\u0939\u0947 \u0906\u0923\u093f \u0906\u092f\u090f\u0938\u0913 9001\/11000\/18000 \u0926\u094d\u0935\u093e\u0930\u0947 \u092e\u0902\u091c\u0942\u0930 \u0906\u0939\u0947. \u0906\u092e\u094d\u0939\u0940 \u0938\u093f\u0915\u094d\u0938\u0940, \u0928\u093f\u0902\u0917\u092c\u094b \u0938\u093f\u091f\u0940 \u092f\u0947\u0925\u0947 \u0938\u094d\u0925\u093f\u0924 \u0906\u0939\u094b\u0924, \u091c\u0947 \u0928\u093f\u0902\u0917\u092c\u094b \u0939\u093e\u0930\u094d\u092c\u0930 \u0906\u0923\u093f \u0935\u093f\u092e\u093e\u0928\u0924\u0933\u093e\u0938\u093e\u0920\u0940 \u092b\u0915\u094d\u0924 \u090f\u0915 \u0924\u093e\u0938 \u0906\u0923\u093f \u0936\u093e\u0902\u0918\u093e\u092f\u0932\u093e \u0926\u094b\u0928 \u0924\u093e\u0938 \u0906\u0939\u0947.<\/p>\n<p><a class=\"fancybox\" href=\"https:\/\/www.soyanggroup.com\/uploads\/11.jpg\" target=\"_blank\" rel=\"noopener\"><img decoding=\"async\" class=\"alignnone size-full wp-image-4014\" src=\"https:\/\/www.soyanggroup.com\/uploads\/11.jpg\" alt=\"\u00c4\u00da\u00d2\u00b3\u00d0\u00a7\u00b9\u00fb-1\" \/><\/a><br \/>\n\u0906\u0924\u093e\u092a\u0930\u094d\u092f\u0902\u0924 \u0928\u094b\u0902\u0926\u0923\u0940\u0915\u0943\u0924 \u092d\u093e\u0902\u0921\u0935\u0932 16 \u0926\u0936\u0932\u0915\u094d\u0937 \u0921\u0949\u0932\u0930\u094d\u0938\u092a\u0947\u0915\u094d\u0937\u093e \u091c\u093e\u0938\u094d\u0924 \u0906\u0939\u0947. \u0906\u092e\u091a\u0947 \u092e\u091c\u0932\u093e \u0915\u094d\u0937\u0947\u0924\u094d\u0930 \u0938\u0941\u092e\u093e\u0930\u0947 120.000 \u091a\u094c\u0930\u0938 \u092e\u0940\u091f\u0930 \u0906\u0939\u0947 \u0906\u0923\u093f \u092c\u093e\u0902\u0927\u0915\u093e\u092e \u0915\u094d\u0937\u0947\u0924\u094d\u0930 \u0938\u0941\u092e\u093e\u0930\u0947 85,000 \u091a\u094c\u0930\u0938 \u092e\u0940\u091f\u0930 \u0906\u0939\u0947. 2018 \u092e\u0927\u094d\u092f\u0947, \u0906\u092e\u091a\u0947 \u090f\u0915\u0942\u0923 \u0935\u0933\u0923 80 \u0926\u0936\u0932\u0915\u094d\u0937 \u0909\u0932\u093e\u091c\u0928 \u0906\u0939\u0947. \u0906\u092e\u091a\u094d\u092f\u093e\u0915\u0921\u0947 \u0917\u0941\u0923\u0935\u0924\u094d\u0924\u0947\u091a\u0940 \u0939\u092e\u0940 \u0926\u0947\u0923\u094d\u092f\u093e\u0938\u093e\u0920\u0940 \u0926\u0939\u093e \u0906\u0930 \u0905\u0901\u0921 \u0921\u0940 \u0935\u094d\u092f\u0915\u094d\u0924\u0940 \u0906\u0923\u093f 100 \u092a\u0947\u0915\u094d\u0937\u093e \u091c\u093e\u0938\u094d\u0924 \u0915\u094d\u092f\u0942\u0938\u0940 \u0906\u0939\u0947\u0924, \u0926\u0930\u0935\u0930\u094d\u0937\u0940 \u0906\u092e\u094d\u0939\u0940 \u0906\u0918\u093e\u0921\u0940 \u0928\u093f\u0930\u094d\u092e\u093e\u0924\u093e \u092e\u094d\u0939\u0923\u0942\u0928 \u0915\u093e\u092e \u0915\u0930\u0923\u093e\u0930\u094d\u200d\u092f\u093e \u0926\u0939\u093e \u0928\u0935\u0940\u0928 \u0909\u0924\u094d\u092a\u093e\u0926\u0928\u093e\u0902\u091a\u0940 \u0930\u091a\u0928\u093e \u0906\u0923\u093f \u0935\u093f\u0915\u0938\u093f\u0924 \u0915\u0930\u0924\u094b.<\/p>\n<p>\u0906\u092e\u091a\u0940 \u092e\u0941\u0916\u094d\u092f \u0909\u0924\u094d\u092a\u093e\u0926\u0928\u0947 \u092e\u094d\u0939\u0923\u091c\u0947 \u091f\u093e\u0907\u092e\u0930, \u0938\u0949\u0915\u0947\u091f\u094d\u0938, \u0932\u0935\u091a\u093f\u0915 \u0915\u0947\u092c\u0932\u094d\u0938, \u092a\u0949\u0935\u0930 \u0915\u0949\u0930\u094d\u0921, \u092a\u094d\u0932\u0917, \u0935\u093f\u0938\u094d\u0924\u093e\u0930 \u0938\u0949\u0915\u0947\u091f\u094d\u0938, \u0915\u0947\u092c\u0932 \u0930\u0940\u0932\u094d\u0938 \u0906\u0923\u093f \u0932\u093e\u0907\u091f\u093f\u0902\u0917\u094d\u091c. \u0906\u092e\u094d\u0939\u0940 \u0926\u0930\u0930\u094b\u091c \u091f\u093e\u092f\u092e\u0930, \u092e\u0947\u0915\u0945\u0928\u093f\u0915\u0932 \u0906\u0923\u093f \u0921\u093f\u091c\u093f\u091f\u0932 \u091f\u093e\u092f\u092e\u0930 \u092f\u093e\u0938\u093e\u0930\u0916\u094d\u092f\u093e \u0905\u0928\u0947\u0915 \u092a\u094d\u0930\u0915\u093e\u0930\u091a\u0947 \u091f\u093e\u0907\u092e\u0930 \u092a\u0941\u0930\u0935\u0924\u094b, \u091f\u093e\u092f\u092e\u0930 \u092e\u094b\u091c\u093e, \u0938\u0930\u094d\u0935 \u092a\u094d\u0930\u0915\u093e\u0930\u091a\u094d\u092f\u093e \u0938\u0949\u0915\u0947\u091f\u094d\u0938\u0938\u0939 \u0909\u0926\u094d\u092f\u094b\u0917 \u091f\u093e\u0907\u092e\u0930. \u0906\u092e\u091a\u0940 \u0932\u0915\u094d\u0937\u094d\u092f\u093f\u0924 \u092c\u093e\u091c\u093e\u0930\u092a\u0947\u0920\u093e \u092f\u0941\u0930\u094b\u092a\u093f\u092f\u0928 \u092c\u093e\u091c\u093e\u0930 \u0906\u0923\u093f \u0905\u092e\u0947\u0930\u093f\u0915\u0928 \u092c\u093e\u091c\u093e\u0930 \u0906\u0939\u0947\u0924. \u0906\u092e\u091a\u0940 \u0909\u0924\u094d\u092a\u093e\u0926\u0928\u0947 \u0938\u0940\u0908, \u091c\u0940\u090f\u0938, \u0921\u0940, \u090f\u0928, \u090f\u0938, \u090f\u0928\u090f\u092b, \u0908\u091f\u0940\u090f\u0932, \u0935\u094d\u0939\u0940\u0921\u0940\u0908, \u0906\u0930\u0913\u090f\u091a\u090f\u0938, \u092a\u094b\u0939\u094b\u091a, \u092a\u0940\u090f\u090f\u091a\u090f\u0938 \u0906\u0923\u093f \u0907\u0924\u0930\u093e\u0902\u0928\u0940 \u092e\u0902\u091c\u0942\u0930 \u0915\u0947\u0932\u0940.<\/p>\n<p>\u0906\u092e\u091a\u094d\u092f\u093e \u0917\u094d\u0930\u093e\u0939\u0915\u093e\u0902\u092e\u0927\u094d\u092f\u0947 \u0906\u092e\u091a\u0940 \u091a\u093e\u0902\u0917\u0932\u0940 \u092a\u094d\u0930\u0924\u093f\u0937\u094d\u0920\u093e \u0906\u0939\u0947. \u0906\u092e\u094d\u0939\u0940 \u0928\u0947\u0939\u092e\u0940\u091a \u092a\u0930\u094d\u092f\u093e\u0935\u0930\u0923\u093e\u091a\u094d\u092f\u093e \u0938\u0902\u0930\u0915\u094d\u0937\u0923\u093e\u0935\u0930 \u0906\u0923\u093f \u092e\u093e\u0928\u0935\u093e\u091a\u094d\u092f\u093e \u0938\u0941\u0930\u0915\u094d\u0937\u093f\u0924\u0924\u0947\u0935\u0930 \u0932\u0915\u094d\u0937 \u0915\u0947\u0902\u0926\u094d\u0930\u093f\u0924 \u0915\u0930\u0924\u094b. \u091c\u0940\u0935\u0928\u093e\u091a\u0940 \u0917\u0941\u0923\u0935\u0924\u094d\u0924\u093e \u0938\u0941\u0927\u093e\u0930\u0923\u0947 \u0939\u093e \u0906\u092a\u0932\u093e \u0905\u0902\u0924\u093f\u092e \u0939\u0947\u0924\u0942 \u0906\u0939\u0947.<\/p>\n<p>\u092a\u0949\u0935\u0930 \u0915\u0949\u0930\u094d\u0921\u094d\u0938, \u090f\u0915\u094d\u0938\u091f\u0947\u0902\u0936\u0928 \u0915\u0949\u0930\u094d\u0921 \u0906\u0923\u093f \u0915\u0947\u092c\u0932 \u0930\u0940\u0932\u094d\u0938 \u0939\u093e \u0906\u092e\u091a\u093e \u092e\u0941\u0916\u094d\u092f \u0935\u094d\u092f\u0935\u0938\u093e\u092f \u0906\u0939\u0947, \u0906\u092e\u094d\u0939\u0940 \u0926\u0930\u0935\u0930\u094d\u0937\u0940 \u092f\u0941\u0930\u094b\u092a\u093f\u092f\u0928 \u092c\u093e\u091c\u093e\u0930\u092a\u0947\u0920\u0947\u0924\u0940\u0932 \u092a\u0926\u094b\u0928\u094d\u0928\u0924\u0940 \u0911\u0930\u094d\u0921\u0930\u091a\u0947 \u092e\u0941\u0916\u094d\u092f \u0928\u093f\u0930\u094d\u092e\u093e\u0924\u093e \u0906\u0939\u094b\u0924. \u091f\u094d\u0930\u0947\u0921\u092e\u093e\u0930\u094d\u0915\u091a\u0947 \u0938\u0902\u0930\u0915\u094d\u0937\u0923 \u0915\u0930\u0923\u094d\u092f\u093e\u0938\u093e\u0920\u0940 \u0906\u092e\u094d\u0939\u0940 \u091c\u0930\u094d\u092e\u0928\u0940\u0924\u0940\u0932 \u0935\u094d\u0939\u0940\u0921\u0940\u0908 \u0917\u094d\u0932\u094b\u092c\u0932 \u0938\u0930\u094d\u0935\u094d\u0939\u093f\u0938\u0932\u093e \u0938\u0939\u0915\u093e\u0930\u094d\u092f \u0915\u0930\u0923\u093e\u0930\u0947 \u090f\u0915 \u0905\u0935\u094d\u0935\u0932 \u090f\u0915 \u0928\u093f\u0930\u094d\u092e\u093e\u0924\u093e \u0906\u0939\u094b\u0924.<\/p>\n<p>\u092a\u0930\u0938\u094d\u092a\u0930 \u092b\u093e\u092f\u0926\u094d\u092f\u093e\u0938\u093e\u0920\u0940 \u0906\u0923\u093f \u0909\u091c\u094d\u091c\u094d\u0935\u0932 \u092d\u0935\u093f\u0937\u094d\u092f\u093e\u0938\u093e\u0920\u0940 \u0938\u0930\u094d\u0935 \u0917\u094d\u0930\u093e\u0939\u0915\u093e\u0902\u0928\u093e \u0938\u0939\u0915\u093e\u0930\u094d\u092f \u0915\u0930\u0923\u094d\u092f\u093e\u0938\u093e\u0920\u0940 \u0939\u093e\u0930\u094d\u0926\u093f\u0915 \u0938\u094d\u0935\u093e\u0917\u0924 \u0906\u0939\u0947.<\/p>\n<p>&nbsp;<\/p>\n<p><strong>faq<\/strong><br \/>\n\u092a\u094d\u0930\u0936\u094d\u0928 1. \u0906\u092a\u0923 \u0928\u092e\u0941\u0928\u093e \u0911\u0930\u094d\u0921\u0930 \u0938\u094d\u0935\u0940\u0915\u093e\u0930\u0942 \u0936\u0915\u0924\u093e?<\/p>\n<p>\u0909\u0924\u094d\u0924\u0930\u0903 \u0939\u094b\u092f, \u0928\u093f\u0936\u094d\u091a\u093f\u0924\u092a\u0923\u0947, \u0906\u092e\u094d\u0939\u0940 \u0928\u092e\u0941\u0928\u093e \u0911\u0930\u094d\u0921\u0930 \u0938\u094d\u0935\u0940\u0915\u093e\u0930\u0924\u094b.<\/p>\n<p>&nbsp;<\/p>\n<p>\u092a\u094d\u0930\u0936\u094d\u0928 2. \u0906\u092e\u094d\u0939\u093e\u0932\u093e \u0915\u0938\u0947 \u0915\u0930\u093e\u0930 \u0915\u0930\u093e\u0935\u0947?<\/p>\n<p>\u0909\u0924\u094d\u0924\u0930\u0903 \u0906\u092a\u0923 \u0906\u092e\u094d\u0939\u093e\u0932\u093e \u092e\u0947\u0932 \u092a\u093e\u0920\u0935\u0942 \u0915\u093f\u0902\u0935\u093e \u0915\u0949\u0932 \u0915\u0930\u0942 \u0936\u0915\u0924\u093e.<\/p>","protected":false},"excerpt":{"rendered":"<p>\u0939\u094b\u092e \u092f\u0942\u090f\u0938\u092c\u0940 \u091a\u093e\u0930\u094d\u091c\u0930 \u092e\u093f\u0928\u0940 \u0938\u0949\u0915\u0947\u091f \u092a\u094d\u0932\u0917<br \/>\n\u0906\u092f\u0913\u090f\u0938 \u0906\u0923\u093f Android \u0921\u093f\u0935\u094d\u0939\u093e\u0907\u0938 \u0938\u0941\u0938\u0902\u0917\u0924 \u0906\u0939\u0947\u0924,<br \/>\n\u0915\u0920\u0940\u0923 \u091a\u093e\u0930\u094d\u091c\u093f\u0902\u0917\u091a\u094d\u092f\u093e \u0938\u092e\u0938\u094d\u092f\u0947\u091a\u0947 \u0928\u093f\u0930\u093e\u0915\u0930\u0923 \u0915\u0930\u0923\u094d\u092f\u093e\u0938\u093e\u0920\u0940 \u0926\u094b\u0928 \u0921\u093f\u0935\u094d\u0939\u093e\u0907\u0938\u091a\u0947 \u0938\u092e\u0930\u094d\u0925\u0928 \u0915\u0930\u093e<\/p>","protected":false},"featured_media":270,"template":"","meta":[],"product_cat":[24],"product_tag":[],"class_list":{"0":"post-266","1":"product","2":"type-product","3":"status-publish","4":"has-post-thumbnail","6":"product_cat-socketplug","8":"first","9":"instock","10":"shipping-taxable","11":"product-type-simple"},"_links":{"self":[{"href":"https:\/\/www.soyang-group.com\/mr\/wp-json\/wp\/v2\/product\/266","targetHints":{"allow":["GET"]}}],"collection":[{"href":"https:\/\/www.soyang-group.com\/mr\/wp-json\/wp\/v2\/product"}],"about":[{"href":"https:\/\/www.soyang-group.com\/mr\/wp-json\/wp\/v2\/types\/product"}],"version-history":[{"count":0,"href":"https:\/\/www.soyang-group.com\/mr\/wp-json\/wp\/v2\/product\/266\/revisions"}],"wp:featuredmedia":[{"embeddable":true,"href":"https:\/\/www.soyang-group.com\/mr\/wp-json\/wp\/v2\/media\/270"}],"wp:attachment":[{"href":"https:\/\/www.soyang-group.com\/mr\/wp-json\/wp\/v2\/media?parent=266"}],"wp:term":[{"taxonomy":"product_cat","embeddable":true,"href":"https:\/\/www.soyang-group.com\/mr\/wp-json\/wp\/v2\/product_cat?post=266"},{"taxonomy":"product_tag","embeddable":true,"href":"https:\/\/www.soyang-group.com\/mr\/wp-json\/wp\/v2\/product_tag?post=266"}],"curies":[{"name":"wp","href":"https:\/\/api.w.org\/{rel}","templated":true}]}}