{"id":266,"date":"2024-12-12T13:10:17","date_gmt":"2024-12-12T05:10:17","guid":{"rendered":"https:\/\/shuangy.gg12.globaldeepsea.site\/?post_type=product&#038;p=266"},"modified":"2024-12-12T13:10:17","modified_gmt":"2024-12-12T05:10:17","slug":"2-1a-usb-socket","status":"publish","type":"product","link":"https:\/\/www.soyang-group.com\/ms\/product\/2-1a-usb-socket\/","title":{"rendered":"2.1A soket USB"},"content":{"rendered":"<p><strong>Gambaran Keseluruhan<\/strong><\/p>\n<p><strong>Butiran cepat<\/strong><br \/>\nTempat Asal: Zhejiang, China<br \/>\nJenama: Soyang<br \/>\nNombor Model: USB-D2<br \/>\nDC: 5V AC<br \/>\nMax:2.1A<br \/>\nWarna: Putih<br \/>\nPermohonan: Suis pemasa<\/p>\n<p><strong>Keupayaan bekalan<\/strong><br \/>\nKeupayaan bekalan: 100000 sekeping\/kepingan sebulan<\/p>\n<p><strong>Pembungkusan &amp; penghantaran<\/strong><br \/>\nButiran Pembungkusan: Lepuh Double, 10pcs\/ Box Inner, 60pcs\/ Carton Out<br \/>\nPort: Ningbo\/Shanghai<br \/>\nMasa utama :<br \/>\nKuantiti (kepingan) 1 - 10000&gt; 10000<br \/>\nEST. Masa (hari) 60 untuk dirundingkan<\/p>\n<p>&nbsp;<\/p>\n<p><strong>Penerangan produk terperinci<\/strong><\/p>\n<p><strong>2.1A soket USB<\/strong><br \/>\nNombor Model: USB-D2<br \/>\nVersi Jerman<br \/>\nJenama: Shuangyang<br \/>\nPenggunaan: Socket Charger<br \/>\nTeori: Mekanikal<br \/>\nPenerangan &amp; Ciri<br \/>\n1.Max: 2.1a<br \/>\n2.DC: 5V<br \/>\n3. Saiz unit:<\/p>\n<p><a class=\"fancybox\" href=\"https:\/\/www.soyanggroup.com\/uploads\/125.jpg\" target=\"_blank\" rel=\"noopener\"><img decoding=\"async\" class=\"alignnone size-full wp-image-4344\" src=\"https:\/\/www.soyanggroup.com\/uploads\/125.jpg\" alt=\"1\" \/><\/a><\/p>\n<p>4. Keupayaan Bekalan: 1000000 Piece\/Pieces Per bulan pemasa<br \/>\n5. Kapasiti yang tersedia untuk reka bentuk lain: Versi Gemany, Versi Denmark, Versi Perancis<\/p>\n<p>&nbsp;<\/p>\n<p><strong>Spesifikasi<\/strong><br \/>\nPakej: Lepuh berganda<br \/>\nQty\/Box: 10pcs<br \/>\nQty\/ctn: 60pcs<br \/>\nGW: 5.8kg<br \/>\nNW: 4.8kg<br \/>\nSaiz Karton: 38*73*23cm<br \/>\nQTY\/20 ': 23,040pcs<br \/>\nPensijilan: GS, CE, ROHS, Reach, PAHS<\/p>\n<p>&nbsp;<\/p>\n<p><strong>Titik jualan<\/strong><br \/>\n1. Kualiti tinggi<br \/>\n2. Harga yang baik<br \/>\n3. Pelbagai produk<br \/>\n4. Reka Bentuk yang Berkesan<br \/>\n5. Teknologi mesra alam<br \/>\n6. OEM dan perkhidmatan ODM disediakan<\/p>\n<p>&nbsp;<\/p>\n<p><strong>Pembungkusan &amp; Pembayaran &amp; Shippment<\/strong><br \/>\nButiran pembungkusan: kotak putih<br \/>\nKaedah Pembayaran: Advance TT, T\/T, L\/C<br \/>\nPenghantaran: 30-45 hari selepas menerima deposit<br \/>\nPort: Ningbo atau Shanghai<\/p>\n<p>&nbsp;<\/p>\n<p><strong>Perkhidmatan kami<\/strong><br \/>\n1. Setelah mendapat mesej anda, kami akan membalas anda dalam masa 24 jam<br \/>\n2. Kami mempunyai pasukan jualan profesional untuk menawarkan perkhidmatan untuk anda<br \/>\n3. Tawarkan 2 tahun sebagai masa jaminan dan perkhidmatan selepas jualan<\/p>\n<p>&nbsp;<\/p>\n<p><strong>Maklumat syarikat<\/strong><\/p>\n<p>Zhejiang Shuangyang Group Co.Ltd. Ditubuhkan pada tahun 1986, adalah sebuah perusahaan milik swasta, salah satu Star Enterprise di Ningbo City pada tahun 1998, dan diluluskan oleh ISO9001\/14000\/18000. Kami terletak di Cixi, Ningbo City, yang hanya satu jam ke pelabuhan Ningbo dan lapangan terbang, dan dua jam ke Shanghai.<\/p>\n<p><a class=\"fancybox\" href=\"https:\/\/www.soyanggroup.com\/uploads\/11.jpg\" target=\"_blank\" rel=\"noopener\"><img decoding=\"async\" class=\"alignnone size-full wp-image-4014\" src=\"https:\/\/www.soyanggroup.com\/uploads\/11.jpg\" alt=\"\u00c4\u00da\u00d2\u00b3\u00d0\u00a7\u00b9\u00fb-1\" \/><\/a><br \/>\nSehingga kini, modal berdaftar adalah lebih daripada 16 juta USDOLLAR. Kawasan lantai kami adalah kira -kira 120.000 meter persegi, dan kawasan pembinaan adalah kira -kira 85,000 meter persegi. Pada tahun 2018, jumlah keseluruhan kami ialah 80 juta USDOLLAR. Kami mempunyai sepuluh orang R &amp; D dan lebih daripada 100 QC untuk menjamin kualiti, setiap tahun, kami merancang dan membangunkan lebih daripada sepuluh produk baru yang bertindak sebagai pengeluar utama.<\/p>\n<p>Produk utama kami adalah pemasa, soket, kabel fleksibel, tali kuasa, palam, soket lanjutan, gulungan kabel, dan cahaya. Kami boleh membekalkan pelbagai jenis pemasa seperti pemasa harian, pemasa mekanikal dan digital, mengira pemasa, pemasa industri dengan semua jenis soket. Pasaran sasaran kami adalah pasaran Eropah dan pasaran Amerika. Produk kami yang diluluskan oleh CE, GS, D, N, S, NF, ETL, VDE, ROHS, REACH, PAHS dan sebagainya.<\/p>\n<p>Kami mempunyai reputasi yang baik di kalangan pelanggan kami. Kami sentiasa memberi tumpuan kepada perlindungan alam sekitar dan keselamatan manusia. Meningkatkan kualiti hidup adalah tujuan terakhir kami.<\/p>\n<p>Kord kuasa, tali lanjutan dan gulungan kabel adalah perniagaan utama kami, kami adalah pengeluar utama pesanan promosi dari pasaran Eropah setiap tahun. Kami adalah satu pengeluar teratas yang bekerjasama dengan VDE Global Service di Jerman untuk melindungi tanda dagangan.<\/p>\n<p>Selamat datang untuk bekerjasama dengan semua pelanggan untuk manfaat bersama dan masa depan yang cerah.<\/p>\n<p>&nbsp;<\/p>\n<p><strong>Soalan Lazim<\/strong><br \/>\nQ1. Bolehkah anda menerima pesanan sampel?<\/p>\n<p>A: Ya, pasti, kami menerima pesanan sampel.<\/p>\n<p>&nbsp;<\/p>\n<p>S2. Bagaimana untuk mengontrak kita?<\/p>\n<p>J: Anda boleh menghantar surat kepada kami atau hubungi.<\/p>","protected":false},"excerpt":{"rendered":"<p>Plug Socket Mini Pengecas USB USB<br \/>\nPeranti iOS dan Android serasi,<br \/>\nSokong dua peranti untuk mengecas bersama menyelesaikan masalah pengecasan yang sukar<\/p>","protected":false},"featured_media":270,"template":"","meta":[],"product_cat":[24],"product_tag":[],"class_list":{"0":"post-266","1":"product","2":"type-product","3":"status-publish","4":"has-post-thumbnail","6":"product_cat-socketplug","8":"first","9":"instock","10":"shipping-taxable","11":"product-type-simple"},"_links":{"self":[{"href":"https:\/\/www.soyang-group.com\/ms\/wp-json\/wp\/v2\/product\/266","targetHints":{"allow":["GET"]}}],"collection":[{"href":"https:\/\/www.soyang-group.com\/ms\/wp-json\/wp\/v2\/product"}],"about":[{"href":"https:\/\/www.soyang-group.com\/ms\/wp-json\/wp\/v2\/types\/product"}],"version-history":[{"count":0,"href":"https:\/\/www.soyang-group.com\/ms\/wp-json\/wp\/v2\/product\/266\/revisions"}],"wp:featuredmedia":[{"embeddable":true,"href":"https:\/\/www.soyang-group.com\/ms\/wp-json\/wp\/v2\/media\/270"}],"wp:attachment":[{"href":"https:\/\/www.soyang-group.com\/ms\/wp-json\/wp\/v2\/media?parent=266"}],"wp:term":[{"taxonomy":"product_cat","embeddable":true,"href":"https:\/\/www.soyang-group.com\/ms\/wp-json\/wp\/v2\/product_cat?post=266"},{"taxonomy":"product_tag","embeddable":true,"href":"https:\/\/www.soyang-group.com\/ms\/wp-json\/wp\/v2\/product_tag?post=266"}],"curies":[{"name":"wp","href":"https:\/\/api.w.org\/{rel}","templated":true}]}}