{"id":266,"date":"2024-12-12T13:10:17","date_gmt":"2024-12-12T05:10:17","guid":{"rendered":"https:\/\/shuangy.gg12.globaldeepsea.site\/?post_type=product&#038;p=266"},"modified":"2024-12-12T13:10:17","modified_gmt":"2024-12-12T05:10:17","slug":"2-1a-usb-socket","status":"publish","type":"product","link":"https:\/\/www.soyang-group.com\/my\/product\/2-1a-usb-socket\/","title":{"rendered":"2.1A usb socket"},"content":{"rendered":"<p><strong>\u101a\u1031\u1018\u102f\u101a\u103b\u1021\u1019\u103c\u1004\u103a<\/strong><\/p>\n<p><strong>\u1021\u1019\u103c\u1014\u103a\u1021\u101e\u1031\u1038\u1005\u102d\u1010\u103a<\/strong><br \/>\n\u1019\u1030\u101c\u1014\u1031\u101b\u102c - Zhejiang, \u1010\u101b\u102f\u1010\u103a<br \/>\nBrand Name: Soyang<br \/>\nModel \u1014\u1036\u1015\u102b\u1010\u103a: USB-D2<br \/>\nDC: 5V ac<br \/>\nMax:2.1A<br \/>\n\u1021\u101b\u1031\u102c\u1004\u103a: \u1021\u1016\u103c\u1030\u101b\u1031\u102c\u1004\u103a<br \/>\n\u101c\u103b\u103e\u1031\u102c\u1000\u103a\u101c\u103d\u103e\u102c - Timer Switch<\/p>\n<p><strong>\u1011\u1031\u102c\u1000\u103a\u1015\u1036\u1037\u101b\u1031\u1038\u1005\u103d\u1019\u103a\u1038\u101b\u100a\u103a<\/strong><br \/>\n\u1011\u1031\u102c\u1000\u103a\u1015\u1036\u1037\u101b\u1031\u1038\u1005\u103d\u1019\u103a\u1038\u101b\u100a\u103a: \u1010\u1005\u103a\u101c\u101c\u103b\u103e\u1004\u103a 100000 \u1021\u1015\u102d\u102f\u1004\u103a\u1038\u1021\u1005 \/ \u1021\u1015\u102d\u102f\u1004\u103a\u1038\u1015\u102d\u102f\u1004\u103a\u1038<\/p>\n<p><strong>\u1011\u102f\u1015\u103a\u1015\u102d\u102f\u1038 &amp; \u1015\u1031\u1038\u1015\u102d\u102f\u1037<\/strong><br \/>\n\u1011\u102f\u1015\u103a\u1015\u102d\u102f\u1038\u1021\u101e\u1031\u1038\u1005\u102d\u1010\u103a: \u1014\u103e\u1005\u103a\u1011\u1015\u103a\u1021\u1015\u1031\u102b\u1000\u103a\u1015\u1031\u102b\u1000\u103a\u1018\u102f\u1036, 10pcs \/ \u1021\u1010\u103d\u1004\u103a\u1038\u1015\u102d\u102f\u1004\u103a\u1038\u101e\u1031\u1010\u1039\u1010\u102c, 60pcs \/ \u1021\u1015\u103c\u1004\u103a\u1018\u1000\u103a\u1015\u102f\u1036\u1038<br \/>\n\u1006\u102d\u1015\u103a\u1000\u1019\u103a\u1038: Ningbo \/ Shanghai<br \/>\n\u1000\u103c\u102c\u1019\u103c\u1004\u103a\u1037\u1001\u103b\u102d\u1014\u103a :<br \/>\n\u1021\u101b\u1031\u1021\u1010\u103d\u1000\u103a (\u1021\u1015\u102d\u102f\u1004\u103a\u1038\u1015\u102d\u102f\u1004\u103a\u1038) 1 - 10000&gt; 10000<br \/>\n\u1021\u102e\u1038\u1021\u1000\u103a\u1005\u103a\u1010\u102e\u104b \u100a\u103e\u102d\u1014\u103e\u102d\u102f\u1004\u103a\u1038\u101b\u1014\u103a\u1021\u1001\u103b\u102d\u1014\u103a (\u101b\u1000\u103a\u1019\u103b\u102c\u1038) 60<\/p>\n<p>&nbsp;<\/p>\n<p><strong>\u1021\u101e\u1031\u1038\u1005\u102d\u1010\u103a\u1021\u1001\u103b\u1000\u103a\u1021\u101c\u1000\u103a\u1016\u1031\u102c\u103a\u1015\u103c\u1001\u103b\u1000\u103a<\/strong><\/p>\n<p><strong>2.1A usb socket<\/strong><br \/>\nModel \u1014\u1036\u1015\u102b\u1010\u103a: USB-D2<br \/>\n\u1002\u103b\u102c\u1019\u1014\u102e\u1017\u102c\u1038\u101b\u103e\u1004\u103a\u1038<br \/>\nBruangyang \u1021\u1019\u100a\u103a - Shuangyang<br \/>\n\u1021\u101e\u102f\u1036\u1038\u1015\u103c\u102f\u1019\u103e\u102f: charger socket<br \/>\n\u101e\u102e\u1021\u102d\u102f\u101b\u102e: \u1005\u1000\u103a\u1019\u103e\u102f<br \/>\n\u1016\u1031\u102c\u103a\u1015\u103c\u1001\u103b\u1000\u103a\u1014\u103e\u1004\u1037\u103a\u1021\u1004\u103a\u1039\u1002\u102b\u101b\u1015\u103a\u1019\u103b\u102c\u1038<br \/>\n1.MAX: 2.1A<br \/>\n2.DC: 5V<br \/>\n3. \u101a\u1030\u1014\u1005\u103a\u1021\u101b\u103d\u101a\u103a\u1021\u1005\u102c\u1038:<\/p>\n<p><a class=\"fancybox\" href=\"https:\/\/www.soyanggroup.com\/uploads\/125.jpg\" target=\"_blank\" rel=\"noopener\"><img decoding=\"async\" class=\"alignnone size-full wp-image-4344\" src=\"https:\/\/www.soyanggroup.com\/uploads\/125.jpg\" alt=\"1\" \/><\/a><\/p>\n<p>4 \u104b \u1011\u1031\u102c\u1000\u103a\u1015\u1036\u1037\u101b\u1031\u1038\u1005\u103d\u1019\u103a\u1038\u101b\u100a\u103a: \u1010\u1005\u103a\u101c\u101c\u103b\u103e\u1004\u103a\u1010\u1005\u103a\u101c\u101c\u103b\u103e\u1004\u103a 1000000 \u1021\u1015\u102d\u102f\u1004\u103a\u1038\u1021\u1005 \/ \u1021\u1015\u102d\u102f\u1004\u103a\u1038\u1015\u102d\u102f\u1004\u103a\u1038<br \/>\n5 \u104b \u1021\u1001\u103c\u102c\u1038\u1012\u102e\u1007\u102d\u102f\u1004\u103a\u1038\u1021\u1010\u103d\u1000\u103a\u1005\u103d\u1019\u103a\u1038\u101b\u100a\u103a - GAMENY \u1017\u102c\u1038\u101b\u103e\u1004\u103a\u1038, \u1012\u102d\u1014\u103a\u1038\u1019\u1010\u103a\u1017\u102c\u1038\u101b\u103e\u1004\u103a\u1038, \u1015\u103c\u1004\u103a\u101e\u1005\u103a\u1017\u102c\u1038\u101b\u103e\u1004\u103a\u1038<\/p>\n<p>&nbsp;<\/p>\n<p><strong>\u1021\u101e\u1031\u1038\u1005\u102d\u1010\u103a\u1021\u1001\u103b\u1000\u103a\u1021\u101c\u1000\u103a<\/strong><br \/>\nPackage: Double Blister<br \/>\nqty \/ box: 10pcs<br \/>\nqty \/ ctn: 60pcs<br \/>\nGW: 5.8 \u1000\u102e\u101c\u102d\u102f\u1002\u101b\u1019\u103a<br \/>\nNW: 4.8 \u1000\u102e\u101c\u102d\u102f\u1002\u101b\u1019\u103a<br \/>\nCarton Size: 38 * 73 * 23cm<br \/>\nqty \/ 20 ': 23,040pcs<br \/>\n\u1021\u101e\u102d\u1021\u1019\u103e\u1010\u103a\u1015\u103c\u102f\u101c\u1000\u103a\u1019\u103e\u1010\u103a\u1019\u103b\u102c\u1038 - GS, CE, CE, ROHS, Rohs, Pahs<\/p>\n<p>&nbsp;<\/p>\n<p><strong>\u1021\u101b\u1031\u102c\u1004\u103a\u1038\u1021\u1019\u103e\u1010\u103a<\/strong><br \/>\n1. \u1021\u1001\u1019\u1032\u1037\u1021\u101b\u100a\u103a\u1021\u101e\u103d\u1031\u1038<br \/>\n2<br \/>\n\u1011\u102f\u1010\u103a\u1000\u102f\u1014\u103a\u1021\u1019\u103b\u102d\u102f\u1038\u1019\u103b\u102d\u102f\u1038 3. \u101e\u1004\u103a<br \/>\n4.Ttraction \u1012\u102e\u1007\u102d\u102f\u1004\u103a\u1038<br \/>\n5.ovironment \u1016\u1031\u102c\u103a\u101b\u103d\u1031\u1014\u100a\u103a\u1038\u1015\u100a\u102c<br \/>\n6.OOM \u1014\u103e\u1004\u1037\u103a ODM \u101d\u1014\u103a\u1006\u1031\u102c\u1004\u103a\u1019\u103e\u102f\u1015\u1031\u1038<\/p>\n<p>&nbsp;<\/p>\n<p><strong>\u1011\u102f\u1015\u103a\u1015\u102d\u102f\u1038 &amp; \u1004\u103d\u1031\u1015\u1031\u1038\u1001\u103b\u1031\u1019\u103e\u102f &amp; Shippment<\/strong><br \/>\n\u1011\u102f\u1015\u103a\u1015\u102d\u102f\u1038\u1021\u101e\u1031\u1038\u1005\u102d\u1010\u103a - \u1021\u1016\u103c\u1030\u101b\u1031\u102c\u1004\u103a\u101e\u1031\u1010\u1039\u1010\u102c<br \/>\n\u1004\u103d\u1031\u1015\u1031\u1038\u1001\u103b\u1031\u1019\u103e\u102f\u1014\u100a\u103a\u1038\u101c\u1019\u103a\u1038 - \u1000\u103c\u102d\u102f\u1010\u1004\u103a\u1019\u1032, t \/ t, l \/ c<br \/>\n\u1015\u102d\u102f\u1037\u1006\u1031\u102c\u1004\u103a\u1001\u103c\u1004\u103a\u1038 - \u1005\u103d\u1014\u1037\u103a\u1005\u102c\u1038\u1004\u103d\u1031\u1000\u102d\u102f\u101c\u1000\u103a\u1001\u1036\u101b\u101b\u103e\u102d\u1015\u103c\u102e\u1038\u1014\u1031\u102c\u1000\u103a 30-45 \u101b\u1000\u103a<br \/>\n\u1006\u102d\u1015\u103a\u1000\u1019\u103a\u1038: Ningbo \u101e\u102d\u102f\u1037\u1019\u101f\u102f\u1010\u103a Shanghai<\/p>\n<p>&nbsp;<\/p>\n<p><strong>\u1000\u103b\u103d\u1014\u103a\u102f\u1015\u103a\u1010\u102d\u102f\u1037\u104f\u101d\u1014\u103a\u1006\u1031\u102c\u1004\u103a\u1019\u103e\u102f\u1019\u103b\u102c\u1038<\/strong><br \/>\n1 \u104b \u101e\u1004\u103a\u104f\u1019\u1000\u103a\u1006\u1031\u1037\u1001\u103a\u103b\u1000\u102d\u102f\u101b\u101b\u103e\u102d\u101e\u100a\u103a\u1014\u103e\u1004\u1037\u103a\u1010\u1015\u103c\u102d\u102f\u1004\u103a\u1014\u1000\u103a 24 \u1014\u102c\u101b\u102e\u1021\u1010\u103d\u1004\u103a\u1038\u101e\u1004\u1037\u103a\u1021\u102c\u1038\u1015\u103c\u1014\u103a\u1000\u103c\u102c\u1038\u1019\u100a\u103a<br \/>\n2 \u104b \u101e\u1004\u1037\u103a\u1021\u1010\u103d\u1000\u103a 0 \u1014\u103a\u1006\u1031\u102c\u1004\u103a\u1019\u103e\u102f\u1015\u1031\u1038\u101b\u1014\u103a\u1000\u103b\u103d\u1014\u103a\u102f\u1015\u103a\u1010\u102d\u102f\u1037\u1010\u103d\u1004\u103a\u1015\u101b\u1031\u102c\u103a\u1016\u1000\u103a\u101b\u103e\u1004\u103a\u1014\u101a\u103a\u1021\u101b\u1031\u102c\u1004\u103a\u1038\u1021\u1016\u103d\u1032\u1037\u101b\u103e\u102d\u101e\u100a\u103a<br \/>\n3 \u104b \u1021\u102c\u1019\u1001\u1036\u1021\u1001\u103b\u102d\u1014\u103a\u1014\u103e\u1004\u1037\u103a\u1014\u1031\u102c\u1000\u103a\u1006\u1000\u103a\u1010\u103d\u1032\u101d\u1014\u103a\u1006\u1031\u102c\u1004\u103a\u1019\u103e\u102f\u1021\u1016\u103c\u1005\u103a 2 \u1014\u103e\u1005\u103a\u1015\u1031\u1038<\/p>\n<p>&nbsp;<\/p>\n<p><strong>\u1000\u102f\u1019\u1039\u1015\u100f\u102e\u101e\u1010\u1004\u103a\u1038\u1021\u1001\u103b\u1000\u103a\u1021\u101c\u1000\u103a<\/strong><\/p>\n<p>Zhejiang Shuangyang Group Co.Ltd \u104b 1986 \u1001\u102f\u1014\u103e\u1005\u103a\u1010\u103d\u1004\u103a\u1010\u100a\u103a\u1011\u1031\u102c\u1004\u103a\u1001\u1032\u1037\u1015\u103c\u102e\u1038 1998 \u1001\u102f\u1014\u103e\u1005\u103a\u1010\u103d\u1004\u103a Ningbo City \u104f\u1000\u103c\u101a\u103a\u1015\u103d\u1004\u1037\u103a\u101c\u102f\u1015\u103a\u1004\u1014\u103a\u1038\u1010\u1005\u103a\u1001\u102f\u1016\u103c\u1005\u103a\u1015\u103c\u102e\u1038 1998 \u1001\u102f\u1014\u103e\u1005\u103a\u1010\u103d\u1004\u103a Ningbo City \u104f\u1000\u103c\u101a\u103a\u1015\u103d\u1004\u1037\u103a\u1010\u1005\u103a\u1001\u102f\u1016\u103c\u1005\u103a\u1015\u103c\u102e\u1038 ISOO9001 \/ 14000\/18000 \u1019\u103e\u1021\u1010\u100a\u103a\u1015\u103c\u102f\u1001\u1032\u1037\u101e\u100a\u103a\u104b Ningbo \u1006\u102d\u1015\u103a\u1000\u1019\u103a\u1038\u1014\u103e\u1004\u1037\u103a\u101c\u1031\u1006\u102d\u1015\u103a\u101e\u102d\u102f\u1037\u1010\u1005\u103a\u1014\u102c\u101b\u102e\u101e\u102c\u101b\u103e\u102d\u101e\u1031\u102c\u1000\u102c\u1015\u102b\u1015\u102b\u1018\u102d\u102f\u1019\u103c\u102d\u102f\u1037\u1010\u103d\u1004\u103a\u1000\u103b\u103d\u1014\u103a\u102f\u1015\u103a\u1010\u102d\u102f\u1037\u1010\u100a\u103a\u101b\u103e\u102d\u101e\u100a\u103a\u104b<\/p>\n<p><a class=\"fancybox\" href=\"https:\/\/www.soyanggroup.com\/uploads\/11.jpg\" target=\"_blank\" rel=\"noopener\"><img decoding=\"async\" class=\"alignnone size-full wp-image-4014\" src=\"https:\/\/www.soyanggroup.com\/uploads\/11.jpg\" alt=\"\u00c4\u00da\u00d2\u00b3\u00d0\u00a7\u00b9\u00fb-1\" \/><\/a><br \/>\n\u101a\u1001\u102f\u1021\u1001\u103b\u102d\u1014\u103a\u1021\u1011\u102d\u1019\u103e\u1010\u103a\u1015\u102f\u1036\u1010\u1004\u103a\u1011\u102c\u1038\u101e\u1031\u102c\u1019\u103c\u102d\u102f\u1037\u1010\u1031\u102c\u103a\u101e\u100a\u103a\u1021\u1019\u1031\u101b\u102d\u1000\u1014\u103a\u1012\u1031\u102b\u103a\u101c\u102c 16 \u101e\u1014\u103a\u1038\u1000\u103b\u1031\u102c\u103a\u101b\u103e\u102d\u101e\u100a\u103a\u104b \u1000\u103b\u103d\u1014\u103a\u102f\u1015\u103a\u1010\u102d\u102f\u1037\u104f\u1000\u103c\u1019\u103a\u1038\u1015\u103c\u1004\u103a area \u101b\u102d\u101a\u102c\u1019\u103e\u102c SQM 120.000 \u1015\u103c\u100a\u1037\u103a\u1014\u103e\u1005\u103a SQM \u1021\u1000\u103c\u1031\u102c\u1004\u103a\u1038\u1016\u103c\u1005\u103a\u1015\u103c\u102e\u1038\u1006\u1031\u102c\u1000\u103a\u101c\u102f\u1015\u103a\u101b\u1031\u1038 area \u101b\u102d\u101a\u102c\u1019\u103e\u102c SQM 85000 \u1001\u1014\u1037\u103a\u101b\u103e\u102d\u101e\u100a\u103a\u104b 2018 \u1001\u102f\u1014\u103e\u1005\u103a\u1010\u103d\u1004\u103a\u1005\u102f\u1005\u102f\u1015\u1031\u102b\u1004\u103a\u1038\u1021\u101c\u103e\u100a\u1037\u103a\u101e\u100a\u103a USDollar \u101e\u1014\u103a\u1038 80 \u1016\u103c\u1005\u103a\u101e\u100a\u103a\u104b \u1000\u103b\u103d\u1014\u103a\u102f\u1015\u103a\u1010\u102d\u102f\u1037\u101e\u100a\u103a\u1021\u101b\u100a\u103a\u1021\u101e\u103d\u1031\u1038\u1000\u102d\u102f\u1021\u102c\u1019\u1001\u1036\u101b\u1014\u103a\u1021\u1010\u103d\u1000\u103a\u1000\u103b\u103d\u1014\u103a\u102f\u1015\u103a\u1010\u102d\u102f\u1037\u101e\u100a\u103a\u1021\u101b\u100a\u103a\u1021\u101e\u103d\u1031\u1038\u1000\u102d\u102f\u1021\u102c\u1019\u1001\u1036\u101b\u1014\u103a\u1021\u1010\u103d\u1000\u103a R &amp; D 10 \u101b\u1000\u103a\u1014\u103e\u1004\u1037\u103a 100 \u1000\u103b\u1031\u102c\u103a\u101b\u103e\u102d\u101e\u100a\u103a\u104b<\/p>\n<p>\u1000\u103b\u103d\u1014\u103a\u102f\u1015\u103a\u1010\u102d\u102f\u1037\u104f\u1021\u1013\u102d\u1000\u1011\u102f\u1010\u103a\u1000\u102f\u1014\u103a\u1019\u103b\u102c\u1038\u1019\u103e\u102c Timers, Sockets, \u1015\u103c\u1031\u102c\u1004\u103a\u1038\u101c\u103d\u101a\u103a\u1015\u103c\u1004\u103a\u101c\u103d\u101a\u103a\u101b\u103e\u102d\u101e\u1031\u102c\u1000\u1031\u1018\u101a\u103a\u1000\u103c\u102d\u102f\u1038\u1019\u103b\u102c\u1038, POSTER \u1000\u103c\u102d\u102f\u1038\u1019\u103b\u102c\u1038, \u1015\u101c\u1015\u103a\u1019\u103b\u102c\u1038, \u1010\u102d\u102f\u1038\u1001\u103b\u1032\u1037\u1001\u103c\u1004\u103a\u1038, SOCKETS \u1021\u1019\u103b\u102d\u102f\u1038\u1019\u103b\u102d\u102f\u1038\u1014\u103e\u1004\u1037\u103a\u1021\u1010\u1030 Timers \u1019\u103b\u102c\u1038, \u1005\u1000\u103a\u1019\u103e\u102f\u1007\u102f\u1014\u103a\u1019\u103b\u102c\u1038, \u1005\u1000\u103a\u1019\u103e\u102f\u1007\u102f\u1014\u103a\u1019\u103b\u102c\u1038, \u1000\u103b\u103d\u1014\u103a\u102f\u1015\u103a\u1010\u102d\u102f\u1037\u104f\u1015\u1005\u103a\u1019\u103e\u1010\u103a\u1005\u103b\u1031\u1038\u1000\u103d\u1000\u103a\u1019\u103b\u102c\u1038\u101e\u100a\u103a\u1025\u101b\u1031\u102c\u1015\u1008\u1031\u1038\u1000\u103d\u1000\u103a\u1014\u103e\u1004\u1037\u103a\u1021\u1019\u1031\u101b\u102d\u1000\u1014\u103a\u1008\u1031\u1038\u1000\u103d\u1000\u103a\u1016\u103c\u1005\u103a\u101e\u100a\u103a\u104b CE, CE, D, D, N, NF, ETL, VDE, ROHS, \u101c\u1000\u103a\u101c\u103e\u1019\u103a\u1038\u1019\u102e\u1019\u103e\u102f,<\/p>\n<p>\u1000\u103b\u103d\u1014\u103a\u102f\u1015\u103a\u1010\u102d\u102f\u1037\u104f\u1016\u1031\u102c\u1000\u103a\u101e\u100a\u103a\u1019\u103b\u102c\u1038\u1021\u1000\u103c\u102c\u1038\u1014\u102c\u1019\u100a\u103a\u1000\u1031\u102c\u1004\u103a\u1038\u101b\u101b\u103e\u102d\u101e\u100a\u103a\u104b \u1000\u103b\u103d\u1014\u103a\u102f\u1015\u103a\u1010\u102d\u102f\u1037\u101e\u100a\u103a\u1015\u1010\u103a 0 \u1014\u103a\u1038\u1000\u103b\u1004\u103a\u1014\u103e\u1004\u1037\u103a\u101c\u1030\u101e\u102c\u1038\u1010\u102d\u102f\u1037\u104f\u101c\u102f\u1036\u1001\u103c\u102f\u1036\u1019\u103e\u102f\u1000\u102d\u102f\u1000\u102c\u1000\u103d\u101a\u103a\u1001\u103c\u1004\u103a\u1038\u1000\u102d\u102f\u1021\u1019\u103c\u1032\u1010\u1019\u103a\u1038\u1021\u102c\u101b\u102f\u1036\u1005\u102d\u102f\u1000\u103a\u101e\u100a\u103a\u104b \u1018\u101d\u1021\u101b\u100a\u103a\u1021\u101e\u103d\u1031\u1038\u1010\u102d\u102f\u1038\u1010\u1000\u103a\u1021\u1031\u102c\u1004\u103a\u1015\u103c\u102f\u101c\u102f\u1015\u103a\u1001\u103c\u1004\u103a\u1038\u101e\u100a\u103a\u1000\u103b\u103d\u1014\u103a\u102f\u1015\u103a\u1010\u102d\u102f\u1037\u104f\u1014\u1031\u102c\u1000\u103a\u1006\u102f\u1036\u1038\u101b\u100a\u103a\u101b\u103d\u101a\u103a\u1001\u103b\u1000\u103a\u1016\u103c\u1005\u103a\u101e\u100a\u103a\u104b<\/p>\n<p>\u1015\u102b\u101d\u102b\u1000\u103c\u102d\u102f\u1038\u1019\u103b\u102c\u1038, \u1010\u102d\u102f\u1038\u1001\u103b\u1032\u1037\u1001\u103c\u1004\u103a\u1038\u1000\u103c\u102d\u102f\u1038\u1019\u103b\u102c\u1038\u1014\u103e\u1004\u1037\u103a\u1000\u1031\u1018\u101a\u103a\u101c\u103a\u1019\u103b\u102c\u1038\u101e\u100a\u103a\u1000\u103b\u103d\u1014\u103a\u102f\u1015\u103a\u1010\u102d\u102f\u1037\u104f\u1021\u1013\u102d\u1000\u1005\u102e\u1038\u1015\u103d\u102c\u1038\u101b\u1031\u1038\u101c\u102f\u1015\u103a\u1004\u1014\u103a\u1038\u1019\u103b\u102c\u1038\u1016\u103c\u1005\u103a\u101e\u100a\u103a\u104b \u1000\u103b\u103d\u1014\u103a\u102f\u1015\u103a\u1010\u102d\u102f\u1037\u101e\u100a\u103a\u1025\u101b\u1031\u102c\u1015\u1008\u1031\u1038\u1019\u103e\u1019\u103c\u103e\u1004\u1037\u103a\u1010\u1004\u103a\u101b\u1031\u1038\u1021\u1019\u103e\u102c\u1005\u102c\u104f\u1021\u1013\u102d\u1000\u1019\u103c\u103e\u1004\u1037\u103a\u1010\u1004\u103a\u101b\u1031\u1038\u1019\u103e\u1030\u1038\u1011\u102f\u1010\u103a\u101c\u102f\u1015\u103a\u101e\u1030\u1016\u103c\u1005\u103a\u101e\u100a\u103a\u104b \u1000\u102f\u1014\u103a\u1021\u1019\u103e\u1010\u103a\u1010\u1036\u1006\u102d\u1015\u103a\u1000\u102d\u102f\u1000\u102c\u1000\u103d\u101a\u103a\u101b\u1014\u103a\u1002\u103b\u102c\u1019\u1014\u102e\u101b\u103e\u102d VDE Global Service \u1014\u103e\u1004\u1037\u103a\u1015\u1030\u1038\u1015\u1031\u102b\u1004\u103a\u1038\u101c\u102f\u1015\u103a\u1000\u102d\u102f\u1004\u103a\u101e\u100a\u1037\u103a\u1011\u102d\u1015\u103a\u1006\u102f\u1036\u1038\u1019\u103e\u102c\u1000\u103b\u103d\u1014\u103a\u102f\u1015\u103a\u1010\u102d\u102f\u1037\u1010\u103d\u1004\u103a\u1011\u102d\u1015\u103a\u1010\u1014\u103a\u1038\u1010\u103d\u1004\u103a\u1015\u102b 0 \u1004\u103a\u101e\u100a\u103a\u104b<\/p>\n<p>\u1021\u1015\u103c\u1014\u103a\u1021\u101c\u103e\u1014\u103a\u1021\u1000\u103b\u102d\u102f\u1038\u1001\u1036\u1005\u102c\u1038\u1001\u103d\u1004\u1037\u103a\u1014\u103e\u1004\u1037\u103a\u1010\u1031\u102c\u1000\u103a\u1015\u101e\u1031\u102c\u1021\u1014\u102c\u1002\u1010\u103a\u1021\u1010\u103d\u1000\u103a\u1016\u1031\u102c\u1000\u103a\u101e\u100a\u103a\u1019\u103b\u102c\u1038\u1021\u102c\u1038\u101c\u102f\u1036\u1038\u1014\u103e\u1004\u1037\u103a\u1015\u1030\u1038\u1015\u1031\u102b\u1004\u103a\u1038\u1006\u1031\u102c\u1004\u103a\u101b\u103d\u1000\u103a\u101b\u1014\u103a\u1014\u103d\u1031\u1038\u1011\u103d\u1031\u1038\u1005\u103d\u102c\u1000\u103c\u102d\u102f\u1006\u102d\u102f\u1015\u102b\u101e\u100a\u103a\u104b<\/p>\n<p>&nbsp;<\/p>\n<p><strong>\u1021\u1019\u103c\u1032\u1019\u1031\u1038\u101c\u1031\u1037\u101b\u103e\u102d\u101e\u1031\u102c\u1019\u1031\u1038\u1001\u103d\u1014\u103a\u1038\u1019\u103b\u102c\u1038<\/strong><br \/>\nQ1 \u104b \u1014\u1019\u1030\u1014\u102c\u1021\u1019\u102d\u1014\u1037\u103a\u1000\u102d\u102f\u101e\u1004\u103a\u101c\u1000\u103a\u1001\u1036\u1014\u102d\u102f\u1004\u103a\u1015\u102b\u101e\u101c\u102c\u1038?<\/p>\n<p>A: \u101f\u102f\u1010\u103a\u1000\u1032\u1037, \u101e\u1031\u1001\u103b\u102c\u1010\u102c\u1015\u1031\u102b\u1037, \u1014\u1019\u1030\u1014\u102c\u1021\u1019\u102d\u1014\u1037\u103a\u1000\u102d\u102f\u101c\u1000\u103a\u1001\u1036\u1010\u101a\u103a\u104b<\/p>\n<p>&nbsp;<\/p>\n<p>Q2 \u104b \u1000\u103b\u103d\u1014\u103a\u1010\u1031\u102c\u103a\u1010\u102d\u102f\u1037\u1000\u102d\u102f\u1018\u101a\u103a\u101c\u102d\u102f\u1001\u103b\u102f\u1015\u103a\u1000\u102d\u102f\u1004\u103a\u1014\u102d\u102f\u1004\u103a\u1019\u101c\u1032\u104b<\/p>\n<p>\u1016\u103c\u1031\u104b \u104b \u1019\u1031\u1038\u101c\u103a\u1006\u102e\u101e\u102d\u102f\u1037\u1019\u1031\u1038\u101c\u103a\u1015\u102d\u102f\u1037\u1014\u102d\u102f\u1004\u103a\u101e\u100a\u103a\u101e\u102d\u102f\u1037\u1019\u101f\u102f\u1010\u103a\u1001\u1031\u102b\u103a\u1006\u102d\u102f\u1014\u102d\u102f\u1004\u103a\u101e\u100a\u103a\u104b<\/p>","protected":false},"excerpt":{"rendered":"<p>\u1019\u1030\u101c\u1014\u1031\u101b\u102c USB Charger Mini Socket Plug<br \/>\niOS \u1014\u103e\u1004\u1037\u103a Android \u1000\u102d\u101b\u102d\u101a\u102c\u1019\u103b\u102c\u1038\u101e\u100a\u103a\u101e\u101f\u1007\u102c\u1010\u1016\u103c\u1005\u103a\u101e\u100a\u103a\u104b<br \/>\n\u1001\u1000\u103a\u1001\u1032\u101e\u1031\u102c\u1021\u102c\u1038\u101e\u103d\u1004\u103a\u1038\u1001\u103c\u1004\u103a\u1038\u1015\u103c problem \u1014\u102c\u1000\u102d\u102f\u1021\u1010\u1030\u1010\u1000\u103d\u1021\u102c\u1038\u101e\u103d\u1004\u103a\u1038\u101b\u1014\u103a\u1000\u102d\u101b\u102d\u101a\u102c\u1014\u103e\u1005\u103a\u1001\u102f\u1000\u102d\u102f\u1011\u1031\u102c\u1000\u103a\u1015\u1036\u1037\u1015\u102b<\/p>","protected":false},"featured_media":270,"template":"","meta":[],"product_cat":[24],"product_tag":[],"class_list":{"0":"post-266","1":"product","2":"type-product","3":"status-publish","4":"has-post-thumbnail","6":"product_cat-socketplug","8":"first","9":"instock","10":"shipping-taxable","11":"product-type-simple"},"_links":{"self":[{"href":"https:\/\/www.soyang-group.com\/my\/wp-json\/wp\/v2\/product\/266","targetHints":{"allow":["GET"]}}],"collection":[{"href":"https:\/\/www.soyang-group.com\/my\/wp-json\/wp\/v2\/product"}],"about":[{"href":"https:\/\/www.soyang-group.com\/my\/wp-json\/wp\/v2\/types\/product"}],"version-history":[{"count":0,"href":"https:\/\/www.soyang-group.com\/my\/wp-json\/wp\/v2\/product\/266\/revisions"}],"wp:featuredmedia":[{"embeddable":true,"href":"https:\/\/www.soyang-group.com\/my\/wp-json\/wp\/v2\/media\/270"}],"wp:attachment":[{"href":"https:\/\/www.soyang-group.com\/my\/wp-json\/wp\/v2\/media?parent=266"}],"wp:term":[{"taxonomy":"product_cat","embeddable":true,"href":"https:\/\/www.soyang-group.com\/my\/wp-json\/wp\/v2\/product_cat?post=266"},{"taxonomy":"product_tag","embeddable":true,"href":"https:\/\/www.soyang-group.com\/my\/wp-json\/wp\/v2\/product_tag?post=266"}],"curies":[{"name":"wp","href":"https:\/\/api.w.org\/{rel}","templated":true}]}}