{"id":266,"date":"2024-12-12T13:10:17","date_gmt":"2024-12-12T05:10:17","guid":{"rendered":"https:\/\/shuangy.gg12.globaldeepsea.site\/?post_type=product&#038;p=266"},"modified":"2024-12-12T13:10:17","modified_gmt":"2024-12-12T05:10:17","slug":"2-1a-usb-socket","status":"publish","type":"product","link":"https:\/\/www.soyang-group.com\/nl\/product\/2-1a-usb-socket\/","title":{"rendered":"2.1A USB -aansluiting"},"content":{"rendered":"<p><strong>Overzicht<\/strong><\/p>\n<p><strong>Snelle details<\/strong><br \/>\nPlaats van herkomst: Zhejiang, China<br \/>\nMerknaam: Soyang<br \/>\nModelnummer: USB-D2<br \/>\nDC: 5V AC<br \/>\nMax:2.1A<br \/>\nKleur: wit<br \/>\nToepassing: timer -schakelaar<\/p>\n<p><strong>Leveringsvermogen<\/strong><br \/>\nLeveringsmogelijkheden: 100000 stuk\/stukken per maand<\/p>\n<p><strong>Verpakking en levering<\/strong><br \/>\nVerpakkingsdetails: dubbele blister, 10 stks\/ binnenkast, 60 stcs\/ buitenkarton<br \/>\nPort: Ningbo\/Shanghai<br \/>\nLead Time :<br \/>\nQuantity(Pieces) 1 \u2013 10000 &gt;10000<br \/>\nEst. Time(days) 60 To be negotiated<\/p>\n<p>&nbsp;<\/p>\n<p><strong>Detailproductbeschrijving<\/strong><\/p>\n<p><strong>2.1A USB -aansluiting<\/strong><br \/>\nModelnummer: USB-D2<br \/>\nDuitsland -versie<br \/>\nMerknaam: Shuangyang<br \/>\nGebruik: opladeraansluiting<br \/>\nTheorie: mechanisch<br \/>\nBeschrijving en functies<br \/>\n1.Max: 2.1a<br \/>\n2.DC: 5V<br \/>\n3.De eenheidsgrootte:<\/p>\n<p><a class=\"fancybox\" href=\"https:\/\/www.soyanggroup.com\/uploads\/125.jpg\" target=\"_blank\" rel=\"noopener\"><img decoding=\"async\" class=\"alignnone size-full wp-image-4344\" src=\"https:\/\/www.soyanggroup.com\/uploads\/125.jpg\" alt=\"1\" \/><\/a><\/p>\n<p>4. Leveringsmogelijkheid: 1000000 stuk\/stukken per maand timer<br \/>\n5. Beschikbare capaciteit voor een ander ontwerp: Gemany -versie, Denemarken -versie, Frankrijk -versie<\/p>\n<p>&nbsp;<\/p>\n<p><strong>Specificatie<\/strong><br \/>\nPakket: dubbele blaar<br \/>\nAantal\/doos: 10 stcs<br \/>\nAantal\/CTN: 60 stcs<br \/>\nGW: 5.8kg<br \/>\nNW: 4.8kg<br \/>\nKartonmaat: 38*73*23cm<br \/>\nAantal\/20 \u2032: 23.040PCS<br \/>\nCertificeringen: GS, CE, ROHS, Reach, PAHS<\/p>\n<p>&nbsp;<\/p>\n<p><strong>Verkooppunt<\/strong><br \/>\n1. hoge kwaliteit<br \/>\n2. Beschikbare prijs<br \/>\n3. Grote vari\u00ebteit aan producten<br \/>\n4. Actractief ontwerp<br \/>\n5. Milieuvriendelijke technologie<br \/>\n6. OEM- en ODM -service verstrekt<\/p>\n<p>&nbsp;<\/p>\n<p><strong>Verpakking en betaling en verzending<\/strong><br \/>\nVerpakkingsdetails: witte doos<br \/>\nBetalingsmethode: Advance TT, T\/T, L\/C<br \/>\nLevering: 30-45 dagen na ontvangen de deposito<br \/>\nPort: Ningbo of Shanghai<\/p>\n<p>&nbsp;<\/p>\n<p><strong>Onze diensten<\/strong><br \/>\n1. Zodra uw bericht krijgt, zullen we u over 24 uur antwoorden<br \/>\n2. We hebben een professioneel verkoopteam om service voor u aan te bieden<br \/>\n3. Bied 2 jaar aan als garantietijd en after-sales service<\/p>\n<p>&nbsp;<\/p>\n<p><strong>Bedrijfsinformatie<\/strong><\/p>\n<p>Zhejiang Shuangyang Group Co.Ltd. werd opgericht in 1986, is een particuliere onderneming, een van Star Enterprise van Ningbo City in 1998, en goedgekeurd door ISO9001\/14000\/18000. We hebben ons gevestigd in Cixi, Ningbo City, dat slechts een uur naar Ningbo Harbour en Airport is, en twee uur naar Shanghai.<\/p>\n<p><a class=\"fancybox\" href=\"https:\/\/www.soyanggroup.com\/uploads\/11.jpg\" target=\"_blank\" rel=\"noopener\"><img decoding=\"async\" class=\"alignnone size-full wp-image-4014\" src=\"https:\/\/www.soyanggroup.com\/uploads\/11.jpg\" alt=\"\u00c4\u00da\u00d2\u00b3\u00d0\u00a7\u00b9\u00fb-1\" \/><\/a><br \/>\nTot nu toe is het geregistreerde kapitaal meer dan 16 miljoen USDOLLAR. Ons vloeroppervlak is ongeveer 120.000 m\u00b2 en de bouwoppervlak is ongeveer 85.000 m\u00b2. In 2018 is onze totale omzet 80 miljoen USDOLLAR. We hebben tien R &amp; D -personen en meer dan 100 QC's om de kwaliteit te garanderen, elk jaar ontwerpen en ontwikkelen we meer dan tien nieuwe producten die optreden als een hoofdfabrikant.<\/p>\n<p>Onze belangrijkste producten zijn timers, stopcontacten, flexibele kabels, netsnoeren, pluggen, verlengingsbakken, kabelhaspels en verlichtingen. We kunnen vele soorten timers leveren, zoals dagelijkse timers, mechanische en digitale timers, timers aftellen, timers in de industrie met allerlei sockets. Onze doelmarkten zijn de Europese markt en de Amerikaanse markt. Onze producten goedgekeurd door CE, GS, D, N, S, NF, ETL, VDE, ROHS, Reach, PAK's enzovoort.<\/p>\n<p>We hebben een goede reputatie bij onze klanten. We richten ons altijd op de bescherming van de milieu en de veiligheid van de mens. Het verbeteren van de kwaliteit van leven is ons uiteindelijke doel.<\/p>\n<p>Krachtsnoeren, uitbreidingskoorden en kabelhaspels zijn onze belangrijkste activiteiten, wij zijn de hoofdfabrikant van de promotieorders van de Europese markt elk jaar. We zijn top \u00e9\u00e9n fabrikant die samenwerkt met VDE Global Service in Duitsland om het handelsmerk te beschermen.<\/p>\n<p>Hardlijk welkom om samen te werken met alle klanten voor het wederzijdse voordeel en de mooie toekomst.<\/p>\n<p>&nbsp;<\/p>\n<p><strong>FAQ<\/strong><br \/>\nQ1. Kun je de voorbeeldvolgorde accepteren?<\/p>\n<p>A: Ja, zeker, we accepteren de voorbeeldvolgorde.<\/p>\n<p>&nbsp;<\/p>\n<p>Q2. Hoe u ons contracteert?<\/p>\n<p>A: U kunt ons e -mail sturen of bellen.<\/p>","protected":false},"excerpt":{"rendered":"<p>Home USB Charger Mini Socket Plug<br \/>\nIOS- en Android -apparaten zijn compatibel,<br \/>\nOndersteuning van twee apparaten om samen op te laden lost het probleem van moeilijk opladen op<\/p>","protected":false},"featured_media":270,"template":"","meta":[],"product_cat":[24],"product_tag":[],"class_list":{"0":"post-266","1":"product","2":"type-product","3":"status-publish","4":"has-post-thumbnail","6":"product_cat-socketplug","8":"first","9":"instock","10":"shipping-taxable","11":"product-type-simple"},"_links":{"self":[{"href":"https:\/\/www.soyang-group.com\/nl\/wp-json\/wp\/v2\/product\/266","targetHints":{"allow":["GET"]}}],"collection":[{"href":"https:\/\/www.soyang-group.com\/nl\/wp-json\/wp\/v2\/product"}],"about":[{"href":"https:\/\/www.soyang-group.com\/nl\/wp-json\/wp\/v2\/types\/product"}],"version-history":[{"count":0,"href":"https:\/\/www.soyang-group.com\/nl\/wp-json\/wp\/v2\/product\/266\/revisions"}],"wp:featuredmedia":[{"embeddable":true,"href":"https:\/\/www.soyang-group.com\/nl\/wp-json\/wp\/v2\/media\/270"}],"wp:attachment":[{"href":"https:\/\/www.soyang-group.com\/nl\/wp-json\/wp\/v2\/media?parent=266"}],"wp:term":[{"taxonomy":"product_cat","embeddable":true,"href":"https:\/\/www.soyang-group.com\/nl\/wp-json\/wp\/v2\/product_cat?post=266"},{"taxonomy":"product_tag","embeddable":true,"href":"https:\/\/www.soyang-group.com\/nl\/wp-json\/wp\/v2\/product_tag?post=266"}],"curies":[{"name":"wp","href":"https:\/\/api.w.org\/{rel}","templated":true}]}}