{"id":227,"date":"2024-12-12T11:13:59","date_gmt":"2024-12-12T03:13:59","guid":{"rendered":"https:\/\/shuangy.gg12.globaldeepsea.site\/?post_type=product&#038;p=227"},"modified":"2024-12-12T11:13:59","modified_gmt":"2024-12-12T03:13:59","slug":"digital-weekly-timer-switch","status":"publish","type":"product","link":"https:\/\/www.soyang-group.com\/pl\/produkt\/digital-weekly-timer-switch\/","title":{"rendered":"Cyfrowy cotygodniowy prze\u0142\u0105cznik timera"},"content":{"rendered":"<p><strong>Przegl\u0105d<\/strong><\/p>\n<p><strong>Szybkie szczeg\u00f3\u0142y<\/strong><br \/>\nMiejsce pochodzenia: Zhejiang, Chiny<br \/>\nBrand Name:Soyang<br \/>\nNumer modelu: TS-ED20<br \/>\nTeoria: cyfrowe<br \/>\nZastosowanie: prze\u0142\u0105cznik timera<br \/>\nNapi\u0119cie: 220-240V AC<br \/>\nFrequency:50Hz<br \/>\nMaksymalna moc: 3500 W.<br \/>\nColor:white<br \/>\nAplikacja: prze\u0142\u0105cznik timera<br \/>\ncurrent:16A<\/p>\n<p>&nbsp;<\/p>\n<p><strong>Umiej\u0119tno\u015b\u0107 dostaw<\/strong><br \/>\nUmiej\u0119tno\u015b\u0107 zaopatrzenia: 100 000 sztuk\/sztuk miesi\u0119cznie<\/p>\n<p>&nbsp;<\/p>\n<p><strong>Opakowanie i dostawa<\/strong><br \/>\nSzczeg\u00f3\u0142y opakowania: podw\u00f3jny blister, 12pcs\/ wewn\u0119trzny pude\u0142ko, 48pcs\/ zewn\u0119trzny karton<br \/>\nPort: Ningbo\/Shanghai<br \/>\nCzas realizacji :<br \/>\nIlo\u015b\u0107 (kawa\u0142ki) 1 - 10000&gt; 10000<br \/>\nEst. Czas (dni) 60 do negocjacji<\/p>\n<p>&nbsp;<\/p>\n<p><strong>Szczeg\u00f3\u0142owe opis produktu<\/strong><\/p>\n<p>Cyfrowy cotygodniowy timer na \u015bwie\u017cym powietrzu<br \/>\nNumer modelu: TS-ED20<br \/>\nWersja Niemiec<br \/>\nNazwa marki: Shuangyang<br \/>\nZastosowanie: prze\u0142\u0105cznik timera<br \/>\nTeoria: cyfrowe<br \/>\n<strong>Opis i funkcje<\/strong><br \/>\n1. Maksymalna moc: 3500 W.<br \/>\n2. napi\u0119cie: 220-240V AC<br \/>\n3. cz\u0119stotliwo\u015b\u0107: 50 Hz<br \/>\n4. Current: 16a<br \/>\n5. Wy\u015bwietlacz czasowy: godzina\/minut\u0119\/sekund\u0119<br \/>\n6.20 Programy w\u0142\u0105czania\/wy\u0142\u0105czania<br \/>\n7.7 przyciski dla \u0142atwej eksploatacji<br \/>\n8. \u0142atwe zmiany w letnim timerze<br \/>\n9. U\u017cywana bateria Ni-MH u\u017cywana w \u015brodku<br \/>\n10. Funkcja reset<br \/>\n11. Funkcja Random<br \/>\n14. Dok\u0142adno\u015b\u0107: mniej ni\u017c 3 sekundy w ci\u0105gu jednego dnia<br \/>\n15. Umiej\u0119tno\u015b\u0107 dostaw: 1000000 sztuk\/sztuk miesi\u0119cznie<\/p>\n<p><strong>Specyfikacja<\/strong><br \/>\nPackage: Double blister<br \/>\nQty\/Box: 12pcs<br \/>\nQty\/ctn: 48pcs<br \/>\nGW: 10 kg<br \/>\nNW: 8 kg<br \/>\nRozmiar kartonu: 55*53*28 cm<br \/>\nQty\/20 \u2032: 16 464pcs<br \/>\nCertifications: GS, CE, RoHS, REACH, PAHS<\/p>\n<p><strong>Punkt sprzeda\u017cy<\/strong><br \/>\n1. Wysoka jako\u015b\u0107<br \/>\n2. Cena dost\u0119pna<br \/>\n3. Wspania\u0142a r\u00f3\u017cnorodno\u015b\u0107 produkt\u00f3w<br \/>\n4. Projektowanie atrakcyjne<br \/>\n5. Technologia przyjazna dla \u015brodowiska<br \/>\n6. \u015bwiadczona us\u0142uga OEM i ODM<\/p>\n<p>&nbsp;<\/p>\n<p>&nbsp;<\/p>\n<p><strong>Company Information<\/strong><\/p>\n<p>Zhejiang Shuangyang Group Co.Ltd. was established in 1986, is a private owned enterprise, one of Star Enterprise of Ningbo City in 1998,\u00a0and approved by ISO9001\/14000\/18000. We located in Cixi, Ningbo city, which is only one hour to Ningbo harbor and airport, and two hours to Shanghai.<\/p>\n<p><img decoding=\"async\" src=\"https:\/\/sc01.alicdn.com\/kf\/He5ba632c74e44a68a587403dde671c5eH\/1942321\/He5ba632c74e44a68a587403dde671c5eH.png_.webp\" alt=\"\" \/><br \/>\nTill now, the registered capital is over 16 million U.S.Dollar. Our floor area is about 120.000 sqm, and construction area is about 85,000 sqm. In 2018, our total turn over is 80 million U.S.Dollar. We have ten R&amp;D persons and over 100 QCs to guarantee the quality, each year, we design and develop over ten new products acting as a lead manufacturer.<\/p>\n<p>Our main products are timers, sockets, flexible cables, power cords, plugs, extension sockets, cable reels, and lightings. We can supply many kinds of timers such as daily timers, mechanical and digital timers, count down timers, industry timers with all kinds of sockets. Our target markets are European market and American market. Our products approved by CE, GS, D, N, S, NF, ETL, VDE, RoHS, REACH, PAHS and so on.<\/p>\n<p>We have a good reputation among our customers. We always focus on the protection of environment and human being safety. Improving the quality of life is our final purpose.<\/p>\n<p>Power cords, extension cords and cable reels are our main business, we are the lead manufacturer of the promotion orders from European market every year. We are Top one manufacturer cooperating with VDE Global Service in Germany to protect trademark.<\/p>\n<p>Wsp\u00f3\u0142pa\u0142o\u017cenie si\u0119 w wsp\u00f3\u0142pracy ze wszystkimi klientami pod wzgl\u0119dem wzajemnych korzy\u015bci i \u015bwietlanej przysz\u0142o\u015bci.<\/p>\n<p>&nbsp;<\/p>\n<p><strong>Profil firmy:<\/strong><br \/>\n1. Rodzaj odbiorc\u00f3w: producent, firma handlowa<br \/>\n2. Produkty main: gniazda timera, kabel, ko\u0142owrotki kablowe, o\u015bwietlenie<br \/>\n3. Pracownicy og\u00f3\u0142em: 501 - 1000 os\u00f3b<br \/>\n4. Year ustanowiony: 1994<br \/>\n5. Certyfikacja systemu zarz\u0105dzania: ISO9001, ISO14001, OHSAS18001<br \/>\n6. Kraj \/ region: Zhejiang, Chiny<br \/>\n7. Misterstwo: Prywatny w\u0142a\u015bciciel<br \/>\n8. G\u0142\u00f3wne rynki: Europa Wschodnia 39.00%<br \/>\nEuropa p\u00f3\u0142nocna 30.00%<br \/>\nEuropa Zachodnia 16.00%<br \/>\nRynek krajowy: 7%<br \/>\nMid Wsch\u00f3d: 5%<br \/>\nAmeryka Po\u0142udniowa: 3%<\/p>\n<p><strong>FAQ<\/strong><\/p>\n<p>Q1. Jakie s\u0105 twoje warunki p\u0142atno\u015bci?<\/p>\n<p>A: T\/T, L\/C.<\/p>\n<p>&nbsp;<\/p>\n<p>Q2. Jak nawi\u0105za\u0107 d\u0142ugie relacje biznesowe mi\u0119dzy nami?<\/p>\n<p>Odp.: Oferujemy wysok\u0105 jako\u015b\u0107 produkt\u00f3w i bardzo konkurencyjn\u0105 cen\u0119, aby zapewni\u0107 zysk naszych klient\u00f3w.<\/p>\n<p>&nbsp;<\/p>\n<p>Q3. Jakie warunki wysy\u0142ki mo\u017cemy wybra\u0107?<\/p>\n<p>Odp.: Jest drog\u0105 morsk\u0105, przez powietrze, przez ekspresow\u0105 dostaw\u0119 dla twoich opcji.<\/p>","protected":false},"excerpt":{"rendered":"<p>Prze\u0142\u0105cznik timera mo\u017ce automatycznie w\u0142\u0105cza\u0107 i wy\u0142\u0105cza\u0107 r\u00f3\u017cnego rodzaju urz\u0105dzenia elektryczne zgodnie ze ustalonym czasem.<br \/>\nJest szeroko stosowany w programowalnej kontroli kuchenki elektrycznej, wzmacniacza, lampy, podgrzewacza wody, opryskiwacza, roztrawcy, podgrzewacza,<br \/>\nUrz\u0105dzenia rolnicze, sprz\u0119t do nadawania i wszystkie urz\u0105dzenia obwodowe i urz\u0105dzenia domowe, kt\u00f3re wymagaj\u0105 ustalania czasu na w\u0142\u0105czenie i wy\u0142\u0105czenie.<br \/>\nCyfrowy timer jest dok\u0142adniejszy ni\u017c licznik mechaniczny.<br \/>\nTimery nie tylko oszcz\u0119dzaj\u0105 pieni\u0105dze, ale najwa\u017cniejsze jest zapewnienie bezpiecznego, zdrowego, \u015brodowiska i inteligentnego \u017cycia.<\/p>","protected":false},"featured_media":228,"template":"","meta":[],"product_cat":[22],"product_tag":[],"class_list":{"0":"post-227","1":"product","2":"type-product","3":"status-publish","4":"has-post-thumbnail","6":"product_cat-timer","8":"first","9":"instock","10":"shipping-taxable","11":"product-type-simple"},"_links":{"self":[{"href":"https:\/\/www.soyang-group.com\/pl\/wp-json\/wp\/v2\/product\/227","targetHints":{"allow":["GET"]}}],"collection":[{"href":"https:\/\/www.soyang-group.com\/pl\/wp-json\/wp\/v2\/product"}],"about":[{"href":"https:\/\/www.soyang-group.com\/pl\/wp-json\/wp\/v2\/types\/product"}],"version-history":[{"count":0,"href":"https:\/\/www.soyang-group.com\/pl\/wp-json\/wp\/v2\/product\/227\/revisions"}],"wp:featuredmedia":[{"embeddable":true,"href":"https:\/\/www.soyang-group.com\/pl\/wp-json\/wp\/v2\/media\/228"}],"wp:attachment":[{"href":"https:\/\/www.soyang-group.com\/pl\/wp-json\/wp\/v2\/media?parent=227"}],"wp:term":[{"taxonomy":"product_cat","embeddable":true,"href":"https:\/\/www.soyang-group.com\/pl\/wp-json\/wp\/v2\/product_cat?post=227"},{"taxonomy":"product_tag","embeddable":true,"href":"https:\/\/www.soyang-group.com\/pl\/wp-json\/wp\/v2\/product_tag?post=227"}],"curies":[{"name":"wp","href":"https:\/\/api.w.org\/{rel}","templated":true}]}}