{"id":248,"date":"2024-12-12T11:37:52","date_gmt":"2024-12-12T03:37:52","guid":{"rendered":"https:\/\/shuangy.gg12.globaldeepsea.site\/?post_type=product&#038;p=248"},"modified":"2024-12-12T11:37:52","modified_gmt":"2024-12-12T03:37:52","slug":"germany-weekly-mechanical-timer","status":"publish","type":"product","link":"https:\/\/www.soyang-group.com\/pl\/produkt\/germany-weekly-mechanical-timer\/","title":{"rendered":"Niemcy cotygodniowy licznik mechaniczny"},"content":{"rendered":"<p><strong>Przegl\u0105d<\/strong><\/p>\n<p><strong>Szybkie szczeg\u00f3\u0142y<\/strong><br \/>\nMiejsce pochodzenia: Zhejiang, Chiny<br \/>\nNazwa marki: Shuangyang<br \/>\nNumer modelu: TS-WD1<br \/>\nTeoria: mechaniczne<br \/>\nZastosowanie: prze\u0142\u0105cznik timera<br \/>\nCertyfikat: GS, CE, ROHS, Reach WWA<br \/>\nSoyang<br \/>\nKr\u0105g: 7 dni programowania<\/p>\n<p><strong>Umiej\u0119tno\u015b\u0107 dostaw<\/strong><br \/>\nUmiej\u0119tno\u015b\u0107 zaopatrzenia: 100 000 sztuk\/sztuk miesi\u0119cznie<\/p>\n<p><strong>Opakowanie i dostawa<\/strong><br \/>\nSzczeg\u00f3\u0142y opakowania: podw\u00f3jny blister, 12pcs\/ wewn\u0119trzny pude\u0142ko, 48pcs\/ zewn\u0119trzny karton<br \/>\nPort: Ningbo\/Shanghai<br \/>\nCzas realizacji: 40 dni po otrzymaniu depozyt\u00f3w<\/p>\n<p>&nbsp;<\/p>\n<p><strong>Szczeg\u00f3\u0142owe opis produktu<\/strong><\/p>\n<p>Miejsce pochodzenia: Zhejiang Chiny (kontynent)<br \/>\nNazwa marki: Shuangyang<br \/>\nNumer modelu: TS-WD1<br \/>\nTeoria: mechaniczne<br \/>\nZobacz: Zhejiang Shuangyang Group Co., Ltd zawsze trzymaj si\u0119 jako\u015bci i serwisu,<br \/>\nNie tylko dostarczamy wysokiej jako\u015bci, ale tak\u017ce zwracamy uwag\u0119 na ochron\u0119 \u015brodowiska i bezpiecze\u0144stwa cz\u0142owieka.<br \/>\nNasz ostatni cel jest nieprzerwan\u0105 popraw\u0105 jako\u015bci \u017cycia ludzkiego.<\/p>\n<p>&nbsp;<\/p>\n<p><strong>Punkt sprzeda\u017cy<\/strong><br \/>\n1. Wysoka jako\u015b\u0107<br \/>\n2. Cena dost\u0119pna<br \/>\n3. Wspania\u0142a r\u00f3\u017cnorodno\u015b\u0107 produkt\u00f3w<br \/>\n4. Projektowanie atrakcyjne<br \/>\n5. Technologia przyjazna dla \u015brodowiska<br \/>\n6. \u015bwiadczona us\u0142uga OEM i ODM<\/p>\n<p>&nbsp;<\/p>\n<p><strong>Specyfikacja<\/strong><br \/>\nOpakowanie: 12PC\/ Wewn\u0119trzna skrzynka, 48pcs\/ zewn\u0119trzny karton<br \/>\nRozmiar kartonu: 61*48*25 cm<br \/>\nQ'ty\/20\u2032ft: 18720pcs<br \/>\nZasilacz: 220-240 V\/50 Hz Max.3500 W<br \/>\nGW\/NW of Carton: 13\/11 kg<\/p>\n<p>&nbsp;<\/p>\n<p><strong>Opis i funkcje<\/strong><\/p>\n<p>1,7 dni programowania<br \/>\n2.42 Programy w\u0142\u0105czania\/wy\u0142\u0105czania<br \/>\n3. Dok\u0142adno\u015b\u0107: mniej ni\u017c 2 godziny tygodniowo<br \/>\n4. Ustawienie minimum: 2 godziny<br \/>\n5.com PAKT i elegancka konstrukcja dla \u0142atwej eksploatacji<br \/>\n6. Style Multi-Counties z inn\u0105 wtyczk\u0105 i gniazdem<br \/>\n7. dost\u0119pna pojemno\u015b\u0107 do innego projektu<br \/>\nWersja Brazylii, wersja Niemiec, wersja Francji, wersja Argentyna,<br \/>\nWersja Australia, wersja W\u0142och, wersja USA, wersja Danii<br \/>\n8. Rynek przypadkowy: europejski<\/p>\n<p>&nbsp;<\/p>\n<p><strong>Korzy\u015b\u0107<\/strong><br \/>\n1 markowe cz\u0119\u015bci<br \/>\n2 kraj pochodzenia<br \/>\n3 oferowane dystrybutory<br \/>\n4 do\u015bwiadczony personel<br \/>\n5 Forma a<br \/>\n6 Zielony produkt<br \/>\n7 Gwarancja\/gwarancja<br \/>\n8 mi\u0119dzynarodowych zatwierdze\u0144<br \/>\n9 Opakowanie<br \/>\n10 ceny<br \/>\n11 funkcji produktu<br \/>\n12 Wydajno\u015b\u0107 produktu<br \/>\n13 Szybka dostawa<br \/>\n14 zatwierdze\u0144 jako\u015bciowych<br \/>\n15 Reputacja<br \/>\n16 Us\u0142uga<br \/>\n17 zaakceptowanych ma\u0142ych zam\u00f3wie\u0144<br \/>\n18 \u015bwiadczonych us\u0142ug OEM i ODM<br \/>\n19 Wysokiej jako\u015bci<\/p>\n<p>&nbsp;<\/p>\n<p><strong>Opakowanie, p\u0142atno\u015bci i wysy\u0142ka<\/strong><br \/>\nSzczeg\u00f3\u0142y opakowania: podw\u00f3jny blister<br \/>\nMetoda p\u0142atno\u015bci: Advance TT, T\/T, L\/C<br \/>\nDostawa: 30-45 dni po otrzymaniu oddzia\u0142u<br \/>\nPort: Ningbo lub Szanghaj<\/p>\n<p>&nbsp;<\/p>\n<p><strong>Nasze us\u0142ugi<\/strong><\/p>\n<p>1. Po otrzymaniu wiadomo\u015bci odpowiemy za 24 godziny<br \/>\n2. Mamy profesjonalny zesp\u00f3\u0142 sprzeda\u017cy, kt\u00f3ry oferuje Ci us\u0142ug\u0119<br \/>\n3. Oferuj 2 lata jako czas gwarancji i us\u0142ugi po sprzeda\u017cy<\/p>\n<p>&nbsp;<\/p>\n<p><strong>Profil firmy:<\/strong><br \/>\n1. Rodzaj odbiorc\u00f3w: producent, firma handlowa<br \/>\n2. Produkty main: gniazda timera, kabel, ko\u0142owrotki kablowe, o\u015bwietlenie<br \/>\n3. Pracownicy og\u00f3\u0142em: 501 - 1000 os\u00f3b<br \/>\n4. Year ustanowiony: 1994<br \/>\n5. Certyfikacja systemu zarz\u0105dzania: ISO9001, ISO14001, OHSAS18001<br \/>\n6. Kraj \/ region: Zhejiang, Chiny<br \/>\n7. Misterstwo: Prywatny w\u0142a\u015bciciel<br \/>\n8. G\u0142\u00f3wne rynki: Europa Wschodnia 39.00%<br \/>\nEuropa p\u00f3\u0142nocna 30.00%<br \/>\nEuropa Zachodnia 16.00%<br \/>\nRynek krajowy: 7%<br \/>\nMid Wsch\u00f3d: 5%<br \/>\nAmeryka Po\u0142udniowa: 3%<br \/>\n<strong>FAQ<\/strong><\/p>\n<p>Q1. Jak nas um\u00f3wi\u0107?<\/p>\n<p>Odp.: Mo\u017cesz wys\u0142a\u0107 poczt\u0119 do nas lub zadzwoni\u0107.<\/p>\n<p>&nbsp;<\/p>\n<p>Q2. Jakie s\u0105 twoje warunki p\u0142atno\u015bci?<\/p>\n<p>A: T\/T, L\/C.<\/p>\n<p>&nbsp;<\/p>\n<p>Q3. Jakie warunki wysy\u0142ki mo\u017cemy wybra\u0107?<\/p>\n<p>Odp.: Jest drog\u0105 morsk\u0105, przez powietrze, przez ekspresow\u0105 dostaw\u0119 dla twoich opcji.<\/p>\n<p>Q4. Czy Twoje produkty mog\u0105 wydrukowa\u0107 go\u015bci logo?<\/p>\n<p>Odp.: Tak, go\u015bcie podaj\u0105 logo, mo\u017cemy drukowa\u0107 na produkcie.<\/p>","protected":false},"excerpt":{"rendered":"<p>Operacja mechaniczna,<br \/>\nProsty w u\u017cyciu,<br \/>\nCicha operacja,<br \/>\nDrzwi obro\u0144cy dzieci,<br \/>\nUnikaj przypadkowego pod\u0142\u0105czania,<br \/>\nZapobiegaj dzieciom elektrycznym,<br \/>\nszok poprawi bezpiecze\u0144stwo,<br \/>\nUtrzymuj zasilany czas w cyklu,<br \/>\nTechnologia p\u0142yt mechanicznych,<\/p>","protected":false},"featured_media":249,"template":"","meta":[],"product_cat":[22],"product_tag":[],"class_list":{"0":"post-248","1":"product","2":"type-product","3":"status-publish","4":"has-post-thumbnail","6":"product_cat-timer","8":"first","9":"instock","10":"shipping-taxable","11":"product-type-simple"},"_links":{"self":[{"href":"https:\/\/www.soyang-group.com\/pl\/wp-json\/wp\/v2\/product\/248","targetHints":{"allow":["GET"]}}],"collection":[{"href":"https:\/\/www.soyang-group.com\/pl\/wp-json\/wp\/v2\/product"}],"about":[{"href":"https:\/\/www.soyang-group.com\/pl\/wp-json\/wp\/v2\/types\/product"}],"version-history":[{"count":0,"href":"https:\/\/www.soyang-group.com\/pl\/wp-json\/wp\/v2\/product\/248\/revisions"}],"wp:featuredmedia":[{"embeddable":true,"href":"https:\/\/www.soyang-group.com\/pl\/wp-json\/wp\/v2\/media\/249"}],"wp:attachment":[{"href":"https:\/\/www.soyang-group.com\/pl\/wp-json\/wp\/v2\/media?parent=248"}],"wp:term":[{"taxonomy":"product_cat","embeddable":true,"href":"https:\/\/www.soyang-group.com\/pl\/wp-json\/wp\/v2\/product_cat?post=248"},{"taxonomy":"product_tag","embeddable":true,"href":"https:\/\/www.soyang-group.com\/pl\/wp-json\/wp\/v2\/product_tag?post=248"}],"curies":[{"name":"wp","href":"https:\/\/api.w.org\/{rel}","templated":true}]}}