{"id":250,"date":"2024-12-12T11:41:57","date_gmt":"2024-12-12T03:41:57","guid":{"rendered":"https:\/\/shuangy.gg12.globaldeepsea.site\/?post_type=product&#038;p=250"},"modified":"2025-01-10T17:54:36","modified_gmt":"2025-01-10T09:54:36","slug":"diy-assemble-plugsocket","status":"publish","type":"product","link":"https:\/\/www.soyang-group.com\/pl\/produkt\/diy-assemble-plugsocket\/","title":{"rendered":"DIY Montuble wtyczka i gniazdo"},"content":{"rendered":"<p>(<strong>1) Podstawowe informacje<\/strong><br \/>\nModel nr: Montuj wtyczk\u0119 i gniazdo<br \/>\nNazwa marki: Shuangyang<br \/>\nKolor dla skorupy: czarny (mo\u017ce by\u0107 zmiana wed\u0142ug twojego pomys\u0142u)<br \/>\nZastosowanie: Pod\u0142\u0105cz z przewodem<br \/>\nWarly: 1years<br \/>\nCertyfikat: CE, GS, Rohs, Reach, WWA<br \/>\n<strong>(2) gumowa wtyczka i gniazdo IP20<\/strong><br \/>\nNumer modelu: SY-32\/SY-CZ-32<br \/>\nWersja Niemiec<br \/>\nNazwa marki: Shuangyang<br \/>\nZastosowanie: Pod\u0142\u0105cz z drutem<br \/>\nMateria\u0142: guma, mied\u017a<br \/>\nTyp: DIY<br \/>\nOpis i funkcje<br \/>\n1. Maksymalna moc: 3680 W.<br \/>\n2. VOTAGE: 250 V AC<br \/>\n3. cz\u0119stotliwo\u015b\u0107: 50 Hz<br \/>\n4. Current: 16a<br \/>\n5. Dow\u00f3d wody: IP20<\/p>\n<p><strong>Specyfikacja<\/strong><br \/>\nPakiet: etykieta<br \/>\nRozmiar jednostki:<\/p>\n<p><a class=\"fancybox\" href=\"https:\/\/www.soyanggroup.com\/uploads\/774005f81.png\" target=\"_blank\" rel=\"noopener\"><img decoding=\"async\" class=\"alignnone size-full wp-image-4415\" src=\"https:\/\/www.soyanggroup.com\/uploads\/774005f81.png\" alt=\"774005f8\" \/><\/a><br \/>\nCertyfikaty: TUV-GS, CE, ROHS, REACH, WWA<\/p>\n<p>&nbsp;<\/p>\n<p><strong>Punkt sprzeda\u017cy<\/strong><br \/>\n1. Wysoka jako\u015b\u0107<br \/>\n2. Cena dost\u0119pna<br \/>\n3. Wspania\u0142a r\u00f3\u017cnorodno\u015b\u0107 produkt\u00f3w<br \/>\n4. Projektowanie atrakcyjne<br \/>\n5. Technologia przyjazna dla \u015brodowiska<br \/>\n6. \u015bwiadczona us\u0142uga OEM i ODM<\/p>\n<p>&nbsp;<\/p>\n<p><strong>Opakowanie, p\u0142atno\u015bci i wysy\u0142ka<\/strong><br \/>\nSzczeg\u00f3\u0142y opakowania: podw\u00f3jny blister<br \/>\nMetoda p\u0142atno\u015bci: Advance TT, T\/T, L\/C<br \/>\nDostawa: 30-45 dni po otrzymaniu oddzia\u0142u<br \/>\nPort: Ningbo lub Szanghaj<\/p>\n<p>&nbsp;<\/p>\n<p><strong>Nasze us\u0142ugi<\/strong><br \/>\n1. Po otrzymaniu wiadomo\u015bci odpowiemy za 24 godziny<br \/>\n2. Mamy profesjonalny zesp\u00f3\u0142 sprzeda\u017cy, kt\u00f3ry oferuje Ci us\u0142ug\u0119<br \/>\n3. Oferuj 2 lata jako czas gwarancji i us\u0142ugi po sprzeda\u017cy<\/p>\n<p>&nbsp;<\/p>\n<p><strong>FAQ<\/strong><br \/>\nQ1. Czy mo\u017cesz zaakceptowa\u0107 przyk\u0142adowe zam\u00f3wienie?<\/p>\n<p>Odp.: Tak, jasne, akceptujemy przyk\u0142adowe zam\u00f3wienie.<\/p>\n<p>&nbsp;<\/p>\n<p>Q2. Jak nas um\u00f3wi\u0107?<\/p>\n<p>Odp.: Mo\u017cesz wys\u0142a\u0107 poczt\u0119 do nas lub zadzwoni\u0107.<\/p>\n<p>&nbsp;<\/p>\n<p>Q3. Co powiesz na czas gwarancji i produkty gwarancyjne?<\/p>\n<p>Odp.: Wi\u0119kszo\u015b\u0107 produkt\u00f3w to 2 lata, odcinaj przewody i r\u00f3b kilka zdj\u0119\u0107.<\/p>\n<p>&nbsp;<\/p>\n<p>Q4. Jakie s\u0105 twoje warunki p\u0142atno\u015bci?<\/p>\n<p>A: T\/T, L\/C.<\/p>\n<p>&nbsp;<\/p>\n<p>Q5. Jak nawi\u0105za\u0107 d\u0142ugie relacje biznesowe mi\u0119dzy nami?<\/p>\n<p>Odp.: Oferujemy wysok\u0105 jako\u015b\u0107 produkt\u00f3w i bardzo konkurencyjn\u0105 cen\u0119, aby zapewni\u0107 zysk naszych klient\u00f3w.<\/p>\n<p>&nbsp;<\/p>\n<p>Q6. Jakie warunki wysy\u0142ki mo\u017cemy wybra\u0107?<\/p>\n<p>Odp.: Jest drog\u0105 morsk\u0105, przez powietrze, przez ekspresow\u0105 dostaw\u0119 dla twoich opcji.<\/p>\n<p>&nbsp;<\/p>\n<p>Q7. Czy testujesz wszystkie produkty przed dostaw\u0105?<\/p>\n<p>Odp.: Tak, testujemy 100% produkt\u00f3w przed dostaw\u0105, utrzymuj normalnie 100%.<\/p>\n<p>P8. Czy Twoje produkty drukuj\u0105 logo go\u015bci?<\/p>\n<p>Odp.: Tak, go\u015bcie podaj\u0105 logo, mo\u017cemy drukowa\u0107 na produkcie.<\/p>\n<p>&nbsp;<\/p>\n<p>P9. Jaki audyt odpowiedzialno\u015bci spo\u0142ecznej min\u0105\u0142e\u015b?<\/p>\n<p>Odp.: Tak, mamy BSCI, Sedex.<\/p>\n<p>&nbsp;<\/p>\n<p>P10. Jakie s\u0105 twoje ceny?<\/p>\n<p>Odp.: Nasze ceny mog\u0105 ulec zmianie w zale\u017cno\u015bci od poda\u017cy i innych czynnik\u00f3w rynkowych.<br \/>\nWy\u015blemy Ci i zaktualizujemy cennik po kontakcie z Conmany, aby uzyska\u0107 wi\u0119cej informacji.<\/p>","protected":false},"excerpt":{"rendered":"<p>Montuj wtyczk\u0119 i gniazdo<br \/>\n\u0141atwy majsterunek<\/p>\n<p>Umiej\u0119tno\u015b\u0107 dostaw<br \/>\nUmiej\u0119tno\u015b\u0107 zaopatrzenia: 100 000 sztuk\/sztuk miesi\u0119cznie<\/p>","protected":false},"featured_media":543,"template":"","meta":[],"product_cat":[24],"product_tag":[],"class_list":{"0":"post-250","1":"product","2":"type-product","3":"status-publish","4":"has-post-thumbnail","6":"product_cat-socketplug","8":"first","9":"instock","10":"shipping-taxable","11":"product-type-simple"},"_links":{"self":[{"href":"https:\/\/www.soyang-group.com\/pl\/wp-json\/wp\/v2\/product\/250","targetHints":{"allow":["GET"]}}],"collection":[{"href":"https:\/\/www.soyang-group.com\/pl\/wp-json\/wp\/v2\/product"}],"about":[{"href":"https:\/\/www.soyang-group.com\/pl\/wp-json\/wp\/v2\/types\/product"}],"version-history":[{"count":2,"href":"https:\/\/www.soyang-group.com\/pl\/wp-json\/wp\/v2\/product\/250\/revisions"}],"predecessor-version":[{"id":544,"href":"https:\/\/www.soyang-group.com\/pl\/wp-json\/wp\/v2\/product\/250\/revisions\/544"}],"wp:featuredmedia":[{"embeddable":true,"href":"https:\/\/www.soyang-group.com\/pl\/wp-json\/wp\/v2\/media\/543"}],"wp:attachment":[{"href":"https:\/\/www.soyang-group.com\/pl\/wp-json\/wp\/v2\/media?parent=250"}],"wp:term":[{"taxonomy":"product_cat","embeddable":true,"href":"https:\/\/www.soyang-group.com\/pl\/wp-json\/wp\/v2\/product_cat?post=250"},{"taxonomy":"product_tag","embeddable":true,"href":"https:\/\/www.soyang-group.com\/pl\/wp-json\/wp\/v2\/product_tag?post=250"}],"curies":[{"name":"wp","href":"https:\/\/api.w.org\/{rel}","templated":true}]}}