{"id":257,"date":"2024-12-12T13:06:21","date_gmt":"2024-12-12T05:06:21","guid":{"rendered":"https:\/\/shuangy.gg12.globaldeepsea.site\/?post_type=product&#038;p=257"},"modified":"2025-01-10T17:53:46","modified_gmt":"2025-01-10T09:53:46","slug":"cee-5-pin-16a-6h-plug","status":"publish","type":"product","link":"https:\/\/www.soyang-group.com\/pl\/produkt\/cee-5-pin-16a-6h-plug\/","title":{"rendered":"CEE 5-pin 16a 6H wtyczka"},"content":{"rendered":"<p><strong>Przegl\u0105d<\/strong><\/p>\n<p><strong>Szybkie szczeg\u00f3\u0142y<\/strong><br \/>\nMiejsce pochodzenia: Zhejiang, marka China: Shuangyang<br \/>\nNumer modelu: GP55 Typ: Plug<br \/>\nUziemienie: Standardowe napi\u0119cie znamionowe: 200\/346-240\/415 V<br \/>\nOceniono bie\u017c\u0105cy: 16A Zastosowanie: przemys\u0142owe<br \/>\nCERTYFIKACJA: CE Interfejs: 2p+e<br \/>\nIP:44<\/p>\n<p><strong>Umiej\u0119tno\u015b\u0107 dostaw<\/strong><br \/>\nUmiej\u0119tno\u015b\u0107 zaopatrzenia: 100 000 sztuk\/sztuk miesi\u0119cznie<\/p>\n<p><strong>Opakowanie i dostawa<\/strong><br \/>\nSzczeg\u00f3\u0142y opakowania: standardowe pakowanie eksportu lub zgodnie z \u017c\u0105daniem klienta<br \/>\nPort: Ningbo, Szanghaj<br \/>\nCzas realizacji: zale\u017cy od ilo\u015bci zam\u00f3wienia<\/p>\n<p>&nbsp;<\/p>\n<p><strong>Szczeg\u00f3\u0142owe opis produktu<\/strong><\/p>\n<p><strong>Opis i funkcje<\/strong><br \/>\nMiejsce pochodzenia: Zhejiang Chiny (kontynent)<br \/>\nNumer modelu: GP55<br \/>\nUziemienie: standardowe uziemienie<br \/>\nNapi\u0119cie znamionowe: 200\/346-240\/415 V.<br \/>\nPr\u0105d znamionowy: 16a-6H<br \/>\nZastosowanie: wtyczka przemys\u0142owa<br \/>\nWodoodporny: IP44 SplashProof<br \/>\nBiegunki: 3p+n+e<br \/>\nKolor: czerwony<br \/>\nUmiej\u0119tno\u015b\u0107 dostaw: 5000000 sztuk\/sztuk miesi\u0119cznie<\/p>\n<p><strong>Specyfikacja<\/strong><br \/>\nPackage: pp bag with card<br \/>\nQty\/CTN: 100pcs<br \/>\nGW: 12kg<br \/>\nNW: 11 kg<br \/>\nRozmiar kartonu: 60x29x24,6 cm<br \/>\nQty\/20 \u2032: 63 000 szt<br \/>\nCertyfikaty: CE, Rohs, Reach, WWA<\/p>\n<p><strong>Pogl\u0105d<\/strong><br \/>\nZhejiang Shuangyang Group Co., Ltd zawsze trzymaj si\u0119 jako\u015bci i serwisu,<br \/>\nNie tylko dostarczamy wysokiej jako\u015bci, ale tak\u017ce zwracamy uwag\u0119 na ochron\u0119 \u015brodowiska i bezpiecze\u0144stwa cz\u0142owieka.<br \/>\nNasz ostatni cel jest nieprzerwan\u0105 popraw\u0105 jako\u015bci \u017cycia ludzkiego.<\/p>\n<p><img decoding=\"async\" src=\"https:\/\/sc01.alicdn.com\/kf\/HTB1XAGrIFXXXXX8XVXXq6xXFXXXD\/1942321\/HTB1XAGrIFXXXXX8XVXXq6xXFXXXD.jpg_.webp\" alt=\"\" \/><\/p>\n<p><strong>Linia produkt\u00f3w<\/strong><\/p>\n<p><img decoding=\"async\" src=\"https:\/\/sc01.alicdn.com\/kf\/HTB1FM3uIFXXXXXxXVXXq6xXFXXXK\/1942321\/HTB1FM3uIFXXXXXxXVXXq6xXFXXXK.jpg_.webp\" alt=\"\" \/><\/p>\n<p>&nbsp;<\/p>\n<p><strong>Nasze us\u0142ugi<\/strong><\/p>\n<p>Wysy\u0142ka do<\/p>\n<p><img decoding=\"async\" src=\"https:\/\/sc01.alicdn.com\/kf\/HTB19FIlJFXXXXXkXVXXq6xXFXXXv\/1942321\/HTB19FIlJFXXXXXkXVXXq6xXFXXXv.jpg_.webp\" alt=\"\" \/><\/p>\n<p>Mo\u017cemy zaakceptowa\u0107 wyznaczon\u0105 firm\u0119 wysy\u0142kow\u0105 lub rezerwacj\u0119 statku dla klienta, \u015bledz\u0105c kontenery, dop\u00f3ki klient nie otrzyma towar\u00f3w<br \/>\nJe\u015bli chcesz pozna\u0107 wi\u0119cej informacji, skontaktuj si\u0119 z nami bez wahania.<\/p>\n<p><strong>FAQ\u00a0<\/strong><\/p>\n<p>P1. Czy Twoje produkty drukuj\u0105 logo go\u015bci?<\/p>\n<p>Odp.: Tak, go\u015bcie podaj\u0105 logo, mo\u017cemy drukowa\u0107 na produkcie.<\/p>\n<p>&nbsp;<\/p>\n<p>Q2. Jak nawi\u0105za\u0107 d\u0142ugie relacje biznesowe mi\u0119dzy nami?<\/p>\n<p>Odp.: Oferujemy wysok\u0105 jako\u015b\u0107 produkt\u00f3w i bardzo konkurencyjn\u0105 cen\u0119, aby zapewni\u0107 zysk naszych klient\u00f3w.<\/p>\n<p>&nbsp;<\/p>\n<p>Q3. Jakie warunki wysy\u0142ki mo\u017cemy wybra\u0107?<\/p>\n<p>Odp.: Jest drog\u0105 morsk\u0105, przez powietrze, przez ekspresow\u0105 dostaw\u0119 dla twoich opcji.<\/p>","protected":false},"excerpt":{"rendered":"<p>Industrial 5pin 16A Plug<\/p>\n<p>Umiej\u0119tno\u015b\u0107 zaopatrzenia: 100 000 sztuk\/sztuk miesi\u0119cznie<\/p>\n<p>Szczeg\u00f3\u0142y opakowania: torba PE<br \/>\nPort: Ningbo\/Shanghai<br \/>\nCzas realizacji :<br \/>\nIlo\u015b\u0107 (kawa\u0142ki) 1 - 10000&gt; 10000<br \/>\nEst. Czas (dni) 60 do negocjacji<\/p>","protected":false},"featured_media":541,"template":"","meta":[],"product_cat":[24],"product_tag":[],"class_list":{"0":"post-257","1":"product","2":"type-product","3":"status-publish","4":"has-post-thumbnail","6":"product_cat-socketplug","8":"first","9":"instock","10":"shipping-taxable","11":"product-type-simple"},"_links":{"self":[{"href":"https:\/\/www.soyang-group.com\/pl\/wp-json\/wp\/v2\/product\/257","targetHints":{"allow":["GET"]}}],"collection":[{"href":"https:\/\/www.soyang-group.com\/pl\/wp-json\/wp\/v2\/product"}],"about":[{"href":"https:\/\/www.soyang-group.com\/pl\/wp-json\/wp\/v2\/types\/product"}],"version-history":[{"count":1,"href":"https:\/\/www.soyang-group.com\/pl\/wp-json\/wp\/v2\/product\/257\/revisions"}],"predecessor-version":[{"id":542,"href":"https:\/\/www.soyang-group.com\/pl\/wp-json\/wp\/v2\/product\/257\/revisions\/542"}],"wp:featuredmedia":[{"embeddable":true,"href":"https:\/\/www.soyang-group.com\/pl\/wp-json\/wp\/v2\/media\/541"}],"wp:attachment":[{"href":"https:\/\/www.soyang-group.com\/pl\/wp-json\/wp\/v2\/media?parent=257"}],"wp:term":[{"taxonomy":"product_cat","embeddable":true,"href":"https:\/\/www.soyang-group.com\/pl\/wp-json\/wp\/v2\/product_cat?post=257"},{"taxonomy":"product_tag","embeddable":true,"href":"https:\/\/www.soyang-group.com\/pl\/wp-json\/wp\/v2\/product_tag?post=257"}],"curies":[{"name":"wp","href":"https:\/\/api.w.org\/{rel}","templated":true}]}}