{"id":259,"date":"2024-12-12T13:08:15","date_gmt":"2024-12-12T05:08:15","guid":{"rendered":"https:\/\/shuangy.gg12.globaldeepsea.site\/?post_type=product&#038;p=259"},"modified":"2025-01-10T17:52:59","modified_gmt":"2025-01-10T09:52:59","slug":"industrial-socket","status":"publish","type":"product","link":"https:\/\/www.soyang-group.com\/pl\/produkt\/industrial-socket\/","title":{"rendered":"Gniazdo przemys\u0142owe"},"content":{"rendered":"<div class=\"fl-col-group fl-node-5ea1012f9e458\" data-node=\"5ea1012f9e458\">\n<div class=\"fl-col fl-node-5ea1012f9e87c\" data-node=\"5ea1012f9e87c\">\n<div class=\"fl-col-content fl-node-content\">\n<div class=\"fl-module fl-module-rich-text fl-node-5ea1012f9e180\" data-node=\"5ea1012f9e180\" data-animation-delay=\"0.0\">\n<div class=\"fl-module-content fl-node-content\">\n<div class=\"fl-rich-text\">\n<p><b>Podstawowe informacje<\/b><b><\/b><br \/>\nModel nr: Przemys\u0142owa wtyczka i gniazdo<br \/>\nNazwa marki: Shuangyang<br \/>\nMateria\u0142 skorupy: nylon i mied\u017a<br \/>\nZastosowanie: Pod\u0142\u0105cz z kablem<br \/>\nWarly: 1years<br \/>\nCertificate: CE, ROHS,REACH,PAHS<\/p>\n<\/div>\n<\/div>\n<\/div>\n<\/div>\n<\/div>\n<\/div>\n<div class=\"fl-col-group fl-node-5ea10128c6e2f\" data-node=\"5ea10128c6e2f\">\n<div class=\"fl-col fl-node-5ea10128c71e0\" data-node=\"5ea10128c71e0\">\n<div class=\"fl-col-content fl-node-content\">\n<div class=\"fl-module fl-module-rich-text fl-node-5ea10174f2dbe\" data-node=\"5ea10174f2dbe\" data-animation-delay=\"0.0\">\n<div class=\"fl-module-content fl-node-content\">\n<div class=\"fl-rich-text\">\n<p><b>Product Detail:<\/b><br \/>\n<b>\u00a0(1)<\/b><b>CEE 16A 6H Gniazdo<\/b><br \/>\nNumer modelu: EZ53<br \/>\nNazwa marki: Shuangyang<br \/>\nZastosowanie: Gniazdo CEE<br \/>\nUziemienie: standardowe uziemienie<br \/>\nTheory: Industry<br \/>\n<b>Opis i funkcje<\/b><b><\/b><br \/>\n1. VOTAGE: 200-250 V AC<br \/>\n2. Pr\u0105d oceniany: 16a ~ 6H<br \/>\n3. WaerProof: IP44<br \/>\n4. Pole: 2p+e<br \/>\n5.color:blue<br \/>\n6. Umiej\u0119tno\u015b\u0107 dostaw: 5000000 sztuk\/kawa\u0142k\u00f3w miesi\u0119cznie<br \/>\n<b><\/b><b>Specyfikacja<\/b><br \/>\nPackage: pp bag with card<br \/>\nQty\/CTN: 100pcs<br \/>\nGW: 15 kg<br \/>\nNW: 14 kg<br \/>\nRozmiar kartonu: 75x29x26 cm<br \/>\nQty\/20 \u2032: 47 700 szt<br \/>\nCertyfikaty: CE, Rohs, Reach, WWA<br \/>\n<img decoding=\"async\" src=\"https:\/\/www.soyanggroup.com\/uploads\/693988eb.png\" alt=\"ccc\" \/><\/p>\n<\/div>\n<\/div>\n<\/div>\n<\/div>\n<\/div>\n<div class=\"fl-col fl-node-5ea10128c7236 fl-col-small\" data-node=\"5ea10128c7236\">\n<div class=\"fl-col-content fl-node-content\">\n<div class=\"fl-module fl-module-rich-text fl-node-5ea101f4d563e\" data-node=\"5ea101f4d563e\" data-animation-delay=\"0.0\">\n<div class=\"fl-module-content fl-node-content\">\n<div class=\"fl-rich-text\">\n<p><a class=\"fancybox\" href=\"https:\/\/www.soyanggroup.com\/uploads\/d9a4f57d.png\" target=\"_blank\" rel=\"noopener\"><img decoding=\"async\" src=\"https:\/\/www.soyanggroup.com\/uploads\/d9a4f57d.png\" alt=\"Gniazdo przemys\u0142owe341\" \/><\/a><\/p>\n<\/div>\n<\/div>\n<\/div>\n<\/div>\n<\/div>\n<\/div>\n<div class=\"fl-col-group fl-node-5ea1026852090\" data-node=\"5ea1026852090\">\n<div class=\"fl-col fl-node-5ea1026852489\" data-node=\"5ea1026852489\">\n<div class=\"fl-col-content fl-node-content\">\n<div class=\"fl-module fl-module-rich-text fl-node-5ea1026c09741\" data-node=\"5ea1026c09741\" data-animation-delay=\"0.0\">\n<div class=\"fl-module-content fl-node-content\">\n<div class=\"fl-rich-text\">\n<p><b>(2) CEE 16A 6H\u00a0<\/b><b>gniazdo<\/b><br \/>\n<b><\/b>Numer modelu: EZ54<br \/>\nNazwa marki: Shuangyang<br \/>\nZastosowanie: Gniazdo CEE<br \/>\nUziemienie: standardowe uziemienie<br \/>\nTheory: Industry<br \/>\n<b>Opis i funkcje<\/b><b><\/b><br \/>\n1. VOTAGE: 100-130 V AC<br \/>\n2. Pr\u0105d znamionowy: 16a ~ 4H<br \/>\n3. WaerProof: IP44<br \/>\n4. Pole: 2p+e<br \/>\n5.color:yellow<br \/>\n6. Umiej\u0119tno\u015b\u0107 dostaw: 5000000 sztuk\/kawa\u0142k\u00f3w miesi\u0119cznie<br \/>\n<b>Specyfikacja<\/b><br \/>\nPackage: pp bag with card<br \/>\nQty\/CTN: 100pcs<br \/>\nGW: 15 kg<br \/>\nNW: 14 kg<br \/>\nRozmiar kartonu: 75x29x26 cm<br \/>\nQty\/20 \u2032: 47 700 szt<br \/>\nCertyfikaty: CE, Rohs, Reach, WWA<br \/>\n<img decoding=\"async\" src=\"https:\/\/www.soyanggroup.com\/uploads\/693988eb.png\" alt=\"ccc\" \/><\/p>\n<\/div>\n<\/div>\n<\/div>\n<\/div>\n<\/div>\n<div class=\"fl-col fl-node-5ea10268524f6 fl-col-small\" data-node=\"5ea10268524f6\">\n<div class=\"fl-col-content fl-node-content\">\n<div class=\"fl-module fl-module-rich-text fl-node-5ea102e0f2ccb\" data-node=\"5ea102e0f2ccb\" data-animation-delay=\"0.0\">\n<div class=\"fl-module-content fl-node-content\">\n<div class=\"fl-rich-text\">\n<p><a class=\"fancybox\" href=\"https:\/\/www.soyanggroup.com\/uploads\/57ee1dc1.png\" target=\"_blank\" rel=\"noopener\"><img decoding=\"async\" src=\"https:\/\/www.soyanggroup.com\/uploads\/57ee1dc1.png\" alt=\"Gniazdo przemys\u0142owe 1163\" \/><\/a><\/p>\n<\/div>\n<\/div>\n<\/div>\n<\/div>\n<\/div>\n<\/div>\n<div class=\"fl-col-group fl-node-5ea102fe5d748\" data-node=\"5ea102fe5d748\">\n<div class=\"fl-col fl-node-5ea102fe5da3f\" data-node=\"5ea102fe5da3f\">\n<div class=\"fl-col-content fl-node-content\">\n<div class=\"fl-module fl-module-rich-text fl-node-5ea102fe5d574\" data-node=\"5ea102fe5d574\" data-animation-delay=\"0.0\">\n<div class=\"fl-module-content fl-node-content\">\n<div class=\"fl-rich-text\">\n<p><b>(3)CEE\u00a0<\/b><b>5-pin\u00a0<\/b><b>16a 6H\u00a0<\/b><b>gniazdo<\/b><br \/>\n<b><\/b>Numer modelu: EZ55<br \/>\nNazwa marki: Shuangyang<br \/>\nZastosowanie: wtyczka cee<br \/>\nUziemienie: standardowe uziemienie<br \/>\nTheory: Industry<br \/>\n<b>Opis i funkcje<\/b><b><\/b><br \/>\n1. VOTAGE: 200\/346-240\/415 V AC<br \/>\n2. Pr\u0105d oceniany: 16a ~ 6H<br \/>\n3. WaerProof: IP44<br \/>\n4. Pole: 3p+n+e<br \/>\n5.color:Red<br \/>\n6. Umiej\u0119tno\u015b\u0107 dostaw: 5000000 sztuk\/kawa\u0142k\u00f3w miesi\u0119cznie<br \/>\n<b>Specyfikacja<\/b><br \/>\nPakiet: torba PP z kart\u0105<br \/>\nQty\/CTN: 100pcs<br \/>\nGW: 16 kg<br \/>\nNW: 15 kg<br \/>\nRozmiar kartonu: 75x29x26 cm<br \/>\nQty\/20 \u2032: 47 700 szt<br \/>\nCertyfikaty: CE, Rohs, Reach, WWA<br \/>\n<img decoding=\"async\" src=\"https:\/\/www.soyanggroup.com\/uploads\/693988eb.png\" alt=\"ccc\" \/><\/p>\n<\/div>\n<\/div>\n<\/div>\n<\/div>\n<\/div>\n<div class=\"fl-col fl-node-5ea103ab2c643 fl-col-small\" data-node=\"5ea103ab2c643\">\n<div class=\"fl-col-content fl-node-content\">\n<div class=\"fl-module fl-module-rich-text fl-node-5ea103ab2bfc1\" data-node=\"5ea103ab2bfc1\" data-animation-delay=\"0.0\">\n<div class=\"fl-module-content fl-node-content\">\n<div class=\"fl-rich-text\">\n<p><a class=\"fancybox\" href=\"https:\/\/www.soyanggroup.com\/uploads\/000d6979.png\" target=\"_blank\" rel=\"noopener\"><img decoding=\"async\" src=\"https:\/\/www.soyanggroup.com\/uploads\/000d6979.png\" alt=\"Gniazdo przemys\u0142owe 1993\" \/><\/a><\/p>\n<\/div>\n<\/div>\n<\/div>\n<\/div>\n<\/div>\n<\/div>\n<div class=\"fl-col-group fl-node-5ea536c393e80\" data-node=\"5ea536c393e80\">\n<div class=\"fl-col fl-node-5ea536c39425e\" data-node=\"5ea536c39425e\">\n<div class=\"fl-col-content fl-node-content\">\n<div class=\"fl-module fl-module-rich-text fl-node-5ea536c393c70\" data-node=\"5ea536c393c70\" data-animation-delay=\"0.0\">\n<div class=\"fl-module-content fl-node-content\">\n<div class=\"fl-rich-text\">\n<p><b>Kroki przetwarzania:<\/b><\/p>\n<\/div>\n<\/div>\n<\/div>\n<\/div>\n<\/div>\n<\/div>\n<div class=\"fl-col-group fl-node-5ea10438dfe90\" data-node=\"5ea10438dfe90\">\n<div class=\"fl-col fl-node-5ea10438e02e5 fl-col-small\" data-node=\"5ea10438e02e5\">\n<div class=\"fl-col-content fl-node-content\">\n<div class=\"fl-module fl-module-rich-text fl-node-5ea1046d58be1\" data-node=\"5ea1046d58be1\" data-animation-delay=\"0.0\">\n<div class=\"fl-module-content fl-node-content\">\n<div class=\"fl-rich-text\">\n<p>Rawmaterials(TimerSockets)<\/p>\n<p><img decoding=\"async\" src=\"https:\/\/www.soyanggroup.com\/uploads\/38a0b923.png\" alt=\"1\" \/><\/p>\n<\/div>\n<\/div>\n<\/div>\n<\/div>\n<\/div>\n<div class=\"fl-col fl-node-5ea10438e033d fl-col-small\" data-node=\"5ea10438e033d\">\n<div class=\"fl-col-content fl-node-content\">\n<div class=\"fl-module fl-module-rich-text fl-node-5ea1047d56ccc\" data-node=\"5ea1047d56ccc\" data-animation-delay=\"0.0\">\n<div class=\"fl-module-content fl-node-content\">\n<div class=\"fl-rich-text\">\n<p>injection<\/p>\n<p><img decoding=\"async\" src=\"https:\/\/www.soyanggroup.com\/uploads\/8d9d4c2f.png\" alt=\"2\" \/><\/p>\n<\/div>\n<\/div>\n<\/div>\n<\/div>\n<\/div>\n<div class=\"fl-col fl-node-5ea10438e038e fl-col-small\" data-node=\"5ea10438e038e\">\n<div class=\"fl-col-content fl-node-content\">\n<div class=\"fl-module fl-module-rich-text fl-node-5ea104b265427\" data-node=\"5ea104b265427\" data-animation-delay=\"0.0\">\n<div class=\"fl-module-content fl-node-content\">\n<div class=\"fl-rich-text\">\n<p>riveting<\/p>\n<p><img decoding=\"async\" src=\"https:\/\/www.soyanggroup.com\/uploads\/7e4b5ce22.png\" alt=\"3\" \/><\/p>\n<\/div>\n<\/div>\n<\/div>\n<\/div>\n<\/div>\n<\/div>\n<div class=\"fl-col-group fl-node-5ea1043dae44c\" data-node=\"5ea1043dae44c\">\n<div class=\"fl-col fl-node-5ea1043dae8ae fl-col-small\" data-node=\"5ea1043dae8ae\">\n<div class=\"fl-col-content fl-node-content\">\n<div class=\"fl-module fl-module-rich-text fl-node-5ea104e2d9e57\" data-node=\"5ea104e2d9e57\" data-animation-delay=\"0.0\">\n<div class=\"fl-module-content fl-node-content\">\n<div class=\"fl-rich-text\">\n<p>assembling<br \/>\n<img decoding=\"async\" src=\"https:\/\/www.soyanggroup.com\/uploads\/79a2f3e7.png\" alt=\"4\" \/><\/p>\n<\/div>\n<\/div>\n<\/div>\n<\/div>\n<\/div>\n<div class=\"fl-col fl-node-5ea1043dae903 fl-col-small\" data-node=\"5ea1043dae903\">\n<div class=\"fl-col-content fl-node-content\">\n<div class=\"fl-module fl-module-rich-text fl-node-5ea104ffd3975\" data-node=\"5ea104ffd3975\" data-animation-delay=\"0.0\">\n<div class=\"fl-module-content fl-node-content\">\n<div class=\"fl-rich-text\">\n<p>testing<br \/>\n<img decoding=\"async\" src=\"https:\/\/www.soyanggroup.com\/uploads\/7fbbce23.png\" alt=\"5\" \/><\/p>\n<\/div>\n<\/div>\n<\/div>\n<\/div>\n<\/div>\n<div class=\"fl-col fl-node-5ea1043dae953 fl-col-small\" data-node=\"5ea1043dae953\">\n<div class=\"fl-col-content fl-node-content\">\n<div class=\"fl-module fl-module-rich-text fl-node-5ea1051578e1b\" data-node=\"5ea1051578e1b\" data-animation-delay=\"0.0\">\n<div class=\"fl-module-content fl-node-content\">\n<div class=\"fl-rich-text\">\n<p>warehouse<br \/>\n<img decoding=\"async\" src=\"https:\/\/www.soyanggroup.com\/uploads\/1c5a880f.png\" alt=\"6\" \/><\/p>\n<\/div>\n<\/div>\n<\/div>\n<\/div>\n<\/div>\n<\/div>\n<div class=\"fl-col-group fl-node-5ea103c700bbf\" data-node=\"5ea103c700bbf\">\n<div class=\"fl-col fl-node-5ea103c700ea5\" data-node=\"5ea103c700ea5\">\n<div class=\"fl-col-content fl-node-content\">\n<div class=\"fl-module fl-module-rich-text fl-node-5ea103c7009b3\" data-node=\"5ea103c7009b3\" data-animation-delay=\"0.0\">\n<div class=\"fl-module-content fl-node-content\">\n<div class=\"fl-rich-text\">\n<p><strong>Korzy\u015b\u0107<\/strong><\/p>\n<p>\u25cf Cz\u0119\u015bci markowe<br \/>\n\u25cf Kraj pochodzenia<br \/>\n\u25cf Oferowane dystrybutory<br \/>\n\u25cf Do\u015bwiadczony personel<br \/>\n\u25cf Formularz a<br \/>\n\u25cf Zielony produkt<br \/>\n\u25cf Gwarancja\/gwarancja<br \/>\n\u25cf Mi\u0119dzynarodowe zatwierdzenia<br \/>\n\u25cf Opakowanie<br \/>\n\u25cf Cena<br \/>\n\u25cf Funkcje produktu<br \/>\n\u25cf Wydajno\u015b\u0107 produktu<br \/>\n\u25cf Szybka dostawa<br \/>\n\u25cf Zatwierdzenia jako\u015bci<br \/>\n\u25cf Reputacja<br \/>\n\u25cf Praca<br \/>\n\u25cf Zaakceptowane ma\u0142e zam\u00f3wienia<br \/>\n\u25cf \u015awiadczona us\u0142uga OEM i ODM<br \/>\n\u25cf Wysoka jako\u015b\u0107<\/p>\n<p><b>Podobne produkty<\/b><\/p>\n<p><img decoding=\"async\" src=\"https:\/\/www.soyanggroup.com\/uploads\/7c8bcc9a.png\" alt=\"Ggggg\" \/><\/p>\n<p><b>Opakowanie, p\u0142atno\u015bci i wysy\u0142ka<br \/>\n<\/b><b>Szczeg\u00f3\u0142y opakowania:\u00a0<\/b><b>torba PP z kart\u0105<br \/>\n<\/b><b>Metoda p\u0142atno\u015bci: Advance TT, T\/T, L\/C<br \/>\n<\/b><b>Dostawa: 30-45 dni po otrzymaniu oddzia\u0142u<br \/>\n<\/b><b>Port: Ningbo lub Szanghaj<\/b><\/p>\n<p><strong>Profil firmy:<\/strong><br \/>\n1. Rodzaj odbiorc\u00f3w: producent, firma handlowa<br \/>\n2. Produkty main: gniazda timera, kabel, ko\u0142owrotki kablowe, o\u015bwietlenie<br \/>\n3. Pracownicy og\u00f3\u0142em: 501 - 1000 os\u00f3b<br \/>\n4. Year ustanowiony: 1994<br \/>\n5. Certyfikacja systemu zarz\u0105dzania: ISO9001, ISO14001, OHSAS18001<br \/>\n6. Kraj \/ region: Zhejiang, Chiny<br \/>\n7. Misterstwo: Prywatny w\u0142a\u015bciciel<br \/>\n8. Main Markets:<\/p>\n<p>Eastern Europe\u00a039.00%<br \/>\nNorthern Europe\u00a030.00%<br \/>\nWestern Europe\u00a016.00%<br \/>\nRynek krajowy: 7%<br \/>\nMid Wsch\u00f3d: 5%<br \/>\nAmeryka Po\u0142udniowa: 3%<\/p>\n<p><strong>FAQ:<\/strong><br \/>\n1.Can your products print guests LOGO?<br \/>\nYes,Guests provide the logo,we can print on the product.<br \/>\n2.What social responsibility audit did you pass?<br \/>\nYes,we have BSCI,SEDEX.<br \/>\n3.What are your prices?<br \/>\nOur prices are subject to change depending on supply and other market factors.We will send you and updated price list after your conmany contact us for further information.<\/p>\n<\/div>\n<\/div>\n<\/div>\n<\/div>\n<\/div>\n<\/div>","protected":false},"excerpt":{"rendered":"<p>Przemys\u0142owe z\u0142\u0105cze energetyczne 2p+e<\/p>\n<p>IP44<\/p>","protected":false},"featured_media":539,"template":"","meta":[],"product_cat":[24],"product_tag":[],"class_list":{"0":"post-259","1":"product","2":"type-product","3":"status-publish","4":"has-post-thumbnail","6":"product_cat-socketplug","8":"first","9":"instock","10":"shipping-taxable","11":"product-type-simple"},"_links":{"self":[{"href":"https:\/\/www.soyang-group.com\/pl\/wp-json\/wp\/v2\/product\/259","targetHints":{"allow":["GET"]}}],"collection":[{"href":"https:\/\/www.soyang-group.com\/pl\/wp-json\/wp\/v2\/product"}],"about":[{"href":"https:\/\/www.soyang-group.com\/pl\/wp-json\/wp\/v2\/types\/product"}],"version-history":[{"count":1,"href":"https:\/\/www.soyang-group.com\/pl\/wp-json\/wp\/v2\/product\/259\/revisions"}],"predecessor-version":[{"id":540,"href":"https:\/\/www.soyang-group.com\/pl\/wp-json\/wp\/v2\/product\/259\/revisions\/540"}],"wp:featuredmedia":[{"embeddable":true,"href":"https:\/\/www.soyang-group.com\/pl\/wp-json\/wp\/v2\/media\/539"}],"wp:attachment":[{"href":"https:\/\/www.soyang-group.com\/pl\/wp-json\/wp\/v2\/media?parent=259"}],"wp:term":[{"taxonomy":"product_cat","embeddable":true,"href":"https:\/\/www.soyang-group.com\/pl\/wp-json\/wp\/v2\/product_cat?post=259"},{"taxonomy":"product_tag","embeddable":true,"href":"https:\/\/www.soyang-group.com\/pl\/wp-json\/wp\/v2\/product_tag?post=259"}],"curies":[{"name":"wp","href":"https:\/\/api.w.org\/{rel}","templated":true}]}}