{"id":266,"date":"2024-12-12T13:10:17","date_gmt":"2024-12-12T05:10:17","guid":{"rendered":"https:\/\/shuangy.gg12.globaldeepsea.site\/?post_type=product&#038;p=266"},"modified":"2024-12-12T13:10:17","modified_gmt":"2024-12-12T05:10:17","slug":"2-1a-usb-socket","status":"publish","type":"product","link":"https:\/\/www.soyang-group.com\/pl\/produkt\/2-1a-usb-socket\/","title":{"rendered":"2.1A gniazdo USB"},"content":{"rendered":"<p><strong>Przegl\u0105d<\/strong><\/p>\n<p><strong>Szybkie szczeg\u00f3\u0142y<\/strong><br \/>\nMiejsce pochodzenia: Zhejiang, Chiny<br \/>\nBrand Name:Soyang<br \/>\nModel Number: USB-D2<br \/>\nDC:5V AC<br \/>\nMax:2.1A<br \/>\nColor:white<br \/>\nApplication:Timer switch<\/p>\n<p><strong>Umiej\u0119tno\u015b\u0107 dostaw<\/strong><br \/>\nUmiej\u0119tno\u015b\u0107 zaopatrzenia: 100 000 sztuk\/sztuk miesi\u0119cznie<\/p>\n<p><strong>Opakowanie i dostawa<\/strong><br \/>\nPackaging Details:double blister,10pcs\/ inner box, 60pcs\/ outer carton<br \/>\nPort: Ningbo\/Shanghai<br \/>\nCzas realizacji :<br \/>\nIlo\u015b\u0107 (kawa\u0142ki) 1 - 10000&gt; 10000<br \/>\nEst. Czas (dni) 60 do negocjacji<\/p>\n<p>&nbsp;<\/p>\n<p><strong>Szczeg\u00f3\u0142owe opis produktu<\/strong><\/p>\n<p><strong>2.1A gniazdo USB<\/strong><br \/>\nModel Number:USB-D2<br \/>\nWersja Niemiec<br \/>\nNazwa marki: Shuangyang<br \/>\nUsage:Charger socket<br \/>\nTeoria: mechaniczne<br \/>\nOpis i funkcje<br \/>\n1.Max: 2.1A<br \/>\n2.DC: 5V<br \/>\n3.The unit size:<\/p>\n<p><a class=\"fancybox\" href=\"https:\/\/www.soyanggroup.com\/uploads\/125.jpg\" target=\"_blank\" rel=\"noopener\"><img decoding=\"async\" class=\"alignnone size-full wp-image-4344\" src=\"https:\/\/www.soyanggroup.com\/uploads\/125.jpg\" alt=\"1\" \/><\/a><\/p>\n<p>4. Supply Ability:1000000 Piece\/Pieces per Month Timer<br \/>\n5. Available capacity for another design: Gemany version,Denmark version,France version<\/p>\n<p>&nbsp;<\/p>\n<p><strong>Specyfikacja<\/strong><br \/>\nPackage: Double blister<br \/>\nQty\/box: 10pcs<br \/>\nQty\/ctn: 60pcs<br \/>\nGW: 5.8kg<br \/>\nNW: 4.8kg<br \/>\nCarton size: 38*73*23cm<br \/>\nQty\/20\u2032: 23,040pcs<br \/>\nCertifications: GS, CE, RoHS, REACH, PAHS<\/p>\n<p>&nbsp;<\/p>\n<p><strong>Punkt sprzeda\u017cy<\/strong><br \/>\n1. Wysoka jako\u015b\u0107<br \/>\n2. Cena dost\u0119pna<br \/>\n3. Wspania\u0142a r\u00f3\u017cnorodno\u015b\u0107 produkt\u00f3w<br \/>\n4. Projektowanie atrakcyjne<br \/>\n5. Technologia przyjazna dla \u015brodowiska<br \/>\n6. \u015bwiadczona us\u0142uga OEM i ODM<\/p>\n<p>&nbsp;<\/p>\n<p><strong>Opakowanie, p\u0142atno\u015bci i wysy\u0142ka<\/strong><br \/>\nPackaging Details: White box<br \/>\nMetoda p\u0142atno\u015bci: Advance TT, T\/T, L\/C<br \/>\nDostawa: 30-45 dni po otrzymaniu oddzia\u0142u<br \/>\nPort: Ningbo lub Szanghaj<\/p>\n<p>&nbsp;<\/p>\n<p><strong>Nasze us\u0142ugi<\/strong><br \/>\n1. Po otrzymaniu wiadomo\u015bci odpowiemy za 24 godziny<br \/>\n2. Mamy profesjonalny zesp\u00f3\u0142 sprzeda\u017cy, kt\u00f3ry oferuje Ci us\u0142ug\u0119<br \/>\n3. Oferuj 2 lata jako czas gwarancji i us\u0142ugi po sprzeda\u017cy<\/p>\n<p>&nbsp;<\/p>\n<p><strong>Company Information<\/strong><\/p>\n<p>Zhejiang Shuangyang Group Co.Ltd. was established in 1986, is a private owned enterprise, one of Star Enterprise of Ningbo City in 1998,\u00a0and approved by ISO9001\/14000\/18000. We located in Cixi, Ningbo city, which is only one hour to Ningbo harbor and airport, and two hours to Shanghai.<\/p>\n<p><a class=\"fancybox\" href=\"https:\/\/www.soyanggroup.com\/uploads\/11.jpg\" target=\"_blank\" rel=\"noopener\"><img decoding=\"async\" class=\"alignnone size-full wp-image-4014\" src=\"https:\/\/www.soyanggroup.com\/uploads\/11.jpg\" alt=\"\u00c4\u00da\u00d2\u00b3\u00d0\u00a7\u00b9\u00fb-1\" \/><\/a><br \/>\nTill now, the registered capital is over 16 million U.S.Dollar. Our floor area is about 120.000 sqm, and construction area is about 85,000 sqm. In 2018, our total turn over is 80 million U.S.Dollar. We have ten R&amp;D persons and over 100 QCs to guarantee the quality, each year, we design and develop over ten new products acting as a lead manufacturer.<\/p>\n<p>Our main products are timers, sockets, flexible cables, power cords, plugs, extension sockets, cable reels, and lightings. We can supply many kinds of timers such as daily timers, mechanical and digital timers, count down timers, industry timers with all kinds of sockets. Our target markets are European market and American market. Our products approved by CE, GS, D, N, S, NF, ETL, VDE, RoHS, REACH, PAHS and so on.<\/p>\n<p>We have a good reputation among our customers. We always focus on the protection of environment and human being safety. Improving the quality of life is our final purpose.<\/p>\n<p>Power cords, extension cords and cable reels are our main business, we are the lead manufacturer of the promotion orders from European market every year. We are Top one manufacturer cooperating with VDE Global Service in Germany to protect trademark.<\/p>\n<p>Wsp\u00f3\u0142pa\u0142o\u017cenie si\u0119 w wsp\u00f3\u0142pracy ze wszystkimi klientami pod wzgl\u0119dem wzajemnych korzy\u015bci i \u015bwietlanej przysz\u0142o\u015bci.<\/p>\n<p>&nbsp;<\/p>\n<p><strong>FAQ<\/strong><br \/>\nQ1. Czy mo\u017cesz zaakceptowa\u0107 przyk\u0142adowe zam\u00f3wienie?<\/p>\n<p>Odp.: Tak, jasne, akceptujemy przyk\u0142adowe zam\u00f3wienie.<\/p>\n<p>&nbsp;<\/p>\n<p>Q2. Jak nas um\u00f3wi\u0107?<\/p>\n<p>Odp.: Mo\u017cesz wys\u0142a\u0107 poczt\u0119 do nas lub zadzwoni\u0107.<\/p>","protected":false},"excerpt":{"rendered":"<p>Home USB charger mini Socket plug<br \/>\nIOS and Android devices are compatible,<br \/>\nsupport two devices to charge together solve the problem of difficult charging<\/p>","protected":false},"featured_media":270,"template":"","meta":[],"product_cat":[24],"product_tag":[],"class_list":{"0":"post-266","1":"product","2":"type-product","3":"status-publish","4":"has-post-thumbnail","6":"product_cat-socketplug","8":"first","9":"instock","10":"shipping-taxable","11":"product-type-simple"},"_links":{"self":[{"href":"https:\/\/www.soyang-group.com\/pl\/wp-json\/wp\/v2\/product\/266","targetHints":{"allow":["GET"]}}],"collection":[{"href":"https:\/\/www.soyang-group.com\/pl\/wp-json\/wp\/v2\/product"}],"about":[{"href":"https:\/\/www.soyang-group.com\/pl\/wp-json\/wp\/v2\/types\/product"}],"version-history":[{"count":0,"href":"https:\/\/www.soyang-group.com\/pl\/wp-json\/wp\/v2\/product\/266\/revisions"}],"wp:featuredmedia":[{"embeddable":true,"href":"https:\/\/www.soyang-group.com\/pl\/wp-json\/wp\/v2\/media\/270"}],"wp:attachment":[{"href":"https:\/\/www.soyang-group.com\/pl\/wp-json\/wp\/v2\/media?parent=266"}],"wp:term":[{"taxonomy":"product_cat","embeddable":true,"href":"https:\/\/www.soyang-group.com\/pl\/wp-json\/wp\/v2\/product_cat?post=266"},{"taxonomy":"product_tag","embeddable":true,"href":"https:\/\/www.soyang-group.com\/pl\/wp-json\/wp\/v2\/product_tag?post=266"}],"curies":[{"name":"wp","href":"https:\/\/api.w.org\/{rel}","templated":true}]}}