{"id":278,"date":"2024-12-12T13:12:57","date_gmt":"2024-12-12T05:12:57","guid":{"rendered":"https:\/\/shuangy.gg12.globaldeepsea.site\/?post_type=product&#038;p=278"},"modified":"2024-12-12T13:12:57","modified_gmt":"2024-12-12T05:12:57","slug":"industry-extension-cord","status":"publish","type":"product","link":"https:\/\/www.soyang-group.com\/pl\/produkt\/industry-extension-cord\/","title":{"rendered":"Przed\u0142u\u017cacza bran\u017cowa"},"content":{"rendered":"<p><strong>Przegl\u0105d<\/strong><br \/>\n<strong>Szybkie szczeg\u00f3\u0142y<\/strong><br \/>\nMiejsce pochodzenia: Zhejiang, Chiny<br \/>\nNazwa marki: Sy<br \/>\nNumer modelu: EZ54\/GP52<br \/>\nTyp: Gniazdo rozszerzenia z wtyczk\u0105 bran\u017cow\u0105<br \/>\nUziemienie: standardowe uziemienie<br \/>\nNapi\u0119cie znamionowe: 16a<br \/>\nPr\u0105d znamionowy: 250 V.<br \/>\nZastosowanie: Residential \/ General-Aurpose<br \/>\nCertyfikacja: CE, s<br \/>\nStyl kablowy: gumowy kabel VDE<br \/>\nDow\u00f3d wody: IP44<br \/>\nD\u0142ugo\u015b\u0107 kabla: wed\u0142ug klient\u00f3w\u2019<\/p>\n<p><a class=\"fancybox\" href=\"https:\/\/www.soyanggroup.com\/uploads\/135.jpg\" target=\"_blank\" rel=\"noopener\"><img fetchpriority=\"high\" decoding=\"async\" class=\"alignnone  wp-image-4903\" src=\"https:\/\/www.soyanggroup.com\/uploads\/135.jpg\" alt=\"13\" width=\"434\" height=\"298\" \/><\/a><\/p>\n<p><strong>Umiej\u0119tno\u015b\u0107 dostaw<\/strong><br \/>\nUmiej\u0119tno\u015b\u0107 dostaw: 500000 sztuk\/sztuk miesi\u0119cznie przed\u0142u\u017ca<\/p>\n<p><strong>Opakowanie i dostawa<\/strong><br \/>\nSzczeg\u00f3\u0142y opakowania: torba PE z kart\u0105<br \/>\nPort: Ningbo<br \/>\nCzas realizacji: 25 dni po otrzymaniu odleg\u0142o\u015bci<\/p>\n<p>&nbsp;<\/p>\n<p><strong>Opis i funkcje<\/strong><br \/>\n1. Wtyczka CEE:<br \/>\nNapi\u0119cie: 100-130VAC<br \/>\nObecny: 16a- 4h<br \/>\nBiegunki: 2p+e<br \/>\nWater-proof:IP44<\/p>\n<p>2. Gniazdo CEE:<br \/>\nNapi\u0119cie: 100-130VAC<br \/>\nObecny: 16a- 4h<br \/>\nBiegunki: 2p+e<br \/>\nWater-proof:IP44<\/p>\n<p>3.color:yellow<\/p>\n<p>4. Kabel dostosowany w nast\u0119puj\u0105cy spos\u00f3b: H05VV-F 3G1.5\/2.5,<br \/>\nH05RR-F 3G1.5\/2.5,<br \/>\nH07RN-F 3G1.5\/2.5.<\/p>\n<p>5. D\u0142ugo\u015b\u0107 kabla mo\u017ce zgodnie z wymaganiami klienta. Na przyk\u0142ad: 10m, 25m, 50m\u2026.<\/p>\n<p>6. mo\u017ce wed\u0142ug klient\u00f3w do pakowania.<\/p>\n<p>7. Zdolno\u015b\u0107 dostaw: 9000000 metr\u00f3w\/metry miesi\u0119cznie Europejski przed\u0142u\u017cacz<br \/>\n<strong>Specyfikacja<\/strong><br \/>\nPakiet: torba PE z kart\u0105<br \/>\nCertyfikaty: CE, Rohs, Reach, WWA<\/p>\n<p><img decoding=\"async\" src=\"https:\/\/sc01.alicdn.com\/kf\/HTB1eXO6JFXXXXbAXFXXq6xXFXXX1\/1942321\/HTB1eXO6JFXXXXbAXFXXq6xXFXXX1.jpg\" alt=\"\" width=\"639\" height=\"469\" \/><br \/>\n<strong>Pogl\u0105d<\/strong><br \/>\nZhejiang Shuangyang Group Co., Ltd zawsze trzymaj si\u0119 jako\u015bci i us\u0142ug, nie dostarczamy tylko wysokiej jako\u015bci,<br \/>\nale tak\u017ce zwr\u00f3\u0107 uwag\u0119 na ochron\u0119 \u015brodowiska i bezpiecze\u0144stwa cz\u0142owieka.<br \/>\nNasz ostatni cel jest nieprzerwan\u0105 popraw\u0105 jako\u015bci \u017cycia ludzkiego.<\/p>\n<p><a class=\"fancybox\" href=\"https:\/\/www.soyanggroup.com\/uploads\/1211.jpg\" target=\"_blank\" rel=\"noopener\"><img decoding=\"async\" class=\"alignnone  wp-image-4900\" src=\"https:\/\/www.soyanggroup.com\/uploads\/1211.jpg\" alt=\"12\" width=\"269\" height=\"196\" \/><\/a>\u00a0 \u00a0<img loading=\"lazy\" decoding=\"async\" class=\"wp-image-4904 alignnone\" src=\"https:\/\/www.soyanggroup.com\/uploads\/1212.jpg\" alt=\"12\" width=\"301\" height=\"175\" \/><\/p>\n<p>&nbsp;<\/p>\n<p><strong>Korzy\u015b\u0107<\/strong><br \/>\n1. cz\u0119\u015bci marki<br \/>\n2. Ksi\u0119ga pochodzenia<br \/>\n3. Oferowane dystrybuty<br \/>\n4. do\u015bwiadczony personel<br \/>\n5. Forma a<br \/>\n6. Green Product<br \/>\n7.Guarantee\/Warranty<br \/>\n8. Zatwierdzenia mi\u0119dzynarodowe<br \/>\n9.Packaging<br \/>\n10.Price<br \/>\n11. Funkcje produktu<br \/>\n12. Wydajno\u015b\u0107 produktu<br \/>\n13. PROPROMPRETNE DOSTAWA<br \/>\n14. Zatwierdzenia kwoty<br \/>\n15.Reputation<br \/>\n16.Service<br \/>\n17. Zam\u00f3wienia zaakceptowane<br \/>\n18. Us\u0142uga OEM i ODM<br \/>\n19. Wysoka jako\u015b\u0107<br \/>\n<strong>Popularny rynek: Europejski<\/strong><strong><br \/>\n<\/strong><\/p>\n<p><img decoding=\"async\" src=\"https:\/\/sc01.alicdn.com\/kf\/HTB1.scCIFXXXXXVXpXXq6xXFXXX6\/1942321\/HTB1.scCIFXXXXXVXpXXq6xXFXXX6.jpg_.webp\" alt=\"\" \/><\/p>\n<p>&nbsp;<\/p>\n<p><strong>Kontakt<\/strong><br \/>\nOdpowiemy na Tw\u00f3j e -mail lub faks w ci\u0105gu 24 godzin<br \/>\nMo\u017cesz do nas zadzwoni\u0107 w dowolnym momencie, je\u015bli jest jakie\u015b pytanie dotycz\u0105ce naszej produkcji<\/p>\n<p>&nbsp;<\/p>\n<p><strong>Wysy\u0142ka do<\/strong><br \/>\nMo\u017cemy zaakceptowa\u0107 wyznaczon\u0105 firm\u0119 wysy\u0142kow\u0105 lub rezerwacj\u0119 statku dla klienta, \u015bledz\u0105c kontenery, dop\u00f3ki klient nie otrzyma towar\u00f3w<\/p>\n<p><img decoding=\"async\" src=\"https:\/\/sc01.alicdn.com\/kf\/HTB19FIlJFXXXXXkXVXXq6xXFXXXv\/1942321\/HTB19FIlJFXXXXXkXVXXq6xXFXXXv.jpg_.webp\" alt=\"\" \/><br \/>\n<strong>Je\u015bli chcesz pozna\u0107 wi\u0119cej informacji, skontaktuj si\u0119 z nami bez wahania<\/strong><\/p>","protected":false},"excerpt":{"rendered":"<p>D\u0142ugo\u015b\u0107 kabla mo\u017ce zgodnie z wymaganiami klienta.<br \/>\nNa przyk\u0142ad: 10m, 25m, 50m\u2026.<\/p>\n<p>Opakowanie i dostawa<br \/>\nSzczeg\u00f3\u0142y opakowania: torba PE<br \/>\nPort: Ningbo\/Shanghai<br \/>\nCzas realizacji :<br \/>\nIlo\u015b\u0107 (kawa\u0142ki) 1 - 10000&gt; 10000<br \/>\nEst. Czas (dni) 60 do negocjacji<\/p>","protected":false},"featured_media":279,"template":"","meta":[],"product_cat":[25],"product_tag":[],"class_list":{"0":"post-278","1":"product","2":"type-product","3":"status-publish","4":"has-post-thumbnail","6":"product_cat-extension-cord","8":"first","9":"instock","10":"shipping-taxable","11":"product-type-simple"},"_links":{"self":[{"href":"https:\/\/www.soyang-group.com\/pl\/wp-json\/wp\/v2\/product\/278","targetHints":{"allow":["GET"]}}],"collection":[{"href":"https:\/\/www.soyang-group.com\/pl\/wp-json\/wp\/v2\/product"}],"about":[{"href":"https:\/\/www.soyang-group.com\/pl\/wp-json\/wp\/v2\/types\/product"}],"version-history":[{"count":0,"href":"https:\/\/www.soyang-group.com\/pl\/wp-json\/wp\/v2\/product\/278\/revisions"}],"wp:featuredmedia":[{"embeddable":true,"href":"https:\/\/www.soyang-group.com\/pl\/wp-json\/wp\/v2\/media\/279"}],"wp:attachment":[{"href":"https:\/\/www.soyang-group.com\/pl\/wp-json\/wp\/v2\/media?parent=278"}],"wp:term":[{"taxonomy":"product_cat","embeddable":true,"href":"https:\/\/www.soyang-group.com\/pl\/wp-json\/wp\/v2\/product_cat?post=278"},{"taxonomy":"product_tag","embeddable":true,"href":"https:\/\/www.soyang-group.com\/pl\/wp-json\/wp\/v2\/product_tag?post=278"}],"curies":[{"name":"wp","href":"https:\/\/api.w.org\/{rel}","templated":true}]}}