{"id":281,"date":"2024-12-12T13:16:19","date_gmt":"2024-12-12T05:16:19","guid":{"rendered":"https:\/\/shuangy.gg12.globaldeepsea.site\/?post_type=product&#038;p=281"},"modified":"2024-12-12T13:16:20","modified_gmt":"2024-12-12T05:16:20","slug":"uk-indoor-extension-cord","status":"publish","type":"product","link":"https:\/\/www.soyang-group.com\/pl\/produkt\/uk-indoor-extension-cord\/","title":{"rendered":"Brytyjski przed\u0142u\u017cacz wewn\u0119trzny"},"content":{"rendered":"<p><strong>Przegl\u0105d<\/strong><br \/>\n<strong>Szybkie szczeg\u00f3\u0142y<\/strong><br \/>\nMiejsce pochodzenia: Zhejiang, Chiny<br \/>\nNazwa marki: Shunchi<br \/>\nNumer modelu: SY-28\/SY-CZ-28<br \/>\nTyp: przed\u0142u\u017cacz<br \/>\nCertyfikat: CE ROHS dociera PAH<\/p>\n<p><strong>Umiej\u0119tno\u015b\u0107 dostaw<\/strong><br \/>\nUmiej\u0119tno\u015b\u0107 zaopatrzenia: 9000000 metr\u00f3w\/metry miesi\u0119cznie Europejski przed\u0142u\u017cacz<\/p>\n<p><strong>Opakowanie i dostawa<\/strong><br \/>\nSzczeg\u00f3\u0142y opakowania: torba PE z kart\u0105<br \/>\nPort: Ningbo<br \/>\nCzas realizacji: 25 dni po otrzymaniu odleg\u0142o\u015bci<br \/>\nWielka Brytania przed\u0142u\u017cacz<br \/>\n<strong>Szczeg\u00f3\u0142owe opis produktu<\/strong><br \/>\nMiejsce pochodzenia: Zhejiang Chiny (kontynent)<br \/>\nNazwa marki: Shuangyang<br \/>\nNumer modelu: SY-28\/SY-CZ-28<br \/>\nTyp: przed\u0142u\u017cacz<br \/>\nAplikacja: urz\u0105dzenie domowe<br \/>\n<strong>Pogl\u0105d<\/strong><br \/>\nZhejiang Shuangyang Group Co., Ltd zawsze trzymaj si\u0119 jako\u015bci i us\u0142ug, nie dostarczamy tylko wysokiej jako\u015bci,<br \/>\nale tak\u017ce zwr\u00f3\u0107 uwag\u0119 na ochron\u0119 \u015brodowiska i bezpiecze\u0144stwa cz\u0142owieka.<br \/>\nNasz ostatni cel jest nieprzerwan\u0105 popraw\u0105 jako\u015bci \u017cycia ludzkiego.<\/p>\n<p><img decoding=\"async\" src=\"https:\/\/sc01.alicdn.com\/kf\/He5ba632c74e44a68a587403dde671c5eH\/1942321\/He5ba632c74e44a68a587403dde671c5eH.png_.webp\" alt=\"\" \/><br \/>\n<strong>Opis i funkcje<\/strong><br \/>\n1. Kabel przesy\u0142ania nast\u0119puj\u0105cy: H05VV-F 3G1.0\/1,5, H05RN-F 3G1.0, H05RR-F 3G1.0\/1,5, H07RN-F 3G1.0\/1,5.<br \/>\n2. D\u0142ugo\u015b\u0107 kabla mo\u017ce zgodnie z wymaganiami klienta. Na przyk\u0142ad: 10m, 25m, 50m\u2026.<br \/>\n3. mo\u017ce wed\u0142ug klient\u00f3w do pakowania.<br \/>\n<strong>Popularny rynek: Europejski<\/strong><br \/>\n<strong><br \/>\n<\/strong><\/p>\n<p><img decoding=\"async\" src=\"https:\/\/sc01.alicdn.com\/kf\/HTB1.scCIFXXXXXVXpXXq6xXFXXX6\/1942321\/HTB1.scCIFXXXXXVXpXXq6xXFXXX6.jpg_.webp\" alt=\"\" \/><br \/>\n<strong>Kontakt<\/strong><br \/>\nOdpowiemy na Tw\u00f3j e -mail lub faks w ci\u0105gu 24 godzin<br \/>\nMo\u017cesz do nas zadzwoni\u0107 w dowolnym momencie, je\u015bli jest jakie\u015b pytanie dotycz\u0105ce naszej produkcji<br \/>\n<strong>Wysy\u0142ka do<\/strong><br \/>\nMo\u017cemy zaakceptowa\u0107 wyznaczon\u0105 firm\u0119 wysy\u0142kow\u0105 lub rezerwacj\u0119 statku dla klienta, \u015bledz\u0105c kontenery, dop\u00f3ki klient nie otrzyma towar\u00f3w<\/p>\n<p><img decoding=\"async\" src=\"https:\/\/sc01.alicdn.com\/kf\/HTB19FIlJFXXXXXkXVXXq6xXFXXXv\/1942321\/HTB19FIlJFXXXXXkXVXXq6xXFXXXv.jpg_.webp\" alt=\"\" \/><br \/>\n<strong><br \/>\n<\/strong><\/p>\n<p><strong>FAQ<\/strong><\/p>\n<p>Q1. Jakie warunki wysy\u0142ki mo\u017cemy wybra\u0107?<\/p>\n<p>Odp.: Jest drog\u0105 morsk\u0105, przez powietrze, przez ekspresow\u0105 dostaw\u0119 dla twoich opcji.<\/p>\n<p>&nbsp;<\/p>\n<p>Q2. Czy testujesz wszystkie produkty przed dostaw\u0105?<\/p>\n<p>Odp.: Tak, testujemy 100% produkt\u00f3w przed dostaw\u0105, utrzymuj normalnie 100%.<\/p>\n<p>Q3. Czy Logo twoich produkt\u00f3w drukuj go\u015bci?<\/p>\n<p>Odp.: Tak, go\u015bcie podaj\u0105 logo, mo\u017cemy drukowa\u0107 na produkcie.<\/p>","protected":false},"excerpt":{"rendered":"<p>IP20<br \/>\nD\u0142ugo\u015b\u0107 kabla mo\u017ce zgodnie z wymaganiami klienta.<br \/>\nWersja w Wielkiej Brytanii<\/p>","protected":false},"featured_media":282,"template":"","meta":[],"product_cat":[25],"product_tag":[],"class_list":{"0":"post-281","1":"product","2":"type-product","3":"status-publish","4":"has-post-thumbnail","6":"product_cat-extension-cord","8":"first","9":"instock","10":"shipping-taxable","11":"product-type-simple"},"_links":{"self":[{"href":"https:\/\/www.soyang-group.com\/pl\/wp-json\/wp\/v2\/product\/281","targetHints":{"allow":["GET"]}}],"collection":[{"href":"https:\/\/www.soyang-group.com\/pl\/wp-json\/wp\/v2\/product"}],"about":[{"href":"https:\/\/www.soyang-group.com\/pl\/wp-json\/wp\/v2\/types\/product"}],"version-history":[{"count":0,"href":"https:\/\/www.soyang-group.com\/pl\/wp-json\/wp\/v2\/product\/281\/revisions"}],"wp:featuredmedia":[{"embeddable":true,"href":"https:\/\/www.soyang-group.com\/pl\/wp-json\/wp\/v2\/media\/282"}],"wp:attachment":[{"href":"https:\/\/www.soyang-group.com\/pl\/wp-json\/wp\/v2\/media?parent=281"}],"wp:term":[{"taxonomy":"product_cat","embeddable":true,"href":"https:\/\/www.soyang-group.com\/pl\/wp-json\/wp\/v2\/product_cat?post=281"},{"taxonomy":"product_tag","embeddable":true,"href":"https:\/\/www.soyang-group.com\/pl\/wp-json\/wp\/v2\/product_tag?post=281"}],"curies":[{"name":"wp","href":"https:\/\/api.w.org\/{rel}","templated":true}]}}