{"id":283,"date":"2024-12-12T13:18:03","date_gmt":"2024-12-12T05:18:03","guid":{"rendered":"https:\/\/shuangy.gg12.globaldeepsea.site\/?post_type=product&#038;p=283"},"modified":"2024-12-12T13:18:03","modified_gmt":"2024-12-12T05:18:03","slug":"rubber-extension-cord","status":"publish","type":"product","link":"https:\/\/www.soyang-group.com\/pl\/produkt\/rubber-extension-cord\/","title":{"rendered":"Gumowy przed\u0142u\u017cacz"},"content":{"rendered":"<div class=\"fl-col-group fl-node-5ea003d5f3f3d\" data-node=\"5ea003d5f3f3d\">\n<div class=\"fl-col fl-node-5ea003d5f41dc\" data-node=\"5ea003d5f41dc\">\n<div class=\"fl-col-content fl-node-content\">\n<div class=\"fl-module fl-module-rich-text fl-node-5ea003abc3c1e\" data-node=\"5ea003abc3c1e\" data-animation-delay=\"0.0\">\n<div class=\"fl-module-content fl-node-content\">\n<div class=\"fl-rich-text\">\n<p><b>Podstawowe informacje<\/b><br \/>\nModel nr: gumowy przed\u0142u\u017cacz<br \/>\nNazwa marki: Shuangyang<br \/>\nMateria\u0142 skorupy: guma i mied\u017a<br \/>\nZastosowanie: po\u0142\u0105czenie zasilania do urz\u0105dze\u0144 elektrycznych<br \/>\nWarly: 1years<br \/>\nCertyfikat: CE, GS, S, Rohs, Reach, WWA<\/p>\n<\/div>\n<\/div>\n<\/div>\n<\/div>\n<\/div>\n<\/div>\n<div class=\"fl-col-group fl-node-5ea003f136eef\" data-node=\"5ea003f136eef\">\n<div class=\"fl-col fl-node-5ea003f1373e3 fl-col-small\" data-node=\"5ea003f1373e3\">\n<div class=\"fl-col-content fl-node-content\">\n<div class=\"fl-module fl-module-rich-text fl-node-5ea003fd57dd0\" data-node=\"5ea003fd57dd0\" data-animation-delay=\"0.0\">\n<div class=\"fl-module-content fl-node-content\">\n<div class=\"fl-rich-text\">\n<p><strong>Product Detail:<\/strong><br \/>\n<strong>(1) Przed\u0142u\u017cacz IP44<\/strong><br \/>\nNumer modelu: SY-11\/SY-CZ-05<br \/>\nBrandname: Shuangyang<br \/>\nZastosowanie: po\u0142\u0105czenie zasilania do urz\u0105dze\u0144 elektrycznych<br \/>\nWersja Niemiec<\/p>\n<\/div>\n<\/div>\n<\/div>\n<\/div>\n<\/div>\n<div class=\"fl-col fl-node-5ea003f137446 fl-col-small\" data-node=\"5ea003f137446\">\n<div class=\"fl-col-content fl-node-content\">\n<div class=\"fl-module fl-module-rich-text fl-node-5ea004625e75c\" data-node=\"5ea004625e75c\" data-animation-delay=\"0.0\">\n<div class=\"fl-module-content fl-node-content\">\n<div class=\"fl-rich-text\">\n<p><img decoding=\"async\" src=\"https:\/\/www.soyanggroup.com\/uploads\/1b330689.png\" alt=\"Gumowy przed\u0142u\u017cacz 437\" \/><\/p>\n<\/div>\n<\/div>\n<\/div>\n<\/div>\n<\/div>\n<\/div>\n<div class=\"fl-col-group fl-node-5ea0046a2994e\" data-node=\"5ea0046a2994e\">\n<div class=\"fl-col fl-node-5ea0046a29d8c\" data-node=\"5ea0046a29d8c\">\n<div class=\"fl-col-content fl-node-content\">\n<div class=\"fl-module fl-module-rich-text fl-node-5ea0046a2976c\" data-node=\"5ea0046a2976c\" data-animation-delay=\"0.0\">\n<div class=\"fl-module-content fl-node-content\">\n<div class=\"fl-rich-text\">\n<p><b>Opis i funkcje<\/b><b><\/b><br \/>\n1. Maksymalna moc: 3680 W.<br \/>\n2. VOTAGE: 250 V AC<br \/>\n3. cz\u0119stotliwo\u015b\u0107: 50 Hz<br \/>\n4. Current: 16a<br \/>\n5.Water-proof:IP44<br \/>\n6.color:black<br \/>\n7. Kabel dostosowywa\u0107 nast\u0119puj\u0105co: H05RN-F 3G0.75\/1.0,<br \/>\nH05RR-F 3G0,75\/1,0\/1,5\/2,5<br \/>\nH07RN-F 3G1.0\/1,5\/2.5<br \/>\nH07BQ-F 3G1.5\/2.5,<br \/>\nAT-N05V3V3-F 3G1.0\/1,5\/2.5,<br \/>\nAT-N07V3V3-F 3G1.0\/1,5\/2.5<br \/>\n8. D\u0142ugo\u015b\u0107 kabla mo\u017ce zgodnie z wymaganiami klienta. Na przyk\u0142ad: 10m, 25m, 50m\u2026.<br \/>\n9. Zgodnie z wymaganiem klient\u00f3w do pakowania.<br \/>\n10. Umiej\u0119tno\u015b\u0107 dostaw: 9000000 metr\u00f3w\/metry miesi\u0119cznie Europejski przed\u0142u\u017cacz<\/p>\n<\/div>\n<\/div>\n<\/div>\n<\/div>\n<\/div>\n<\/div>\n<div class=\"fl-col-group fl-node-5ea004ce07bad\" data-node=\"5ea004ce07bad\">\n<div class=\"fl-col fl-node-5ea004ce07ff2\" data-node=\"5ea004ce07ff2\">\n<div class=\"fl-col-content fl-node-content\">\n<div class=\"fl-module fl-module-rich-text fl-node-5ea004d293e12\" data-node=\"5ea004d293e12\" data-animation-delay=\"0.0\">\n<div class=\"fl-module-content fl-node-content\">\n<div class=\"fl-rich-text\">\n<p><strong>Specyfikacja<\/strong><br \/>\nPakiet: torba PE z kart\u0105<br \/>\nCertyfikaty: S, N, GS, CE, Rohs, Reach, WWA<br \/>\n<a class=\"fancybox\" href=\"https:\/\/www.soyanggroup.com\/uploads\/ec478681.png\" target=\"_blank\" rel=\"noopener\"><img decoding=\"async\" src=\"https:\/\/www.soyanggroup.com\/uploads\/ec478681.png\" alt=\"1586507530(1)\" \/><\/a><\/p>\n<\/div>\n<\/div>\n<\/div>\n<\/div>\n<\/div>\n<\/div>\n<div class=\"fl-col-group fl-node-5ea0056ab4686\" data-node=\"5ea0056ab4686\">\n<div class=\"fl-col fl-node-5ea0056ab4a44\" data-node=\"5ea0056ab4a44\">\n<div class=\"fl-col-content fl-node-content\">\n<div class=\"fl-module fl-module-rich-text fl-node-5ea005701d614\" data-node=\"5ea005701d614\" data-animation-delay=\"0.0\">\n<div class=\"fl-module-content fl-node-content\">\n<div class=\"fl-rich-text\">\n<p><strong>(2) Gumowy przed\u0142u\u017cacz<\/strong><br \/>\nNumer modelu: SY-11\/SY-CZ-12<br \/>\nNazwa marki: Shuangyang<br \/>\nZastosowanie: po\u0142\u0105czenie zasilania do urz\u0105dze\u0144 elektrycznych<br \/>\nWersja Francji<\/p>\n<\/div>\n<\/div>\n<\/div>\n<\/div>\n<\/div>\n<div class=\"fl-col fl-node-5ea0056ab4a9c fl-col-small\" data-node=\"5ea0056ab4a9c\">\n<div class=\"fl-col-content fl-node-content\">\n<div class=\"fl-module fl-module-rich-text fl-node-5ea00593df23c\" data-node=\"5ea00593df23c\" data-animation-delay=\"0.0\">\n<div class=\"fl-module-content fl-node-content\">\n<div class=\"fl-rich-text\">\n<p><a class=\"fancybox\" href=\"https:\/\/www.soyanggroup.com\/uploads\/f172a324.png\" target=\"_blank\" rel=\"noopener\"><img decoding=\"async\" src=\"https:\/\/www.soyanggroup.com\/uploads\/f172a324.png\" alt=\"Gumowy przed\u0142u\u017cacz1589\" \/><\/a><\/p>\n<\/div>\n<\/div>\n<\/div>\n<\/div>\n<\/div>\n<\/div>\n<div class=\"fl-col-group fl-node-5ea005a88cbc4\" data-node=\"5ea005a88cbc4\">\n<div class=\"fl-col fl-node-5ea005a88cec8\" data-node=\"5ea005a88cec8\">\n<div class=\"fl-col-content fl-node-content\">\n<div class=\"fl-module fl-module-rich-text fl-node-5ea005a88c9b7\" data-node=\"5ea005a88c9b7\" data-animation-delay=\"0.0\">\n<div class=\"fl-module-content fl-node-content\">\n<div class=\"fl-rich-text\">\n<p><b>Opis i funkcje<\/b><b><\/b><br \/>\n1. Maksymalna moc: 3680 W.<br \/>\n2. VOTAGE: 250 V AC<br \/>\n3. cz\u0119stotliwo\u015b\u0107: 50 Hz<br \/>\n4. Current: 16a<br \/>\n5.Water-proof:IP44<br \/>\n6.color:black<br \/>\n7. Kabel dostosowany w nast\u0119puj\u0105cy spos\u00f3b: H05RN-F 3G1.0,<br \/>\nH05RR-F 3G1.0\/1,5,<br \/>\nH07RN-F 3G1.0\/1,5\/2.5.<br \/>\n8. D\u0142ugo\u015b\u0107 kabla mo\u017ce zgodnie z wymaganiami klienta. Na przyk\u0142ad: 10m, 25m, 50m\u2026.<br \/>\n9. Zgodnie z wymaganiem klient\u00f3w do pakowania.<br \/>\n10. Umiej\u0119tno\u015b\u0107 dostaw: 9000000 metr\u00f3w\/metry miesi\u0119cznie Europejski przed\u0142u\u017cacz<\/p>\n<\/div>\n<\/div>\n<\/div>\n<\/div>\n<\/div>\n<\/div>\n<div class=\"fl-col-group fl-node-5ea0068282c8d\" data-node=\"5ea0068282c8d\">\n<div class=\"fl-col fl-node-5ea0068282f9a\" data-node=\"5ea0068282f9a\">\n<div class=\"fl-col-content fl-node-content\">\n<div class=\"fl-module fl-module-rich-text fl-node-5ea0068282aaa\" data-node=\"5ea0068282aaa\" data-animation-delay=\"0.0\">\n<div class=\"fl-module-content fl-node-content\">\n<div class=\"fl-rich-text\">\n<p><strong>Specyfikacja<\/strong><br \/>\nPakiet: torba PE z kart\u0105<br \/>\nCertyfikaty: NF, CE, Rohs, Reach, WWA<br \/>\n<a class=\"fancybox\" href=\"https:\/\/www.soyanggroup.com\/uploads\/38a0b9233.png\" target=\"_blank\" rel=\"noopener\"><img decoding=\"async\" src=\"https:\/\/www.soyanggroup.com\/uploads\/38a0b9233.png\" alt=\"1\" \/><\/a><\/p>\n<\/div>\n<\/div>\n<\/div>\n<\/div>\n<\/div>\n<\/div>\n<div class=\"fl-col-group fl-node-5ea006eed09a3\" data-node=\"5ea006eed09a3\">\n<div class=\"fl-col fl-node-5ea006eed0e51\" data-node=\"5ea006eed0e51\">\n<div class=\"fl-col-content fl-node-content\">\n<div class=\"fl-module fl-module-rich-text fl-node-5ea0071df16fd\" data-node=\"5ea0071df16fd\" data-animation-delay=\"0.0\">\n<div class=\"fl-module-content fl-node-content\">\n<div class=\"fl-rich-text\">\n<p><strong>(3) Przed\u0142u\u017cacz IP44<\/strong><br \/>\nNumer modelu: SY-24\/SY-CZ-24<br \/>\nBrandname: Shuangyang<br \/>\nZastosowanie: po\u0142\u0105czenie zasilania do urz\u0105dze\u0144 elektrycznych<br \/>\nWersja Danmark<\/p>\n<\/div>\n<\/div>\n<\/div>\n<\/div>\n<\/div>\n<div class=\"fl-col fl-node-5ea006eed0eba fl-col-small\" data-node=\"5ea006eed0eba\">\n<div class=\"fl-col-content fl-node-content\">\n<div class=\"fl-module fl-module-rich-text fl-node-5ea0076943955\" data-node=\"5ea0076943955\" data-animation-delay=\"0.0\">\n<div class=\"fl-module-content fl-node-content\">\n<div class=\"fl-rich-text\">\n<p><a class=\"fancybox\" href=\"https:\/\/www.soyanggroup.com\/uploads\/1df81614.png\" target=\"_blank\" rel=\"noopener\"><img decoding=\"async\" src=\"https:\/\/www.soyanggroup.com\/uploads\/1df81614.png\" alt=\"Gumowy przed\u0142u\u017cacz 2634\" \/><\/a><\/p>\n<\/div>\n<\/div>\n<\/div>\n<\/div>\n<\/div>\n<\/div>\n<div class=\"fl-col-group fl-node-5ea00773115c7\" data-node=\"5ea00773115c7\">\n<div class=\"fl-col fl-node-5ea007731192d\" data-node=\"5ea007731192d\">\n<div class=\"fl-col-content fl-node-content\">\n<div class=\"fl-module fl-module-rich-text fl-node-5ea00773113b5\" data-node=\"5ea00773113b5\" data-animation-delay=\"0.0\">\n<div class=\"fl-module-content fl-node-content\">\n<div class=\"fl-rich-text\">\n<p><b>Opis i funkcje<\/b><b><\/b><br \/>\n1. Maksymalna moc: 3680 W.<br \/>\n2. VOTAGE: 250 V AC<br \/>\n3. cz\u0119stotliwo\u015b\u0107: 50 Hz<br \/>\n4. Current: 16a<br \/>\n5.Water-proof:IP44<br \/>\n6.color:black<br \/>\n7. Kabel dostosowywa\u0107 nast\u0119puj\u0105co: H05VV-F 3G1.0\/1,5,<br \/>\nH05RN-F3G1.0,<br \/>\nH05RR-F3G1.0\/1.5,<br \/>\nH05RN-F3G1.0\/1.5<br \/>\n8. D\u0142ugo\u015b\u0107 kabla mo\u017ce zgodnie z wymaganiami klienta. Na przyk\u0142ad: 10m, 25m, 50m\u2026.<br \/>\n9. Zgodnie z wymaganiem klient\u00f3w do pakowania.<br \/>\n10. Umiej\u0119tno\u015b\u0107 dostaw: 9000000 metr\u00f3w\/metry miesi\u0119cznie Europejski przed\u0142u\u017cacz<\/p>\n<\/div>\n<\/div>\n<\/div>\n<\/div>\n<\/div>\n<\/div>\n<div class=\"fl-col-group fl-node-5ea007cdd7117\" data-node=\"5ea007cdd7117\">\n<div class=\"fl-col fl-node-5ea007cdd74f5\" data-node=\"5ea007cdd74f5\">\n<div class=\"fl-col-content fl-node-content\">\n<div class=\"fl-module fl-module-rich-text fl-node-5ea007cdd6eae\" data-node=\"5ea007cdd6eae\" data-animation-delay=\"0.0\">\n<div class=\"fl-module-content fl-node-content\">\n<div class=\"fl-rich-text\">\n<p><strong>Specyfikacja<\/strong><br \/>\nPakiet: torba PE z kart\u0105<br \/>\nCertyfikaty: D, CE, Rohs, Reach, WWA<br \/>\n<a class=\"fancybox\" href=\"https:\/\/www.soyanggroup.com\/uploads\/8e6e3e60.png\" target=\"_blank\" rel=\"noopener\"><img decoding=\"async\" class=\"alignnone size-full wp-image-1811\" src=\"https:\/\/www.soyanggroup.com\/uploads\/8e6e3e60.png\" alt=\"4fdhgf\" \/><\/a><img decoding=\"async\" class=\"alignnone size-full wp-image-1692\" src=\"https:\/\/www.soyanggroup.com\/uploads\/a19d8a12.png\" alt=\"111\" \/><\/p>\n<\/div>\n<\/div>\n<\/div>\n<\/div>\n<\/div>\n<\/div>\n<div class=\"fl-col-group fl-node-5ea0082a9afcd\" data-node=\"5ea0082a9afcd\">\n<div class=\"fl-col fl-node-5ea0082a9b43a fl-col-small\" data-node=\"5ea0082a9b43a\">\n<div class=\"fl-col-content fl-node-content\">\n<div class=\"fl-module fl-module-rich-text fl-node-5ea00837126b2\" data-node=\"5ea00837126b2\" data-animation-delay=\"0.0\">\n<div class=\"fl-module-content fl-node-content\">\n<div class=\"fl-rich-text\">\n<p><b>(4) dwa sposoby\u00a0<\/b><b>IP<\/b><b>44<\/b><b>\u00a0Przed\u0142u\u017cacz<\/b><br \/>\nNumer modelu: SY-11\/SY-CZ-42<br \/>\nBrandname: Shuangyang<br \/>\nZastosowanie: po\u0142\u0105czenie zasilania do urz\u0105dze\u0144 elektrycznych<br \/>\nWersja na dwa sposoby Niemiec<\/p>\n<\/div>\n<\/div>\n<\/div>\n<\/div>\n<\/div>\n<div class=\"fl-col fl-node-5ea0082a9b49b fl-col-small\" data-node=\"5ea0082a9b49b\">\n<div class=\"fl-col-content fl-node-content\">\n<div class=\"fl-module fl-module-rich-text fl-node-5ea0086e739f3\" data-node=\"5ea0086e739f3\" data-animation-delay=\"0.0\">\n<div class=\"fl-module-content fl-node-content\">\n<div class=\"fl-rich-text\">\n<p><a class=\"fancybox\" href=\"https:\/\/www.soyanggroup.com\/uploads\/902dc7d2.png\" target=\"_blank\" rel=\"noopener\"><img decoding=\"async\" src=\"https:\/\/www.soyanggroup.com\/uploads\/902dc7d2.png\" alt=\"Gumowy przed\u0142u\u017cacz 3686\" \/><\/a><\/p>\n<\/div>\n<\/div>\n<\/div>\n<\/div>\n<\/div>\n<\/div>\n<div class=\"fl-col-group fl-node-5ea008813b52e\" data-node=\"5ea008813b52e\">\n<div class=\"fl-col fl-node-5ea008813b8ba\" data-node=\"5ea008813b8ba\">\n<div class=\"fl-col-content fl-node-content\">\n<div class=\"fl-module fl-module-rich-text fl-node-5ea008813b304\" data-node=\"5ea008813b304\" data-animation-delay=\"0.0\">\n<div class=\"fl-module-content fl-node-content\">\n<div class=\"fl-rich-text\">\n<p><b>Opis i funkcje<\/b><b><\/b><br \/>\n1. Maksymalna moc: 3680 W.<br \/>\n2. VOTAGE: 250 V AC<br \/>\n3. cz\u0119stotliwo\u015b\u0107: 50 Hz<br \/>\n4. Current: 16a<br \/>\n5.Water-proof:IP44<br \/>\n6.color:black<br \/>\n7. Kabel dostosowywa\u0107 nast\u0119puj\u0105co: H05RR-F 3G1.5\/2.5,<br \/>\nH07RN-F3G1.5\/2.5,<br \/>\n8. D\u0142ugo\u015b\u0107 kabla mo\u017ce zgodnie z wymaganiami klienta. Na przyk\u0142ad: 10m, 25m, 50m\u2026.<br \/>\n9. Zgodnie z wymaganiem klient\u00f3w do pakowania.<br \/>\n10. Umiej\u0119tno\u015b\u0107 dostaw: 9000000 metr\u00f3w\/metry miesi\u0119cznie Europejski przed\u0142u\u017cacz<\/p>\n<\/div>\n<\/div>\n<\/div>\n<\/div>\n<\/div>\n<\/div>\n<div class=\"fl-col-group fl-node-5ea008c4c604b\" data-node=\"5ea008c4c604b\">\n<div class=\"fl-col fl-node-5ea008c4c646a\" data-node=\"5ea008c4c646a\">\n<div class=\"fl-col-content fl-node-content\">\n<div class=\"fl-module fl-module-rich-text fl-node-5ea008c4c5e05\" data-node=\"5ea008c4c5e05\" data-animation-delay=\"0.0\">\n<div class=\"fl-module-content fl-node-content\">\n<div class=\"fl-rich-text\">\n<p><strong>Specyfikacja<\/strong><br \/>\nPakiet: torba PE z kart\u0105<br \/>\nCertyfikaty: S, GS, CE, ROHS, REACH, WWA<br \/>\n<a class=\"fancybox\" href=\"https:\/\/www.soyanggroup.com\/uploads\/8d9d4c2f3.png\" target=\"_blank\" rel=\"noopener\"><img decoding=\"async\" src=\"https:\/\/www.soyanggroup.com\/uploads\/8d9d4c2f3.png\" alt=\"2\" \/><\/a><\/p>\n<\/div>\n<\/div>\n<\/div>\n<\/div>\n<\/div>\n<\/div>\n<div class=\"fl-col-group fl-node-5ea009dae76a7\" data-node=\"5ea009dae76a7\">\n<div class=\"fl-col fl-node-5ea009dae7bf4\" data-node=\"5ea009dae7bf4\">\n<div class=\"fl-col-content fl-node-content\">\n<div class=\"fl-module fl-module-rich-text fl-node-5ea00a1e8319d\" data-node=\"5ea00a1e8319d\" data-animation-delay=\"0.0\">\n<div class=\"fl-module-content fl-node-content\">\n<div class=\"fl-rich-text\">\n<h3><b>Przep\u0142yw produkcji<\/b><b>:<\/b><\/h3>\n<\/div>\n<\/div>\n<\/div>\n<\/div>\n<\/div>\n<\/div>\n<div class=\"fl-col-group fl-node-5ea00a007b71c\" data-node=\"5ea00a007b71c\">\n<div class=\"fl-col fl-node-5ea00a007bc1f fl-col-small\" data-node=\"5ea00a007bc1f\">\n<div class=\"fl-col-content fl-node-content\">\n<div class=\"fl-module fl-module-rich-text fl-node-5ea00a490312f\" data-node=\"5ea00a490312f\" data-animation-delay=\"0.0\">\n<div class=\"fl-module-content fl-node-content\">\n<div class=\"fl-rich-text\">\n<div data-node=\"5e9fbed61f05c\" data-animation-delay=\"0.0\">\n<div>\n<div>\n<p>Winching (kable, ko\u0142owrotki kablowe)<\/p>\n<\/div>\n<\/div>\n<\/div>\n<div data-node=\"5e9fccd7af26e\" data-animation-delay=\"0.0\">\n<div>\n<div>\n<div><img decoding=\"async\" src=\"https:\/\/www.soyanggroup.com\/uploads\/60f9d174.png\" alt=\"ghgsssdf1\" \/><\/div>\n<\/div>\n<\/div>\n<\/div>\n<\/div>\n<\/div>\n<\/div>\n<\/div>\n<\/div>\n<div class=\"fl-col fl-node-5ea00a007bc79 fl-col-small\" data-node=\"5ea00a007bc79\">\n<div class=\"fl-col-content fl-node-content\">\n<div class=\"fl-module fl-module-rich-text fl-node-5ea00a58c4153\" data-node=\"5ea00a58c4153\" data-animation-delay=\"0.0\">\n<div class=\"fl-module-content fl-node-content\">\n<div class=\"fl-rich-text\">\n<div data-node=\"5e9fbf1740fb0\" data-animation-delay=\"0.0\">\n<div>\n<div>\n<p>Wyt\u0142aczanie<\/p>\n<\/div>\n<\/div>\n<\/div>\n<div data-node=\"5e9fcd0852b28\" data-animation-delay=\"0.0\">\n<div>\n<div>\n<div><img decoding=\"async\" src=\"https:\/\/www.soyanggroup.com\/uploads\/24ee4d75.png\" alt=\"dfgshghg\" \/><\/div>\n<\/div>\n<\/div>\n<\/div>\n<\/div>\n<\/div>\n<\/div>\n<\/div>\n<\/div>\n<div class=\"fl-col fl-node-5ea00a007bccd fl-col-small\" data-node=\"5ea00a007bccd\">\n<div class=\"fl-col-content fl-node-content\">\n<div class=\"fl-module fl-module-rich-text fl-node-5ea00a6e1347e\" data-node=\"5ea00a6e1347e\" data-animation-delay=\"0.0\">\n<div class=\"fl-module-content fl-node-content\">\n<div class=\"fl-rich-text\">\n<div data-node=\"5e9fbf3f1e188\" data-animation-delay=\"0.0\">\n<div>\n<div>\n<p>Brelok<\/p>\n<\/div>\n<\/div>\n<\/div>\n<div data-node=\"5e9fcd2e1e520\" data-animation-delay=\"0.0\">\n<div>\n<div>\n<div><img decoding=\"async\" src=\"https:\/\/www.soyanggroup.com\/uploads\/206e152b.png\" alt=\"adfdgagfdfgfh\" \/><\/div>\n<\/div>\n<\/div>\n<\/div>\n<\/div>\n<\/div>\n<\/div>\n<\/div>\n<\/div>\n<\/div>\n<div class=\"fl-col-group fl-node-5ea00a0604759\" data-node=\"5ea00a0604759\">\n<div class=\"fl-col fl-node-5ea00a0604c3a fl-col-small\" data-node=\"5ea00a0604c3a\">\n<div class=\"fl-col-content fl-node-content\">\n<div class=\"fl-module fl-module-rich-text fl-node-5ea00a8565aee\" data-node=\"5ea00a8565aee\" data-animation-delay=\"0.0\">\n<div class=\"fl-module-content fl-node-content\">\n<div class=\"fl-rich-text\">\n<div data-node=\"5e9fbf5d1cea7\" data-animation-delay=\"0.0\">\n<div>\n<div>\n<p>Niting<\/p>\n<\/div>\n<\/div>\n<\/div>\n<div data-node=\"5e9fcd50178d1\" data-animation-delay=\"0.0\">\n<div>\n<div>\n<div><img decoding=\"async\" src=\"https:\/\/www.soyanggroup.com\/uploads\/b1c754db.png\" alt=\"dsgfhghgfh\" \/><\/div>\n<\/div>\n<\/div>\n<\/div>\n<\/div>\n<\/div>\n<\/div>\n<\/div>\n<\/div>\n<div class=\"fl-col fl-node-5ea00a0604c95 fl-col-small\" data-node=\"5ea00a0604c95\">\n<div class=\"fl-col-content fl-node-content\">\n<div class=\"fl-module fl-module-rich-text fl-node-5ea00aa31c2d5\" data-node=\"5ea00aa31c2d5\" data-animation-delay=\"0.0\">\n<div class=\"fl-module-content fl-node-content\">\n<div class=\"fl-rich-text\">\n<div data-node=\"5e9fbf5549745\" data-animation-delay=\"0.0\">\n<div>\n<div>\n<p>Wtrysk wtyk<\/p>\n<\/div>\n<\/div>\n<\/div>\n<div data-node=\"5e9fcd69139bc\" data-animation-delay=\"0.0\">\n<div>\n<div>\n<div><img decoding=\"async\" src=\"https:\/\/www.soyanggroup.com\/uploads\/69323a26.png\" alt=\"afdfsdfds\" \/><\/div>\n<\/div>\n<\/div>\n<\/div>\n<\/div>\n<\/div>\n<\/div>\n<\/div>\n<\/div>\n<div class=\"fl-col fl-node-5ea00a0604ce9 fl-col-small\" data-node=\"5ea00a0604ce9\">\n<div class=\"fl-col-content fl-node-content\">\n<div class=\"fl-module fl-module-rich-text fl-node-5ea00ab852770\" data-node=\"5ea00ab852770\" data-animation-delay=\"0.0\">\n<div class=\"fl-module-content fl-node-content\">\n<div class=\"fl-rich-text\">\n<div data-node=\"5e9fbf5a19e43\" data-animation-delay=\"0.0\">\n<div>\n<div>\n<p>Z\u0142o\u017cenie<\/p>\n<\/div>\n<\/div>\n<\/div>\n<div data-node=\"5e9fcd7a14001\" data-animation-delay=\"0.0\">\n<div>\n<div>\n<div><img decoding=\"async\" src=\"https:\/\/www.soyanggroup.com\/uploads\/f0374276.png\" alt=\"dgdfgdfh\" \/><\/div>\n<\/div>\n<\/div>\n<\/div>\n<\/div>\n<\/div>\n<\/div>\n<\/div>\n<\/div>\n<\/div>\n<div class=\"fl-col-group fl-node-5ea00a0e06883\" data-node=\"5ea00a0e06883\">\n<div class=\"fl-col fl-node-5ea00a0e06d8e fl-col-small\" data-node=\"5ea00a0e06d8e\">\n<div class=\"fl-col-content fl-node-content\">\n<div class=\"fl-module fl-module-rich-text fl-node-5ea00ad605348\" data-node=\"5ea00ad605348\" data-animation-delay=\"0.0\">\n<div class=\"fl-module-content fl-node-content\">\n<div class=\"fl-rich-text\">\n<div data-node=\"5e9fbf5b91d70\" data-animation-delay=\"0.0\">\n<div>\n<div>\n<p>Testowanie<\/p>\n<\/div>\n<\/div>\n<\/div>\n<div data-node=\"5e9fcd9359f7b\" data-animation-delay=\"0.0\">\n<div>\n<div>\n<div><img decoding=\"async\" src=\"https:\/\/www.soyanggroup.com\/uploads\/fb597fa3.png\" alt=\"adfagfg\" \/><\/div>\n<\/div>\n<\/div>\n<\/div>\n<\/div>\n<\/div>\n<\/div>\n<\/div>\n<\/div>\n<div class=\"fl-col fl-node-5ea00a0e06de9 fl-col-small\" data-node=\"5ea00a0e06de9\">\n<div class=\"fl-col-content fl-node-content\">\n<div class=\"fl-module fl-module-rich-text fl-node-5ea00af7c9ddc\" data-node=\"5ea00af7c9ddc\" data-animation-delay=\"0.0\">\n<div class=\"fl-module-content fl-node-content\">\n<div class=\"fl-rich-text\">\n<div data-node=\"5e9fbf588c875\" data-animation-delay=\"0.0\">\n<div>\n<div>\n<p>Packaging<\/p>\n<\/div>\n<\/div>\n<\/div>\n<div data-node=\"5e9fcda981a7a\" data-animation-delay=\"0.0\">\n<div>\n<div>\n<div><img decoding=\"async\" src=\"https:\/\/www.soyanggroup.com\/uploads\/b0d9a9c0.png\" alt=\"FDGDFGFDHGF\" \/><\/div>\n<\/div>\n<\/div>\n<\/div>\n<\/div>\n<\/div>\n<\/div>\n<\/div>\n<\/div>\n<div class=\"fl-col fl-node-5ea00a0e06e39 fl-col-small\" data-node=\"5ea00a0e06e39\">\n<div class=\"fl-col-content fl-node-content\">\n<div class=\"fl-module fl-module-rich-text fl-node-5ea00b178fb41\" data-node=\"5ea00b178fb41\" data-animation-delay=\"0.0\">\n<div class=\"fl-module-content fl-node-content\">\n<div class=\"fl-rich-text\">\n<div data-node=\"5e9fbf571ae6e\" data-animation-delay=\"0.0\">\n<div>\n<div>\n<p>Magazyn<\/p>\n<\/div>\n<\/div>\n<\/div>\n<div data-node=\"5e9fcdba739ab\" data-animation-delay=\"0.0\">\n<div>\n<div>\n<div><img decoding=\"async\" src=\"https:\/\/www.soyanggroup.com\/uploads\/2497ad44.png\" alt=\"adfagdfsd\" \/><\/div>\n<\/div>\n<\/div>\n<\/div>\n<\/div>\n<\/div>\n<\/div>\n<\/div>\n<\/div>\n<\/div>\n<div class=\"fl-col-group fl-node-5ea0094753556\" data-node=\"5ea0094753556\">\n<div class=\"fl-col fl-node-5ea0094753901\" data-node=\"5ea0094753901\">\n<div class=\"fl-col-content fl-node-content\">\n<div class=\"fl-module fl-module-rich-text fl-node-5ea00947532de\" data-node=\"5ea00947532de\" data-animation-delay=\"0.0\">\n<div class=\"fl-module-content fl-node-content\">\n<div class=\"fl-rich-text\">\n<p><strong>Korzy\u015b\u0107<\/strong><\/p>\n<p>\u25cf Cz\u0119\u015bci markowe<br \/>\n\u25cf Kraj pochodzenia<br \/>\n\u25cf Oferowane dystrybutory<br \/>\n\u25cf Do\u015bwiadczony personel<br \/>\n\u25cf Formularz a<br \/>\n\u25cf Zielony produkt<br \/>\n\u25cf Gwarancja\/gwarancja<br \/>\n\u25cf Mi\u0119dzynarodowe zatwierdzenia<br \/>\n\u25cf Opakowanie<br \/>\n\u25cf Cena<br \/>\n\u25cf Funkcje produktu<br \/>\n\u25cf Wydajno\u015b\u0107 produktu<br \/>\n\u25cf Szybka dostawa<br \/>\n\u25cf Zatwierdzenia jako\u015bci<br \/>\n\u25cf Reputacja<br \/>\n\u25cf Praca<br \/>\n\u25cf Zaakceptowane ma\u0142e zam\u00f3wienia<br \/>\n\u25cf \u015awiadczona us\u0142uga OEM i ODM<br \/>\n\u25cf Wysoka jako\u015b\u0107<\/p>\n<\/div>\n<\/div>\n<\/div>\n<\/div>\n<\/div>\n<\/div>\n<div class=\"fl-col-group fl-node-5ea009f1bf22b\" data-node=\"5ea009f1bf22b\">\n<div class=\"fl-col fl-node-5ea009f1bf76e\" data-node=\"5ea009f1bf76e\">\n<div class=\"fl-col-content fl-node-content\">\n<div class=\"fl-module fl-module-rich-text fl-node-5ea009dae7416\" data-node=\"5ea009dae7416\" data-animation-delay=\"0.0\">\n<div class=\"fl-module-content fl-node-content\">\n<div class=\"fl-rich-text\">\n<p><strong>Podobne produkty<\/strong><\/p>\n<p><a class=\"fancybox\" href=\"https:\/\/www.soyanggroup.com\/uploads\/7e4b5ce23.png\" target=\"_blank\" rel=\"noopener\"><img decoding=\"async\" src=\"https:\/\/www.soyanggroup.com\/uploads\/7e4b5ce23.png\" alt=\"3\" \/><\/a><\/p>\n<\/div>\n<\/div>\n<\/div>\n<\/div>\n<\/div>\n<\/div>\n<div class=\"fl-col-group fl-node-5ea0097513ca8\" data-node=\"5ea0097513ca8\">\n<div class=\"fl-col fl-node-5ea0097514218\" data-node=\"5ea0097514218\">\n<div class=\"fl-col-content fl-node-content\">\n<div class=\"fl-module fl-module-rich-text fl-node-5ea009751399a\" data-node=\"5ea009751399a\" data-animation-delay=\"0.0\">\n<div class=\"fl-module-content fl-node-content\">\n<div class=\"fl-rich-text\">\n<p><strong>Opakowanie, p\u0142atno\u015bci i wysy\u0142ka<\/strong><br \/>\n<strong>Szczeg\u00f3\u0142y opakowania: kolorowe pude\u0142ko<\/strong><br \/>\n<strong>Metoda p\u0142atno\u015bci: Advance TT, T\/T, L\/C<\/strong><br \/>\n<strong>Dostawa: 30-45 dni po otrzymaniu oddzia\u0142u<\/strong><br \/>\n<strong>Port: Ningbo lub Szanghaj<\/strong><\/p>\n<p><strong>Profil firmy:<\/strong><br \/>\n1. Rodzaj odbiorc\u00f3w: producent, firma handlowa<br \/>\n2. Produkty main: gniazda timera, kabel, ko\u0142owrotki kablowe, o\u015bwietlenie<br \/>\n3. Total Employees: 501 \u2013 1000 People<br \/>\n4. Year ustanowiony: 1994<br \/>\n5. Certyfikacja systemu zarz\u0105dzania: ISO9001, ISO14001, OHSAS18001<br \/>\n6. Kraj \/ region: Zhejiang, Chiny<br \/>\n7. Misterstwo: Prywatny w\u0142a\u015bciciel<br \/>\n8. Main Markets:<\/p>\n<p>Eastern Europe\u00a039.00%<br \/>\nNorthern Europe\u00a030.00%<br \/>\nWestern Europe\u00a016.00%<br \/>\nRynek krajowy: 7%<br \/>\nMid Wsch\u00f3d: 5%<br \/>\nAmeryka Po\u0142udniowa: 3%<\/p>\n<p><strong>FAQ:<\/strong><br \/>\n1.Can your products print guests LOGO?<br \/>\nYes,Guests provide the logo,we can print on the product.<br \/>\n2.What social responsibility audit did you pass?<br \/>\nYes,we have BSCI,SEDEX.<br \/>\n3.What are your prices?<br \/>\nOur prices are subject to change depending on supply and other market factors.We will send you and updated price list after your conmany contact us for further information.<\/p>\n<\/div>\n<\/div>\n<\/div>\n<\/div>\n<\/div>\n<\/div>","protected":false},"excerpt":{"rendered":"<p>Gumowy przed\u0142u\u017cacz<\/p>\n<p>IP44<\/p>\n<p>D\u0142ugo\u015b\u0107 kabla mo\u017ce zgodnie z wymaganiami klienta.<\/p>\n<p>Na przyk\u0142ad: 10m, 25m, 50m\u2026.<\/p>","protected":false},"featured_media":284,"template":"","meta":[],"product_cat":[25],"product_tag":[],"class_list":{"0":"post-283","1":"product","2":"type-product","3":"status-publish","4":"has-post-thumbnail","6":"product_cat-extension-cord","8":"first","9":"instock","10":"shipping-taxable","11":"product-type-simple"},"_links":{"self":[{"href":"https:\/\/www.soyang-group.com\/pl\/wp-json\/wp\/v2\/product\/283","targetHints":{"allow":["GET"]}}],"collection":[{"href":"https:\/\/www.soyang-group.com\/pl\/wp-json\/wp\/v2\/product"}],"about":[{"href":"https:\/\/www.soyang-group.com\/pl\/wp-json\/wp\/v2\/types\/product"}],"version-history":[{"count":0,"href":"https:\/\/www.soyang-group.com\/pl\/wp-json\/wp\/v2\/product\/283\/revisions"}],"wp:featuredmedia":[{"embeddable":true,"href":"https:\/\/www.soyang-group.com\/pl\/wp-json\/wp\/v2\/media\/284"}],"wp:attachment":[{"href":"https:\/\/www.soyang-group.com\/pl\/wp-json\/wp\/v2\/media?parent=283"}],"wp:term":[{"taxonomy":"product_cat","embeddable":true,"href":"https:\/\/www.soyang-group.com\/pl\/wp-json\/wp\/v2\/product_cat?post=283"},{"taxonomy":"product_tag","embeddable":true,"href":"https:\/\/www.soyang-group.com\/pl\/wp-json\/wp\/v2\/product_tag?post=283"}],"curies":[{"name":"wp","href":"https:\/\/api.w.org\/{rel}","templated":true}]}}