{"id":285,"date":"2024-12-12T13:29:04","date_gmt":"2024-12-12T05:29:04","guid":{"rendered":"https:\/\/shuangy.gg12.globaldeepsea.site\/?post_type=product&#038;p=285"},"modified":"2024-12-12T13:29:04","modified_gmt":"2024-12-12T05:29:04","slug":"steel-plate-indoor-50m-cable-reel","status":"publish","type":"product","link":"https:\/\/www.soyang-group.com\/pl\/produkt\/steel-plate-indoor-50m-cable-reel\/","title":{"rendered":"Stalowa talerz wewn\u0119trzna ko\u0142owrotka kabla 50 m"},"content":{"rendered":"<p><strong>(1) Podstawowe informacje<\/strong><br \/>\nModel nr: steel 50m kabel<br \/>\nNazwa marki: Shuangyang<br \/>\nMateria\u0142 skorupy: PVC i mied\u017a<br \/>\nZastosowanie: po\u0142\u0105czenie zasilania do urz\u0105dze\u0144 elektrycznych<br \/>\nWarly: 1years<\/p>\n<p><strong>(2) Szczeg\u00f3\u0142y produktu:<\/strong><br \/>\nNumer modelu: XP17-D1<br \/>\nWersja Niemiec<\/p>\n<p><strong>Opis i funkcje<\/strong><br \/>\n1. W\u0142adzie: 230 V AC<br \/>\n2. cz\u0119stotliwo\u015b\u0107: 50 Hz<br \/>\n3. Maksymalna moc znamionowa: 1000 W (pe\u0142na zwini\u0119ta), 2300 W (niereeluje)<br \/>\nKabel dopasowywania: H05VV-F 3G1,0 mm2 (maksymalnie 40 metr\u00f3w)<\/p>\n<p>Maksymalna moc oceniana: 1000 W (pe\u0142na zwini\u0119ta), 3000 W (niereeluj\u0105cy)<br \/>\nKabel dopasowania: H05VV-F 3G1,5 mm2 (maksymalnie 50 metr\u00f3w)<\/p>\n<p><a class=\"fancybox\" href=\"https:\/\/www.soyanggroup.com\/uploads\/H05VV-F%E5%89%AF%E6%9C%AC.jpg\" target=\"_blank\" rel=\"noopener\"><img fetchpriority=\"high\" decoding=\"async\" class=\"alignnone  wp-image-4757\" src=\"https:\/\/www.soyanggroup.com\/uploads\/H05VV-F%E5%89%AF%E6%9C%AC.jpg\" alt=\"H05VV-F Kopia\" width=\"443\" height=\"170\" \/><\/a><\/p>\n<p>4.color:black<br \/>\n5. OUTER DIA. (MM): \u03c6280<br \/>\n6. Bezpiecze\u0144stwo cieplne<br \/>\n7. D\u0142ugo\u015b\u0107 kabla mo\u017ce zgodnie z wymaganiami klienta. Na przyk\u0142ad: 10m, 25m, 50m\u2026.<br \/>\n8. mo\u017ce zgodnie z wymaganiami klient\u00f3w do pakowania.<br \/>\n9. Umiej\u0119tno\u015b\u0107 zasilania: 50000 sztuk\/sztuk miesi\u0119cznie ko\u0142owrotka kablowego<br \/>\n10. Dost\u0119pna pojemno\u015b\u0107 dla innego projektu: wersja Francji, wersja Danii, wersja Anglii<\/p>\n<p><img decoding=\"async\" src=\"https:\/\/www.soyanggroup.com\/uploads\/614af031.png\" alt=\"\" \/><img decoding=\"async\" src=\"https:\/\/www.soyanggroup.com\/uploads\/3197aa1d.png\" alt=\"\" \/><img decoding=\"async\" src=\"https:\/\/www.soyanggroup.com\/uploads\/2d8fa21d.png\" alt=\"\" \/><\/p>\n<p>&nbsp;<\/p>\n<p><strong>Specyfikacja<\/strong><br \/>\nPakiet: 1PCS\/Color Box<br \/>\nRozmiar kartonu: 29*21*37 cm<br \/>\nCertyfikaty: S, GS, CE, ROHS, REACH, WWA<\/p>\n<p><a class=\"fancybox\" href=\"https:\/\/www.soyanggroup.com\/uploads\/2.png\" target=\"_blank\" rel=\"noopener\"><img decoding=\"async\" class=\"alignnone size-full wp-image-4430\" src=\"https:\/\/www.soyanggroup.com\/uploads\/2.png\" alt=\"2\" \/><\/a><\/p>\n<p>&nbsp;<\/p>\n<p><strong>Korzy\u015b\u0107<\/strong><br \/>\n1. cz\u0119\u015bci marki<br \/>\n2. Ksi\u0119ga pochodzenia<br \/>\n3. Oferowane dystrybuty<br \/>\n4. do\u015bwiadczony personel<br \/>\n5. Forma a<br \/>\n6. Green Product<br \/>\n7.Guarantee\/Warranty<br \/>\n8. Zatwierdzenia mi\u0119dzynarodowe<\/p>\n<p>&nbsp;<\/p>\n<p><strong>Comany infomation<\/strong><\/p>\n<p><img decoding=\"async\" src=\"https:\/\/sc01.alicdn.com\/kf\/HTB1XAGrIFXXXXX8XVXXq6xXFXXXD\/1942321\/HTB1XAGrIFXXXXX8XVXXq6xXFXXXD.jpg_.webp\" alt=\"\" \/><\/p>\n<p><strong>Popularny rynek<\/strong><\/p>\n<p><img decoding=\"async\" src=\"https:\/\/sc01.alicdn.com\/kf\/HTB1.scCIFXXXXXVXpXXq6xXFXXX6\/1942321\/HTB1.scCIFXXXXXVXpXXq6xXFXXX6.jpg_.webp\" alt=\"\" \/><\/p>\n<p>&nbsp;<\/p>\n<p><strong>FAQ<\/strong><\/p>\n<p>Q1. Czy mo\u017cesz zaakceptowa\u0107 przyk\u0142adowe zam\u00f3wienie?<\/p>\n<p>Odp.: Tak, jasne, akceptujemy przyk\u0142adowe zam\u00f3wienie.<\/p>\n<p>&nbsp;<\/p>\n<p>Q2. Co powiesz na czas gwarancji i produkty gwarancyjne?<\/p>\n<p>Odp.: Wi\u0119kszo\u015b\u0107 produkt\u00f3w to 2 lata, odcinaj przewody i r\u00f3b kilka zdj\u0119\u0107.<\/p>\n<p>&nbsp;<\/p>\n<p>Q3. Jak nawi\u0105za\u0107 d\u0142ugie relacje biznesowe mi\u0119dzy nami?<\/p>\n<p>Odp.: Oferujemy wysok\u0105 jako\u015b\u0107 produkt\u00f3w i bardzo konkurencyjn\u0105 cen\u0119, aby zapewni\u0107 zysk naszych klient\u00f3w.<\/p>\n<p>&nbsp;<\/p>\n<p>Q4. Czy testujesz wszystkie produkty przed dostaw\u0105?<\/p>\n<p>Odp.: Tak, testujemy 100% produkt\u00f3w przed dostaw\u0105, utrzymuj normalnie 100%.<\/p>\n<p>&nbsp;<\/p>\n<p>P5. Jaki audyt odpowiedzialno\u015bci spo\u0142ecznej min\u0105\u0142e\u015b?<\/p>\n<p>Odp.: Tak, mamy BSCI, Sedex.<\/p>","protected":false},"excerpt":{"rendered":"<p>Stalowa ko\u0142owrotka kabla w pomieszczeniach 50 m<br \/>\nD\u0142ugo\u015b\u0107 kabla mo\u017ce zgodnie z wymaganiami klienta.<br \/>\nNa przyk\u0142ad: 10m, 25m, 50m\u2026.<\/p>","protected":false},"featured_media":286,"template":"","meta":[],"product_cat":[26],"product_tag":[],"class_list":{"0":"post-285","1":"product","2":"type-product","3":"status-publish","4":"has-post-thumbnail","6":"product_cat-cable-reel","8":"first","9":"instock","10":"shipping-taxable","11":"product-type-simple"},"_links":{"self":[{"href":"https:\/\/www.soyang-group.com\/pl\/wp-json\/wp\/v2\/product\/285","targetHints":{"allow":["GET"]}}],"collection":[{"href":"https:\/\/www.soyang-group.com\/pl\/wp-json\/wp\/v2\/product"}],"about":[{"href":"https:\/\/www.soyang-group.com\/pl\/wp-json\/wp\/v2\/types\/product"}],"version-history":[{"count":0,"href":"https:\/\/www.soyang-group.com\/pl\/wp-json\/wp\/v2\/product\/285\/revisions"}],"wp:featuredmedia":[{"embeddable":true,"href":"https:\/\/www.soyang-group.com\/pl\/wp-json\/wp\/v2\/media\/286"}],"wp:attachment":[{"href":"https:\/\/www.soyang-group.com\/pl\/wp-json\/wp\/v2\/media?parent=285"}],"wp:term":[{"taxonomy":"product_cat","embeddable":true,"href":"https:\/\/www.soyang-group.com\/pl\/wp-json\/wp\/v2\/product_cat?post=285"},{"taxonomy":"product_tag","embeddable":true,"href":"https:\/\/www.soyang-group.com\/pl\/wp-json\/wp\/v2\/product_tag?post=285"}],"curies":[{"name":"wp","href":"https:\/\/api.w.org\/{rel}","templated":true}]}}