{"id":287,"date":"2024-12-12T13:31:12","date_gmt":"2024-12-12T05:31:12","guid":{"rendered":"https:\/\/shuangy.gg12.globaldeepsea.site\/?post_type=product&#038;p=287"},"modified":"2024-12-12T13:31:12","modified_gmt":"2024-12-12T05:31:12","slug":"industrial-equipment-ip44-european-cable-reel","status":"publish","type":"product","link":"https:\/\/www.soyang-group.com\/pl\/produkt\/industrial-equipment-ip44-european-cable-reel\/","title":{"rendered":"Sprz\u0119t przemys\u0142owy IP44 Europejski ko\u0142owrotek kablowy"},"content":{"rendered":"<p><strong>Podstawowe informacje<\/strong><br \/>\nModel nr: bran\u017cowa rolka kablowa<br \/>\nNazwa marki: Shuangyang<br \/>\nMateria\u0142 skorupy: guma i mied\u017a<br \/>\nZastosowanie: po\u0142\u0105czenie zasilania do elektrycznego<br \/>\nurz\u0105dzenia<br \/>\nWarly: 1years<br \/>\nCertyfikat: CE, GS, S, Rohs, Reach, WWA<\/p>\n<p>&nbsp;<\/p>\n<p><strong>Przemys\u0142\u00a0<a title=\"Zobacz wszystkie posty w ko\u0142owrotku kablowym\" href=\"https:\/\/www.soyanggroup.com\/cable-reel\/\" target=\"_blank\" rel=\"noopener\">Ko\u0142owrotek kablowy<\/a><\/strong><br \/>\nNumer modelu: XP03-SY6H<br \/>\nNazwa marki: Shuangyang<br \/>\nZastosowanie: po\u0142\u0105czenie zasilania do urz\u0105dze\u0144 elektrycznych<\/p>\n<p><strong>Opis i funkcje<\/strong><br \/>\n1. W\u0142adzie: 230 V AC<br \/>\n2. cz\u0119stotliwo\u015b\u0107: 50 Hz<br \/>\n3.Water-proof:IP44<br \/>\n4. MAX ZATWIEDZIONA MIS: 720 W (pe\u0142na zwini\u0119ta), 3680 W (niereeluje)<br \/>\nKabel dopasowania: H05VV-F 3G1,5 mm2 (maksymalnie 50 metr\u00f3w)<br \/>\nH05RR-F 3G1,5\/ H07RN-F 3G1,5 mm2 (maksymalne)<\/p>\n<p>5.color:black<br \/>\n6. Pi .utter Dia. (MM): \u03c6280<br \/>\n7. Bezpiecze\u0144stwo cieplne<br \/>\n8. D\u0142ugo\u015b\u0107 kabla mo\u017ce zgodnie z wymaganiami klienta. Na przyk\u0142ad: 10m, 25m, 50m\u2026.<br \/>\n9. Zgodnie z wymaganiem klient\u00f3w do pakowania.<br \/>\n10. Umiej\u0119tno\u015b\u0107 zasilania: 50000 sztuk\/sztuk miesi\u0119cznie ko\u0142owrotka kablowego<\/p>\n<p>&nbsp;<\/p>\n<p><strong>Specyfikacja<\/strong><br \/>\nPakiet: 1PCS\/Color Box<br \/>\n2PC\/Karton zewn\u0119trzny<br \/>\nRozmiar kartonu: 46*31,5*40 cm<br \/>\nCertyfikaty: CE, Rohs, Reach, WWA<\/p>\n<p><img decoding=\"async\" src=\"https:\/\/www.soyanggroup.com\/uploads\/38a0b92314.jpg\" alt=\"\" \/><\/p>\n<p>&nbsp;<\/p>\n<p><strong>Korzy\u015b\u0107<\/strong><br \/>\n1. cz\u0119\u015bci marki<br \/>\n2. Ksi\u0119ga pochodzenia<br \/>\n3. Oferowane dystrybuty<br \/>\n4. do\u015bwiadczony personel<br \/>\n5. Forma a<br \/>\n6. Green Product<br \/>\n7.Guarantee\/Warranty<br \/>\n8. Zatwierdzenia mi\u0119dzynarodowe<br \/>\n9.Packaging<br \/>\n10.Price<br \/>\n11. Funkcje produktu<br \/>\n12. Wydajno\u015b\u0107 produktu<br \/>\n13. PROPROMPRETNE DOSTAWA<br \/>\n14. Zatwierdzenia kwoty<br \/>\n15.Reputation<br \/>\n16.Service<br \/>\n17. Zam\u00f3wienia zaakceptowane<br \/>\n18. Us\u0142uga OEM i ODM<br \/>\n19. Wysoka jako\u015b\u0107<\/p>\n<p>&nbsp;<\/p>\n<p>&nbsp;<\/p>\n<p><strong>Company Information<\/strong><\/p>\n<p>Zhejiang Shuangyang Group Co.Ltd. was established in 1986, is a private owned enterprise, one of Star Enterprise of Ningbo City in 1998,\u00a0and approved by ISO9001\/14000\/18000. We located in Cixi, Ningbo city, which is only one hour to Ningbo harbor and airport, and two hours to Shanghai.<\/p>\n<p><img decoding=\"async\" src=\"https:\/\/sc01.alicdn.com\/kf\/He5ba632c74e44a68a587403dde671c5eH\/1942321\/He5ba632c74e44a68a587403dde671c5eH.png_.webp\" alt=\"\" \/><br \/>\nTill now, the registered capital is over 16 million U.S.Dollar. Our floor area is about 120.000 sqm, and construction area is about 85,000 sqm. In 2018, our total turn over is 80 million U.S.Dollar. We have ten R&amp;D persons and over 100 QCs to guarantee the quality, each year, we design and develop over ten new products acting as a lead manufacturer.<\/p>\n<p>Our main products are timers, sockets, flexible cables, power cords, plugs, extension sockets, cable reels, and lightings. We can supply many kinds of timers such as daily timers, mechanical and digital timers, count down timers, industry timers with all kinds of sockets. Our target markets are European market and American market. Our products approved by CE, GS, D, N, S, NF, ETL, VDE, RoHS, REACH, PAHS and so on.<\/p>\n<p>We have a good reputation among our customers. We always focus on the protection of environment and human being safety. Improving the quality of life is our final purpose.<\/p>\n<p>Przewodoty zasilaj\u0105ce, przed\u0142u\u017cacze i rolki kablowe s\u0105 naszym g\u0142\u00f3wnym biznesem, jeste\u015bmy g\u0142\u00f3wnym producentem zam\u00f3wie\u0144 promocyjnych z rynku europejskiego ka\u017cdego roku. Jeste\u015bmy najlepszym producentem wsp\u00f3\u0142pracuj\u0105cym z VDE Global Service w Niemczech w celu ochrony znaku towarowego. Powitanie do wsp\u00f3\u0142pracy ze wszystkimi klientami dla wzajemnych korzy\u015bci i \u015bwietlanej przysz\u0142o\u015bci.<\/p>\n<p>&nbsp;<\/p>\n<p><strong>Linie produkt\u00f3w<\/strong><\/p>\n<p><img decoding=\"async\" src=\"https:\/\/sc02.alicdn.com\/kf\/HTB17nDwaFqZBuNjt_jqq6ymzpXa2\/1942321\/HTB17nDwaFqZBuNjt_jqq6ymzpXa2.jpg_.webp\" alt=\"\" \/><\/p>\n<p><strong>Zatwierdzenia<\/strong><\/p>\n<p><img decoding=\"async\" src=\"https:\/\/sc01.alicdn.com\/kf\/HTB1mMxLgOQnBKNjSZFmq6AApVXab\/1942321\/HTB1mMxLgOQnBKNjSZFmq6AApVXab.jpg_.webp\" alt=\"\" \/><\/p>\n<p><strong>FAQ<\/strong><\/p>\n<p>Q1. Jak nas um\u00f3wi\u0107?<\/p>\n<p>Odp.: Mo\u017cesz wys\u0142a\u0107 poczt\u0119 do nas lub zadzwoni\u0107.<\/p>\n<p>&nbsp;<\/p>\n<p>Q2. Jakie s\u0105 twoje warunki p\u0142atno\u015bci?<\/p>\n<p>A: T\/T, L\/C.<\/p>","protected":false},"excerpt":{"rendered":"<p>IP44 bran\u017cowa ko\u0142owrotka kablowa<br \/>\nD\u0142ugo\u015b\u0107 kabla mo\u017ce zgodnie z wymaganiami klienta.<br \/>\nNa przyk\u0142ad: 10m, 25m, 40m, 50m\u2026.<br \/>\n1000 sztuk\/kawa\u0142ki europejski ko\u0142owrotek kablowy (min. Zam\u00f3wienie)<\/p>","protected":false},"featured_media":288,"template":"","meta":[],"product_cat":[26],"product_tag":[],"class_list":{"0":"post-287","1":"product","2":"type-product","3":"status-publish","4":"has-post-thumbnail","6":"product_cat-cable-reel","8":"first","9":"instock","10":"shipping-taxable","11":"product-type-simple"},"_links":{"self":[{"href":"https:\/\/www.soyang-group.com\/pl\/wp-json\/wp\/v2\/product\/287","targetHints":{"allow":["GET"]}}],"collection":[{"href":"https:\/\/www.soyang-group.com\/pl\/wp-json\/wp\/v2\/product"}],"about":[{"href":"https:\/\/www.soyang-group.com\/pl\/wp-json\/wp\/v2\/types\/product"}],"version-history":[{"count":0,"href":"https:\/\/www.soyang-group.com\/pl\/wp-json\/wp\/v2\/product\/287\/revisions"}],"wp:featuredmedia":[{"embeddable":true,"href":"https:\/\/www.soyang-group.com\/pl\/wp-json\/wp\/v2\/media\/288"}],"wp:attachment":[{"href":"https:\/\/www.soyang-group.com\/pl\/wp-json\/wp\/v2\/media?parent=287"}],"wp:term":[{"taxonomy":"product_cat","embeddable":true,"href":"https:\/\/www.soyang-group.com\/pl\/wp-json\/wp\/v2\/product_cat?post=287"},{"taxonomy":"product_tag","embeddable":true,"href":"https:\/\/www.soyang-group.com\/pl\/wp-json\/wp\/v2\/product_tag?post=287"}],"curies":[{"name":"wp","href":"https:\/\/api.w.org\/{rel}","templated":true}]}}