{"id":289,"date":"2024-12-12T13:32:55","date_gmt":"2024-12-12T05:32:55","guid":{"rendered":"https:\/\/shuangy.gg12.globaldeepsea.site\/?post_type=product&#038;p=289"},"modified":"2025-01-10T17:52:13","modified_gmt":"2025-01-10T09:52:13","slug":"ce-retractable-waterproof-ip44-power-cable-reel","status":"publish","type":"product","link":"https:\/\/www.soyang-group.com\/pl\/produkt\/ce-retractable-waterproof-ip44-power-cable-reel\/","title":{"rendered":"CE Sconeble Waterproof Cel"},"content":{"rendered":"<p><strong>Przegl\u0105d<\/strong><\/p>\n<p><strong>Szybkie szczeg\u00f3\u0142y<\/strong><br \/>\nMiejsce pochodzenia: Zhejiang, marka China: Shuangyang<br \/>\nNumer modelu: XP06-4D Typ: ko\u0142owrotek kabla, izolowany<br \/>\nZastosowanie: sprz\u0119t przemys\u0142owy IP: 44<br \/>\nCertyfikacja: CE GS Rohs Materia\u0142: mied\u017a<br \/>\nMateria\u0142 izolacyjny: gumowy przewodnik typ: don\u0105<\/p>\n<p><strong>Umiej\u0119tno\u015b\u0107 dostaw<\/strong><br \/>\nUmiej\u0119tno\u015b\u0107 zaopatrzenia: 100 000 sztuk\/sztuk miesi\u0119cznie<\/p>\n<p><strong>Opakowanie i dostawa<\/strong><br \/>\nSzczeg\u00f3\u0142y opakowania: standardowe pakowanie eksportu lub zgodnie z \u017c\u0105daniem klienta<br \/>\nPort: Ningbo, Szanghaj<br \/>\nCzas realizacji: zale\u017cy od ilo\u015bci zam\u00f3wienia<\/p>\n<p>&nbsp;<\/p>\n<p><strong>Szczeg\u00f3\u0142owe opis produktu<\/strong><\/p>\n<p><strong>Metalowy ko\u0142owrotek na zewn\u0105trz<\/strong><br \/>\nNumer modelu: XP16-NN<br \/>\nNazwa marki: Shuangyang<br \/>\nZastosowanie: po\u0142\u0105czenie zasilania do urz\u0105dze\u0144 elektrycznych<\/p>\n<p><strong>\u00a0Cechy:<\/strong><br \/>\n1. W\u0142adzie: 230 V AC<br \/>\n2. cz\u0119stotliwo\u015b\u0107: 50 Hz<br \/>\n3.Water-proof:IP44<br \/>\n4. Maksymalna moc oceniana: 1000 W (pe\u0142na zwini\u0119ta), 2300 W (niereeluje)<br \/>\nKabel dopasowywania: H05RR-F 3G1.0\/H05RN-F 3G1,0 mm2 (maksymalnie 40 metr\u00f3w)<br \/>\n5. Max znamionowa moc: 1000 W (pe\u0142na zw\u0119\u017cona), 3000 W (niereeluje)<br \/>\nKabel dopasowywania: H05RR-F 3G1.5\/H07RN-F 3G1,5 mm2 (maksymalnie 50 metr\u00f3w)<br \/>\n6. Maksymalna moc oceniana: 1200 W (pe\u0142na zwini\u0119ta), 3600 W (niereeluje)<br \/>\nKabel dopasowywania: H05RR-F 3G2.5\/H07RN-F 3G2,5 mm2 (maksymalnie 40 metr\u00f3w)<\/p>\n<p><a class=\"fancybox\" href=\"https:\/\/www.soyanggroup.com\/uploads\/315.jpg\" target=\"_blank\" rel=\"noopener\"><img decoding=\"async\" class=\"alignnone size-full wp-image-4446\" src=\"https:\/\/www.soyanggroup.com\/uploads\/315.jpg\" alt=\"3\" \/><\/a><\/p>\n<p>7.color:black<br \/>\n8. OUTER DIA. (MM): \u03c6280<br \/>\n9. Bezpiecze\u0144stwo cieplne<br \/>\n10. D\u0142ugo\u015b\u0107 kabla mo\u017ce zgodnie z wymaganiami klienta. Na przyk\u0142ad: 10m, 25m, 50m\u2026.<br \/>\n11. Zgodnie z wymaganiem klient\u00f3w do pakowania.<br \/>\n12. Umiej\u0119tno\u015b\u0107 zasilania: 50000 sztuk\/sztuk miesi\u0119cznie ko\u0142owrotka kablowego<br \/>\n13. Dost\u0119pna pojemno\u015b\u0107 dla innego projektu: wersja Francji, wersja Danii<\/p>\n<p><a class=\"fancybox\" href=\"https:\/\/www.soyanggroup.com\/uploads\/121.png\" target=\"_blank\" rel=\"noopener\"><img decoding=\"async\" class=\"alignnone size-full wp-image-4447\" src=\"https:\/\/www.soyanggroup.com\/uploads\/121.png\" alt=\"12\" \/><\/a><a class=\"fancybox\" href=\"https:\/\/www.soyanggroup.com\/uploads\/1.png\" target=\"_blank\" rel=\"noopener\"><img decoding=\"async\" class=\"alignnone size-full wp-image-4429\" src=\"https:\/\/www.soyanggroup.com\/uploads\/1.png\" alt=\"1\" \/><\/a><\/p>\n<p>&nbsp;<\/p>\n<p><strong>Specyfikacja<\/strong><br \/>\nPakiet: 1PCS\/Color Box<br \/>\n2PC\/Karton zewn\u0119trzny<br \/>\nRozmiar kartonu: 44*31,5*44 cm<br \/>\nCertyfikaty: S, NF, GS, CE, Rohs, Reach, WWA<\/p>\n<p><a class=\"fancybox\" href=\"https:\/\/www.soyanggroup.com\/uploads\/13.png\" target=\"_blank\" rel=\"noopener\"><img decoding=\"async\" class=\"alignnone size-full wp-image-4437\" src=\"https:\/\/www.soyanggroup.com\/uploads\/13.png\" alt=\"13\" \/><\/a><\/p>\n<p>&nbsp;<\/p>\n<p><strong>Profil firmy:<\/strong><br \/>\n1. Rodzaj odbiorc\u00f3w: producent, firma handlowa<br \/>\n2. Produkty main: gniazda timera, kabel, ko\u0142owrotki kablowe, o\u015bwietlenie<br \/>\n3. Pracownicy og\u00f3\u0142em: 501 - 1000 os\u00f3b<br \/>\n4. Year ustanowiony: 1994<br \/>\n5. Certyfikacja systemu zarz\u0105dzania: ISO9001, ISO14001, OHSAS18001<br \/>\n6. Kraj \/ region: Zhejiang, Chiny<br \/>\n7. Misterstwo: Prywatny w\u0142a\u015bciciel<br \/>\n8. G\u0142\u00f3wne rynki: Europa Wschodnia 39.00%<br \/>\nEuropa p\u00f3\u0142nocna 30.00%<br \/>\nEuropa Zachodnia 16.00%<br \/>\nRynek krajowy: 7%<br \/>\nMid Wsch\u00f3d: 5%<br \/>\nAmeryka Po\u0142udniowa: 3%<\/p>\n<p>&nbsp;<\/p>\n<p><strong>Linie produkt\u00f3w<\/strong><\/p>\n<p><img decoding=\"async\" src=\"https:\/\/sc02.alicdn.com\/kf\/HTB17nDwaFqZBuNjt_jqq6ymzpXa2\/1942321\/HTB17nDwaFqZBuNjt_jqq6ymzpXa2.jpg_.webp\" alt=\"\" \/><\/p>\n<p><strong>Zatwierdzenia<\/strong><\/p>\n<p><img decoding=\"async\" src=\"https:\/\/sc01.alicdn.com\/kf\/HTB1mMxLgOQnBKNjSZFmq6AApVXab\/1942321\/HTB1mMxLgOQnBKNjSZFmq6AApVXab.jpg_.webp\" alt=\"\" \/><\/p>\n<p><strong>FAQ<\/strong><\/p>\n<p>Q1. Jak nas um\u00f3wi\u0107?<\/p>\n<p>Odp.: Mo\u017cesz wys\u0142a\u0107 poczt\u0119 do nas lub zadzwoni\u0107.<\/p>\n<p>&nbsp;<\/p>\n<p>Q2. Jakie s\u0105 twoje warunki p\u0142atno\u015bci?<\/p>\n<p>A: T\/T, L\/C.<\/p>\n<p>&nbsp;<\/p>\n<p>Q3. Jakie warunki wysy\u0142ki mo\u017cemy wybra\u0107?<\/p>\n<p>Odp.: Jest drog\u0105 morsk\u0105, przez powietrze, przez ekspresow\u0105 dostaw\u0119 dla twoich opcji.<br \/>\nQ4<\/p>\n<p>Odp.: Tak, go\u015bcie podaj\u0105 logo, mo\u017cemy drukowa\u0107 na produkcie.<\/p>","protected":false},"excerpt":{"rendered":"<p>Om\u00f3wienie szybkie szczeg\u00f3\u0142y Miejsce pochodzenia: Zhejiang, China Nazwa marki: Shuangyang Numer modelu: XP06-4D Typ: ko\u0142owrotek kablowy, Zastosowanie izolowane: Sprz\u0119t przemys\u0142owy IP: 44 Certyfikacja: CE GS ROHS\u00a0 \u00a0 [\u2026]<\/p>","protected":false},"featured_media":537,"template":"","meta":[],"product_cat":[26],"product_tag":[],"class_list":{"0":"post-289","1":"product","2":"type-product","3":"status-publish","4":"has-post-thumbnail","6":"product_cat-cable-reel","8":"first","9":"instock","10":"shipping-taxable","11":"product-type-simple"},"_links":{"self":[{"href":"https:\/\/www.soyang-group.com\/pl\/wp-json\/wp\/v2\/product\/289","targetHints":{"allow":["GET"]}}],"collection":[{"href":"https:\/\/www.soyang-group.com\/pl\/wp-json\/wp\/v2\/product"}],"about":[{"href":"https:\/\/www.soyang-group.com\/pl\/wp-json\/wp\/v2\/types\/product"}],"version-history":[{"count":1,"href":"https:\/\/www.soyang-group.com\/pl\/wp-json\/wp\/v2\/product\/289\/revisions"}],"predecessor-version":[{"id":538,"href":"https:\/\/www.soyang-group.com\/pl\/wp-json\/wp\/v2\/product\/289\/revisions\/538"}],"wp:featuredmedia":[{"embeddable":true,"href":"https:\/\/www.soyang-group.com\/pl\/wp-json\/wp\/v2\/media\/537"}],"wp:attachment":[{"href":"https:\/\/www.soyang-group.com\/pl\/wp-json\/wp\/v2\/media?parent=289"}],"wp:term":[{"taxonomy":"product_cat","embeddable":true,"href":"https:\/\/www.soyang-group.com\/pl\/wp-json\/wp\/v2\/product_cat?post=289"},{"taxonomy":"product_tag","embeddable":true,"href":"https:\/\/www.soyang-group.com\/pl\/wp-json\/wp\/v2\/product_tag?post=289"}],"curies":[{"name":"wp","href":"https:\/\/api.w.org\/{rel}","templated":true}]}}