{"id":299,"date":"2024-12-12T13:46:58","date_gmt":"2024-12-12T05:46:58","guid":{"rendered":"https:\/\/shuangy.gg12.globaldeepsea.site\/?post_type=product&#038;p=299"},"modified":"2024-12-12T13:48:12","modified_gmt":"2024-12-12T05:48:12","slug":"hot-sale-cable-organizer","status":"publish","type":"product","link":"https:\/\/www.soyang-group.com\/pl\/produkt\/hot-sale-cable-organizer\/","title":{"rendered":"Hot Sale Cable Organizer"},"content":{"rendered":"<p><strong>(1) Podstawowe informacje<\/strong><br \/>\nModel nr: Organizator kablowy<br \/>\nNazwa marki: Shuangyang<br \/>\nShell Material:PP<br \/>\nWarly: 1years<br \/>\nCertyfikat: Rohs, Reach, WWA<\/p>\n<p>&nbsp;<\/p>\n<p><strong>(2) Szczeg\u00f3\u0142y produktu:<\/strong><br \/>\nNumer modelu: RXJ-02<br \/>\nNazwa marki: Shuangyang<br \/>\nZastosowanie: Toczenie kabla<\/p>\n<p><strong>Opis i funkcje<\/strong><br \/>\n1. Wodoodporny: IP44<br \/>\n2.color:blue<br \/>\n3. Rozmiar jednostek: 440x120x8,7 mm<\/p>\n<p><img decoding=\"async\" src=\"https:\/\/www.soyanggroup.com\/uploads\/c218d87a.png\" alt=\"\" \/><br \/>\n4. Umiej\u0119tno\u015b\u0107 dostaw: 10 000 000 sztuk\/sztuk miesi\u0119cznie<\/p>\n<p><strong>Specyfikacja<\/strong><br \/>\nPakiet: etykieta<br \/>\nQty\/CTN: 100pcs<br \/>\nGW: 5,2 kg<br \/>\nNW: 4.8kg<br \/>\nRozmiar kartonu: 46x30x20 cm<br \/>\nQty\/20 \u2032: 97 800 szt<br \/>\nCertyfikaty: Rohs, Reach, WWA<\/p>\n<p><img decoding=\"async\" src=\"https:\/\/www.soyanggroup.com\/uploads\/ff0edabc.png\" alt=\"\" \/><img decoding=\"async\" src=\"https:\/\/www.soyanggroup.com\/uploads\/1c7ddccc.png\" alt=\"\" \/><\/p>\n<p><strong>Nasze us\u0142ugi<\/strong><br \/>\n1. Po otrzymaniu wiadomo\u015bci odpowiemy za 24 godziny<br \/>\n2. Mamy profesjonalny zesp\u00f3\u0142 sprzeda\u017cy, kt\u00f3ry oferuje Ci us\u0142ug\u0119<br \/>\n3. Oferuj 2 lata jako czas gwarancji i us\u0142ugi po sprzeda\u017cy<\/p>\n<p>&nbsp;<\/p>\n<p>&nbsp;<\/p>\n<p><strong>Company Information<\/strong><\/p>\n<p>Zhejiang Shuangyang Group Co.Ltd. was established in 1986, is a private owned enterprise, one of Star Enterprise of Ningbo City in 1998,\u00a0and approved by ISO9001\/14000\/18000. We located in Cixi, Ningbo city, which is only one hour to Ningbo harbor and airport, and two hours to Shanghai.<\/p>\n<p><img decoding=\"async\" src=\"https:\/\/sc01.alicdn.com\/kf\/He5ba632c74e44a68a587403dde671c5eH\/1942321\/He5ba632c74e44a68a587403dde671c5eH.png_.webp\" alt=\"\" \/><br \/>\nTill now, the registered capital is over 16 million U.S.Dollar. Our floor area is about 120.000 sqm, and construction area is about 85,000 sqm. In 2018, our total turn over is 80 million U.S.Dollar. We have ten R&amp;D persons and over 100 QCs to guarantee the quality, each year, we design and develop over ten new products acting as a lead manufacturer.<\/p>\n<p>Our main products are timers, sockets, flexible cables, power cords, plugs, extension sockets, cable reels, and lightings. We can supply many kinds of timers such as daily timers, mechanical and digital timers, count down timers, industry timers with all kinds of sockets. Our target markets are European market and American market. Our products approved by CE, GS, D, N, S, NF, ETL, VDE, RoHS, REACH, PAHS and so on.<\/p>\n<p>We have a good reputation among our customers. We always focus on the protection of environment and human being safety. Improving the quality of life is our final purpose.<\/p>\n<p>Power cords, extension cords and cable reels are our main business, we are the lead manufacturer of the promotion orders from European market every year. We are Top one manufacturer cooperating with VDE Global Service in Germany to protect trademark.<\/p>\n<p>Wsp\u00f3\u0142pa\u0142o\u017cenie si\u0119 w wsp\u00f3\u0142pracy ze wszystkimi klientami pod wzgl\u0119dem wzajemnych korzy\u015bci i \u015bwietlanej przysz\u0142o\u015bci.<\/p>\n<p>&nbsp;<\/p>\n<p><strong>FAQ<\/strong><\/p>\n<p>Q1. Jakie warunki wysy\u0142ki mo\u017cemy wybra\u0107?<\/p>\n<p>Odp.: Jest drog\u0105 morsk\u0105, przez powietrze, przez ekspresow\u0105 dostaw\u0119 dla twoich opcji.<\/p>\n<p>&nbsp;<\/p>\n<p>Q2. Co powiesz na czas gwarancji i produkty gwarancyjne?<\/p>\n<p>Odp.: Wi\u0119kszo\u015b\u0107 produkt\u00f3w to 2 lata, odcinaj przewody i r\u00f3b kilka zdj\u0119\u0107.<\/p>\n<p>&nbsp;<\/p>\n<p>Q3. Jakie warunki wysy\u0142ki mo\u017cemy wybra\u0107?<\/p>\n<p>Odp.: Jest drog\u0105 morsk\u0105, przez powietrze, przez ekspresow\u0105 dostaw\u0119 dla twoich opcji.<\/p>\n<p>&nbsp;<\/p>\n<p>Q4. Czy testujesz wszystkie produkty przed dostaw\u0105?<\/p>\n<p>Odp.: Tak, testujemy 100% produkt\u00f3w przed dostaw\u0105, utrzymuj normalnie 100%.<\/p>","protected":false},"excerpt":{"rendered":"<p>Plastikowe cz\u0119\u015bci przed\u0142u\u017cacze<br \/>\n\u0141atwy do uruchomienia kabel,<br \/>\n\u0141atwe do noszenia i noszenia<br \/>\nCzas realizacji :<br \/>\nIlo\u015b\u0107 (kawa\u0142ki) 1 - 10000&gt; 10000<br \/>\nEst. Czas (dni) 60 do negocjacji<\/p>","protected":false},"featured_media":300,"template":"","meta":[],"product_cat":[27],"product_tag":[],"class_list":{"0":"post-299","1":"product","2":"type-product","3":"status-publish","4":"has-post-thumbnail","6":"product_cat-cable-organizer","8":"first","9":"instock","10":"shipping-taxable","11":"product-type-simple"},"_links":{"self":[{"href":"https:\/\/www.soyang-group.com\/pl\/wp-json\/wp\/v2\/product\/299","targetHints":{"allow":["GET"]}}],"collection":[{"href":"https:\/\/www.soyang-group.com\/pl\/wp-json\/wp\/v2\/product"}],"about":[{"href":"https:\/\/www.soyang-group.com\/pl\/wp-json\/wp\/v2\/types\/product"}],"version-history":[{"count":0,"href":"https:\/\/www.soyang-group.com\/pl\/wp-json\/wp\/v2\/product\/299\/revisions"}],"wp:featuredmedia":[{"embeddable":true,"href":"https:\/\/www.soyang-group.com\/pl\/wp-json\/wp\/v2\/media\/300"}],"wp:attachment":[{"href":"https:\/\/www.soyang-group.com\/pl\/wp-json\/wp\/v2\/media?parent=299"}],"wp:term":[{"taxonomy":"product_cat","embeddable":true,"href":"https:\/\/www.soyang-group.com\/pl\/wp-json\/wp\/v2\/product_cat?post=299"},{"taxonomy":"product_tag","embeddable":true,"href":"https:\/\/www.soyang-group.com\/pl\/wp-json\/wp\/v2\/product_tag?post=299"}],"curies":[{"name":"wp","href":"https:\/\/api.w.org\/{rel}","templated":true}]}}