{"id":301,"date":"2024-12-12T13:49:52","date_gmt":"2024-12-12T05:49:52","guid":{"rendered":"https:\/\/shuangy.gg12.globaldeepsea.site\/?post_type=product&#038;p=301"},"modified":"2024-12-12T13:49:52","modified_gmt":"2024-12-12T05:49:52","slug":"distribution-box","status":"publish","type":"product","link":"https:\/\/www.soyang-group.com\/pl\/produkt\/distribution-box\/","title":{"rendered":"Pude\u0142ko dystrybucyjne"},"content":{"rendered":"<div class=\"fl-col-group fl-node-5ea14fb3ab9ad\" data-node=\"5ea14fb3ab9ad\">\n<div class=\"fl-col fl-node-5ea14fb3abc58 fl-col-has-cols\" data-node=\"5ea14fb3abc58\">\n<div class=\"fl-col-content fl-node-content\">\n<div class=\"fl-module fl-module-rich-text fl-node-5ea14fb85e291\" data-node=\"5ea14fb85e291\" data-animation-delay=\"0.0\">\n<div class=\"fl-module-content fl-node-content\">\n<div class=\"fl-rich-text\">\n<p><b>Podstawowe informacje<\/b><br \/>\nModel nr: Dystrybucja<br \/>\nNazwa marki: Shuangyang<br \/>\nMateria\u0142: guma, mied\u017a, metal\u2026<br \/>\nZastosowanie: po\u0142\u0105czenie zasilania do elektrycznego<br \/>\nurz\u0105dzenia<br \/>\nWarly: 1years<br \/>\nCertyfikat: CE, Rohs, Reach, WWA<\/p>\n<\/div>\n<\/div>\n<\/div>\n<div class=\"fl-col-group fl-node-5ea14fe4a5132 fl-col-group-nested\" data-node=\"5ea14fe4a5132\">\n<div class=\"fl-col fl-node-5ea14fe4a56a8\" data-node=\"5ea14fe4a56a8\">\n<div class=\"fl-col-content fl-node-content\">\n<div class=\"fl-module fl-module-rich-text fl-node-5ea14ff2d0279\" data-node=\"5ea14ff2d0279\" data-animation-delay=\"0.0\">\n<div class=\"fl-module-content fl-node-content\">\n<div class=\"fl-rich-text\">\n<p><strong>Product Detail:<\/strong><br \/>\n<b>(1) Typ 1<\/b><br \/>\nNumer modelu: GJX01B-KM-D<br \/>\nNazwa marki: Shuangyang<br \/>\nZastosowanie: po\u0142\u0105czenie zasilania do urz\u0105dze\u0144 elektrycznych<br \/>\n<b>Opis i funkcje<\/b><br \/>\n1. Maksymalna moc: 3680 W.<br \/>\n2. VOTAGE: 250 V AC<br \/>\n3. cz\u0119stotliwo\u015b\u0107: 50 Hz<br \/>\n4. Current: 16a<br \/>\n5.Water-proof:IP44<br \/>\n6. Pole: 3p+n+e<br \/>\n7. Rozmiar jednostek: 362.5x195x215 mm<br \/>\n8. Kabel rozumuj\u0105cy si\u0119 nast\u0119puj\u0105co: H05RN-F 3G0.75\/1.0,<br \/>\nH05RR-F 3G0,75\/1,0\/1,5\/2,5<br \/>\nH07RN-F 3G1.0\/1,5\/2.5<br \/>\n9. D\u0142ugo\u015b\u0107 kabla mo\u017ce zgodnie z wymaganiami klienta. Na przyk\u0142ad: 10m, 25m, 50m\u2026.<br \/>\n10. mo\u017ce wed\u0142ug klient\u00f3w do pakowania.<br \/>\n11. Zdolno\u015b\u0107 dostaw: 500000 metr\u00f3w\/metry miesi\u0119cznie Europejski przed\u0142u\u017cacz<br \/>\n<b>Specyfikacja<\/b><br \/>\nPakiet: White Box<br \/>\nCertyfikaty: CE, Rohs, Reach, WWA<br \/>\n<a class=\"fancybox\" href=\"https:\/\/www.soyanggroup.com\/uploads\/deac14ab.png\" target=\"_blank\" rel=\"noopener\"><img decoding=\"async\" src=\"https:\/\/www.soyanggroup.com\/uploads\/deac14ab.png\" alt=\"Box Distribution1468\" \/><\/a><img decoding=\"async\" src=\"https:\/\/www.soyanggroup.com\/uploads\/589df2ee.png\" alt=\"Box Distribution1507\" \/><\/p>\n<\/div>\n<\/div>\n<\/div>\n<\/div>\n<\/div>\n<div class=\"fl-col fl-node-5ea14fe4a570b fl-col-small\" data-node=\"5ea14fe4a570b\">\n<div class=\"fl-col-content fl-node-content\">\n<div class=\"fl-module fl-module-rich-text fl-node-5ea15099c5cf1\" data-node=\"5ea15099c5cf1\" data-animation-delay=\"0.0\">\n<div class=\"fl-module-content fl-node-content\">\n<div class=\"fl-rich-text\">\n<p><a class=\"fancybox\" href=\"https:\/\/www.soyanggroup.com\/uploads\/8eeafddf.png\" target=\"_blank\" rel=\"noopener\"><img decoding=\"async\" src=\"https:\/\/www.soyanggroup.com\/uploads\/8eeafddf.png\" alt=\"Dystrybucja 0\" \/><\/a><\/p>\n<\/div>\n<\/div>\n<\/div>\n<\/div>\n<\/div>\n<\/div>\n<\/div>\n<\/div>\n<\/div>\n<div class=\"fl-col-group fl-node-5ea150bb27b8c\" data-node=\"5ea150bb27b8c\">\n<div class=\"fl-col fl-node-5ea150bb27f3b\" data-node=\"5ea150bb27f3b\">\n<div class=\"fl-col-content fl-node-content\">\n<div class=\"fl-module fl-module-rich-text fl-node-5ea150d1c667b\" data-node=\"5ea150d1c667b\" data-animation-delay=\"0.0\">\n<div class=\"fl-module-content fl-node-content\">\n<div class=\"fl-rich-text\">\n<p><b>(2) Typ 2<\/b><br \/>\n<b><\/b>Numer modelu: GJX01B-K3-F<br \/>\nNazwa marki: Shuangyang<br \/>\nZastosowanie: po\u0142\u0105czenie zasilania do urz\u0105dze\u0144 elektrycznych<br \/>\n<b>Opis i funkcje<\/b><br \/>\n<b><\/b>1. Maksymalna moc: 3680 W.<br \/>\n2. VOTAGE: 250 V AC<br \/>\n3. cz\u0119stotliwo\u015b\u0107: 50 Hz<br \/>\n4. Current: 16a<br \/>\n5.Water-proof:IP44<br \/>\n6. Pole: 3p+n+e<br \/>\n7. Rozmiar jednostek: 362.5x195x215 mm<br \/>\n8. Kabel rozumowy w nast\u0119puj\u0105cy spos\u00f3b: H05RN-F 3G1.0,<br \/>\nH05RR-F 3G1.0\/1,5,<br \/>\nH07RN-F 3G1.0\/1,5\/2.5.<br \/>\n9. D\u0142ugo\u015b\u0107 kabla mo\u017ce zgodnie z wymaganiami klienta. Na przyk\u0142ad: 10m, 25m, 50m\u2026.<br \/>\n10. mo\u017ce wed\u0142ug klient\u00f3w do pakowania.<br \/>\n11. Zdolno\u015b\u0107 dostaw: 500000 metr\u00f3w\/metry miesi\u0119cznie Europejski przed\u0142u\u017cacz<br \/>\n<b>Specyfikacja<\/b><br \/>\nPakiet: White Box<br \/>\nCertyfikaty: CE, Rohs, Reach, WWA<br \/>\n<a class=\"fancybox\" href=\"https:\/\/www.soyanggroup.com\/uploads\/deac14ab.png\" target=\"_blank\" rel=\"noopener\"><img decoding=\"async\" src=\"https:\/\/www.soyanggroup.com\/uploads\/deac14ab.png\" alt=\"Box Distribution1468\" \/><\/a><img decoding=\"async\" src=\"https:\/\/www.soyanggroup.com\/uploads\/589df2ee.png\" alt=\"Box Distribution1507\" \/><\/p>\n<\/div>\n<\/div>\n<\/div>\n<\/div>\n<\/div>\n<div class=\"fl-col fl-node-5ea150bb27f93 fl-col-small\" data-node=\"5ea150bb27f93\">\n<div class=\"fl-col-content fl-node-content\">\n<div class=\"fl-module fl-module-rich-text fl-node-5ea15165e56d6\" data-node=\"5ea15165e56d6\" data-animation-delay=\"0.0\">\n<div class=\"fl-module-content fl-node-content\">\n<div class=\"fl-rich-text\">\n<p><a class=\"fancybox\" href=\"https:\/\/www.soyanggroup.com\/uploads\/56c4eff2.png\" target=\"_blank\" rel=\"noopener\"><img decoding=\"async\" src=\"https:\/\/www.soyanggroup.com\/uploads\/56c4eff2.png\" alt=\"Box Distribution1524\" \/><\/a><\/p>\n<\/div>\n<\/div>\n<\/div>\n<\/div>\n<\/div>\n<\/div>\n<div class=\"fl-col-group fl-node-5ea1519aa3814\" data-node=\"5ea1519aa3814\">\n<div class=\"fl-col fl-node-5ea1519aa3dcb\" data-node=\"5ea1519aa3dcb\">\n<div class=\"fl-col-content fl-node-content\">\n<div class=\"fl-module fl-module-rich-text fl-node-5ea151a22ca94\" data-node=\"5ea151a22ca94\" data-animation-delay=\"0.0\">\n<div class=\"fl-module-content fl-node-content\">\n<div class=\"fl-rich-text\">\n<p><b>(3) Typ 3<\/b><br \/>\nNumer modelu: GJX01C-55-E<br \/>\nNazwa marki: Shuangyang<br \/>\nZastosowanie: po\u0142\u0105czenie zasilania do urz\u0105dze\u0144 elektrycznych<br \/>\n<b>Opis i funkcje<\/b><br \/>\n1. Maksymalna moc: 3680 W.<br \/>\n2. VOTAGE: 250 V AC<br \/>\n3. cz\u0119stotliwo\u015b\u0107: 50 Hz<br \/>\n4. Current: 16a<br \/>\n5.Water-proof:IP44<br \/>\n6. Pole: 2p+e<br \/>\n7. Rozmiar jednostek: 362.5x195x215 mm<br \/>\n8. Kabel rozumowy w nast\u0119puj\u0105cy spos\u00f3b: H05RN-F3G1.0,<br \/>\nH05RR-F3G1.0\/1.5,<br \/>\nH05RN-F3G1.0\/1.5<br \/>\n9. D\u0142ugo\u015b\u0107 kabla mo\u017ce zgodnie z wymaganiami klienta. Na przyk\u0142ad: 10m, 25m, 50m\u2026.<br \/>\n10. mo\u017ce wed\u0142ug klient\u00f3w do pakowania.<br \/>\n11. Zdolno\u015b\u0107 dostaw: 500000 metr\u00f3w\/metry miesi\u0119cznie Europejski przed\u0142u\u017cacz<br \/>\n<b><\/b><b>Specyfikacja<\/b><br \/>\nPakiet: White Box<br \/>\nCertyfikaty: CE, Rohs, Reach, WWA<br \/>\n<a class=\"fancybox\" href=\"https:\/\/www.soyanggroup.com\/uploads\/deac14ab.png\" target=\"_blank\" rel=\"noopener\"><img decoding=\"async\" src=\"https:\/\/www.soyanggroup.com\/uploads\/deac14ab.png\" alt=\"Box Distribution1468\" \/><\/a><img decoding=\"async\" src=\"https:\/\/www.soyanggroup.com\/uploads\/589df2ee.png\" alt=\"Box Distribution1507\" \/><\/p>\n<\/div>\n<\/div>\n<\/div>\n<\/div>\n<\/div>\n<div class=\"fl-col fl-node-5ea1519aa3e2f fl-col-small\" data-node=\"5ea1519aa3e2f\">\n<div class=\"fl-col-content fl-node-content\">\n<div class=\"fl-module fl-module-rich-text fl-node-5ea1523994a88\" data-node=\"5ea1523994a88\" data-animation-delay=\"0.0\">\n<div class=\"fl-module-content fl-node-content\">\n<div class=\"fl-rich-text\">\n<p><a class=\"fancybox\" href=\"https:\/\/www.soyanggroup.com\/uploads\/c91cae20.png\" target=\"_blank\" rel=\"noopener\"><img decoding=\"async\" src=\"https:\/\/www.soyanggroup.com\/uploads\/c91cae20.png\" alt=\"Dystrybucja Box2542\" \/><\/a><\/p>\n<\/div>\n<\/div>\n<\/div>\n<\/div>\n<\/div>\n<\/div>\n<div class=\"fl-col-group fl-node-5ea1524aab91c\" data-node=\"5ea1524aab91c\">\n<div class=\"fl-col fl-node-5ea1524aabd28\" data-node=\"5ea1524aabd28\">\n<div class=\"fl-col-content fl-node-content\">\n<div class=\"fl-module fl-module-rich-text fl-node-5ea1525722ea5\" data-node=\"5ea1525722ea5\" data-animation-delay=\"0.0\">\n<div class=\"fl-module-content fl-node-content\">\n<div class=\"fl-rich-text\">\n<p><b>(4) Typ 4<\/b><br \/>\n<b><\/b>Numer modelu: GJX01B-33-D<br \/>\nNazwa marki: Shuangyang<br \/>\nZastosowanie: po\u0142\u0105czenie zasilania do urz\u0105dze\u0144 elektrycznych<br \/>\n<b>Opis i funkcje<\/b><br \/>\n<b><\/b>1. Maksymalna moc: 3680 W.<br \/>\n2. VOTAGE: 250 V AC<br \/>\n3. cz\u0119stotliwo\u015b\u0107: 50 Hz<br \/>\n4. Current: 16a<br \/>\n5.Water-proof:IP44<br \/>\n6. Pole: 3p+n+e<br \/>\n7. Rozmiar jednostek: 362.5x195x215 mm<br \/>\n8. Kabel rozumowy w nast\u0119puj\u0105cy spos\u00f3b: H05RN-F3G1.0,<br \/>\nH05RR-F3G1.0\/1.5,<br \/>\nH05RN-F3G1.0\/1.5<br \/>\n9. D\u0142ugo\u015b\u0107 kabla mo\u017ce zgodnie z wymaganiami klienta. Na przyk\u0142ad: 10m, 25m, 50m\u2026.<br \/>\n10. mo\u017ce wed\u0142ug klient\u00f3w do pakowania.<br \/>\n11. Zdolno\u015b\u0107 dostaw: 500000 metr\u00f3w\/metry miesi\u0119cznie Europejski przed\u0142u\u017cacz<br \/>\n<b>\u00a0<\/b><b>Specyfikacja<\/b><br \/>\nPakiet: White Box<br \/>\nCertyfikaty: CE, Rohs, Reach, WWA<br \/>\n<a class=\"fancybox\" href=\"https:\/\/www.soyanggroup.com\/uploads\/deac14ab.png\" target=\"_blank\" rel=\"noopener\"><img decoding=\"async\" src=\"https:\/\/www.soyanggroup.com\/uploads\/deac14ab.png\" alt=\"Box Distribution1468\" \/><\/a><img decoding=\"async\" src=\"https:\/\/www.soyanggroup.com\/uploads\/589df2ee.png\" alt=\"Box Distribution1507\" \/><\/p>\n<\/div>\n<\/div>\n<\/div>\n<\/div>\n<\/div>\n<div class=\"fl-col fl-node-5ea1524aabd80 fl-col-small\" data-node=\"5ea1524aabd80\">\n<div class=\"fl-col-content fl-node-content\">\n<div class=\"fl-module fl-module-rich-text fl-node-5ea152cf1c159\" data-node=\"5ea152cf1c159\" data-animation-delay=\"0.0\">\n<div class=\"fl-module-content fl-node-content\">\n<div class=\"fl-rich-text\">\n<p><a class=\"fancybox\" href=\"https:\/\/www.soyanggroup.com\/uploads\/23ba4296.png\" target=\"_blank\" rel=\"noopener\"><img decoding=\"async\" src=\"https:\/\/www.soyanggroup.com\/uploads\/23ba4296.png\" alt=\"Box Distribution3556\" \/><\/a><\/p>\n<\/div>\n<\/div>\n<\/div>\n<\/div>\n<\/div>\n<\/div>\n<div class=\"fl-col-group fl-node-5ea53407d9dd4\" data-node=\"5ea53407d9dd4\">\n<div class=\"fl-col fl-node-5ea53407da14a\" data-node=\"5ea53407da14a\">\n<div class=\"fl-col-content fl-node-content\">\n<div class=\"fl-module fl-module-rich-text fl-node-5ea53407d9ba2\" data-node=\"5ea53407d9ba2\" data-animation-delay=\"0.0\">\n<div class=\"fl-module-content fl-node-content\">\n<div class=\"fl-rich-text\">\n<h3><b>Production Flow:<\/b><b><\/b><\/h3>\n<\/div>\n<\/div>\n<\/div>\n<\/div>\n<\/div>\n<\/div>\n<div class=\"fl-col-group fl-node-5ea153048e3c7\" data-node=\"5ea153048e3c7\">\n<div class=\"fl-col fl-node-5ea153048e7b4 fl-col-small\" data-node=\"5ea153048e7b4\">\n<div class=\"fl-col-content fl-node-content\">\n<div class=\"fl-module fl-module-rich-text fl-node-5ea15335d577c\" data-node=\"5ea15335d577c\" data-animation-delay=\"0.0\">\n<div class=\"fl-module-content fl-node-content\">\n<div class=\"fl-rich-text\">\n<div data-node=\"5e9fbed61f05c\" data-animation-delay=\"0.0\">\n<div>\n<div>\n<p>Winching (kable, ko\u0142owrotki kablowe)<\/p>\n<\/div>\n<\/div>\n<\/div>\n<div data-node=\"5e9fccd7af26e\" data-animation-delay=\"0.0\">\n<div>\n<div>\n<div><img decoding=\"async\" src=\"https:\/\/www.soyanggroup.com\/uploads\/60f9d174.png\" alt=\"ghgsssdf1\" \/><\/div>\n<\/div>\n<\/div>\n<\/div>\n<\/div>\n<\/div>\n<\/div>\n<\/div>\n<\/div>\n<div class=\"fl-col fl-node-5ea153048e80b fl-col-small\" data-node=\"5ea153048e80b\">\n<div class=\"fl-col-content fl-node-content\">\n<div class=\"fl-module fl-module-rich-text fl-node-5ea153408bd88\" data-node=\"5ea153408bd88\" data-animation-delay=\"0.0\">\n<div class=\"fl-module-content fl-node-content\">\n<div class=\"fl-rich-text\">\n<div data-node=\"5e9fbf1740fb0\" data-animation-delay=\"0.0\">\n<div>\n<div>\n<p>Wyt\u0142aczanie<\/p>\n<\/div>\n<\/div>\n<\/div>\n<div data-node=\"5e9fcd0852b28\" data-animation-delay=\"0.0\">\n<div>\n<div>\n<div><img decoding=\"async\" src=\"https:\/\/www.soyanggroup.com\/uploads\/24ee4d75.png\" alt=\"dfgshghg\" \/><\/div>\n<\/div>\n<\/div>\n<\/div>\n<\/div>\n<\/div>\n<\/div>\n<\/div>\n<\/div>\n<div class=\"fl-col fl-node-5ea153048e85b fl-col-small\" data-node=\"5ea153048e85b\">\n<div class=\"fl-col-content fl-node-content\">\n<div class=\"fl-module fl-module-rich-text fl-node-5ea1536154831\" data-node=\"5ea1536154831\" data-animation-delay=\"0.0\">\n<div class=\"fl-module-content fl-node-content\">\n<div class=\"fl-rich-text\">\n<div data-node=\"5e9fbf3f1e188\" data-animation-delay=\"0.0\">\n<div>\n<div>\n<p>Brelok<\/p>\n<\/div>\n<\/div>\n<\/div>\n<div data-node=\"5e9fcd2e1e520\" data-animation-delay=\"0.0\">\n<div>\n<div>\n<div><img decoding=\"async\" src=\"https:\/\/www.soyanggroup.com\/uploads\/206e152b.png\" alt=\"adfdgagfdfgfh\" \/><\/div>\n<\/div>\n<\/div>\n<\/div>\n<\/div>\n<\/div>\n<\/div>\n<\/div>\n<\/div>\n<\/div>\n<div class=\"fl-col-group fl-node-5ea15309dcff4\" data-node=\"5ea15309dcff4\">\n<div class=\"fl-col fl-node-5ea15309dd3df fl-col-small\" data-node=\"5ea15309dd3df\">\n<div class=\"fl-col-content fl-node-content\">\n<div class=\"fl-module fl-module-rich-text fl-node-5ea153784f2d4\" data-node=\"5ea153784f2d4\" data-animation-delay=\"0.0\">\n<div class=\"fl-module-content fl-node-content\">\n<div class=\"fl-rich-text\">\n<div data-node=\"5e9fbf5d1cea7\" data-animation-delay=\"0.0\">\n<div>\n<div>\n<p>Niting<\/p>\n<\/div>\n<\/div>\n<\/div>\n<div data-node=\"5e9fcd50178d1\" data-animation-delay=\"0.0\">\n<div>\n<div>\n<div><img decoding=\"async\" src=\"https:\/\/www.soyanggroup.com\/uploads\/b1c754db.png\" alt=\"dsgfhghgfh\" \/><\/div>\n<\/div>\n<\/div>\n<\/div>\n<\/div>\n<\/div>\n<\/div>\n<\/div>\n<\/div>\n<div class=\"fl-col fl-node-5ea15309dd435 fl-col-small\" data-node=\"5ea15309dd435\">\n<div class=\"fl-col-content fl-node-content\">\n<div class=\"fl-module fl-module-rich-text fl-node-5ea15389aaf31\" data-node=\"5ea15389aaf31\" data-animation-delay=\"0.0\">\n<div class=\"fl-module-content fl-node-content\">\n<div class=\"fl-rich-text\">\n<div data-node=\"5e9fbf5549745\" data-animation-delay=\"0.0\">\n<div>\n<div>\n<p>Wtrysk wtyk<\/p>\n<\/div>\n<\/div>\n<\/div>\n<div data-node=\"5e9fcd69139bc\" data-animation-delay=\"0.0\">\n<div>\n<div>\n<div><img decoding=\"async\" src=\"https:\/\/www.soyanggroup.com\/uploads\/69323a26.png\" alt=\"afdfsdfds\" \/><\/div>\n<\/div>\n<\/div>\n<\/div>\n<\/div>\n<\/div>\n<\/div>\n<\/div>\n<\/div>\n<div class=\"fl-col fl-node-5ea15309dd482 fl-col-small\" data-node=\"5ea15309dd482\">\n<div class=\"fl-col-content fl-node-content\">\n<div class=\"fl-module fl-module-rich-text fl-node-5ea1539f6fdcd\" data-node=\"5ea1539f6fdcd\" data-animation-delay=\"0.0\">\n<div class=\"fl-module-content fl-node-content\">\n<div class=\"fl-rich-text\">\n<div data-node=\"5e9fbf5a19e43\" data-animation-delay=\"0.0\">\n<div>\n<div>\n<p>Z\u0142o\u017cenie<\/p>\n<\/div>\n<\/div>\n<\/div>\n<div data-node=\"5e9fcd7a14001\" data-animation-delay=\"0.0\">\n<div>\n<div>\n<div><img decoding=\"async\" src=\"https:\/\/www.soyanggroup.com\/uploads\/f0374276.png\" alt=\"dgdfgdfh\" \/><\/div>\n<\/div>\n<\/div>\n<\/div>\n<\/div>\n<\/div>\n<\/div>\n<\/div>\n<\/div>\n<\/div>\n<div class=\"fl-col-group fl-node-5ea1530df0ad5\" data-node=\"5ea1530df0ad5\">\n<div class=\"fl-col fl-node-5ea1530df0ecb fl-col-small\" data-node=\"5ea1530df0ecb\">\n<div class=\"fl-col-content fl-node-content\">\n<div class=\"fl-module fl-module-rich-text fl-node-5ea153b349553\" data-node=\"5ea153b349553\" data-animation-delay=\"0.0\">\n<div class=\"fl-module-content fl-node-content\">\n<div class=\"fl-rich-text\">\n<div data-node=\"5e9fbf5b91d70\" data-animation-delay=\"0.0\">\n<div>\n<div>\n<p>Testowanie<\/p>\n<\/div>\n<\/div>\n<\/div>\n<div data-node=\"5e9fcd9359f7b\" data-animation-delay=\"0.0\">\n<div>\n<div>\n<div><img decoding=\"async\" src=\"https:\/\/www.soyanggroup.com\/uploads\/fb597fa3.png\" alt=\"adfagfg\" \/><\/div>\n<\/div>\n<\/div>\n<\/div>\n<\/div>\n<\/div>\n<\/div>\n<\/div>\n<\/div>\n<div class=\"fl-col fl-node-5ea1530df0f22 fl-col-small\" data-node=\"5ea1530df0f22\">\n<div class=\"fl-col-content fl-node-content\">\n<div class=\"fl-module fl-module-rich-text fl-node-5ea153ca7ad93\" data-node=\"5ea153ca7ad93\" data-animation-delay=\"0.0\">\n<div class=\"fl-module-content fl-node-content\">\n<div class=\"fl-rich-text\">\n<div data-node=\"5e9fbf588c875\" data-animation-delay=\"0.0\">\n<div>\n<div>\n<p>Packaging<\/p>\n<\/div>\n<\/div>\n<\/div>\n<div data-node=\"5e9fcda981a7a\" data-animation-delay=\"0.0\">\n<div>\n<div>\n<div><img decoding=\"async\" src=\"https:\/\/www.soyanggroup.com\/uploads\/b0d9a9c0.png\" alt=\"FDGDFGFDHGF\" \/><\/div>\n<\/div>\n<\/div>\n<\/div>\n<\/div>\n<\/div>\n<\/div>\n<\/div>\n<\/div>\n<div class=\"fl-col fl-node-5ea1530df0f72 fl-col-small\" data-node=\"5ea1530df0f72\">\n<div class=\"fl-col-content fl-node-content\">\n<div class=\"fl-module fl-module-rich-text fl-node-5ea153dceeab3\" data-node=\"5ea153dceeab3\" data-animation-delay=\"0.0\">\n<div class=\"fl-module-content fl-node-content\">\n<div class=\"fl-rich-text\">\n<div data-node=\"5e9fbf571ae6e\" data-animation-delay=\"0.0\">\n<div>\n<div>\n<p>Magazyn<\/p>\n<\/div>\n<\/div>\n<\/div>\n<div data-node=\"5e9fcdba739ab\" data-animation-delay=\"0.0\">\n<div>\n<div>\n<div><img decoding=\"async\" src=\"https:\/\/www.soyanggroup.com\/uploads\/2497ad44.png\" alt=\"adfagdfsd\" \/><\/div>\n<\/div>\n<\/div>\n<\/div>\n<\/div>\n<\/div>\n<\/div>\n<\/div>\n<\/div>\n<\/div>\n<div class=\"fl-col-group fl-node-5ea153132afbe\" data-node=\"5ea153132afbe\">\n<div class=\"fl-col fl-node-5ea153132b428\" data-node=\"5ea153132b428\">\n<div class=\"fl-col-content fl-node-content\">\n<div class=\"fl-module fl-module-rich-text fl-node-5ea153132ad76\" data-node=\"5ea153132ad76\" data-animation-delay=\"0.0\">\n<div class=\"fl-module-content fl-node-content\">\n<div class=\"fl-rich-text\">\n<p><strong>Korzy\u015b\u0107<\/strong><\/p>\n<p>\u25cf Cz\u0119\u015bci markowe<br \/>\n\u25cf Kraj pochodzenia<br \/>\n\u25cf Oferowane dystrybutory<br \/>\n\u25cf Do\u015bwiadczony personel<br \/>\n\u25cf Formularz a<br \/>\n\u25cf Zielony produkt<br \/>\n\u25cf Gwarancja\/gwarancja<br \/>\n\u25cf Mi\u0119dzynarodowe zatwierdzenia<br \/>\n\u25cf Opakowanie<br \/>\n\u25cf Cena<br \/>\n\u25cf Funkcje produktu<br \/>\n\u25cf Wydajno\u015b\u0107 produktu<br \/>\n\u25cf Szybka dostawa<br \/>\n\u25cf Zatwierdzenia jako\u015bci<br \/>\n\u25cf Reputacja<br \/>\n\u25cf Praca<br \/>\n\u25cf Zaakceptowane ma\u0142e zam\u00f3wienia<br \/>\n\u25cf \u015awiadczona us\u0142uga OEM i ODM<br \/>\n\u25cf Wysoka jako\u015b\u0107<\/p>\n<p><b>Opakowanie, p\u0142atno\u015bci i wysy\u0142ka<\/b><br \/>\n<b>Packaging Details: pp bag with label<br \/>\n<\/b><b>Metoda p\u0142atno\u015bci: Advance TT, T\/T, L\/C<br \/>\n<\/b><b>Dostawa: 30-45 dni po otrzymaniu oddzia\u0142u<br \/>\n<\/b><b>Port: Ningbo lub Szanghaj<\/b><\/p>\n<p><strong>Profil firmy:<\/strong><br \/>\n1. Rodzaj odbiorc\u00f3w: producent, firma handlowa<br \/>\n2. Produkty main: gniazda timera, kabel, ko\u0142owrotki kablowe, o\u015bwietlenie<br \/>\n3. Pracownicy og\u00f3\u0142em: 501 - 1000 os\u00f3b<br \/>\n4. Year ustanowiony: 1994<br \/>\n5. Certyfikacja systemu zarz\u0105dzania: ISO9001, ISO14001, OHSAS18001<br \/>\n6. Kraj \/ region: Zhejiang, Chiny<br \/>\n7. Misterstwo: Prywatny w\u0142a\u015bciciel<br \/>\n8. Main Markets:<\/p>\n<p>Eastern Europe\u00a039.00%<br \/>\nNorthern Europe\u00a030.00%<br \/>\nWestern Europe\u00a016.00%<br \/>\nRynek krajowy: 7%<br \/>\nMid Wsch\u00f3d: 5%<br \/>\nAmeryka Po\u0142udniowa: 3%<\/p>\n<p><strong>FAQ:<\/strong><br \/>\n1.Can your products print guests LOGO?<br \/>\nYes,Guests provide the logo,we can print on the product.<br \/>\n2.What social responsibility audit did you pass?<br \/>\nYes,we have BSCI,SEDEX.<br \/>\n3.What are your prices?<br \/>\nOur prices are subject to change depending on supply and other market factors.We will send you and updated price list after your conmany contact us for further information.<\/p>\n<\/div>\n<\/div>\n<\/div>\n<\/div>\n<\/div>\n<\/div>","protected":false},"excerpt":{"rendered":"<p>Pole dystrybucji IP44<\/p>\n<p>R\u00f3\u017cne rodzaje dostosowanej mocy<\/p>\n<p>D\u0142ugo\u015b\u0107 kabla mo\u017ce zgodnie z wymaganiami klienta.<\/p>\n<p>Na przyk\u0142ad: 10m, 25m, 50m\u2026.<\/p>","protected":false},"featured_media":302,"template":"","meta":[],"product_cat":[28],"product_tag":[],"class_list":{"0":"post-301","1":"product","2":"type-product","3":"status-publish","4":"has-post-thumbnail","6":"product_cat-distribution-box","8":"first","9":"instock","10":"shipping-taxable","11":"product-type-simple"},"_links":{"self":[{"href":"https:\/\/www.soyang-group.com\/pl\/wp-json\/wp\/v2\/product\/301","targetHints":{"allow":["GET"]}}],"collection":[{"href":"https:\/\/www.soyang-group.com\/pl\/wp-json\/wp\/v2\/product"}],"about":[{"href":"https:\/\/www.soyang-group.com\/pl\/wp-json\/wp\/v2\/types\/product"}],"version-history":[{"count":0,"href":"https:\/\/www.soyang-group.com\/pl\/wp-json\/wp\/v2\/product\/301\/revisions"}],"wp:featuredmedia":[{"embeddable":true,"href":"https:\/\/www.soyang-group.com\/pl\/wp-json\/wp\/v2\/media\/302"}],"wp:attachment":[{"href":"https:\/\/www.soyang-group.com\/pl\/wp-json\/wp\/v2\/media?parent=301"}],"wp:term":[{"taxonomy":"product_cat","embeddable":true,"href":"https:\/\/www.soyang-group.com\/pl\/wp-json\/wp\/v2\/product_cat?post=301"},{"taxonomy":"product_tag","embeddable":true,"href":"https:\/\/www.soyang-group.com\/pl\/wp-json\/wp\/v2\/product_tag?post=301"}],"curies":[{"name":"wp","href":"https:\/\/api.w.org\/{rel}","templated":true}]}}