{"id":303,"date":"2024-12-12T13:52:00","date_gmt":"2024-12-12T05:52:00","guid":{"rendered":"https:\/\/shuangy.gg12.globaldeepsea.site\/?post_type=product&#038;p=303"},"modified":"2024-12-12T13:52:00","modified_gmt":"2024-12-12T05:52:00","slug":"3ways-extension-sockets","status":"publish","type":"product","link":"https:\/\/www.soyang-group.com\/pl\/produkt\/3ways-extension-sockets\/","title":{"rendered":"3 -droga gniazda przed\u0142u\u017caj\u0105cego"},"content":{"rendered":"<p><strong>Przegl\u0105d<\/strong><\/p>\n<p><strong>Szybkie szczeg\u00f3\u0142y<\/strong><br \/>\nMiejsce pochodzenia: Zhejiang, Chiny<br \/>\nNazwa marki: Shuangyang<br \/>\nNumer modelu: TXB-3-D<br \/>\nTyp: Gniazdo rozszerzenia<br \/>\nCertyfikat: S NF GS CE<\/p>\n<p><strong>Umiej\u0119tno\u015b\u0107 dostaw<\/strong><br \/>\nUmiej\u0119tno\u015b\u0107 zaopatrzenia: 9000000 metr\u00f3w\/metry miesi\u0119cznie Europejski przed\u0142u\u017cacz<\/p>\n<p><strong>Opakowanie i dostawa<\/strong><br \/>\nSzczeg\u00f3\u0142y opakowania: torba PE z etykiet\u0105<br \/>\nPort: Ningbo<br \/>\nCzas realizacji: 25 dni po otrzymaniu odleg\u0142o\u015bci<br \/>\nNiemcy przed\u0142u\u017cacz<\/p>\n<p>&nbsp;<\/p>\n<p><strong>Szczeg\u00f3\u0142owe opis produktu<\/strong><\/p>\n<p><strong>Gniazda rozszerzenia mieszkaniowego<\/strong><br \/>\nNumer modelu: TXB-3-D<br \/>\nNazwa marki: Shuangyang<br \/>\nUziemienie: standardowe uziemienie<\/p>\n<p><strong>Opis i funkcje<\/strong><br \/>\n1. VOTAGE: 250 V AC<br \/>\n2. Pr\u0105d oceniany: 16a<br \/>\n3. Wodoodporny: IP44<br \/>\n4. Z zabezpieczaniem si\u0119 dzieckiem-bezpiecze\u0144stwu<br \/>\n5. Kolor: Czarny<br \/>\n6. Kabel rozumowy w nast\u0119puj\u0105cy spos\u00f3b: H05RN-F 3G1.0<br \/>\nH05RR-F 3G1.5<br \/>\nH07RN-F 3G1.0\/1,5\/2.5<br \/>\n7. D\u0142ugo\u015b\u0107 kabla mo\u017ce zgodnie z wymaganiami klienta. Na przyk\u0142ad: 10m, 25m, 50m\u2026.<br \/>\n8. mo\u017ce zgodnie z wymaganiami klient\u00f3w do pakowania.<br \/>\n9. Umiej\u0119tno\u015b\u0107 dostaw: 5000000 sztuk\/kawa\u0142k\u00f3w miesi\u0119cznie<br \/>\n10. Dost\u0119pna pojemno\u015b\u0107 dla innego projektu: wersja Francji, wersja Niemiec<\/p>\n<p><img decoding=\"async\" src=\"https:\/\/www.soyanggroup.com\/uploads\/dc719d6c.png\" alt=\"\" \/><img decoding=\"async\" src=\"https:\/\/www.soyanggroup.com\/uploads\/d4047062.png\" alt=\"\" \/><\/p>\n<p><strong>Specyfikacja<\/strong><br \/>\nPackage: pp bag with card<br \/>\nCertyfikaty: S, GS, CE, ROHS, REACH, WWA<\/p>\n<p><img decoding=\"async\" src=\"https:\/\/www.soyanggroup.com\/uploads\/38a0b92314.jpg\" alt=\"\" \/><\/p>\n<p>&nbsp;<\/p>\n<p><strong>Company Information<\/strong><\/p>\n<p>Zhejiang Shuangyang Group Co.Ltd. was established in 1986, is a private owned enterprise, one of Star Enterprise of Ningbo City in 1998,\u00a0and approved by ISO9001\/14000\/18000. We located in Cixi, Ningbo city, which is only one hour to Ningbo harbor and airport, and two hours to Shanghai.<\/p>\n<p><img decoding=\"async\" src=\"https:\/\/sc01.alicdn.com\/kf\/He5ba632c74e44a68a587403dde671c5eH\/1942321\/He5ba632c74e44a68a587403dde671c5eH.png_.webp\" alt=\"\" \/><br \/>\nTill now, the registered capital is over 16 million U.S.Dollar. Our floor area is about 120.000 sqm, and construction area is about 85,000 sqm. In 2018, our total turn over is 80 million U.S.Dollar. We have ten R&amp;D persons and over 100 QCs to guarantee the quality, each year, we design and develop over ten new products acting as a lead manufacturer.<\/p>\n<p>Our main products are timers, sockets, flexible cables, power cords, plugs, extension sockets, cable reels, and lightings. We can supply many kinds of timers such as daily timers, mechanical and digital timers, count down timers, industry timers with all kinds of sockets. Our target markets are European market and American market. Our products approved by CE, GS, D, N, S, NF, ETL, VDE, RoHS, REACH, PAHS and so on.<\/p>\n<p>We have a good reputation among our customers. We always focus on the protection of environment and human being safety. Improving the quality of life is our final purpose.<\/p>\n<p>Power cords, extension cords and cable reels are our main business, we are the lead manufacturer of the promotion orders from European market every year. We are Top one manufacturer cooperating with VDE Global Service in Germany to protect trademark.<\/p>\n<p>Wsp\u00f3\u0142pa\u0142o\u017cenie si\u0119 w wsp\u00f3\u0142pracy ze wszystkimi klientami pod wzgl\u0119dem wzajemnych korzy\u015bci i \u015bwietlanej przysz\u0142o\u015bci.<\/p>\n<p>&nbsp;<\/p>\n<p><strong>FAQ<\/strong><\/p>\n<p>Q1. Co powiesz na czas gwarancji i produkty gwarancyjne?<\/p>\n<p>Odp.: Wi\u0119kszo\u015b\u0107 produkt\u00f3w to 2 lata, odcinaj przewody i r\u00f3b kilka zdj\u0119\u0107.<\/p>\n<p>&nbsp;<\/p>\n<p>Q2. Jakie s\u0105 twoje warunki p\u0142atno\u015bci?<\/p>\n<p>A: T\/T, L\/C.<\/p>\n<p>&nbsp;<\/p>\n<p>Q3. Czy testujesz wszystkie produkty przed dostaw\u0105?<\/p>\n<p>Odp.: Tak, testujemy 100% produkt\u00f3w przed dostaw\u0105, utrzymuj normalnie 100%.<\/p>\n<p>&nbsp;<\/p>\n<p>P4. Jaki audyt odpowiedzialno\u015bci spo\u0142ecznej min\u0105\u0142e\u015b?<\/p>\n<p>Odp.: Tak, mamy BSCI, Sedex.<\/p>","protected":false},"excerpt":{"rendered":"<p>1. WIRING: H05RN-F 3G1.0, H05RR-F 3G1.0\/1,5, H07RN-F 3G1,0\/1,5.<br \/>\n2. D\u0142ugo\u015b\u0107 kabla mo\u017ce zgodnie z wymaganiami klienta. Na przyk\u0142ad: 1m, 3m, 10m\u2026.<br \/>\n3. mo\u017ce wed\u0142ug klient\u00f3w do pakowania<\/p>\n<p>Czas realizacji :<br \/>\nIlo\u015b\u0107 (kawa\u0142ki) 1 - 10000&gt; 10000<br \/>\nEst. Czas (dni) 60 do negocjacji<\/p>","protected":false},"featured_media":304,"template":"","meta":[],"product_cat":[29],"product_tag":[],"class_list":{"0":"post-303","1":"product","2":"type-product","3":"status-publish","4":"has-post-thumbnail","6":"product_cat-extension-sockets","8":"first","9":"instock","10":"shipping-taxable","11":"product-type-simple"},"_links":{"self":[{"href":"https:\/\/www.soyang-group.com\/pl\/wp-json\/wp\/v2\/product\/303","targetHints":{"allow":["GET"]}}],"collection":[{"href":"https:\/\/www.soyang-group.com\/pl\/wp-json\/wp\/v2\/product"}],"about":[{"href":"https:\/\/www.soyang-group.com\/pl\/wp-json\/wp\/v2\/types\/product"}],"version-history":[{"count":0,"href":"https:\/\/www.soyang-group.com\/pl\/wp-json\/wp\/v2\/product\/303\/revisions"}],"wp:featuredmedia":[{"embeddable":true,"href":"https:\/\/www.soyang-group.com\/pl\/wp-json\/wp\/v2\/media\/304"}],"wp:attachment":[{"href":"https:\/\/www.soyang-group.com\/pl\/wp-json\/wp\/v2\/media?parent=303"}],"wp:term":[{"taxonomy":"product_cat","embeddable":true,"href":"https:\/\/www.soyang-group.com\/pl\/wp-json\/wp\/v2\/product_cat?post=303"},{"taxonomy":"product_tag","embeddable":true,"href":"https:\/\/www.soyang-group.com\/pl\/wp-json\/wp\/v2\/product_tag?post=303"}],"curies":[{"name":"wp","href":"https:\/\/api.w.org\/{rel}","templated":true}]}}