{"id":305,"date":"2024-12-12T13:53:58","date_gmt":"2024-12-12T05:53:58","guid":{"rendered":"https:\/\/shuangy.gg12.globaldeepsea.site\/?post_type=product&#038;p=305"},"modified":"2024-12-12T13:53:58","modified_gmt":"2024-12-12T05:53:58","slug":"ip44-garden-sockets","status":"publish","type":"product","link":"https:\/\/www.soyang-group.com\/pl\/produkt\/ip44-garden-sockets\/","title":{"rendered":"Gniazda ogrodowe IP44"},"content":{"rendered":"<p><strong>1) Podstawowe informacje<\/strong><br \/>\nModel nr: Gardenowe gniazda<br \/>\nNazwa marki: Shuangyang<br \/>\nMateria\u0142: guma i mied\u017a<br \/>\nZastosowanie: po\u0142\u0105czenie zasilania do urz\u0105dze\u0144 elektrycznych<br \/>\nWarly: 1years<br \/>\nCertyfikat: CE, GS, S, Rohs, Reach, WWA<\/p>\n<p>&nbsp;<\/p>\n<p><strong>(2) Szczeg\u00f3\u0142y produktu:<\/strong><br \/>\nGniazda ogrodowe IP44<br \/>\nNumer modelu: SYH05-D<br \/>\nDwukierunkowe gniazda z timerem 24 -godzinnym<br \/>\nNazwa marki: Shuangyang<br \/>\nZastosowanie: po\u0142\u0105czenie zasilania do urz\u0105dze\u0144 elektrycznych<br \/>\nWersja Niemiec<\/p>\n<p><strong>Opis i funkcje<\/strong><br \/>\n1. Maksymalna moc: 3680 W.<br \/>\n2. VOTAGE: 250 V AC<br \/>\n3. cz\u0119stotliwo\u015b\u0107: 50 Hz<br \/>\n4. Current: 16a<br \/>\n5.Water-proof:IP44<br \/>\n6.color:black<br \/>\n7. Kabel dostosowany w nast\u0119puj\u0105cy spos\u00f3b: H05RR-F 3G1.5<br \/>\nH07RN-F 3G1.5\/2.5<br \/>\n8. D\u0142ugo\u015b\u0107 kabla mo\u017ce zgodnie z wymaganiami klienta. Na przyk\u0142ad: 10m, 25m, 50m\u2026.<br \/>\n9. Zgodnie z wymaganiem klient\u00f3w do pakowania.<br \/>\n10. Umiej\u0119tno\u015b\u0107 dostaw: 9000000 metr\u00f3w\/metry miesi\u0119cznie Europejski przed\u0142u\u017cacz<br \/>\n11. dost\u0119pna pojemno\u015b\u0107 dla innego projektu: wersja Francji, wersja Danii, wersja Wielkiej Brytanii,<\/p>\n<p><img decoding=\"async\" src=\"https:\/\/www.soyanggroup.com\/uploads\/6f376e2b.png\" alt=\"\" \/><img decoding=\"async\" src=\"https:\/\/www.soyanggroup.com\/uploads\/f9847a52.png\" alt=\"\" \/><img decoding=\"async\" src=\"https:\/\/www.soyanggroup.com\/uploads\/38ebe9c8.png\" alt=\"\" \/><\/p>\n<p><strong>Specyfikacja<\/strong><br \/>\nPakiet: White Box<br \/>\nCertyfikaty: S, GS, CE, ROHS, REACH, WWA<\/p>\n<p><img decoding=\"async\" src=\"https:\/\/www.soyanggroup.com\/uploads\/fa9c9669.png\" alt=\"\" \/><br \/>\n<strong>Punkt sprzeda\u017cy<\/strong><br \/>\n1. Wysoka jako\u015b\u0107<br \/>\n2. Cena dost\u0119pna<br \/>\n3. Wspania\u0142a r\u00f3\u017cnorodno\u015b\u0107 produkt\u00f3w<br \/>\n4. Projektowanie atrakcyjne<br \/>\n5. Technologia przyjazna dla \u015brodowiska<br \/>\n6. \u015bwiadczona us\u0142uga OEM i ODM<\/p>\n<p>&nbsp;<\/p>\n<p><strong>Pogl\u0105d<\/strong><br \/>\nZhejiang Shuangyang Group Co., Ltd zawsze trzymaj si\u0119 jako\u015bci i us\u0142ug, nie dostarczamy tylko wysokiej jako\u015bci,<br \/>\nale tak\u017ce zwr\u00f3\u0107 uwag\u0119 na ochron\u0119 \u015brodowiska i bezpiecze\u0144stwa cz\u0142owieka.<br \/>\nNasz ostatni cel jest nieprzerwan\u0105 popraw\u0105 jako\u015bci \u017cycia ludzkiego.<\/p>\n<p><img decoding=\"async\" src=\"https:\/\/sc02.alicdn.com\/kf\/HTB1sKohk5OYBuNjSsD4q6zSkFXaQ\/1942321\/HTB1sKohk5OYBuNjSsD4q6zSkFXaQ.jpg_.webp\" alt=\"\" \/><\/p>\n<p>&nbsp;<\/p>\n<p><strong>FAQ<\/strong><br \/>\nQ1. Czy mo\u017cesz zaakceptowa\u0107 przyk\u0142adowe zam\u00f3wienie?<\/p>\n<p>Odp.: Tak, jasne, akceptujemy przyk\u0142adowe zam\u00f3wienie.<\/p>\n<p>&nbsp;<\/p>\n<p>Q2. Jak nas um\u00f3wi\u0107?<\/p>\n<p>Odp.: Mo\u017cesz wys\u0142a\u0107 poczt\u0119 do nas lub zadzwoni\u0107.<\/p>\n<p>&nbsp;<\/p>\n<p>Q3. Co powiesz na czas gwarancji i produkty gwarancyjne?<\/p>\n<p>Odp.: Wi\u0119kszo\u015b\u0107 produkt\u00f3w to 2 lata, odcinaj przewody i r\u00f3b kilka zdj\u0119\u0107.<\/p>\n<p>&nbsp;<\/p>\n<p>Q4. Jakie s\u0105 twoje warunki p\u0142atno\u015bci?<\/p>\n<p>A: T\/T, L\/C.<\/p>\n<p>&nbsp;<\/p>\n<p>Q5. Jak nawi\u0105za\u0107 d\u0142ugie relacje biznesowe mi\u0119dzy nami?<\/p>\n<p>Odp.: Oferujemy wysok\u0105 jako\u015b\u0107 produkt\u00f3w i bardzo konkurencyjn\u0105 cen\u0119, aby zapewni\u0107 zysk naszych klient\u00f3w.<\/p>\n<p>&nbsp;<\/p>\n<p>Q6. Jakie warunki wysy\u0142ki mo\u017cemy wybra\u0107?<\/p>\n<p>Odp.: Jest drog\u0105 morsk\u0105, przez powietrze, przez ekspresow\u0105 dostaw\u0119 dla twoich opcji.<\/p>\n<p>&nbsp;<\/p>","protected":false},"excerpt":{"rendered":"<p>Gniazda ogrodowe<br \/>\nIP44<br \/>\nD\u0142ugo\u015b\u0107 kabla mo\u017ce zgodnie z wymaganiami klienta.<br \/>\nNa przyk\u0142ad: 10m, 25m, 50m\u2026.<\/p>","protected":false},"featured_media":306,"template":"","meta":[],"product_cat":[30],"product_tag":[],"class_list":{"0":"post-305","1":"product","2":"type-product","3":"status-publish","4":"has-post-thumbnail","6":"product_cat-gardenspike-sockets","8":"first","9":"instock","10":"shipping-taxable","11":"product-type-simple"},"_links":{"self":[{"href":"https:\/\/www.soyang-group.com\/pl\/wp-json\/wp\/v2\/product\/305","targetHints":{"allow":["GET"]}}],"collection":[{"href":"https:\/\/www.soyang-group.com\/pl\/wp-json\/wp\/v2\/product"}],"about":[{"href":"https:\/\/www.soyang-group.com\/pl\/wp-json\/wp\/v2\/types\/product"}],"version-history":[{"count":1,"href":"https:\/\/www.soyang-group.com\/pl\/wp-json\/wp\/v2\/product\/305\/revisions"}],"predecessor-version":[{"id":307,"href":"https:\/\/www.soyang-group.com\/pl\/wp-json\/wp\/v2\/product\/305\/revisions\/307"}],"wp:featuredmedia":[{"embeddable":true,"href":"https:\/\/www.soyang-group.com\/pl\/wp-json\/wp\/v2\/media\/306"}],"wp:attachment":[{"href":"https:\/\/www.soyang-group.com\/pl\/wp-json\/wp\/v2\/media?parent=305"}],"wp:term":[{"taxonomy":"product_cat","embeddable":true,"href":"https:\/\/www.soyang-group.com\/pl\/wp-json\/wp\/v2\/product_cat?post=305"},{"taxonomy":"product_tag","embeddable":true,"href":"https:\/\/www.soyang-group.com\/pl\/wp-json\/wp\/v2\/product_tag?post=305"}],"curies":[{"name":"wp","href":"https:\/\/api.w.org\/{rel}","templated":true}]}}