{"id":227,"date":"2024-12-12T11:13:59","date_gmt":"2024-12-12T03:13:59","guid":{"rendered":"https:\/\/shuangy.gg12.globaldeepsea.site\/?post_type=product&#038;p=227"},"modified":"2024-12-12T11:13:59","modified_gmt":"2024-12-12T03:13:59","slug":"digital-weekly-timer-switch","status":"publish","type":"product","link":"https:\/\/www.soyang-group.com\/pt\/produto\/digital-weekly-timer-switch\/","title":{"rendered":"Interruptor de timer semanal digital"},"content":{"rendered":"<p><strong>Vis\u00e3o geral<\/strong><\/p>\n<p><strong>Detalhes r\u00e1pidos<\/strong><br \/>\nLocal de origem: Zhejiang, China<br \/>\nNome da marca: Soyang<br \/>\nN\u00famero do modelo: TS-ED20<br \/>\nTeoria: Digital<br \/>\nUso: interruptor do timer<br \/>\nTens\u00e3o: 220-240V AC<br \/>\nFrequency:50Hz<br \/>\nPoder m\u00e1xima: 3500W<br \/>\nCor: Branco<br \/>\nAplica\u00e7\u00e3o: interruptor do timer<br \/>\ncurrent:16A<\/p>\n<p>&nbsp;<\/p>\n<p><strong>Capacidade de fornecimento<\/strong><br \/>\nCapacidade de fornecimento: 100000 pe\u00e7as\/pe\u00e7as por m\u00eas<\/p>\n<p>&nbsp;<\/p>\n<p><strong>Embalagem e entrega<\/strong><br \/>\nDetalhes da embalagem: Blister Double, 12pcs\/ caixa interna, 48pcs\/ caixa externa<br \/>\nPorto: Ningbo\/Xangai<br \/>\nTempo de espera :<br \/>\nQuantidade (pe\u00e7as) 1 - 10000&gt; 10000<br \/>\nHusa. Tempo (dias) 60 a serem negociados<\/p>\n<p>&nbsp;<\/p>\n<p><strong>Detalhe a descri\u00e7\u00e3o do produto<\/strong><\/p>\n<p>Timer semanal digital ao ar livre<br \/>\nN\u00famero do modelo: TS-ED20<br \/>\nVers\u00e3o da Alemanha<br \/>\nNome da marca: Shuangyang<br \/>\nUso: interruptor do timer<br \/>\nTeoria: Digital<br \/>\n<strong>Descri\u00e7\u00e3o e recursos<\/strong><br \/>\n1. Power de maximum: 3500W<br \/>\n2. Voltagem: 220-240V AC<br \/>\n3.Frequ\u00eancia: 50Hz<br \/>\n4.Current: 16a<br \/>\n5. Tempo de tempo: hora\/minuto\/segundo<br \/>\n6.20 programas ON\/OFF<br \/>\n7.7 bot\u00f5es para f\u00e1cil opera\u00e7\u00e3o<br \/>\n8.Medemunda para o temporizador de ver\u00e3o<br \/>\n9. Bateria de Ni-MH recarreg\u00e1vel usada no interior<br \/>\n10. Fun\u00e7\u00e3o deset<br \/>\n11. Fun\u00e7\u00e3o aleat\u00f3ria<br \/>\n14. Accis\u00e3o: Menos de 3 segundos em um dia<br \/>\n15. Capacidade de fornecimento: 1000000 pe\u00e7as\/pe\u00e7as por m\u00eas Timer<\/p>\n<p><strong>Especifica\u00e7\u00e3o<\/strong><br \/>\nPacote: bolha dupla<br \/>\nQty\/Box: 12pcs<br \/>\nQty\/ctn: 48pcs<br \/>\nGW: 10 kg<br \/>\nNW: 8kg<br \/>\nTamanho da caixa: 55*53*28cm<br \/>\nQty\/20 \u2032: 16.464pcs<br \/>\nCertifica\u00e7\u00f5es: GS, CE, ROHS, Reach, PAHS<\/p>\n<p><strong>Ponto de vendas<\/strong><br \/>\n1. Alta qualidade<br \/>\n2. Pre\u00e7o favor\u00e1vel<br \/>\n3. Grande variedade de produtos<br \/>\n4. Design atraente<br \/>\n5. Tecnologia amig\u00e1vel ao ambiente<br \/>\n6. Servi\u00e7o de OEM e ODM fornecido<\/p>\n<p>&nbsp;<\/p>\n<p>&nbsp;<\/p>\n<p><strong>Informa\u00e7\u00f5es da empresa<\/strong><\/p>\n<p>Zhejiang Shuangyang Group Co.Ltd. foi criado em 1986, \u00e9 uma empresa privada de propriedade privada, uma das empresas estrelas da cidade de Ningbo em 1998 e aprovada pela ISO9001\/14000\/18000. Localizamos em Cixi, Ningbo City, que fica a apenas uma hora para o porto e o aeroporto de Ningbo e duas horas para Xangai.<\/p>\n<p><img decoding=\"async\" src=\"https:\/\/sc01.alicdn.com\/kf\/He5ba632c74e44a68a587403dde671c5eH\/1942321\/He5ba632c74e44a68a587403dde671c5eH.png_.webp\" alt=\"\" \/><br \/>\nAt\u00e9 agora, o capital registrado \u00e9 superior a 16 milh\u00f5es de d\u00f3lares. Nossa \u00e1rea de piso \u00e9 de cerca de 120.000 m\u00b2 e a \u00e1rea de constru\u00e7\u00e3o \u00e9 de cerca de 85.000 m\u00b2. Em 2018, nossa reviravolta total \u00e9 de 80 milh\u00f5es de d\u00f3lares. Temos dez pessoas de P&amp;D e mais de 100 QCs para garantir a qualidade, a cada ano, projetamos e desenvolvemos mais de dez novos produtos que atuam como fabricante l\u00edder.<\/p>\n<p>Nossos principais produtos s\u00e3o temporizadores, soquetes, cabos flex\u00edveis, cabos de alimenta\u00e7\u00e3o, plugues, soquetes de extens\u00e3o, bobinas de cabos e ilumina\u00e7\u00e3o. Podemos fornecer muitos tipos de temporizadores, como temporizadores di\u00e1rios, temporizadores mec\u00e2nicos e digitais, contar temporizadores, temporizadores do setor com todos os tipos de soquetes. Nossos mercados -alvo s\u00e3o do mercado europeu e do mercado americano. Nossos produtos aprovados por CE, GS, D, N, S, NF, ETL, VDE, ROHS, REACH, PAHS e assim por diante.<\/p>\n<p>Temos uma boa reputa\u00e7\u00e3o entre nossos clientes. Sempre focamos na prote\u00e7\u00e3o do meio ambiente e da seguran\u00e7a humana. Melhorar a qualidade de vida \u00e9 o nosso objetivo final.<\/p>\n<p>Cordos de alimenta\u00e7\u00e3o, cabos de extens\u00e3o e bobinas de cabo s\u00e3o nossos principais neg\u00f3cios, somos o fabricante l\u00edder dos pedidos de promo\u00e7\u00e3o do mercado europeu todos os anos. Somos os principais fabricantes que cooperam com o VDE Global Service na Alemanha para proteger a marca registrada.<\/p>\n<p>Bem -vindo calorosamente a cooperar com todos os clientes para benef\u00edcio m\u00fatuo e futuro brilhante.<\/p>\n<p>&nbsp;<\/p>\n<p><strong>perfil de companhia:<\/strong><br \/>\n1. Business Tipo: Fabricante, Companhia de Com\u00e9rcio<br \/>\n2.Main Products: Sockets do timer, cabo, bobinas de cabo, ilumina\u00e7\u00e3o<br \/>\n3. Total de funcion\u00e1rios: 501 - 1000 pessoas<br \/>\n4.Year estabelecido: 1994<br \/>\n5. Certifica\u00e7\u00e3o do sistema de gerenciamento: ISO9001, ISO14001, OHSAS18001<br \/>\n6. Pa\u00eds \/ Regi\u00e3o: Zhejiang, China<br \/>\n7. Propriet\u00e1rio: Propriet\u00e1rio particular<br \/>\n8. Mercados principais: Europa Oriental 39.00%<br \/>\nNorthern Europe 30.00%<br \/>\nEuropa Ocidental 16.00%<br \/>\nMercado dom\u00e9stico: 7%<br \/>\nOriente M\u00e9dio: 5%<br \/>\nAm\u00e9rica do Sul: 3%<\/p>\n<p><strong>Perguntas frequentes<\/strong><\/p>\n<p>Q1. Quais s\u00e3o as suas condi\u00e7\u00f5es de pagamento?<\/p>\n<p>A: T\/T, L\/C.<\/p>\n<p>&nbsp;<\/p>\n<p>Q2. Como estabelecer um relacionamento comercial de longa data entre n\u00f3s?<\/p>\n<p>R: Oferecemos alta qualidade de produtos e pre\u00e7o muito competitivo para garantir o lucro de nossos clientes.<\/p>\n<p>&nbsp;<\/p>\n<p>Q3. Quais termos de envio podemos escolher?<\/p>\n<p>R: Existem por mar, por via a\u00e9rea, por entrega expressa para suas op\u00e7\u00f5es.<\/p>","protected":false},"excerpt":{"rendered":"<p>O interruptor do timer pode ligar automaticamente e desligar v\u00e1rios tipos de equipamentos el\u00e9tricos de acordo com o tempo fixo.<br \/>\n\u00c9 amplamente utilizado no controle program\u00e1vel de fog\u00e3o el\u00e9trico, refor\u00e7o, l\u00e2mpada, aquecedor de \u00e1gua, pulverizador, engarrafador, pr\u00e9 -aquecedor,<br \/>\nInstala\u00e7\u00f5es agr\u00edcolas, equipamentos de transmiss\u00e3o e todos os acess\u00f3rios de circuito e eletrodom\u00e9sticos que precisam definir o tempo para ligar e desligar.<br \/>\nO timer digital \u00e9 mais preciso que o timer mec\u00e2nico.<br \/>\nOs temporizadores n\u00e3o apenas economizam seu dinheiro, mas o mais importante \u00e9 trazer a voc\u00ea uma vida segura, saud\u00e1vel, ambiental e inteligente.<\/p>","protected":false},"featured_media":228,"template":"","meta":[],"product_cat":[22],"product_tag":[],"class_list":{"0":"post-227","1":"product","2":"type-product","3":"status-publish","4":"has-post-thumbnail","6":"product_cat-timer","8":"first","9":"instock","10":"shipping-taxable","11":"product-type-simple"},"_links":{"self":[{"href":"https:\/\/www.soyang-group.com\/pt\/wp-json\/wp\/v2\/product\/227","targetHints":{"allow":["GET"]}}],"collection":[{"href":"https:\/\/www.soyang-group.com\/pt\/wp-json\/wp\/v2\/product"}],"about":[{"href":"https:\/\/www.soyang-group.com\/pt\/wp-json\/wp\/v2\/types\/product"}],"version-history":[{"count":0,"href":"https:\/\/www.soyang-group.com\/pt\/wp-json\/wp\/v2\/product\/227\/revisions"}],"wp:featuredmedia":[{"embeddable":true,"href":"https:\/\/www.soyang-group.com\/pt\/wp-json\/wp\/v2\/media\/228"}],"wp:attachment":[{"href":"https:\/\/www.soyang-group.com\/pt\/wp-json\/wp\/v2\/media?parent=227"}],"wp:term":[{"taxonomy":"product_cat","embeddable":true,"href":"https:\/\/www.soyang-group.com\/pt\/wp-json\/wp\/v2\/product_cat?post=227"},{"taxonomy":"product_tag","embeddable":true,"href":"https:\/\/www.soyang-group.com\/pt\/wp-json\/wp\/v2\/product_tag?post=227"}],"curies":[{"name":"wp","href":"https:\/\/api.w.org\/{rel}","templated":true}]}}