{"id":248,"date":"2024-12-12T11:37:52","date_gmt":"2024-12-12T03:37:52","guid":{"rendered":"https:\/\/shuangy.gg12.globaldeepsea.site\/?post_type=product&#038;p=248"},"modified":"2024-12-12T11:37:52","modified_gmt":"2024-12-12T03:37:52","slug":"germany-weekly-mechanical-timer","status":"publish","type":"product","link":"https:\/\/www.soyang-group.com\/pt\/produto\/germany-weekly-mechanical-timer\/","title":{"rendered":"Alemanha semanal timer mec\u00e2nico"},"content":{"rendered":"<p><strong>Vis\u00e3o geral<\/strong><\/p>\n<p><strong>Detalhes r\u00e1pidos<\/strong><br \/>\nLocal de origem: Zhejiang, China<br \/>\nNome da marca: Shuangyang<br \/>\nN\u00famero do modelo: TS-WD1<br \/>\nTeoria: Mec\u00e2nica<br \/>\nUso: interruptor do timer<br \/>\nCertificado: GS, CE, ROHS, Reach Pahs<br \/>\nSoyang<br \/>\nC\u00edrculo: Programa\u00e7\u00e3o de 7 dias<\/p>\n<p><strong>Capacidade de fornecimento<\/strong><br \/>\nCapacidade de fornecimento: 100000 pe\u00e7as\/pe\u00e7as por m\u00eas<\/p>\n<p><strong>Embalagem e entrega<\/strong><br \/>\nDetalhes da embalagem: Blister Double, 12pcs\/ caixa interna, 48pcs\/ caixa externa<br \/>\nPorto: Ningbo\/Xangai<br \/>\nPrazo da entrega: 40 dias ap\u00f3s o recebimento do dep\u00f3sito<\/p>\n<p>&nbsp;<\/p>\n<p><strong>Detalhe a descri\u00e7\u00e3o do produto<\/strong><\/p>\n<p>Local de origem: Zhejiang China (continente)<br \/>\nNome da marca: Shuangyang<br \/>\nN\u00famero do modelo: TS-WD1<br \/>\nTeoria: Mec\u00e2nica<br \/>\nVisualiza\u00e7\u00e3o: Zhejiang Shuangyang Group Co., Ltd sempre se atenha \u00e0 qualidade e servi\u00e7o,<br \/>\nN\u00e3o fornecemos apenas alta qualidade, mas tamb\u00e9m prestamos aten\u00e7\u00e3o \u00e0 prote\u00e7\u00e3o do meio ambiente e da seguran\u00e7a humana.<br \/>\nMelhorar ininterruptamente a qualidade da vida humana \u00e9 nosso objetivo final.<\/p>\n<p>&nbsp;<\/p>\n<p><strong>Ponto de vendas<\/strong><br \/>\n1. Alta qualidade<br \/>\n2. Pre\u00e7o favor\u00e1vel<br \/>\n3. Grande variedade de produtos<br \/>\n4. Design atraente<br \/>\n5. Tecnologia amig\u00e1vel ao ambiente<br \/>\n6. Servi\u00e7o de OEM e ODM fornecido<\/p>\n<p>&nbsp;<\/p>\n<p><strong>Especifica\u00e7\u00e3o<\/strong><br \/>\nEmbalagem: 12pcs\/ caixa interna, 48pcs\/ caixa externa<br \/>\nTamanho da caixa: 61*48*25cm<br \/>\nQ'ty\/20'ft: 18720pcs<br \/>\nFonte de alimenta\u00e7\u00e3o: 220-240V\/50Hz Max.3500W<br \/>\nGW\/NW de caixa: 13\/11 kgs<\/p>\n<p>&nbsp;<\/p>\n<p><strong>Descri\u00e7\u00e3o e recursos<\/strong><\/p>\n<p>1,7 dias de programa\u00e7\u00e3o<br \/>\n2.42 Programas On\/Off<br \/>\n3. Accis\u00e3o: menos de 2 horas por semana<br \/>\n4. Configura\u00e7\u00e3o minimum: 2 horas<br \/>\n5.compact e design elegante para facilitar a opera\u00e7\u00e3o<br \/>\n6. Estilos de v\u00e1rios pa\u00edses com diferentes plugues e soquete<br \/>\n7. Capacidade dispon\u00edvel para outro design<br \/>\nVers\u00e3o brasileira, vers\u00e3o da Alemanha, vers\u00e3o da Fran\u00e7a, vers\u00e3o da Argentina,<br \/>\nVers\u00e3o da Austr\u00e1lia, vers\u00e3o da It\u00e1lia, vers\u00e3o dos EUA, vers\u00e3o da Dinamarca<br \/>\n8. Mercado Popular: Europeu<\/p>\n<p>&nbsp;<\/p>\n<p><strong>Vantagem<\/strong><br \/>\n1 pe\u00e7as de marca<br \/>\n2 pa\u00eds de origem<br \/>\n3 distribuidores oferecidos<br \/>\n4 funcion\u00e1rios experientes<br \/>\n5 forma a<br \/>\n6 Produto verde<br \/>\n7 garantia\/garantia<br \/>\n8 Aprova\u00e7\u00f5es internacionais<br \/>\n9 embalagem<br \/>\n10 pre\u00e7o<br \/>\n11 recursos do produto<br \/>\n12 desempenho do produto<br \/>\n13 entrega r\u00e1pida<br \/>\n14 aprova\u00e7\u00f5es de qualidade<br \/>\n15 reputa\u00e7\u00e3o<br \/>\n16 Servi\u00e7o<br \/>\n17 pequenas ordens aceitas<br \/>\n18 Servi\u00e7o OEM e ODM fornecido<br \/>\n19 alta qualidade<\/p>\n<p>&nbsp;<\/p>\n<p><strong>Embalagem e pagamento e remessa<\/strong><br \/>\nDetalhes da embalagem: bolha dupla<br \/>\nM\u00e9todo de pagamento: adiantamento tt, t\/t, l\/c<br \/>\nEntrega: 30-45 dias ap\u00f3s o recebimento do dep\u00f3sito<br \/>\nPorto: Ningbo ou Xangai<\/p>\n<p>&nbsp;<\/p>\n<p><strong>Nossos servi\u00e7os<\/strong><\/p>\n<p>1. Depois de receber sua mensagem, responderemos em 24 horas<br \/>\n2. Temos uma equipe de vendas profissional para oferecer servi\u00e7o para voc\u00ea<br \/>\n3. Ofere\u00e7a 2 anos como tempo de garantia e servi\u00e7o p\u00f3s-venda<\/p>\n<p>&nbsp;<\/p>\n<p><strong>perfil de companhia:<\/strong><br \/>\n1. Business Tipo: Fabricante, Companhia de Com\u00e9rcio<br \/>\n2.Main Products: Sockets do timer, cabo, bobinas de cabo, ilumina\u00e7\u00e3o<br \/>\n3. Total de funcion\u00e1rios: 501 - 1000 pessoas<br \/>\n4.Year estabelecido: 1994<br \/>\n5. Certifica\u00e7\u00e3o do sistema de gerenciamento: ISO9001, ISO14001, OHSAS18001<br \/>\n6. Pa\u00eds \/ Regi\u00e3o: Zhejiang, China<br \/>\n7. Propriet\u00e1rio: Propriet\u00e1rio particular<br \/>\n8. Mercados principais: Europa Oriental 39.00%<br \/>\nNorthern Europe 30.00%<br \/>\nEuropa Ocidental 16.00%<br \/>\nMercado dom\u00e9stico: 7%<br \/>\nOriente M\u00e9dio: 5%<br \/>\nAm\u00e9rica do Sul: 3%<br \/>\n<strong>Perguntas frequentes<\/strong><\/p>\n<p>Q1. Como nos contratar?<\/p>\n<p>A: Voc\u00ea pode enviar e -mail para n\u00f3s ou ligar.<\/p>\n<p>&nbsp;<\/p>\n<p>Q2. Quais s\u00e3o as suas condi\u00e7\u00f5es de pagamento?<\/p>\n<p>A: T\/T, L\/C.<\/p>\n<p>&nbsp;<\/p>\n<p>Q3. Quais termos de envio podemos escolher?<\/p>\n<p>R: Existem por mar, por via a\u00e9rea, por entrega expressa para suas op\u00e7\u00f5es.<\/p>\n<p>Q4. Seus produtos podem imprimir o logotipo dos convidados?<\/p>\n<p>R: Sim, os convidados fornecem o logotipo, podemos imprimir no produto.<\/p>","protected":false},"excerpt":{"rendered":"<p>Opera\u00e7\u00e3o mec\u00e2nica,<br \/>\nSimples de usar,<br \/>\nOpera\u00e7\u00e3o tranquila,<br \/>\nPorta de protetor para crian\u00e7as,<br \/>\nEvite plug acidentalmente,<br \/>\nimpedir que as crian\u00e7as el\u00e9tricas,<br \/>\nChoque melhorar a seguran\u00e7a,<br \/>\nMantenha o timer alimentado no ciclo,<br \/>\ntecnologia de disco mec\u00e2nico,<\/p>","protected":false},"featured_media":249,"template":"","meta":[],"product_cat":[22],"product_tag":[],"class_list":{"0":"post-248","1":"product","2":"type-product","3":"status-publish","4":"has-post-thumbnail","6":"product_cat-timer","8":"first","9":"instock","10":"shipping-taxable","11":"product-type-simple"},"_links":{"self":[{"href":"https:\/\/www.soyang-group.com\/pt\/wp-json\/wp\/v2\/product\/248","targetHints":{"allow":["GET"]}}],"collection":[{"href":"https:\/\/www.soyang-group.com\/pt\/wp-json\/wp\/v2\/product"}],"about":[{"href":"https:\/\/www.soyang-group.com\/pt\/wp-json\/wp\/v2\/types\/product"}],"version-history":[{"count":0,"href":"https:\/\/www.soyang-group.com\/pt\/wp-json\/wp\/v2\/product\/248\/revisions"}],"wp:featuredmedia":[{"embeddable":true,"href":"https:\/\/www.soyang-group.com\/pt\/wp-json\/wp\/v2\/media\/249"}],"wp:attachment":[{"href":"https:\/\/www.soyang-group.com\/pt\/wp-json\/wp\/v2\/media?parent=248"}],"wp:term":[{"taxonomy":"product_cat","embeddable":true,"href":"https:\/\/www.soyang-group.com\/pt\/wp-json\/wp\/v2\/product_cat?post=248"},{"taxonomy":"product_tag","embeddable":true,"href":"https:\/\/www.soyang-group.com\/pt\/wp-json\/wp\/v2\/product_tag?post=248"}],"curies":[{"name":"wp","href":"https:\/\/api.w.org\/{rel}","templated":true}]}}