{"id":250,"date":"2024-12-12T11:41:57","date_gmt":"2024-12-12T03:41:57","guid":{"rendered":"https:\/\/shuangy.gg12.globaldeepsea.site\/?post_type=product&#038;p=250"},"modified":"2025-01-10T17:54:36","modified_gmt":"2025-01-10T09:54:36","slug":"diy-assemble-plugsocket","status":"publish","type":"product","link":"https:\/\/www.soyang-group.com\/pt\/produto\/diy-assemble-plugsocket\/","title":{"rendered":"Plugue e soquete de montagem de bricolage"},"content":{"rendered":"<p>(<strong>1)Basic Information<\/strong><br \/>\nModel No.: Assemble\u00a0Plug&amp;\u00a0Socket<br \/>\nNome da marca: Shuangyang<br \/>\nColor for shell:black(can be change by your idea)<br \/>\nUsage: Connect with wire<br \/>\nWarratante: 1 ano<br \/>\nCertificate: CE,GS,ROHS,REACH,PAHS<br \/>\n<strong>(2) IP20 Rubber plug&amp;socket<\/strong><br \/>\nModel Number:SY-32\/SY-CZ-32<br \/>\nVers\u00e3o da Alemanha<br \/>\nNome da marca: Shuangyang<br \/>\nUsage:Connect with wire<br \/>\nMaterial: Rubber,Copper<br \/>\nType: DIY<br \/>\nDescri\u00e7\u00e3o e recursos<br \/>\n1. Power de maximum: 3.680w<br \/>\n2. Voltagem: 250V AC<br \/>\n3.Frequ\u00eancia: 50Hz<br \/>\n4.Current: 16a<br \/>\n5.Water proof:IP20<\/p>\n<p><strong>Especifica\u00e7\u00e3o<\/strong><br \/>\nPackage: label<br \/>\nUnit size:<\/p>\n<p><a class=\"fancybox\" href=\"https:\/\/www.soyanggroup.com\/uploads\/774005f81.png\" target=\"_blank\" rel=\"noopener\"><img decoding=\"async\" class=\"alignnone size-full wp-image-4415\" src=\"https:\/\/www.soyanggroup.com\/uploads\/774005f81.png\" alt=\"774005f8\" \/><\/a><br \/>\nCertifications: TUV-GS, CE, RoHS, REACH, PAHS<\/p>\n<p>&nbsp;<\/p>\n<p><strong>Ponto de vendas<\/strong><br \/>\n1. Alta qualidade<br \/>\n2. Pre\u00e7o favor\u00e1vel<br \/>\n3. Grande variedade de produtos<br \/>\n4. Design atraente<br \/>\n5. Tecnologia amig\u00e1vel ao ambiente<br \/>\n6. Servi\u00e7o de OEM e ODM fornecido<\/p>\n<p>&nbsp;<\/p>\n<p><strong>Embalagem e pagamento e remessa<\/strong><br \/>\nDetalhes da embalagem: bolha dupla<br \/>\nM\u00e9todo de pagamento: adiantamento tt, t\/t, l\/c<br \/>\nEntrega: 30-45 dias ap\u00f3s o recebimento do dep\u00f3sito<br \/>\nPorto: Ningbo ou Xangai<\/p>\n<p>&nbsp;<\/p>\n<p><strong>Nossos servi\u00e7os<\/strong><br \/>\n1. Depois de receber sua mensagem, responderemos em 24 horas<br \/>\n2. Temos uma equipe de vendas profissional para oferecer servi\u00e7o para voc\u00ea<br \/>\n3. Ofere\u00e7a 2 anos como tempo de garantia e servi\u00e7o p\u00f3s-venda<\/p>\n<p>&nbsp;<\/p>\n<p><strong>Perguntas frequentes<\/strong><br \/>\nQ1. Voc\u00ea pode aceitar o pedido de amostra?<\/p>\n<p>A: Sim, claro, aceitamos o pedido de amostra.<\/p>\n<p>&nbsp;<\/p>\n<p>Q2. Como nos contratar?<\/p>\n<p>A: Voc\u00ea pode enviar e -mail para n\u00f3s ou ligar.<\/p>\n<p>&nbsp;<\/p>\n<p>Q3. How about warranty time and warranty products?<\/p>\n<p>R: A maioria dos produtos \u00e9 de 2 anos, corte fios e tira algumas fotos.<\/p>\n<p>&nbsp;<\/p>\n<p>Q4. What is your payment terms?<\/p>\n<p>A: T\/T, L\/C.<\/p>\n<p>&nbsp;<\/p>\n<p>Q5. How to establish long time business relationship between us?<\/p>\n<p>R: Oferecemos alta qualidade de produtos e pre\u00e7o muito competitivo para garantir o lucro de nossos clientes.<\/p>\n<p>&nbsp;<\/p>\n<p>Q6. What shipping terms can we choose?<\/p>\n<p>R: Existem por mar, por via a\u00e9rea, por entrega expressa para suas op\u00e7\u00f5es.<\/p>\n<p>&nbsp;<\/p>\n<p>Q7. Do you test all of products before delivery?<\/p>\n<p>R: Sim, testamos 100% de produtos antes da entrega, mantenha os produtos 100% funcionam normalmente.<\/p>\n<p>Q8.Can your products print guests LOGO?<\/p>\n<p>R: Sim, os convidados fornecem o logotipo, podemos imprimir no produto.<\/p>\n<p>&nbsp;<\/p>\n<p>Q9.What social responsibility audit did you pass?<\/p>\n<p>A: Sim, temos BSCI, Sedex.<\/p>\n<p>&nbsp;<\/p>\n<p>Q10.What are your prices?<\/p>\n<p>A:Our prices are subject to change depending on supply and other market factors.<br \/>\nWe will send you and updated price list after your conmany contact us for further information.<\/p>","protected":false},"excerpt":{"rendered":"<p>Assemble plug&amp;socket<br \/>\nEasy DIY<\/p>\n<p>Capacidade de fornecimento<br \/>\nCapacidade de fornecimento: 100000 pe\u00e7as\/pe\u00e7as por m\u00eas<\/p>","protected":false},"featured_media":543,"template":"","meta":[],"product_cat":[24],"product_tag":[],"class_list":{"0":"post-250","1":"product","2":"type-product","3":"status-publish","4":"has-post-thumbnail","6":"product_cat-socketplug","8":"first","9":"instock","10":"shipping-taxable","11":"product-type-simple"},"_links":{"self":[{"href":"https:\/\/www.soyang-group.com\/pt\/wp-json\/wp\/v2\/product\/250","targetHints":{"allow":["GET"]}}],"collection":[{"href":"https:\/\/www.soyang-group.com\/pt\/wp-json\/wp\/v2\/product"}],"about":[{"href":"https:\/\/www.soyang-group.com\/pt\/wp-json\/wp\/v2\/types\/product"}],"version-history":[{"count":2,"href":"https:\/\/www.soyang-group.com\/pt\/wp-json\/wp\/v2\/product\/250\/revisions"}],"predecessor-version":[{"id":544,"href":"https:\/\/www.soyang-group.com\/pt\/wp-json\/wp\/v2\/product\/250\/revisions\/544"}],"wp:featuredmedia":[{"embeddable":true,"href":"https:\/\/www.soyang-group.com\/pt\/wp-json\/wp\/v2\/media\/543"}],"wp:attachment":[{"href":"https:\/\/www.soyang-group.com\/pt\/wp-json\/wp\/v2\/media?parent=250"}],"wp:term":[{"taxonomy":"product_cat","embeddable":true,"href":"https:\/\/www.soyang-group.com\/pt\/wp-json\/wp\/v2\/product_cat?post=250"},{"taxonomy":"product_tag","embeddable":true,"href":"https:\/\/www.soyang-group.com\/pt\/wp-json\/wp\/v2\/product_tag?post=250"}],"curies":[{"name":"wp","href":"https:\/\/api.w.org\/{rel}","templated":true}]}}