{"id":257,"date":"2024-12-12T13:06:21","date_gmt":"2024-12-12T05:06:21","guid":{"rendered":"https:\/\/shuangy.gg12.globaldeepsea.site\/?post_type=product&#038;p=257"},"modified":"2025-01-10T17:53:46","modified_gmt":"2025-01-10T09:53:46","slug":"cee-5-pin-16a-6h-plug","status":"publish","type":"product","link":"https:\/\/www.soyang-group.com\/pt\/produto\/cee-5-pin-16a-6h-plug\/","title":{"rendered":"CEE 5 pinos 16A 6H plugue"},"content":{"rendered":"<p><strong>Vis\u00e3o geral<\/strong><\/p>\n<p><strong>Detalhes r\u00e1pidos<\/strong><br \/>\nlocal de origem: zhejiang, china nome da marca: shuangyang<br \/>\nn\u00famero do modelo: gp55 tipo: plugue<br \/>\naterramento: tens\u00e3o de aterramento padr\u00e3o: 200\/346-240\/415v<br \/>\ncorrente nominal: 16a aplica\u00e7\u00e3o: industrial<br \/>\ncertifica\u00e7\u00e3o: interface ce: 2p+e<br \/>\nip: 44<\/p>\n<p><strong>Capacidade de fornecimento<\/strong><br \/>\nCapacidade de fornecimento: 100000 pe\u00e7as\/pe\u00e7as por m\u00eas<\/p>\n<p><strong>Embalagem e entrega<\/strong><br \/>\ndetalhes da embalagem: embalagem de exporta\u00e7\u00e3o padr\u00e3o ou de acordo com a solicita\u00e7\u00e3o do cliente<br \/>\nporto: ningbo, xangai<br \/>\nlevie do leito: dependa da quantidade do seu pedido<\/p>\n<p>&nbsp;<\/p>\n<p><strong>Detalhe a descri\u00e7\u00e3o do produto<\/strong><\/p>\n<p><strong>Descri\u00e7\u00e3o e recursos<\/strong><br \/>\nlocal de origem: zhejiang china (continente)<br \/>\nn\u00famero do modelo: gp55<br \/>\naterramento: aterramento padr\u00e3o<br \/>\ntens\u00e3o nominal: 200\/346-240\/415v<br \/>\ncorrente classificada: 16a-6h<br \/>\naplica\u00e7\u00e3o: plugue industrial<br \/>\nimpermeabilizado: ip44 respingo \u00e0 prova<br \/>\np\u00f3los: 3p+n+e<br \/>\ncor: vermelho<br \/>\ncapacidade de fornecimento: 5000000 pe\u00e7as\/pe\u00e7as por m\u00eas timer<\/p>\n<p><strong>Especifica\u00e7\u00e3o<\/strong><br \/>\nPacote: bolsa PP com cart\u00e3o<br \/>\nQty\/CTN: 100pcs<br \/>\ngw: 12 kg<br \/>\nnw: 11kg<br \/>\ntamanho da caixa: 60x29x24.6 cm<br \/>\nqty\/20 \u2032: 63.000 pcs<br \/>\nCertifica\u00e7\u00f5es: CE, ROHS, Reach, PAHs<\/p>\n<p><strong>Visualizar<\/strong><br \/>\nzhejiang shuangyang group co., ltd sempre se atenha \u00e0 qualidade e servi\u00e7o,<br \/>\nN\u00e3o fornecemos apenas alta qualidade, mas tamb\u00e9m prestamos aten\u00e7\u00e3o \u00e0 prote\u00e7\u00e3o do meio ambiente e da seguran\u00e7a humana.<br \/>\nMelhorar ininterruptamente a qualidade da vida humana \u00e9 nosso objetivo final.<\/p>\n<p><img decoding=\"async\" src=\"https:\/\/sc01.alicdn.com\/kf\/HTB1XAGrIFXXXXX8XVXXq6xXFXXXD\/1942321\/HTB1XAGrIFXXXXX8XVXXq6xXFXXXD.jpg_.webp\" alt=\"\" \/><\/p>\n<p><strong>linha de produtos<\/strong><\/p>\n<p><img decoding=\"async\" src=\"https:\/\/sc01.alicdn.com\/kf\/HTB1FM3uIFXXXXXxXVXXq6xXFXXXK\/1942321\/HTB1FM3uIFXXXXXxXVXXq6xXFXXXK.jpg_.webp\" alt=\"\" \/><\/p>\n<p>&nbsp;<\/p>\n<p><strong>nossos servi\u00e7os<\/strong><\/p>\n<p>Envio para<\/p>\n<p><img decoding=\"async\" src=\"https:\/\/sc01.alicdn.com\/kf\/HTB19FIlJFXXXXXkXVXXq6xXFXXXv\/1942321\/HTB19FIlJFXXXXXkXVXXq6xXFXXXv.jpg_.webp\" alt=\"\" \/><\/p>\n<p>podemos aceitar a empresa de transporte indicada ou o navio de reserva para o cliente, rastreando os cont\u00eaineres at\u00e9 que o cliente receba as mercadorias<br \/>\nse voc\u00ea quiser saber mais informa\u00e7\u00f5es, entre em contato conosco sem hesitar.<\/p>\n<p><strong>Perguntas frequentes\u00a0<\/strong><\/p>\n<p>q1. pode seus produtos imprimirem o logotipo dos convidados?<\/p>\n<p>R: Sim, os convidados fornecem o logotipo, podemos imprimir no produto.<\/p>\n<p>&nbsp;<\/p>\n<p>Q2. Como estabelecer um relacionamento comercial de longa data entre n\u00f3s?<\/p>\n<p>R: Oferecemos alta qualidade de produtos e pre\u00e7o muito competitivo para garantir o lucro de nossos clientes.<\/p>\n<p>&nbsp;<\/p>\n<p>Q3. Quais termos de envio podemos escolher?<\/p>\n<p>R: Existem por mar, por via a\u00e9rea, por entrega expressa para suas op\u00e7\u00f5es.<\/p>","protected":false},"excerpt":{"rendered":"<p>plugue industrial 5pin 16a<\/p>\n<p>Capacidade de fornecimento: 100000 pe\u00e7as\/pe\u00e7as por m\u00eas<\/p>\n<p>detalhes da embalagem: pe bag<br \/>\nPorto: Ningbo\/Xangai<br \/>\nTempo de espera :<br \/>\nQuantidade (pe\u00e7as) 1 - 10000&gt; 10000<br \/>\nHusa. Tempo (dias) 60 a serem negociados<\/p>","protected":false},"featured_media":541,"template":"","meta":[],"product_cat":[24],"product_tag":[],"class_list":{"0":"post-257","1":"product","2":"type-product","3":"status-publish","4":"has-post-thumbnail","6":"product_cat-socketplug","8":"first","9":"instock","10":"shipping-taxable","11":"product-type-simple"},"_links":{"self":[{"href":"https:\/\/www.soyang-group.com\/pt\/wp-json\/wp\/v2\/product\/257","targetHints":{"allow":["GET"]}}],"collection":[{"href":"https:\/\/www.soyang-group.com\/pt\/wp-json\/wp\/v2\/product"}],"about":[{"href":"https:\/\/www.soyang-group.com\/pt\/wp-json\/wp\/v2\/types\/product"}],"version-history":[{"count":1,"href":"https:\/\/www.soyang-group.com\/pt\/wp-json\/wp\/v2\/product\/257\/revisions"}],"predecessor-version":[{"id":542,"href":"https:\/\/www.soyang-group.com\/pt\/wp-json\/wp\/v2\/product\/257\/revisions\/542"}],"wp:featuredmedia":[{"embeddable":true,"href":"https:\/\/www.soyang-group.com\/pt\/wp-json\/wp\/v2\/media\/541"}],"wp:attachment":[{"href":"https:\/\/www.soyang-group.com\/pt\/wp-json\/wp\/v2\/media?parent=257"}],"wp:term":[{"taxonomy":"product_cat","embeddable":true,"href":"https:\/\/www.soyang-group.com\/pt\/wp-json\/wp\/v2\/product_cat?post=257"},{"taxonomy":"product_tag","embeddable":true,"href":"https:\/\/www.soyang-group.com\/pt\/wp-json\/wp\/v2\/product_tag?post=257"}],"curies":[{"name":"wp","href":"https:\/\/api.w.org\/{rel}","templated":true}]}}