{"id":259,"date":"2024-12-12T13:08:15","date_gmt":"2024-12-12T05:08:15","guid":{"rendered":"https:\/\/shuangy.gg12.globaldeepsea.site\/?post_type=product&#038;p=259"},"modified":"2025-01-10T17:52:59","modified_gmt":"2025-01-10T09:52:59","slug":"industrial-socket","status":"publish","type":"product","link":"https:\/\/www.soyang-group.com\/pt\/produto\/industrial-socket\/","title":{"rendered":"Soquete industrial"},"content":{"rendered":"<div class=\"fl-col-group fl-node-5ea1012f9e458\" data-node=\"5ea1012f9e458\">\n<div class=\"fl-col fl-node-5ea1012f9e87c\" data-node=\"5ea1012f9e87c\">\n<div class=\"fl-col-content fl-node-content\">\n<div class=\"fl-module fl-module-rich-text fl-node-5ea1012f9e180\" data-node=\"5ea1012f9e180\" data-animation-delay=\"0.0\">\n<div class=\"fl-module-content fl-node-content\">\n<div class=\"fl-rich-text\">\n<p><b>Informa\u00e7\u00f5es b\u00e1sicas<\/b><b><\/b><br \/>\nModelo no.: Industrial CEE Plug &amp; Socket<br \/>\nNome da marca: Shuangyang<br \/>\nMaterial da concha: nylon e cobre<br \/>\nUso: conecte -se ao cabo<br \/>\nWarratante: 1 ano<br \/>\nCertificado: CE, ROHS, Reach, Pahs<\/p>\n<\/div>\n<\/div>\n<\/div>\n<\/div>\n<\/div>\n<\/div>\n<div class=\"fl-col-group fl-node-5ea10128c6e2f\" data-node=\"5ea10128c6e2f\">\n<div class=\"fl-col fl-node-5ea10128c71e0\" data-node=\"5ea10128c71e0\">\n<div class=\"fl-col-content fl-node-content\">\n<div class=\"fl-module fl-module-rich-text fl-node-5ea10174f2dbe\" data-node=\"5ea10174f2dbe\" data-animation-delay=\"0.0\">\n<div class=\"fl-module-content fl-node-content\">\n<div class=\"fl-rich-text\">\n<p><b>Detalhes do produto:<\/b><br \/>\n<b>\u00a0(1)<\/b><b>CEE 16A 6H soquete<\/b><br \/>\nN\u00famero do modelo: ez53<br \/>\nNome da marca: Shuangyang<br \/>\nUso: soquete CEE<br \/>\nAterramento: aterramento padr\u00e3o<br \/>\nTeoria: Ind\u00fastria<br \/>\n<b>Descri\u00e7\u00e3o e recursos<\/b><b><\/b><br \/>\n1. Voltagem: 200-250V AC<br \/>\n2. Corrente nominal: 16a ~ 6h<br \/>\n3. Prov\u00f3: IP44<br \/>\n4.Poles: 2p+e<br \/>\n5.color:blue<br \/>\n6. Capacidade de fornecimento: 5000000 pe\u00e7as\/pe\u00e7as por m\u00eas Timer<br \/>\n<b><\/b><b>Especifica\u00e7\u00e3o<\/b><br \/>\nPacote: bolsa PP com cart\u00e3o<br \/>\nQty\/CTN: 100pcs<br \/>\nGW: 15kg<br \/>\nNW: 14kg<br \/>\nTamanho da caixa: 75x29x26 cm<br \/>\nQty\/20 \u2032: 47.700 PCs<br \/>\nCertifica\u00e7\u00f5es: CE, ROHS, Reach, PAHs<br \/>\n<img decoding=\"async\" src=\"https:\/\/www.soyanggroup.com\/uploads\/693988eb.png\" alt=\"ccc\" \/><\/p>\n<\/div>\n<\/div>\n<\/div>\n<\/div>\n<\/div>\n<div class=\"fl-col fl-node-5ea10128c7236 fl-col-small\" data-node=\"5ea10128c7236\">\n<div class=\"fl-col-content fl-node-content\">\n<div class=\"fl-module fl-module-rich-text fl-node-5ea101f4d563e\" data-node=\"5ea101f4d563e\" data-animation-delay=\"0.0\">\n<div class=\"fl-module-content fl-node-content\">\n<div class=\"fl-rich-text\">\n<p><a class=\"fancybox\" href=\"https:\/\/www.soyanggroup.com\/uploads\/d9a4f57d.png\" target=\"_blank\" rel=\"noopener\"><img decoding=\"async\" src=\"https:\/\/www.soyanggroup.com\/uploads\/d9a4f57d.png\" alt=\"Soquete Industrial341\" \/><\/a><\/p>\n<\/div>\n<\/div>\n<\/div>\n<\/div>\n<\/div>\n<\/div>\n<div class=\"fl-col-group fl-node-5ea1026852090\" data-node=\"5ea1026852090\">\n<div class=\"fl-col fl-node-5ea1026852489\" data-node=\"5ea1026852489\">\n<div class=\"fl-col-content fl-node-content\">\n<div class=\"fl-module fl-module-rich-text fl-node-5ea1026c09741\" data-node=\"5ea1026c09741\" data-animation-delay=\"0.0\">\n<div class=\"fl-module-content fl-node-content\">\n<div class=\"fl-rich-text\">\n<p><b>(2) CEE 16A 6H\u00a0<\/b><b>soquete<\/b><br \/>\n<b><\/b>N\u00famero do modelo: ez54<br \/>\nNome da marca: Shuangyang<br \/>\nUso: soquete CEE<br \/>\nAterramento: aterramento padr\u00e3o<br \/>\nTeoria: Ind\u00fastria<br \/>\n<b>Descri\u00e7\u00e3o e recursos<\/b><b><\/b><br \/>\n1. Voltagem: 100-130V AC<br \/>\n2. Corrente nominal: 16a ~ 4h<br \/>\n3. Prov\u00f3: IP44<br \/>\n4.Poles: 2p+e<br \/>\n5.color:yellow<br \/>\n6. Capacidade de fornecimento: 5000000 pe\u00e7as\/pe\u00e7as por m\u00eas Timer<br \/>\n<b>Especifica\u00e7\u00e3o<\/b><br \/>\nPacote: bolsa PP com cart\u00e3o<br \/>\nQty\/CTN: 100pcs<br \/>\nGW: 15kg<br \/>\nNW: 14kg<br \/>\nTamanho da caixa: 75x29x26 cm<br \/>\nQty\/20 \u2032: 47.700 PCs<br \/>\nCertifica\u00e7\u00f5es: CE, ROHS, Reach, PAHs<br \/>\n<img decoding=\"async\" src=\"https:\/\/www.soyanggroup.com\/uploads\/693988eb.png\" alt=\"ccc\" \/><\/p>\n<\/div>\n<\/div>\n<\/div>\n<\/div>\n<\/div>\n<div class=\"fl-col fl-node-5ea10268524f6 fl-col-small\" data-node=\"5ea10268524f6\">\n<div class=\"fl-col-content fl-node-content\">\n<div class=\"fl-module fl-module-rich-text fl-node-5ea102e0f2ccb\" data-node=\"5ea102e0f2ccb\" data-animation-delay=\"0.0\">\n<div class=\"fl-module-content fl-node-content\">\n<div class=\"fl-rich-text\">\n<p><a class=\"fancybox\" href=\"https:\/\/www.soyanggroup.com\/uploads\/57ee1dc1.png\" target=\"_blank\" rel=\"noopener\"><img decoding=\"async\" src=\"https:\/\/www.soyanggroup.com\/uploads\/57ee1dc1.png\" alt=\"Socket1163 Industrial\" \/><\/a><\/p>\n<\/div>\n<\/div>\n<\/div>\n<\/div>\n<\/div>\n<\/div>\n<div class=\"fl-col-group fl-node-5ea102fe5d748\" data-node=\"5ea102fe5d748\">\n<div class=\"fl-col fl-node-5ea102fe5da3f\" data-node=\"5ea102fe5da3f\">\n<div class=\"fl-col-content fl-node-content\">\n<div class=\"fl-module fl-module-rich-text fl-node-5ea102fe5d574\" data-node=\"5ea102fe5d574\" data-animation-delay=\"0.0\">\n<div class=\"fl-module-content fl-node-content\">\n<div class=\"fl-rich-text\">\n<p><b>(3)CEE\u00a0<\/b><b>5-pin\u00a0<\/b><b>16a 6h\u00a0<\/b><b>soquete<\/b><br \/>\n<b><\/b>N\u00famero do modelo: ez55<br \/>\nNome da marca: Shuangyang<br \/>\nUso: plugue CEE<br \/>\nAterramento: aterramento padr\u00e3o<br \/>\nTeoria: Ind\u00fastria<br \/>\n<b>Descri\u00e7\u00e3o e recursos<\/b><b><\/b><br \/>\n1. Voltagem: 200\/346-240\/415V AC<br \/>\n2. Corrente nominal: 16a ~ 6h<br \/>\n3. Prov\u00f3: IP44<br \/>\n4.Poles: 3p+n+e<br \/>\n5.color:Red<br \/>\n6. Capacidade de fornecimento: 5000000 pe\u00e7as\/pe\u00e7as por m\u00eas Timer<br \/>\n<b>Especifica\u00e7\u00e3o<\/b><br \/>\nPacote: bolsa PP com cart\u00e3o<br \/>\nQty\/CTN: 100pcs<br \/>\nGW: 16 kg<br \/>\nNW: 15kg<br \/>\nTamanho da caixa: 75x29x26 cm<br \/>\nQty\/20 \u2032: 47.700 PCs<br \/>\nCertifica\u00e7\u00f5es: CE, ROHS, Reach, PAHs<br \/>\n<img decoding=\"async\" src=\"https:\/\/www.soyanggroup.com\/uploads\/693988eb.png\" alt=\"ccc\" \/><\/p>\n<\/div>\n<\/div>\n<\/div>\n<\/div>\n<\/div>\n<div class=\"fl-col fl-node-5ea103ab2c643 fl-col-small\" data-node=\"5ea103ab2c643\">\n<div class=\"fl-col-content fl-node-content\">\n<div class=\"fl-module fl-module-rich-text fl-node-5ea103ab2bfc1\" data-node=\"5ea103ab2bfc1\" data-animation-delay=\"0.0\">\n<div class=\"fl-module-content fl-node-content\">\n<div class=\"fl-rich-text\">\n<p><a class=\"fancybox\" href=\"https:\/\/www.soyanggroup.com\/uploads\/000d6979.png\" target=\"_blank\" rel=\"noopener\"><img decoding=\"async\" src=\"https:\/\/www.soyanggroup.com\/uploads\/000d6979.png\" alt=\"Soquete Industrial1993\" \/><\/a><\/p>\n<\/div>\n<\/div>\n<\/div>\n<\/div>\n<\/div>\n<\/div>\n<div class=\"fl-col-group fl-node-5ea536c393e80\" data-node=\"5ea536c393e80\">\n<div class=\"fl-col fl-node-5ea536c39425e\" data-node=\"5ea536c39425e\">\n<div class=\"fl-col-content fl-node-content\">\n<div class=\"fl-module fl-module-rich-text fl-node-5ea536c393c70\" data-node=\"5ea536c393c70\" data-animation-delay=\"0.0\">\n<div class=\"fl-module-content fl-node-content\">\n<div class=\"fl-rich-text\">\n<p><b>Etapas de processamento:<\/b><\/p>\n<\/div>\n<\/div>\n<\/div>\n<\/div>\n<\/div>\n<\/div>\n<div class=\"fl-col-group fl-node-5ea10438dfe90\" data-node=\"5ea10438dfe90\">\n<div class=\"fl-col fl-node-5ea10438e02e5 fl-col-small\" data-node=\"5ea10438e02e5\">\n<div class=\"fl-col-content fl-node-content\">\n<div class=\"fl-module fl-module-rich-text fl-node-5ea1046d58be1\" data-node=\"5ea1046d58be1\" data-animation-delay=\"0.0\">\n<div class=\"fl-module-content fl-node-content\">\n<div class=\"fl-rich-text\">\n<p>Materials Raw (Timersockets)<\/p>\n<p><img decoding=\"async\" src=\"https:\/\/www.soyanggroup.com\/uploads\/38a0b923.png\" alt=\"1\" \/><\/p>\n<\/div>\n<\/div>\n<\/div>\n<\/div>\n<\/div>\n<div class=\"fl-col fl-node-5ea10438e033d fl-col-small\" data-node=\"5ea10438e033d\">\n<div class=\"fl-col-content fl-node-content\">\n<div class=\"fl-module fl-module-rich-text fl-node-5ea1047d56ccc\" data-node=\"5ea1047d56ccc\" data-animation-delay=\"0.0\">\n<div class=\"fl-module-content fl-node-content\">\n<div class=\"fl-rich-text\">\n<p>inje\u00e7\u00e3o<\/p>\n<p><img decoding=\"async\" src=\"https:\/\/www.soyanggroup.com\/uploads\/8d9d4c2f.png\" alt=\"2\" \/><\/p>\n<\/div>\n<\/div>\n<\/div>\n<\/div>\n<\/div>\n<div class=\"fl-col fl-node-5ea10438e038e fl-col-small\" data-node=\"5ea10438e038e\">\n<div class=\"fl-col-content fl-node-content\">\n<div class=\"fl-module fl-module-rich-text fl-node-5ea104b265427\" data-node=\"5ea104b265427\" data-animation-delay=\"0.0\">\n<div class=\"fl-module-content fl-node-content\">\n<div class=\"fl-rich-text\">\n<p>fascinante<\/p>\n<p><img decoding=\"async\" src=\"https:\/\/www.soyanggroup.com\/uploads\/7e4b5ce22.png\" alt=\"3\" \/><\/p>\n<\/div>\n<\/div>\n<\/div>\n<\/div>\n<\/div>\n<\/div>\n<div class=\"fl-col-group fl-node-5ea1043dae44c\" data-node=\"5ea1043dae44c\">\n<div class=\"fl-col fl-node-5ea1043dae8ae fl-col-small\" data-node=\"5ea1043dae8ae\">\n<div class=\"fl-col-content fl-node-content\">\n<div class=\"fl-module fl-module-rich-text fl-node-5ea104e2d9e57\" data-node=\"5ea104e2d9e57\" data-animation-delay=\"0.0\">\n<div class=\"fl-module-content fl-node-content\">\n<div class=\"fl-rich-text\">\n<p>montagem<br \/>\n<img decoding=\"async\" src=\"https:\/\/www.soyanggroup.com\/uploads\/79a2f3e7.png\" alt=\"4\" \/><\/p>\n<\/div>\n<\/div>\n<\/div>\n<\/div>\n<\/div>\n<div class=\"fl-col fl-node-5ea1043dae903 fl-col-small\" data-node=\"5ea1043dae903\">\n<div class=\"fl-col-content fl-node-content\">\n<div class=\"fl-module fl-module-rich-text fl-node-5ea104ffd3975\" data-node=\"5ea104ffd3975\" data-animation-delay=\"0.0\">\n<div class=\"fl-module-content fl-node-content\">\n<div class=\"fl-rich-text\">\n<p>teste<br \/>\n<img decoding=\"async\" src=\"https:\/\/www.soyanggroup.com\/uploads\/7fbbce23.png\" alt=\"5\" \/><\/p>\n<\/div>\n<\/div>\n<\/div>\n<\/div>\n<\/div>\n<div class=\"fl-col fl-node-5ea1043dae953 fl-col-small\" data-node=\"5ea1043dae953\">\n<div class=\"fl-col-content fl-node-content\">\n<div class=\"fl-module fl-module-rich-text fl-node-5ea1051578e1b\" data-node=\"5ea1051578e1b\" data-animation-delay=\"0.0\">\n<div class=\"fl-module-content fl-node-content\">\n<div class=\"fl-rich-text\">\n<p>armaz\u00e9m<br \/>\n<img decoding=\"async\" src=\"https:\/\/www.soyanggroup.com\/uploads\/1c5a880f.png\" alt=\"6\" \/><\/p>\n<\/div>\n<\/div>\n<\/div>\n<\/div>\n<\/div>\n<\/div>\n<div class=\"fl-col-group fl-node-5ea103c700bbf\" data-node=\"5ea103c700bbf\">\n<div class=\"fl-col fl-node-5ea103c700ea5\" data-node=\"5ea103c700ea5\">\n<div class=\"fl-col-content fl-node-content\">\n<div class=\"fl-module fl-module-rich-text fl-node-5ea103c7009b3\" data-node=\"5ea103c7009b3\" data-animation-delay=\"0.0\">\n<div class=\"fl-module-content fl-node-content\">\n<div class=\"fl-rich-text\">\n<p><strong>Vantagem<\/strong><\/p>\n<p>\u25cf Pe\u00e7as de marca<br \/>\n\u25cf Pa\u00eds de origem<br \/>\n\u25cf Distribuidores oferecidos<br \/>\n\u25cf Funcion\u00e1rios experientes<br \/>\n\u25cf Forma a<br \/>\n\u25cf Produto verde<br \/>\n\u25cf Garantia\/garantia<br \/>\n\u25cf Aprova\u00e7\u00f5es internacionais<br \/>\n\u25cf Embalagem<br \/>\n\u25cf Pre\u00e7o<br \/>\n\u25cf Recursos do produto<br \/>\n\u25cf Desempenho do produto<br \/>\n\u25cf Entrega imediata<br \/>\n\u25cf Aprova\u00e7\u00f5es de qualidade<br \/>\n\u25cf Reputa\u00e7\u00e3o<br \/>\n\u25cf Servi\u00e7o<br \/>\n\u25cf Pequenas ordens aceitas<br \/>\n\u25cf Servi\u00e7o OEM e ODM fornecido<br \/>\n\u25cf Alta qualidade<\/p>\n<p><b>Os produtos semelhantes<\/b><\/p>\n<p><img decoding=\"async\" src=\"https:\/\/www.soyanggroup.com\/uploads\/7c8bcc9a.png\" alt=\"GGGGG\" \/><\/p>\n<p><b>Embalagem e pagamento e remessa<br \/>\n<\/b><b>Detalhes da embalagem:\u00a0<\/b><b>bolsa pp com cart\u00e3o<br \/>\n<\/b><b>M\u00e9todo de pagamento: adiantamento tt, t\/t, l\/c<br \/>\n<\/b><b>Entrega: 30-45 dias ap\u00f3s o recebimento do dep\u00f3sito<br \/>\n<\/b><b>Porto: Ningbo ou Xangai<\/b><\/p>\n<p><strong>perfil de companhia:<\/strong><br \/>\n1. Business Tipo: Fabricante, Companhia de Com\u00e9rcio<br \/>\n2.Main Products: Sockets do timer, cabo, bobinas de cabo, ilumina\u00e7\u00e3o<br \/>\n3. Total de funcion\u00e1rios: 501 - 1000 pessoas<br \/>\n4.Year estabelecido: 1994<br \/>\n5. Certifica\u00e7\u00e3o do sistema de gerenciamento: ISO9001, ISO14001, OHSAS18001<br \/>\n6. Pa\u00eds \/ Regi\u00e3o: Zhejiang, China<br \/>\n7. Propriet\u00e1rio: Propriet\u00e1rio particular<br \/>\n8. Mercados principais:<\/p>\n<p>Europa Oriental 39.00%<br \/>\nNorthern Europe 30.00%<br \/>\nEuropa Ocidental 16.00%<br \/>\nMercado dom\u00e9stico: 7%<br \/>\nOriente M\u00e9dio: 5%<br \/>\nAm\u00e9rica do Sul: 3%<\/p>\n<p><strong>Perguntas frequentes:<\/strong><br \/>\n1. Os seus produtos podem imprimir o logotipo dos convidados?<br \/>\nSim, os h\u00f3spedes fornecem o logotipo, podemos imprimir no produto.<br \/>\n2. Que auditoria de responsabilidade social voc\u00ea passou?<br \/>\nSim, temos BSCI, Sedex.<br \/>\n3. Quais s\u00e3o seus pre\u00e7os?<br \/>\nNossos pre\u00e7os est\u00e3o sujeitos a altera\u00e7\u00f5es, dependendo da oferta e de outros fatores de mercado. Enviaremos a voc\u00ea e a lista de pre\u00e7os atualizada depois que sua conex\u00e3o entre em contato conosco para obter mais informa\u00e7\u00f5es.<\/p>\n<\/div>\n<\/div>\n<\/div>\n<\/div>\n<\/div>\n<\/div>","protected":false},"excerpt":{"rendered":"<p>Conector de energia industrial 2p+e<\/p>\n<p>IP44<\/p>","protected":false},"featured_media":539,"template":"","meta":[],"product_cat":[24],"product_tag":[],"class_list":{"0":"post-259","1":"product","2":"type-product","3":"status-publish","4":"has-post-thumbnail","6":"product_cat-socketplug","8":"first","9":"instock","10":"shipping-taxable","11":"product-type-simple"},"_links":{"self":[{"href":"https:\/\/www.soyang-group.com\/pt\/wp-json\/wp\/v2\/product\/259","targetHints":{"allow":["GET"]}}],"collection":[{"href":"https:\/\/www.soyang-group.com\/pt\/wp-json\/wp\/v2\/product"}],"about":[{"href":"https:\/\/www.soyang-group.com\/pt\/wp-json\/wp\/v2\/types\/product"}],"version-history":[{"count":1,"href":"https:\/\/www.soyang-group.com\/pt\/wp-json\/wp\/v2\/product\/259\/revisions"}],"predecessor-version":[{"id":540,"href":"https:\/\/www.soyang-group.com\/pt\/wp-json\/wp\/v2\/product\/259\/revisions\/540"}],"wp:featuredmedia":[{"embeddable":true,"href":"https:\/\/www.soyang-group.com\/pt\/wp-json\/wp\/v2\/media\/539"}],"wp:attachment":[{"href":"https:\/\/www.soyang-group.com\/pt\/wp-json\/wp\/v2\/media?parent=259"}],"wp:term":[{"taxonomy":"product_cat","embeddable":true,"href":"https:\/\/www.soyang-group.com\/pt\/wp-json\/wp\/v2\/product_cat?post=259"},{"taxonomy":"product_tag","embeddable":true,"href":"https:\/\/www.soyang-group.com\/pt\/wp-json\/wp\/v2\/product_tag?post=259"}],"curies":[{"name":"wp","href":"https:\/\/api.w.org\/{rel}","templated":true}]}}