{"id":266,"date":"2024-12-12T13:10:17","date_gmt":"2024-12-12T05:10:17","guid":{"rendered":"https:\/\/shuangy.gg12.globaldeepsea.site\/?post_type=product&#038;p=266"},"modified":"2024-12-12T13:10:17","modified_gmt":"2024-12-12T05:10:17","slug":"2-1a-usb-socket","status":"publish","type":"product","link":"https:\/\/www.soyang-group.com\/pt\/produto\/2-1a-usb-socket\/","title":{"rendered":"2.1a soquete USB"},"content":{"rendered":"<p><strong>Vis\u00e3o geral<\/strong><\/p>\n<p><strong>Detalhes r\u00e1pidos<\/strong><br \/>\nLocal de origem: Zhejiang, China<br \/>\nNome da marca: Soyang<br \/>\nN\u00famero do modelo: USB-D2<br \/>\nDC: 5V AC<br \/>\nMax:2.1A<br \/>\nCor: Branco<br \/>\nAplica\u00e7\u00e3o: interruptor do timer<\/p>\n<p><strong>Capacidade de fornecimento<\/strong><br \/>\nCapacidade de fornecimento: 100000 pe\u00e7as\/pe\u00e7as por m\u00eas<\/p>\n<p><strong>Embalagem e entrega<\/strong><br \/>\nDetalhes da embalagem: Blister Double, 10pcs\/ caixa interna, 60pcs\/ caixa externa<br \/>\nPorto: Ningbo\/Xangai<br \/>\nTempo de espera :<br \/>\nQuantidade (pe\u00e7as) 1 - 10000&gt; 10000<br \/>\nHusa. Tempo (dias) 60 a serem negociados<\/p>\n<p>&nbsp;<\/p>\n<p><strong>Detalhe a descri\u00e7\u00e3o do produto<\/strong><\/p>\n<p><strong>2.1a soquete USB<\/strong><br \/>\nN\u00famero do modelo: USB-D2<br \/>\nVers\u00e3o da Alemanha<br \/>\nNome da marca: Shuangyang<br \/>\nUso: soquete do carregador<br \/>\nTeoria: Mec\u00e2nica<br \/>\nDescri\u00e7\u00e3o e recursos<br \/>\n1.Max: 2.1a<br \/>\n2.DC: 5V<br \/>\n3. O tamanho da unidade:<\/p>\n<p><a class=\"fancybox\" href=\"https:\/\/www.soyanggroup.com\/uploads\/125.jpg\" target=\"_blank\" rel=\"noopener\"><img decoding=\"async\" class=\"alignnone size-full wp-image-4344\" src=\"https:\/\/www.soyanggroup.com\/uploads\/125.jpg\" alt=\"1\" \/><\/a><\/p>\n<p>4. Capacidade de fornecimento: 1000000 pe\u00e7as\/pe\u00e7as por m\u00eas Timer<br \/>\n5. Capacidade dispon\u00edvel para outro design: vers\u00e3o gemany, vers\u00e3o da Dinamarca, vers\u00e3o da Fran\u00e7a<\/p>\n<p>&nbsp;<\/p>\n<p><strong>Especifica\u00e7\u00e3o<\/strong><br \/>\nPacote: bolha dupla<br \/>\nQty\/Box: 10pcs<br \/>\nQty\/ctn: 60pcs<br \/>\nGW: 5,8 kg<br \/>\nNW: 4,8 kg<br \/>\nTamanho da caixa: 38*73*23cm<br \/>\nQty\/20 \u2032: 23.040pcs<br \/>\nCertifica\u00e7\u00f5es: GS, CE, ROHS, Reach, PAHS<\/p>\n<p>&nbsp;<\/p>\n<p><strong>Ponto de vendas<\/strong><br \/>\n1. Alta qualidade<br \/>\n2. Pre\u00e7o favor\u00e1vel<br \/>\n3. Grande variedade de produtos<br \/>\n4. Design atraente<br \/>\n5. Tecnologia amig\u00e1vel ao ambiente<br \/>\n6. Servi\u00e7o de OEM e ODM fornecido<\/p>\n<p>&nbsp;<\/p>\n<p><strong>Embalagem e pagamento e remessa<\/strong><br \/>\nDetalhes da embalagem: caixa branca<br \/>\nM\u00e9todo de pagamento: adiantamento tt, t\/t, l\/c<br \/>\nEntrega: 30-45 dias ap\u00f3s o recebimento do dep\u00f3sito<br \/>\nPorto: Ningbo ou Xangai<\/p>\n<p>&nbsp;<\/p>\n<p><strong>Nossos servi\u00e7os<\/strong><br \/>\n1. Depois de receber sua mensagem, responderemos em 24 horas<br \/>\n2. Temos uma equipe de vendas profissional para oferecer servi\u00e7o para voc\u00ea<br \/>\n3. Ofere\u00e7a 2 anos como tempo de garantia e servi\u00e7o p\u00f3s-venda<\/p>\n<p>&nbsp;<\/p>\n<p><strong>Informa\u00e7\u00f5es da empresa<\/strong><\/p>\n<p>Zhejiang Shuangyang Group Co.Ltd. foi criado em 1986, \u00e9 uma empresa privada de propriedade privada, uma das empresas estrelas da cidade de Ningbo em 1998 e aprovada pela ISO9001\/14000\/18000. Localizamos em Cixi, Ningbo City, que fica a apenas uma hora para o porto e o aeroporto de Ningbo e duas horas para Xangai.<\/p>\n<p><a class=\"fancybox\" href=\"https:\/\/www.soyanggroup.com\/uploads\/11.jpg\" target=\"_blank\" rel=\"noopener\"><img decoding=\"async\" class=\"alignnone size-full wp-image-4014\" src=\"https:\/\/www.soyanggroup.com\/uploads\/11.jpg\" alt=\"\u00c4\u00da\u00d2\u00b3\u00d0\u00a7\u00b9\u00fb-1\" \/><\/a><br \/>\nAt\u00e9 agora, o capital registrado \u00e9 superior a 16 milh\u00f5es de d\u00f3lares. Nossa \u00e1rea de piso \u00e9 de cerca de 120.000 m\u00b2 e a \u00e1rea de constru\u00e7\u00e3o \u00e9 de cerca de 85.000 m\u00b2. Em 2018, nossa reviravolta total \u00e9 de 80 milh\u00f5es de d\u00f3lares. Temos dez pessoas de P&amp;D e mais de 100 QCs para garantir a qualidade, a cada ano, projetamos e desenvolvemos mais de dez novos produtos que atuam como fabricante l\u00edder.<\/p>\n<p>Nossos principais produtos s\u00e3o temporizadores, soquetes, cabos flex\u00edveis, cabos de alimenta\u00e7\u00e3o, plugues, soquetes de extens\u00e3o, bobinas de cabos e ilumina\u00e7\u00e3o. Podemos fornecer muitos tipos de temporizadores, como temporizadores di\u00e1rios, temporizadores mec\u00e2nicos e digitais, contar temporizadores, temporizadores do setor com todos os tipos de soquetes. Nossos mercados -alvo s\u00e3o do mercado europeu e do mercado americano. Nossos produtos aprovados por CE, GS, D, N, S, NF, ETL, VDE, ROHS, REACH, PAHS e assim por diante.<\/p>\n<p>Temos uma boa reputa\u00e7\u00e3o entre nossos clientes. Sempre focamos na prote\u00e7\u00e3o do meio ambiente e da seguran\u00e7a humana. Melhorar a qualidade de vida \u00e9 o nosso objetivo final.<\/p>\n<p>Cordos de alimenta\u00e7\u00e3o, cabos de extens\u00e3o e bobinas de cabo s\u00e3o nossos principais neg\u00f3cios, somos o fabricante l\u00edder dos pedidos de promo\u00e7\u00e3o do mercado europeu todos os anos. Somos os principais fabricantes que cooperam com o VDE Global Service na Alemanha para proteger a marca registrada.<\/p>\n<p>Bem -vindo calorosamente a cooperar com todos os clientes para benef\u00edcio m\u00fatuo e futuro brilhante.<\/p>\n<p>&nbsp;<\/p>\n<p><strong>Perguntas frequentes<\/strong><br \/>\nQ1. Voc\u00ea pode aceitar o pedido de amostra?<\/p>\n<p>A: Sim, claro, aceitamos o pedido de amostra.<\/p>\n<p>&nbsp;<\/p>\n<p>Q2. Como nos contratar?<\/p>\n<p>A: Voc\u00ea pode enviar e -mail para n\u00f3s ou ligar.<\/p>","protected":false},"excerpt":{"rendered":"<p>Home USB carregador mini plugue de soquete<br \/>\nOs dispositivos iOS e Android s\u00e3o compat\u00edveis,<br \/>\nApoie dois dispositivos para carregar juntos resolver o problema de cobran\u00e7a dif\u00edcil<\/p>","protected":false},"featured_media":270,"template":"","meta":[],"product_cat":[24],"product_tag":[],"class_list":{"0":"post-266","1":"product","2":"type-product","3":"status-publish","4":"has-post-thumbnail","6":"product_cat-socketplug","8":"first","9":"instock","10":"shipping-taxable","11":"product-type-simple"},"_links":{"self":[{"href":"https:\/\/www.soyang-group.com\/pt\/wp-json\/wp\/v2\/product\/266","targetHints":{"allow":["GET"]}}],"collection":[{"href":"https:\/\/www.soyang-group.com\/pt\/wp-json\/wp\/v2\/product"}],"about":[{"href":"https:\/\/www.soyang-group.com\/pt\/wp-json\/wp\/v2\/types\/product"}],"version-history":[{"count":0,"href":"https:\/\/www.soyang-group.com\/pt\/wp-json\/wp\/v2\/product\/266\/revisions"}],"wp:featuredmedia":[{"embeddable":true,"href":"https:\/\/www.soyang-group.com\/pt\/wp-json\/wp\/v2\/media\/270"}],"wp:attachment":[{"href":"https:\/\/www.soyang-group.com\/pt\/wp-json\/wp\/v2\/media?parent=266"}],"wp:term":[{"taxonomy":"product_cat","embeddable":true,"href":"https:\/\/www.soyang-group.com\/pt\/wp-json\/wp\/v2\/product_cat?post=266"},{"taxonomy":"product_tag","embeddable":true,"href":"https:\/\/www.soyang-group.com\/pt\/wp-json\/wp\/v2\/product_tag?post=266"}],"curies":[{"name":"wp","href":"https:\/\/api.w.org\/{rel}","templated":true}]}}