{"id":278,"date":"2024-12-12T13:12:57","date_gmt":"2024-12-12T05:12:57","guid":{"rendered":"https:\/\/shuangy.gg12.globaldeepsea.site\/?post_type=product&#038;p=278"},"modified":"2024-12-12T13:12:57","modified_gmt":"2024-12-12T05:12:57","slug":"industry-extension-cord","status":"publish","type":"product","link":"https:\/\/www.soyang-group.com\/pt\/produto\/industry-extension-cord\/","title":{"rendered":"Cord\u00e3o de extens\u00e3o da ind\u00fastria"},"content":{"rendered":"<p><strong>Vis\u00e3o geral<\/strong><br \/>\n<strong>Detalhes r\u00e1pidos<\/strong><br \/>\nLocal de origem: Zhejiang, China<br \/>\nNome da marca: SY<br \/>\nN\u00famero do modelo: ez54\/gp52<br \/>\nTipo: soquete de extens\u00e3o com plugue da ind\u00fastria<br \/>\nAterramento: aterramento padr\u00e3o<br \/>\nTens\u00e3o nominal: 16a<br \/>\nCorrente nominal: 250V<br \/>\nAPLICA\u00c7\u00c3O: Residencial \/ General-Furse<br \/>\nCertifica\u00e7\u00e3o: CE, s<br \/>\nEstilo de cabo: Cable de borracha VDE<br \/>\nProva de \u00e1gua: IP44<br \/>\nComprimento do cabo: de acordo com os clientes\u2019<\/p>\n<p><a class=\"fancybox\" href=\"https:\/\/www.soyanggroup.com\/uploads\/135.jpg\" target=\"_blank\" rel=\"noopener\"><img fetchpriority=\"high\" decoding=\"async\" class=\"alignnone  wp-image-4903\" src=\"https:\/\/www.soyanggroup.com\/uploads\/135.jpg\" alt=\"13\" width=\"434\" height=\"298\" \/><\/a><\/p>\n<p><strong>Capacidade de fornecimento<\/strong><br \/>\nCapacidade de fornecimento: 500000 pe\u00e7as\/pe\u00e7as por m\u00eas Extens\u00e3o Multi soquete<\/p>\n<p><strong>Embalagem e entrega<\/strong><br \/>\nDetalhes da embalagem: bolsa pe com cart\u00e3o<br \/>\nPorta: Ningbo<br \/>\nPrazo de entrega: 25 dias ap\u00f3s o recebimento do dep\u00f3sito<\/p>\n<p>&nbsp;<\/p>\n<p><strong>Descri\u00e7\u00e3o e recursos<\/strong><br \/>\n1. Plugue CEE:<br \/>\nTens\u00e3o: 100-130VAC<br \/>\nCorrente: 16a- 4h<br \/>\nP\u00f3los: 2p+e<br \/>\nWater-proof:IP44<\/p>\n<p>2. Soquete CEE:<br \/>\nTens\u00e3o: 100-130VAC<br \/>\nCorrente: 16a- 4h<br \/>\nP\u00f3los: 2p+e<br \/>\nWater-proof:IP44<\/p>\n<p>3.color:yellow<\/p>\n<p>4. Match o cabo da seguinte forma: H05VV-F 3G1.5\/2.5,<br \/>\nH05RR-F 3G1.5\/2.5,<br \/>\nH07RN-F 3G1.5\/2.5.<\/p>\n<p>5. O comprimento do cabo pode de acordo com a exig\u00eancia do cliente. Por exemplo: 10m, 25m, 50m\u2026.<\/p>\n<p>6. pode, de acordo com os clientes, precisam de embalagem.<\/p>\n<p>7. Capacidade de fornecimento: 9000000 metros\/metros por m\u00eas Cord\u00e3o de extens\u00e3o europeia<br \/>\n<strong>Especifica\u00e7\u00e3o<\/strong><br \/>\nPacote: PE Bag com cart\u00e3o<br \/>\nCertifica\u00e7\u00f5es: CE, ROHS, Reach, PAHs<\/p>\n<p><img decoding=\"async\" src=\"https:\/\/sc01.alicdn.com\/kf\/HTB1eXO6JFXXXXbAXFXXq6xXFXXX1\/1942321\/HTB1eXO6JFXXXXbAXFXXq6xXFXXX1.jpg\" alt=\"\" width=\"639\" height=\"469\" \/><br \/>\n<strong>Visualizar<\/strong><br \/>\nZhejiang Shuangyang Group Co., Ltd Sempre se atenha \u00e0 qualidade e servi\u00e7o, n\u00e3o fornecemos apenas alta qualidade,<br \/>\nmas tamb\u00e9m preste aten\u00e7\u00e3o \u00e0 prote\u00e7\u00e3o do meio ambiente e \u00e0 seguran\u00e7a do ser humano.<br \/>\nMelhorar ininterruptamente a qualidade da vida humana \u00e9 nosso objetivo final.<\/p>\n<p><a class=\"fancybox\" href=\"https:\/\/www.soyanggroup.com\/uploads\/1211.jpg\" target=\"_blank\" rel=\"noopener\"><img decoding=\"async\" class=\"alignnone  wp-image-4900\" src=\"https:\/\/www.soyanggroup.com\/uploads\/1211.jpg\" alt=\"12\" width=\"269\" height=\"196\" \/><\/a>\u00a0 \u00a0<img loading=\"lazy\" decoding=\"async\" class=\"wp-image-4904 alignnone\" src=\"https:\/\/www.soyanggroup.com\/uploads\/1212.jpg\" alt=\"12\" width=\"301\" height=\"175\" \/><\/p>\n<p>&nbsp;<\/p>\n<p><strong>Vantagem<\/strong><br \/>\n1. Pe\u00e7as de nomes de marca<br \/>\n2. Country de origem<br \/>\n3.Distributionships oferecidos<br \/>\n4. Funcion\u00e1rios experientes<br \/>\n5. forma a<br \/>\n6.Green Produto<br \/>\n7.Guarantee\/Warranty<br \/>\n8. Aprova\u00e7\u00f5es internacionais<br \/>\n9.Packaging<br \/>\n10.Price<br \/>\n11. Recursos do produto<br \/>\n12. Desempenho do produto<br \/>\n13. Promo\u00e7\u00e3o de entrega<br \/>\n14. Aprova\u00e7\u00f5es de qualidade<br \/>\n15.Reputation<br \/>\n16.Service<br \/>\n17. Salv\u00f5es pequenas aceitas<br \/>\n18. Servi\u00e7o de OEM e ODM fornecido<br \/>\n19. Alta qualidade<br \/>\n<strong>Mercado Popular: Europeu<\/strong><strong><br \/>\n<\/strong><\/p>\n<p><img decoding=\"async\" src=\"https:\/\/sc01.alicdn.com\/kf\/HTB1.scCIFXXXXXVXpXXq6xXFXXX6\/1942321\/HTB1.scCIFXXXXXVXpXXq6xXFXXX6.jpg_.webp\" alt=\"\" \/><\/p>\n<p>&nbsp;<\/p>\n<p><strong>Contato<\/strong><br \/>\nVamos responder seu e -mail ou fax dentro de 24 horas<br \/>\nVoc\u00ea pode nos ligar a qualquer momento, se houver alguma d\u00favida em nossa produ\u00e7\u00e3o<\/p>\n<p>&nbsp;<\/p>\n<p><strong>Envio para<\/strong><br \/>\nPodemos aceitar a empresa de transporte indicada ou o navio de reserva para o cliente, rastreando os cont\u00eaineres at\u00e9 que o cliente receba as mercadorias<\/p>\n<p><img decoding=\"async\" src=\"https:\/\/sc01.alicdn.com\/kf\/HTB19FIlJFXXXXXkXVXXq6xXFXXXv\/1942321\/HTB19FIlJFXXXXXkXVXXq6xXFXXXv.jpg_.webp\" alt=\"\" \/><br \/>\n<strong>Se voc\u00ea quiser saber mais informa\u00e7\u00f5es, entre em contato conosco sem hesitar<\/strong><\/p>","protected":false},"excerpt":{"rendered":"<p>O comprimento do cabo pode de acordo com a exig\u00eancia do cliente.<br \/>\nPor exemplo: 10m, 25m, 50m\u2026.<\/p>\n<p>Embalagem e entrega<br \/>\ndetalhes da embalagem: pe bag<br \/>\nPorto: Ningbo\/Xangai<br \/>\nTempo de espera :<br \/>\nQuantidade (pe\u00e7as) 1 - 10000&gt; 10000<br \/>\nHusa. Tempo (dias) 60 a serem negociados<\/p>","protected":false},"featured_media":279,"template":"","meta":[],"product_cat":[25],"product_tag":[],"class_list":{"0":"post-278","1":"product","2":"type-product","3":"status-publish","4":"has-post-thumbnail","6":"product_cat-extension-cord","8":"first","9":"instock","10":"shipping-taxable","11":"product-type-simple"},"_links":{"self":[{"href":"https:\/\/www.soyang-group.com\/pt\/wp-json\/wp\/v2\/product\/278","targetHints":{"allow":["GET"]}}],"collection":[{"href":"https:\/\/www.soyang-group.com\/pt\/wp-json\/wp\/v2\/product"}],"about":[{"href":"https:\/\/www.soyang-group.com\/pt\/wp-json\/wp\/v2\/types\/product"}],"version-history":[{"count":0,"href":"https:\/\/www.soyang-group.com\/pt\/wp-json\/wp\/v2\/product\/278\/revisions"}],"wp:featuredmedia":[{"embeddable":true,"href":"https:\/\/www.soyang-group.com\/pt\/wp-json\/wp\/v2\/media\/279"}],"wp:attachment":[{"href":"https:\/\/www.soyang-group.com\/pt\/wp-json\/wp\/v2\/media?parent=278"}],"wp:term":[{"taxonomy":"product_cat","embeddable":true,"href":"https:\/\/www.soyang-group.com\/pt\/wp-json\/wp\/v2\/product_cat?post=278"},{"taxonomy":"product_tag","embeddable":true,"href":"https:\/\/www.soyang-group.com\/pt\/wp-json\/wp\/v2\/product_tag?post=278"}],"curies":[{"name":"wp","href":"https:\/\/api.w.org\/{rel}","templated":true}]}}