{"id":281,"date":"2024-12-12T13:16:19","date_gmt":"2024-12-12T05:16:19","guid":{"rendered":"https:\/\/shuangy.gg12.globaldeepsea.site\/?post_type=product&#038;p=281"},"modified":"2024-12-12T13:16:20","modified_gmt":"2024-12-12T05:16:20","slug":"uk-indoor-extension-cord","status":"publish","type":"product","link":"https:\/\/www.soyang-group.com\/pt\/produto\/uk-indoor-extension-cord\/","title":{"rendered":"Cord\u00e3o de extens\u00e3o interna do Reino Unido"},"content":{"rendered":"<p><strong>Vis\u00e3o geral<\/strong><br \/>\n<strong>Detalhes r\u00e1pidos<\/strong><br \/>\nLocal de origem: Zhejiang, China<br \/>\nNome da marca: Shunchi<br \/>\nN\u00famero do modelo: SY-28\/SY-CZ-28<br \/>\nTipo: cord\u00e3o de extens\u00e3o<br \/>\nCertificado: CE ROHS Chegue aos PAHs<\/p>\n<p><strong>Capacidade de fornecimento<\/strong><br \/>\nCapacidade de oferta: 9000000 metros\/metros por m\u00eas Cord\u00e3o de extens\u00e3o europeia<\/p>\n<p><strong>Embalagem e entrega<\/strong><br \/>\nDetalhes da embalagem: bolsa pe com cart\u00e3o<br \/>\nPorta: Ningbo<br \/>\nPrazo de entrega: 25 dias ap\u00f3s o recebimento do dep\u00f3sito<br \/>\nCord\u00e3o de extens\u00e3o do Reino Unido<br \/>\n<strong>Detalhe a descri\u00e7\u00e3o do produto<\/strong><br \/>\nLocal de origem: Zhejiang China (continente)<br \/>\nNome da marca: Shuangyang<br \/>\nN\u00famero do modelo: SY-28\/SY-CZ-28<br \/>\nTipo: cord\u00e3o de extens\u00e3o<br \/>\nAPLICATIVO: APARELO HOME<br \/>\n<strong>Visualizar<\/strong><br \/>\nZhejiang Shuangyang Group Co., Ltd Sempre se atenha \u00e0 qualidade e servi\u00e7o, n\u00e3o fornecemos apenas alta qualidade,<br \/>\nmas tamb\u00e9m preste aten\u00e7\u00e3o \u00e0 prote\u00e7\u00e3o do meio ambiente e \u00e0 seguran\u00e7a do ser humano.<br \/>\nMelhorar ininterruptamente a qualidade da vida humana \u00e9 nosso objetivo final.<\/p>\n<p><img decoding=\"async\" src=\"https:\/\/sc01.alicdn.com\/kf\/He5ba632c74e44a68a587403dde671c5eH\/1942321\/He5ba632c74e44a68a587403dde671c5eH.png_.webp\" alt=\"\" \/><br \/>\n<strong>Descri\u00e7\u00e3o e recursos<\/strong><br \/>\n1. Mematch o cabo da seguinte forma: H05VV-F 3G1.0\/1.5, H05RN-F 3G1.0, H05RR-F 3G1.0\/1.5, H07RN-F 3G1.0\/1.5.<br \/>\n2. O comprimento do cabo pode de acordo com a exig\u00eancia do cliente. Por exemplo: 10m, 25m, 50m\u2026.<br \/>\n3. Can de acordo com os clientes necess\u00e1rios para a embalagem.<br \/>\n<strong>Mercado Popular: Europeu<\/strong><br \/>\n<strong><br \/>\n<\/strong><\/p>\n<p><img decoding=\"async\" src=\"https:\/\/sc01.alicdn.com\/kf\/HTB1.scCIFXXXXXVXpXXq6xXFXXX6\/1942321\/HTB1.scCIFXXXXXVXpXXq6xXFXXX6.jpg_.webp\" alt=\"\" \/><br \/>\n<strong>Contato<\/strong><br \/>\nVamos responder seu e -mail ou fax dentro de 24 horas<br \/>\nVoc\u00ea pode nos ligar a qualquer momento, se houver alguma d\u00favida em nossa produ\u00e7\u00e3o<br \/>\n<strong>Envio para<\/strong><br \/>\nPodemos aceitar a empresa de transporte indicada ou o navio de reserva para o cliente, rastreando os cont\u00eaineres at\u00e9 que o cliente receba as mercadorias<\/p>\n<p><img decoding=\"async\" src=\"https:\/\/sc01.alicdn.com\/kf\/HTB19FIlJFXXXXXkXVXXq6xXFXXXv\/1942321\/HTB19FIlJFXXXXXkXVXXq6xXFXXXv.jpg_.webp\" alt=\"\" \/><br \/>\n<strong><br \/>\n<\/strong><\/p>\n<p><strong>Perguntas frequentes<\/strong><\/p>\n<p>Q1. Quais termos de envio podemos escolher?<\/p>\n<p>R: Existem por mar, por via a\u00e9rea, por entrega expressa para suas op\u00e7\u00f5es.<\/p>\n<p>&nbsp;<\/p>\n<p>Q2. Voc\u00ea testa todos os produtos antes da entrega?<\/p>\n<p>R: Sim, testamos 100% de produtos antes da entrega, mantenha os produtos 100% funcionam normalmente.<\/p>\n<p>Q3.Ses seus produtos Imprimem o logotipo dos convidados?<\/p>\n<p>R: Sim, os convidados fornecem o logotipo, podemos imprimir no produto.<\/p>","protected":false},"excerpt":{"rendered":"<p>IP20<br \/>\nO comprimento do cabo pode de acordo com a exig\u00eancia do cliente.<br \/>\nVers\u00e3o do Reino Unido<\/p>","protected":false},"featured_media":282,"template":"","meta":[],"product_cat":[25],"product_tag":[],"class_list":{"0":"post-281","1":"product","2":"type-product","3":"status-publish","4":"has-post-thumbnail","6":"product_cat-extension-cord","8":"first","9":"instock","10":"shipping-taxable","11":"product-type-simple"},"_links":{"self":[{"href":"https:\/\/www.soyang-group.com\/pt\/wp-json\/wp\/v2\/product\/281","targetHints":{"allow":["GET"]}}],"collection":[{"href":"https:\/\/www.soyang-group.com\/pt\/wp-json\/wp\/v2\/product"}],"about":[{"href":"https:\/\/www.soyang-group.com\/pt\/wp-json\/wp\/v2\/types\/product"}],"version-history":[{"count":0,"href":"https:\/\/www.soyang-group.com\/pt\/wp-json\/wp\/v2\/product\/281\/revisions"}],"wp:featuredmedia":[{"embeddable":true,"href":"https:\/\/www.soyang-group.com\/pt\/wp-json\/wp\/v2\/media\/282"}],"wp:attachment":[{"href":"https:\/\/www.soyang-group.com\/pt\/wp-json\/wp\/v2\/media?parent=281"}],"wp:term":[{"taxonomy":"product_cat","embeddable":true,"href":"https:\/\/www.soyang-group.com\/pt\/wp-json\/wp\/v2\/product_cat?post=281"},{"taxonomy":"product_tag","embeddable":true,"href":"https:\/\/www.soyang-group.com\/pt\/wp-json\/wp\/v2\/product_tag?post=281"}],"curies":[{"name":"wp","href":"https:\/\/api.w.org\/{rel}","templated":true}]}}