{"id":285,"date":"2024-12-12T13:29:04","date_gmt":"2024-12-12T05:29:04","guid":{"rendered":"https:\/\/shuangy.gg12.globaldeepsea.site\/?post_type=product&#038;p=285"},"modified":"2024-12-12T13:29:04","modified_gmt":"2024-12-12T05:29:04","slug":"steel-plate-indoor-50m-cable-reel","status":"publish","type":"product","link":"https:\/\/www.soyang-group.com\/pt\/produto\/steel-plate-indoor-50m-cable-reel\/","title":{"rendered":"Placa de a\u00e7o Indoor 50m Cabo rolo"},"content":{"rendered":"<p><strong>(1) Informa\u00e7\u00f5es b\u00e1sicas<\/strong><br \/>\nModelo n\u00ba: rolo de cabo de 50m<br \/>\nNome da marca: Shuangyang<br \/>\nMaterial da concha: PVC e cobre<br \/>\nUso: conex\u00e3o da fonte de alimenta\u00e7\u00e3o a aparelhos el\u00e9tricos<br \/>\nWarratante: 1 ano<\/p>\n<p><strong>(2) Detalhes do produto:<\/strong><br \/>\nN\u00famero do modelo: XP17-D1<br \/>\nVers\u00e3o da Alemanha<\/p>\n<p><strong>Descri\u00e7\u00e3o e recursos<\/strong><br \/>\n1. Voltagem: 230V AC<br \/>\n2.Frequ\u00eancia: 50Hz<br \/>\n3. Max Classificado Power: 1000W (cheio), 2300W (n\u00e3o -enlatado)<br \/>\nCabo de correspond\u00eancia: H05VV-F 3G1.0mm2 (m\u00e1ximo de 40 metros)<\/p>\n<p>MAX POWER CLATEND: 1000W (cheio), 3000W (n\u00e3o saio)<br \/>\nCabo de correspond\u00eancia: H05VV-F 3G1.5mm2 (m\u00e1ximo 50 metros)<\/p>\n<p><a class=\"fancybox\" href=\"https:\/\/www.soyanggroup.com\/uploads\/H05VV-F%E5%89%AF%E6%9C%AC.jpg\" target=\"_blank\" rel=\"noopener\"><img fetchpriority=\"high\" decoding=\"async\" class=\"alignnone  wp-image-4757\" src=\"https:\/\/www.soyanggroup.com\/uploads\/H05VV-F%E5%89%AF%E6%9C%AC.jpg\" alt=\"C\u00f3pia H05VV-F.\" width=\"443\" height=\"170\" \/><\/a><\/p>\n<p>4.color:black<br \/>\n5.Iarter di. (Mm): \u03c6280<br \/>\n6. seguran\u00e7a t\u00e9rmica<br \/>\n7. O comprimento do cabo pode de acordo com a exig\u00eancia do cliente. Por exemplo: 10m, 25m, 50m\u2026.<br \/>\n8. pode, de acordo com os clientes, precisar de embalagem.<br \/>\n9. Capacidade de fornecimento: 50000 pe\u00e7as\/pe\u00e7as por m\u00eas carretel de cabo<br \/>\n10. Capacidade dispon\u00edvel para outro design: vers\u00e3o da Fran\u00e7a, vers\u00e3o da Dinamarca, vers\u00e3o da Inglaterra<\/p>\n<p><img decoding=\"async\" src=\"https:\/\/www.soyanggroup.com\/uploads\/614af031.png\" alt=\"\" \/><img decoding=\"async\" src=\"https:\/\/www.soyanggroup.com\/uploads\/3197aa1d.png\" alt=\"\" \/><img decoding=\"async\" src=\"https:\/\/www.soyanggroup.com\/uploads\/2d8fa21d.png\" alt=\"\" \/><\/p>\n<p>&nbsp;<\/p>\n<p><strong>Especifica\u00e7\u00e3o<\/strong><br \/>\nPacote: 1pcs\/caixa colorida<br \/>\nTamanho da caixa: 29*21*37cm<br \/>\nCertifica\u00e7\u00f5es: S, GS, CE, ROHS, Reach, Pahs<\/p>\n<p><a class=\"fancybox\" href=\"https:\/\/www.soyanggroup.com\/uploads\/2.png\" target=\"_blank\" rel=\"noopener\"><img decoding=\"async\" class=\"alignnone size-full wp-image-4430\" src=\"https:\/\/www.soyanggroup.com\/uploads\/2.png\" alt=\"2\" \/><\/a><\/p>\n<p>&nbsp;<\/p>\n<p><strong>Vantagem<\/strong><br \/>\n1. Pe\u00e7as de nomes de marca<br \/>\n2. Country de origem<br \/>\n3.Distributionships oferecidos<br \/>\n4. Funcion\u00e1rios experientes<br \/>\n5. forma a<br \/>\n6.Green Produto<br \/>\n7.Guarantee\/Warranty<br \/>\n8. Aprova\u00e7\u00f5es internacionais<\/p>\n<p>&nbsp;<\/p>\n<p><strong>Comany Information<\/strong><\/p>\n<p><img decoding=\"async\" src=\"https:\/\/sc01.alicdn.com\/kf\/HTB1XAGrIFXXXXX8XVXXq6xXFXXXD\/1942321\/HTB1XAGrIFXXXXX8XVXXq6xXFXXXD.jpg_.webp\" alt=\"\" \/><\/p>\n<p><strong>Mercado popular<\/strong><\/p>\n<p><img decoding=\"async\" src=\"https:\/\/sc01.alicdn.com\/kf\/HTB1.scCIFXXXXXVXpXXq6xXFXXX6\/1942321\/HTB1.scCIFXXXXXVXpXXq6xXFXXX6.jpg_.webp\" alt=\"\" \/><\/p>\n<p>&nbsp;<\/p>\n<p><strong>Perguntas frequentes<\/strong><\/p>\n<p>Q1. Voc\u00ea pode aceitar o pedido de amostra?<\/p>\n<p>A: Sim, claro, aceitamos o pedido de amostra.<\/p>\n<p>&nbsp;<\/p>\n<p>Q2. Que tal o tempo de garantia e os produtos de garantia?<\/p>\n<p>R: A maioria dos produtos \u00e9 de 2 anos, corte fios e tira algumas fotos.<\/p>\n<p>&nbsp;<\/p>\n<p>Q3. Como estabelecer um relacionamento comercial de longa data entre n\u00f3s?<\/p>\n<p>R: Oferecemos alta qualidade de produtos e pre\u00e7o muito competitivo para garantir o lucro de nossos clientes.<\/p>\n<p>&nbsp;<\/p>\n<p>Q4. Voc\u00ea testa todos os produtos antes da entrega?<\/p>\n<p>R: Sim, testamos 100% de produtos antes da entrega, mantenha os produtos 100% funcionam normalmente.<\/p>\n<p>&nbsp;<\/p>\n<p>Q5. Que auditoria de responsabilidade social voc\u00ea passou?<\/p>\n<p>A: Sim, temos BSCI, Sedex.<\/p>","protected":false},"excerpt":{"rendered":"<p>Carretel de cabo interno de a\u00e7o de 50m<br \/>\nO comprimento do cabo pode de acordo com a exig\u00eancia do cliente.<br \/>\nPor exemplo: 10m, 25m, 50m\u2026.<\/p>","protected":false},"featured_media":286,"template":"","meta":[],"product_cat":[26],"product_tag":[],"class_list":{"0":"post-285","1":"product","2":"type-product","3":"status-publish","4":"has-post-thumbnail","6":"product_cat-cable-reel","8":"first","9":"instock","10":"shipping-taxable","11":"product-type-simple"},"_links":{"self":[{"href":"https:\/\/www.soyang-group.com\/pt\/wp-json\/wp\/v2\/product\/285","targetHints":{"allow":["GET"]}}],"collection":[{"href":"https:\/\/www.soyang-group.com\/pt\/wp-json\/wp\/v2\/product"}],"about":[{"href":"https:\/\/www.soyang-group.com\/pt\/wp-json\/wp\/v2\/types\/product"}],"version-history":[{"count":0,"href":"https:\/\/www.soyang-group.com\/pt\/wp-json\/wp\/v2\/product\/285\/revisions"}],"wp:featuredmedia":[{"embeddable":true,"href":"https:\/\/www.soyang-group.com\/pt\/wp-json\/wp\/v2\/media\/286"}],"wp:attachment":[{"href":"https:\/\/www.soyang-group.com\/pt\/wp-json\/wp\/v2\/media?parent=285"}],"wp:term":[{"taxonomy":"product_cat","embeddable":true,"href":"https:\/\/www.soyang-group.com\/pt\/wp-json\/wp\/v2\/product_cat?post=285"},{"taxonomy":"product_tag","embeddable":true,"href":"https:\/\/www.soyang-group.com\/pt\/wp-json\/wp\/v2\/product_tag?post=285"}],"curies":[{"name":"wp","href":"https:\/\/api.w.org\/{rel}","templated":true}]}}