{"id":287,"date":"2024-12-12T13:31:12","date_gmt":"2024-12-12T05:31:12","guid":{"rendered":"https:\/\/shuangy.gg12.globaldeepsea.site\/?post_type=product&#038;p=287"},"modified":"2024-12-12T13:31:12","modified_gmt":"2024-12-12T05:31:12","slug":"industrial-equipment-ip44-european-cable-reel","status":"publish","type":"product","link":"https:\/\/www.soyang-group.com\/pt\/produto\/industrial-equipment-ip44-european-cable-reel\/","title":{"rendered":"Equipamento Industrial IP44 Reel de cabo europeu"},"content":{"rendered":"<p><strong>Informa\u00e7\u00f5es b\u00e1sicas<\/strong><br \/>\nModelo no.: Carretel de cabo da ind\u00fastria<br \/>\nNome da marca: Shuangyang<br \/>\nMaterial da concha: borracha e cobre<br \/>\nUso: Conex\u00e3o da fonte de alimenta\u00e7\u00e3o ao el\u00e9trico<br \/>\naparelhos<br \/>\nWarratante: 1 ano<br \/>\nCertificado: CE, GS, S, ROHS, Reach, Pahs<\/p>\n<p>&nbsp;<\/p>\n<p><strong>Ind\u00fastria\u00a0<a title=\"Veja todas as postagens no carretel de cabo\" href=\"https:\/\/www.soyanggroup.com\/cable-reel\/\" target=\"_blank\" rel=\"noopener\">Carretel de cabo<\/a><\/strong><br \/>\nN\u00famero do modelo: XP03-SY6H<br \/>\nNome da marca: Shuangyang<br \/>\nUso: conex\u00e3o da fonte de alimenta\u00e7\u00e3o a aparelhos el\u00e9tricos<\/p>\n<p><strong>Descri\u00e7\u00e3o e recursos<\/strong><br \/>\n1. Voltagem: 230V AC<br \/>\n2.Frequ\u00eancia: 50Hz<br \/>\n3.Water-proof:IP44<br \/>\n4. Max Classificado Power: 720W (cheio), 3680W (n\u00e3o -enlatado)<br \/>\nCabo de correspond\u00eancia: H05VV-F 3G1.5mm2 (m\u00e1ximo 50 metros)<br \/>\nH05RR-F 3G1.5\/ H07RN-F 3G1.5mm2 (m\u00e1ximo 25 metros)<\/p>\n<p>5.color:black<br \/>\n6.ETER DIA. (MM): \u03c6280<br \/>\n7. Seguran\u00e7a de calor<br \/>\n8. O comprimento do cabo pode de acordo com a exig\u00eancia do cliente. Por exemplo: 10m, 25m, 50m\u2026.<br \/>\n9. pode, de acordo com os clientes, precisar de embalagem.<br \/>\n10. Capacidade de fornecimento: 50000 pe\u00e7as\/pe\u00e7as por m\u00eas carretel de cabo<\/p>\n<p>&nbsp;<\/p>\n<p><strong>Especifica\u00e7\u00e3o<\/strong><br \/>\nPacote: 1pcs\/caixa colorida<br \/>\n2pcs\/caixa externa<br \/>\nTamanho da caixa: 46*31,5*40cm<br \/>\nCertifica\u00e7\u00f5es: CE, ROHS, Reach, PAHs<\/p>\n<p><img decoding=\"async\" src=\"https:\/\/www.soyanggroup.com\/uploads\/38a0b92314.jpg\" alt=\"\" \/><\/p>\n<p>&nbsp;<\/p>\n<p><strong>Vantagem<\/strong><br \/>\n1. Pe\u00e7as de nomes de marca<br \/>\n2. Country de origem<br \/>\n3.Distributionships oferecidos<br \/>\n4. Funcion\u00e1rios experientes<br \/>\n5. forma a<br \/>\n6.Green Produto<br \/>\n7.Guarantee\/Warranty<br \/>\n8. Aprova\u00e7\u00f5es internacionais<br \/>\n9.Packaging<br \/>\n10.Price<br \/>\n11. Recursos do produto<br \/>\n12. Desempenho do produto<br \/>\n13. Promo\u00e7\u00e3o de entrega<br \/>\n14. Aprova\u00e7\u00f5es de qualidade<br \/>\n15.Reputation<br \/>\n16.Service<br \/>\n17. Salv\u00f5es pequenas aceitas<br \/>\n18. Servi\u00e7o de OEM e ODM fornecido<br \/>\n19. Alta qualidade<\/p>\n<p>&nbsp;<\/p>\n<p>&nbsp;<\/p>\n<p><strong>Informa\u00e7\u00f5es da empresa<\/strong><\/p>\n<p>Zhejiang Shuangyang Group Co.Ltd. foi criado em 1986, \u00e9 uma empresa privada de propriedade privada, uma das empresas estrelas da cidade de Ningbo em 1998 e aprovada pela ISO9001\/14000\/18000. Localizamos em Cixi, Ningbo City, que fica a apenas uma hora para o porto e o aeroporto de Ningbo e duas horas para Xangai.<\/p>\n<p><img decoding=\"async\" src=\"https:\/\/sc01.alicdn.com\/kf\/He5ba632c74e44a68a587403dde671c5eH\/1942321\/He5ba632c74e44a68a587403dde671c5eH.png_.webp\" alt=\"\" \/><br \/>\nAt\u00e9 agora, o capital registrado \u00e9 superior a 16 milh\u00f5es de d\u00f3lares. Nossa \u00e1rea de piso \u00e9 de cerca de 120.000 m\u00b2 e a \u00e1rea de constru\u00e7\u00e3o \u00e9 de cerca de 85.000 m\u00b2. Em 2018, nossa reviravolta total \u00e9 de 80 milh\u00f5es de d\u00f3lares. Temos dez pessoas de P&amp;D e mais de 100 QCs para garantir a qualidade, a cada ano, projetamos e desenvolvemos mais de dez novos produtos que atuam como fabricante l\u00edder.<\/p>\n<p>Nossos principais produtos s\u00e3o temporizadores, soquetes, cabos flex\u00edveis, cabos de alimenta\u00e7\u00e3o, plugues, soquetes de extens\u00e3o, bobinas de cabos e ilumina\u00e7\u00e3o. Podemos fornecer muitos tipos de temporizadores, como temporizadores di\u00e1rios, temporizadores mec\u00e2nicos e digitais, contar temporizadores, temporizadores do setor com todos os tipos de soquetes. Nossos mercados -alvo s\u00e3o do mercado europeu e do mercado americano. Nossos produtos aprovados por CE, GS, D, N, S, NF, ETL, VDE, ROHS, REACH, PAHS e assim por diante.<\/p>\n<p>Temos uma boa reputa\u00e7\u00e3o entre nossos clientes. Sempre focamos na prote\u00e7\u00e3o do meio ambiente e da seguran\u00e7a humana. Melhorar a qualidade de vida \u00e9 o nosso objetivo final.<\/p>\n<p>Cordos de alimenta\u00e7\u00e3o, cabos de extens\u00e3o e bobinas de cabo s\u00e3o nossos principais neg\u00f3cios, somos o fabricante l\u00edder dos pedidos de promo\u00e7\u00e3o do mercado europeu todos os anos. Somos o principal fabricante que cooperava com o VDE Global Service na Alemanha para proteger a marca registrada. Bem -vindo ao cooperar com todos os clientes para benef\u00edcio m\u00fatuo e futuro brilhante.<\/p>\n<p>&nbsp;<\/p>\n<p><strong>Linhas de produtos<\/strong><\/p>\n<p><img decoding=\"async\" src=\"https:\/\/sc02.alicdn.com\/kf\/HTB17nDwaFqZBuNjt_jqq6ymzpXa2\/1942321\/HTB17nDwaFqZBuNjt_jqq6ymzpXa2.jpg_.webp\" alt=\"\" \/><\/p>\n<p><strong>Aprova\u00e7\u00f5es<\/strong><\/p>\n<p><img decoding=\"async\" src=\"https:\/\/sc01.alicdn.com\/kf\/HTB1mMxLgOQnBKNjSZFmq6AApVXab\/1942321\/HTB1mMxLgOQnBKNjSZFmq6AApVXab.jpg_.webp\" alt=\"\" \/><\/p>\n<p><strong>Perguntas frequentes<\/strong><\/p>\n<p>Q1. Como nos contratar?<\/p>\n<p>A: Voc\u00ea pode enviar e -mail para n\u00f3s ou ligar.<\/p>\n<p>&nbsp;<\/p>\n<p>Q2. Quais s\u00e3o as suas condi\u00e7\u00f5es de pagamento?<\/p>\n<p>A: T\/T, L\/C.<\/p>","protected":false},"excerpt":{"rendered":"<p>Reel de cabo da ind\u00fastria IP44<br \/>\nO comprimento do cabo pode de acordo com a exig\u00eancia do cliente.<br \/>\nPor exemplo: 10m, 25m, 40m, 50m\u2026.<br \/>\n1000 pe\u00e7as\/pe\u00e7as rolo de cabo europeu (min. Ordem)<\/p>","protected":false},"featured_media":288,"template":"","meta":[],"product_cat":[26],"product_tag":[],"class_list":{"0":"post-287","1":"product","2":"type-product","3":"status-publish","4":"has-post-thumbnail","6":"product_cat-cable-reel","8":"first","9":"instock","10":"shipping-taxable","11":"product-type-simple"},"_links":{"self":[{"href":"https:\/\/www.soyang-group.com\/pt\/wp-json\/wp\/v2\/product\/287","targetHints":{"allow":["GET"]}}],"collection":[{"href":"https:\/\/www.soyang-group.com\/pt\/wp-json\/wp\/v2\/product"}],"about":[{"href":"https:\/\/www.soyang-group.com\/pt\/wp-json\/wp\/v2\/types\/product"}],"version-history":[{"count":0,"href":"https:\/\/www.soyang-group.com\/pt\/wp-json\/wp\/v2\/product\/287\/revisions"}],"wp:featuredmedia":[{"embeddable":true,"href":"https:\/\/www.soyang-group.com\/pt\/wp-json\/wp\/v2\/media\/288"}],"wp:attachment":[{"href":"https:\/\/www.soyang-group.com\/pt\/wp-json\/wp\/v2\/media?parent=287"}],"wp:term":[{"taxonomy":"product_cat","embeddable":true,"href":"https:\/\/www.soyang-group.com\/pt\/wp-json\/wp\/v2\/product_cat?post=287"},{"taxonomy":"product_tag","embeddable":true,"href":"https:\/\/www.soyang-group.com\/pt\/wp-json\/wp\/v2\/product_tag?post=287"}],"curies":[{"name":"wp","href":"https:\/\/api.w.org\/{rel}","templated":true}]}}