{"id":289,"date":"2024-12-12T13:32:55","date_gmt":"2024-12-12T05:32:55","guid":{"rendered":"https:\/\/shuangy.gg12.globaldeepsea.site\/?post_type=product&#038;p=289"},"modified":"2025-01-10T17:52:13","modified_gmt":"2025-01-10T09:52:13","slug":"ce-retractable-waterproof-ip44-power-cable-reel","status":"publish","type":"product","link":"https:\/\/www.soyang-group.com\/pt\/produto\/ce-retractable-waterproof-ip44-power-cable-reel\/","title":{"rendered":"CE CELO RET\u00c1RIO RET\u00c1RIO RET\u00c1RIO REL"},"content":{"rendered":"<p><strong>Vis\u00e3o geral<\/strong><\/p>\n<p><strong>Detalhes r\u00e1pidos<\/strong><br \/>\nLocal de origem: Zhejiang, China Nome da marca: Shuangyang<br \/>\nN\u00famero do modelo: XP06-4D Tipo: Bobina de cabo, isolada<br \/>\nAPLICA\u00c7\u00c3O: Equipamento industrial IP: 44<br \/>\nCertifica\u00e7\u00e3o: CE GS ROHS Material condutor: cobre<br \/>\nMaterial de isolamento: Tipo de condutor de borracha: preso<\/p>\n<p><strong>Capacidade de fornecimento<\/strong><br \/>\nCapacidade de fornecimento: 100000 pe\u00e7as\/pe\u00e7as por m\u00eas<\/p>\n<p><strong>Embalagem e entrega<\/strong><br \/>\ndetalhes da embalagem: embalagem de exporta\u00e7\u00e3o padr\u00e3o ou de acordo com a solicita\u00e7\u00e3o do cliente<br \/>\nporto: ningbo, xangai<br \/>\nlevie do leito: dependa da quantidade do seu pedido<\/p>\n<p>&nbsp;<\/p>\n<p><strong>Detalhe a descri\u00e7\u00e3o do produto<\/strong><\/p>\n<p><strong>Carretel de cabo de metal ao ar livre<\/strong><br \/>\nN\u00famero do modelo: XP16-NN<br \/>\nNome da marca: Shuangyang<br \/>\nUso: conex\u00e3o da fonte de alimenta\u00e7\u00e3o a aparelhos el\u00e9tricos<\/p>\n<p><strong>\u00a0Caracter\u00edsticas:<\/strong><br \/>\n1. Voltagem: 230V AC<br \/>\n2.Frequ\u00eancia: 50Hz<br \/>\n3.Water-proof:IP44<br \/>\n4. Max Classificado Power: 1000W (cheio), 2300W (n\u00e3o -enlatado)<br \/>\nCabo de correspond\u00eancia: H05RR-F 3G1.0\/H05RN-F 3G1.0MM2 (MAX 40METERS)<br \/>\n5. Max Classificado Power: 1000W (cheio de enrolado), 3000W (n\u00e3o -enlatado)<br \/>\nCabo de correspond\u00eancia: H05RR-F 3G1.5\/H07RN-F 3G1.5mm2 (m\u00e1ximo 50 metros)<br \/>\n6. Max Classificado Power: 1200W (cheio), 3600W (n\u00e3o -enlatado)<br \/>\nCabo de correspond\u00eancia: H05RR-F 3G2.5\/H07RN-F 3G2.5mm2 (m\u00e1ximo de 40 metros)<\/p>\n<p><a class=\"fancybox\" href=\"https:\/\/www.soyanggroup.com\/uploads\/315.jpg\" target=\"_blank\" rel=\"noopener\"><img decoding=\"async\" class=\"alignnone size-full wp-image-4446\" src=\"https:\/\/www.soyanggroup.com\/uploads\/315.jpg\" alt=\"3\" \/><\/a><\/p>\n<p>7.color:black<br \/>\n8.UTER DIA. (MM): \u03c6280<br \/>\n9. Seguran\u00e7a de calor<br \/>\n10. O comprimento do cabo pode de acordo com a exig\u00eancia do cliente. Por exemplo: 10m, 25m, 50m\u2026.<br \/>\n11. pode, de acordo com os clientes, precisar de embalagem.<br \/>\n12. Capacidade de fornecimento: 50000 pe\u00e7as\/pe\u00e7as por m\u00eas carretel de cabo<br \/>\n13. Capacidade dispon\u00edvel para outro design: vers\u00e3o da Fran\u00e7a, vers\u00e3o da Dinamarca<\/p>\n<p><a class=\"fancybox\" href=\"https:\/\/www.soyanggroup.com\/uploads\/121.png\" target=\"_blank\" rel=\"noopener\"><img decoding=\"async\" class=\"alignnone size-full wp-image-4447\" src=\"https:\/\/www.soyanggroup.com\/uploads\/121.png\" alt=\"12\" \/><\/a><a class=\"fancybox\" href=\"https:\/\/www.soyanggroup.com\/uploads\/1.png\" target=\"_blank\" rel=\"noopener\"><img decoding=\"async\" class=\"alignnone size-full wp-image-4429\" src=\"https:\/\/www.soyanggroup.com\/uploads\/1.png\" alt=\"1\" \/><\/a><\/p>\n<p>&nbsp;<\/p>\n<p><strong>Especifica\u00e7\u00e3o<\/strong><br \/>\nPacote: 1pcs\/caixa colorida<br \/>\n2pcs\/caixa externa<br \/>\nTamanho da caixa: 44*31,5*44cm<br \/>\nCertifica\u00e7\u00f5es: S, NF, GS, CE, ROHS, Reach, PAHS<\/p>\n<p><a class=\"fancybox\" href=\"https:\/\/www.soyanggroup.com\/uploads\/13.png\" target=\"_blank\" rel=\"noopener\"><img decoding=\"async\" class=\"alignnone size-full wp-image-4437\" src=\"https:\/\/www.soyanggroup.com\/uploads\/13.png\" alt=\"13\" \/><\/a><\/p>\n<p>&nbsp;<\/p>\n<p><strong>perfil de companhia:<\/strong><br \/>\n1. Business Tipo: Fabricante, Companhia de Com\u00e9rcio<br \/>\n2.Main Products: Sockets do timer, cabo, bobinas de cabo, ilumina\u00e7\u00e3o<br \/>\n3. Total de funcion\u00e1rios: 501 - 1000 pessoas<br \/>\n4.Year estabelecido: 1994<br \/>\n5. Certifica\u00e7\u00e3o do sistema de gerenciamento: ISO9001, ISO14001, OHSAS18001<br \/>\n6. Pa\u00eds \/ Regi\u00e3o: Zhejiang, China<br \/>\n7. Propriet\u00e1rio: Propriet\u00e1rio particular<br \/>\n8. Mercados principais: Europa Oriental 39.00%<br \/>\nNorthern Europe 30.00%<br \/>\nEuropa Ocidental 16.00%<br \/>\nMercado dom\u00e9stico: 7%<br \/>\nOriente M\u00e9dio: 5%<br \/>\nAm\u00e9rica do Sul: 3%<\/p>\n<p>&nbsp;<\/p>\n<p><strong>Linhas de produtos<\/strong><\/p>\n<p><img decoding=\"async\" src=\"https:\/\/sc02.alicdn.com\/kf\/HTB17nDwaFqZBuNjt_jqq6ymzpXa2\/1942321\/HTB17nDwaFqZBuNjt_jqq6ymzpXa2.jpg_.webp\" alt=\"\" \/><\/p>\n<p><strong>Aprova\u00e7\u00f5es<\/strong><\/p>\n<p><img decoding=\"async\" src=\"https:\/\/sc01.alicdn.com\/kf\/HTB1mMxLgOQnBKNjSZFmq6AApVXab\/1942321\/HTB1mMxLgOQnBKNjSZFmq6AApVXab.jpg_.webp\" alt=\"\" \/><\/p>\n<p><strong>Perguntas frequentes<\/strong><\/p>\n<p>Q1. Como nos contratar?<\/p>\n<p>A: Voc\u00ea pode enviar e -mail para n\u00f3s ou ligar.<\/p>\n<p>&nbsp;<\/p>\n<p>Q2. Quais s\u00e3o as suas condi\u00e7\u00f5es de pagamento?<\/p>\n<p>A: T\/T, L\/C.<\/p>\n<p>&nbsp;<\/p>\n<p>Q3. Quais termos de envio podemos escolher?<\/p>\n<p>R: Existem por mar, por via a\u00e9rea, por entrega expressa para suas op\u00e7\u00f5es.<br \/>\nQ4.Ses seus produtos Imprimem o logotipo dos convidados?<\/p>\n<p>R: Sim, os convidados fornecem o logotipo, podemos imprimir no produto.<\/p>","protected":false},"excerpt":{"rendered":"<p>Vis\u00e3o geral Detalhes r\u00e1pidos Local de origem: Zhejiang, China Nome da marca: Shuangyang N\u00famero do modelo: XP06-4D Tipo: Reel de cabo, aplica\u00e7\u00e3o isolada: equipamento industrial IP: 44 Certifica\u00e7\u00e3o: CE GS ROHS\u00a0 \u00a0 [\u2026]<\/p>","protected":false},"featured_media":537,"template":"","meta":[],"product_cat":[26],"product_tag":[],"class_list":{"0":"post-289","1":"product","2":"type-product","3":"status-publish","4":"has-post-thumbnail","6":"product_cat-cable-reel","8":"first","9":"instock","10":"shipping-taxable","11":"product-type-simple"},"_links":{"self":[{"href":"https:\/\/www.soyang-group.com\/pt\/wp-json\/wp\/v2\/product\/289","targetHints":{"allow":["GET"]}}],"collection":[{"href":"https:\/\/www.soyang-group.com\/pt\/wp-json\/wp\/v2\/product"}],"about":[{"href":"https:\/\/www.soyang-group.com\/pt\/wp-json\/wp\/v2\/types\/product"}],"version-history":[{"count":1,"href":"https:\/\/www.soyang-group.com\/pt\/wp-json\/wp\/v2\/product\/289\/revisions"}],"predecessor-version":[{"id":538,"href":"https:\/\/www.soyang-group.com\/pt\/wp-json\/wp\/v2\/product\/289\/revisions\/538"}],"wp:featuredmedia":[{"embeddable":true,"href":"https:\/\/www.soyang-group.com\/pt\/wp-json\/wp\/v2\/media\/537"}],"wp:attachment":[{"href":"https:\/\/www.soyang-group.com\/pt\/wp-json\/wp\/v2\/media?parent=289"}],"wp:term":[{"taxonomy":"product_cat","embeddable":true,"href":"https:\/\/www.soyang-group.com\/pt\/wp-json\/wp\/v2\/product_cat?post=289"},{"taxonomy":"product_tag","embeddable":true,"href":"https:\/\/www.soyang-group.com\/pt\/wp-json\/wp\/v2\/product_tag?post=289"}],"curies":[{"name":"wp","href":"https:\/\/api.w.org\/{rel}","templated":true}]}}