{"id":299,"date":"2024-12-12T13:46:58","date_gmt":"2024-12-12T05:46:58","guid":{"rendered":"https:\/\/shuangy.gg12.globaldeepsea.site\/?post_type=product&#038;p=299"},"modified":"2024-12-12T13:48:12","modified_gmt":"2024-12-12T05:48:12","slug":"hot-sale-cable-organizer","status":"publish","type":"product","link":"https:\/\/www.soyang-group.com\/pt\/produto\/hot-sale-cable-organizer\/","title":{"rendered":"Hot sale cable organizer"},"content":{"rendered":"<p><strong>(1) Informa\u00e7\u00f5es b\u00e1sicas<\/strong><br \/>\nModel No.: Cable Organizer<br \/>\nNome da marca: Shuangyang<br \/>\nMaterial da concha: pp<br \/>\nWarratante: 1 ano<br \/>\nCertificate: ROHS,REACH,PAHS<\/p>\n<p>&nbsp;<\/p>\n<p><strong>(2) Detalhes do produto:<\/strong><br \/>\nModel Number:RXJ-02<br \/>\nNome da marca: Shuangyang<br \/>\nUsage: Rolling the cable<\/p>\n<p><strong>Descri\u00e7\u00e3o e recursos<\/strong><br \/>\n1. waterproof:IP44<br \/>\n2.color:blue<br \/>\n3.Unit size:440x120x8.7mm<\/p>\n<p><img decoding=\"async\" src=\"https:\/\/www.soyanggroup.com\/uploads\/c218d87a.png\" alt=\"\" \/><br \/>\n4. Supply Ability:10,000,000 Piece\/Pieces per Month Timer<\/p>\n<p><strong>Especifica\u00e7\u00e3o<\/strong><br \/>\nPackage: label<br \/>\nQty\/CTN: 100pcs<br \/>\nGW: 5.2kg<br \/>\nNW: 4,8 kg<br \/>\nCarton size: 46x30x20 cm<br \/>\nQty\/20\u2032: 97,800 pcs<br \/>\nCertifications: RoHS, REACH, PAHS<\/p>\n<p><img decoding=\"async\" src=\"https:\/\/www.soyanggroup.com\/uploads\/ff0edabc.png\" alt=\"\" \/><img decoding=\"async\" src=\"https:\/\/www.soyanggroup.com\/uploads\/1c7ddccc.png\" alt=\"\" \/><\/p>\n<p><strong>Nossos servi\u00e7os<\/strong><br \/>\n1. Depois de receber sua mensagem, responderemos em 24 horas<br \/>\n2. Temos uma equipe de vendas profissional para oferecer servi\u00e7o para voc\u00ea<br \/>\n3. Ofere\u00e7a 2 anos como tempo de garantia e servi\u00e7o p\u00f3s-venda<\/p>\n<p>&nbsp;<\/p>\n<p>&nbsp;<\/p>\n<p><strong>Informa\u00e7\u00f5es da empresa<\/strong><\/p>\n<p>Zhejiang Shuangyang Group Co.Ltd. foi criado em 1986, \u00e9 uma empresa privada de propriedade privada, uma das empresas estrelas da cidade de Ningbo em 1998 e aprovada pela ISO9001\/14000\/18000. Localizamos em Cixi, Ningbo City, que fica a apenas uma hora para o porto e o aeroporto de Ningbo e duas horas para Xangai.<\/p>\n<p><img decoding=\"async\" src=\"https:\/\/sc01.alicdn.com\/kf\/He5ba632c74e44a68a587403dde671c5eH\/1942321\/He5ba632c74e44a68a587403dde671c5eH.png_.webp\" alt=\"\" \/><br \/>\nAt\u00e9 agora, o capital registrado \u00e9 superior a 16 milh\u00f5es de d\u00f3lares. Nossa \u00e1rea de piso \u00e9 de cerca de 120.000 m\u00b2 e a \u00e1rea de constru\u00e7\u00e3o \u00e9 de cerca de 85.000 m\u00b2. Em 2018, nossa reviravolta total \u00e9 de 80 milh\u00f5es de d\u00f3lares. Temos dez pessoas de P&amp;D e mais de 100 QCs para garantir a qualidade, a cada ano, projetamos e desenvolvemos mais de dez novos produtos que atuam como fabricante l\u00edder.<\/p>\n<p>Nossos principais produtos s\u00e3o temporizadores, soquetes, cabos flex\u00edveis, cabos de alimenta\u00e7\u00e3o, plugues, soquetes de extens\u00e3o, bobinas de cabos e ilumina\u00e7\u00e3o. Podemos fornecer muitos tipos de temporizadores, como temporizadores di\u00e1rios, temporizadores mec\u00e2nicos e digitais, contar temporizadores, temporizadores do setor com todos os tipos de soquetes. Nossos mercados -alvo s\u00e3o do mercado europeu e do mercado americano. Nossos produtos aprovados por CE, GS, D, N, S, NF, ETL, VDE, ROHS, REACH, PAHS e assim por diante.<\/p>\n<p>Temos uma boa reputa\u00e7\u00e3o entre nossos clientes. Sempre focamos na prote\u00e7\u00e3o do meio ambiente e da seguran\u00e7a humana. Melhorar a qualidade de vida \u00e9 o nosso objetivo final.<\/p>\n<p>Cordos de alimenta\u00e7\u00e3o, cabos de extens\u00e3o e bobinas de cabo s\u00e3o nossos principais neg\u00f3cios, somos o fabricante l\u00edder dos pedidos de promo\u00e7\u00e3o do mercado europeu todos os anos. Somos os principais fabricantes que cooperam com o VDE Global Service na Alemanha para proteger a marca registrada.<\/p>\n<p>Bem -vindo calorosamente a cooperar com todos os clientes para benef\u00edcio m\u00fatuo e futuro brilhante.<\/p>\n<p>&nbsp;<\/p>\n<p><strong>Perguntas frequentes<\/strong><\/p>\n<p>Q1. Quais termos de envio podemos escolher?<\/p>\n<p>R: Existem por mar, por via a\u00e9rea, por entrega expressa para suas op\u00e7\u00f5es.<\/p>\n<p>&nbsp;<\/p>\n<p>Q2. Que tal o tempo de garantia e os produtos de garantia?<\/p>\n<p>R: A maioria dos produtos \u00e9 de 2 anos, corte fios e tira algumas fotos.<\/p>\n<p>&nbsp;<\/p>\n<p>Q3. Quais termos de envio podemos escolher?<\/p>\n<p>R: Existem por mar, por via a\u00e9rea, por entrega expressa para suas op\u00e7\u00f5es.<\/p>\n<p>&nbsp;<\/p>\n<p>Q4. Voc\u00ea testa todos os produtos antes da entrega?<\/p>\n<p>R: Sim, testamos 100% de produtos antes da entrega, mantenha os produtos 100% funcionam normalmente.<\/p>","protected":false},"excerpt":{"rendered":"<p>Plastic Extension cord parts<br \/>\nEasy to arrange cable,<br \/>\nEasy to carry and carry<br \/>\nTempo de espera :<br \/>\nQuantidade (pe\u00e7as) 1 - 10000&gt; 10000<br \/>\nHusa. Tempo (dias) 60 a serem negociados<\/p>","protected":false},"featured_media":300,"template":"","meta":[],"product_cat":[27],"product_tag":[],"class_list":{"0":"post-299","1":"product","2":"type-product","3":"status-publish","4":"has-post-thumbnail","6":"product_cat-cable-organizer","8":"first","9":"instock","10":"shipping-taxable","11":"product-type-simple"},"_links":{"self":[{"href":"https:\/\/www.soyang-group.com\/pt\/wp-json\/wp\/v2\/product\/299","targetHints":{"allow":["GET"]}}],"collection":[{"href":"https:\/\/www.soyang-group.com\/pt\/wp-json\/wp\/v2\/product"}],"about":[{"href":"https:\/\/www.soyang-group.com\/pt\/wp-json\/wp\/v2\/types\/product"}],"version-history":[{"count":0,"href":"https:\/\/www.soyang-group.com\/pt\/wp-json\/wp\/v2\/product\/299\/revisions"}],"wp:featuredmedia":[{"embeddable":true,"href":"https:\/\/www.soyang-group.com\/pt\/wp-json\/wp\/v2\/media\/300"}],"wp:attachment":[{"href":"https:\/\/www.soyang-group.com\/pt\/wp-json\/wp\/v2\/media?parent=299"}],"wp:term":[{"taxonomy":"product_cat","embeddable":true,"href":"https:\/\/www.soyang-group.com\/pt\/wp-json\/wp\/v2\/product_cat?post=299"},{"taxonomy":"product_tag","embeddable":true,"href":"https:\/\/www.soyang-group.com\/pt\/wp-json\/wp\/v2\/product_tag?post=299"}],"curies":[{"name":"wp","href":"https:\/\/api.w.org\/{rel}","templated":true}]}}