{"id":303,"date":"2024-12-12T13:52:00","date_gmt":"2024-12-12T05:52:00","guid":{"rendered":"https:\/\/shuangy.gg12.globaldeepsea.site\/?post_type=product&#038;p=303"},"modified":"2024-12-12T13:52:00","modified_gmt":"2024-12-12T05:52:00","slug":"3ways-extension-sockets","status":"publish","type":"product","link":"https:\/\/www.soyang-group.com\/pt\/produto\/3ways-extension-sockets\/","title":{"rendered":"3ways Extension Sockets"},"content":{"rendered":"<p><strong>Vis\u00e3o geral<\/strong><\/p>\n<p><strong>Detalhes r\u00e1pidos<\/strong><br \/>\nLocal de origem: Zhejiang, China<br \/>\nNome da marca: Shuangyang<br \/>\nN\u00famero do modelo: TXB-3-D<br \/>\nTipo: soquete de extens\u00e3o<br \/>\nCertificado: S NF GS CE<\/p>\n<p><strong>Capacidade de fornecimento<\/strong><br \/>\nCapacidade de oferta: 9000000 metros\/metros por m\u00eas Cord\u00e3o de extens\u00e3o europeia<\/p>\n<p><strong>Embalagem e entrega<\/strong><br \/>\nDetalhes da embalagem: Bag PE com etiqueta<br \/>\nPorta: Ningbo<br \/>\nPrazo de entrega: 25 dias ap\u00f3s o recebimento do dep\u00f3sito<br \/>\nCord\u00e3o de extens\u00e3o da Alemanha<\/p>\n<p>&nbsp;<\/p>\n<p><strong>Detalhe a descri\u00e7\u00e3o do produto<\/strong><\/p>\n<p><strong>Soquetes de extens\u00e3o residencial<\/strong><br \/>\nN\u00famero do modelo: TXB-3-D<br \/>\nNome da marca: Shuangyang<br \/>\nAterramento: aterramento padr\u00e3o<\/p>\n<p><strong>Descri\u00e7\u00e3o e recursos<\/strong><br \/>\n1. Voltagem: 250V AC<br \/>\n2. Corrente nominal: 16a<br \/>\n3. Imperven\u00e7\u00e3o d'\u00e1gua: IP44<br \/>\n4. Com travamento de prote\u00e7\u00e3o \u00e0 prote\u00e7\u00e3o infantil<br \/>\n5.color: preto<br \/>\n6. Cabine de seguinte: H05RN-F 3G1.0<br \/>\nH05RR-F 3G1.5<br \/>\nH07RN-F 3G1.0\/1.5\/2.5<br \/>\n7. O comprimento do cabo pode de acordo com a exig\u00eancia do cliente. Por exemplo: 10m, 25m, 50m\u2026.<br \/>\n8. pode, de acordo com os clientes, precisar de embalagem.<br \/>\n9. Capacidade de fornecimento: 5000000 pe\u00e7as\/pe\u00e7as por m\u00eas Timer<br \/>\n10. Capacidade dispon\u00edvel para outro design: vers\u00e3o da Fran\u00e7a, vers\u00e3o da Alemanha<\/p>\n<p><img decoding=\"async\" src=\"https:\/\/www.soyanggroup.com\/uploads\/dc719d6c.png\" alt=\"\" \/><img decoding=\"async\" src=\"https:\/\/www.soyanggroup.com\/uploads\/d4047062.png\" alt=\"\" \/><\/p>\n<p><strong>Especifica\u00e7\u00e3o<\/strong><br \/>\nPacote: bolsa PP com cart\u00e3o<br \/>\nCertifica\u00e7\u00f5es: S, GS, CE, ROHS, Reach, Pahs<\/p>\n<p><img decoding=\"async\" src=\"https:\/\/www.soyanggroup.com\/uploads\/38a0b92314.jpg\" alt=\"\" \/><\/p>\n<p>&nbsp;<\/p>\n<p><strong>Informa\u00e7\u00f5es da empresa<\/strong><\/p>\n<p>Zhejiang Shuangyang Group Co.Ltd. foi criado em 1986, \u00e9 uma empresa privada de propriedade privada, uma das empresas estrelas da cidade de Ningbo em 1998 e aprovada pela ISO9001\/14000\/18000. Localizamos em Cixi, Ningbo City, que fica a apenas uma hora para o porto e o aeroporto de Ningbo e duas horas para Xangai.<\/p>\n<p><img decoding=\"async\" src=\"https:\/\/sc01.alicdn.com\/kf\/He5ba632c74e44a68a587403dde671c5eH\/1942321\/He5ba632c74e44a68a587403dde671c5eH.png_.webp\" alt=\"\" \/><br \/>\nAt\u00e9 agora, o capital registrado \u00e9 superior a 16 milh\u00f5es de d\u00f3lares. Nossa \u00e1rea de piso \u00e9 de cerca de 120.000 m\u00b2 e a \u00e1rea de constru\u00e7\u00e3o \u00e9 de cerca de 85.000 m\u00b2. Em 2018, nossa reviravolta total \u00e9 de 80 milh\u00f5es de d\u00f3lares. Temos dez pessoas de P&amp;D e mais de 100 QCs para garantir a qualidade, a cada ano, projetamos e desenvolvemos mais de dez novos produtos que atuam como fabricante l\u00edder.<\/p>\n<p>Nossos principais produtos s\u00e3o temporizadores, soquetes, cabos flex\u00edveis, cabos de alimenta\u00e7\u00e3o, plugues, soquetes de extens\u00e3o, bobinas de cabos e ilumina\u00e7\u00e3o. Podemos fornecer muitos tipos de temporizadores, como temporizadores di\u00e1rios, temporizadores mec\u00e2nicos e digitais, contar temporizadores, temporizadores do setor com todos os tipos de soquetes. Nossos mercados -alvo s\u00e3o do mercado europeu e do mercado americano. Nossos produtos aprovados por CE, GS, D, N, S, NF, ETL, VDE, ROHS, REACH, PAHS e assim por diante.<\/p>\n<p>Temos uma boa reputa\u00e7\u00e3o entre nossos clientes. Sempre focamos na prote\u00e7\u00e3o do meio ambiente e da seguran\u00e7a humana. Melhorar a qualidade de vida \u00e9 o nosso objetivo final.<\/p>\n<p>Cordos de alimenta\u00e7\u00e3o, cabos de extens\u00e3o e bobinas de cabo s\u00e3o nossos principais neg\u00f3cios, somos o fabricante l\u00edder dos pedidos de promo\u00e7\u00e3o do mercado europeu todos os anos. Somos os principais fabricantes que cooperam com o VDE Global Service na Alemanha para proteger a marca registrada.<\/p>\n<p>Bem -vindo calorosamente a cooperar com todos os clientes para benef\u00edcio m\u00fatuo e futuro brilhante.<\/p>\n<p>&nbsp;<\/p>\n<p><strong>Perguntas frequentes<\/strong><\/p>\n<p>Q1. Que tal o tempo de garantia e os produtos de garantia?<\/p>\n<p>R: A maioria dos produtos \u00e9 de 2 anos, corte fios e tira algumas fotos.<\/p>\n<p>&nbsp;<\/p>\n<p>Q2. Quais s\u00e3o as suas condi\u00e7\u00f5es de pagamento?<\/p>\n<p>A: T\/T, L\/C.<\/p>\n<p>&nbsp;<\/p>\n<p>Q3. Voc\u00ea testa todos os produtos antes da entrega?<\/p>\n<p>R: Sim, testamos 100% de produtos antes da entrega, mantenha os produtos 100% funcionam normalmente.<\/p>\n<p>&nbsp;<\/p>\n<p>Q4. Que auditoria de responsabilidade social voc\u00ea passou?<\/p>\n<p>A: Sim, temos BSCI, Sedex.<\/p>","protected":false},"excerpt":{"rendered":"<p>1. Fia\u00e7\u00e3o: H05RN-F 3G1.0, H05RR-F 3G1.0\/1.5, H07RN-F 3G1.0\/1.5.<br \/>\n2. O comprimento do cabo pode de acordo com a exig\u00eancia do cliente. Por exemplo: 1m, 3m, 10m\u2026.<br \/>\n3. pode de acordo com os clientes necess\u00e1rios para embalar<\/p>\n<p>Tempo de espera :<br \/>\nQuantidade (pe\u00e7as) 1 - 10000&gt; 10000<br \/>\nHusa. Tempo (dias) 60 a serem negociados<\/p>","protected":false},"featured_media":304,"template":"","meta":[],"product_cat":[29],"product_tag":[],"class_list":{"0":"post-303","1":"product","2":"type-product","3":"status-publish","4":"has-post-thumbnail","6":"product_cat-extension-sockets","8":"first","9":"instock","10":"shipping-taxable","11":"product-type-simple"},"_links":{"self":[{"href":"https:\/\/www.soyang-group.com\/pt\/wp-json\/wp\/v2\/product\/303","targetHints":{"allow":["GET"]}}],"collection":[{"href":"https:\/\/www.soyang-group.com\/pt\/wp-json\/wp\/v2\/product"}],"about":[{"href":"https:\/\/www.soyang-group.com\/pt\/wp-json\/wp\/v2\/types\/product"}],"version-history":[{"count":0,"href":"https:\/\/www.soyang-group.com\/pt\/wp-json\/wp\/v2\/product\/303\/revisions"}],"wp:featuredmedia":[{"embeddable":true,"href":"https:\/\/www.soyang-group.com\/pt\/wp-json\/wp\/v2\/media\/304"}],"wp:attachment":[{"href":"https:\/\/www.soyang-group.com\/pt\/wp-json\/wp\/v2\/media?parent=303"}],"wp:term":[{"taxonomy":"product_cat","embeddable":true,"href":"https:\/\/www.soyang-group.com\/pt\/wp-json\/wp\/v2\/product_cat?post=303"},{"taxonomy":"product_tag","embeddable":true,"href":"https:\/\/www.soyang-group.com\/pt\/wp-json\/wp\/v2\/product_tag?post=303"}],"curies":[{"name":"wp","href":"https:\/\/api.w.org\/{rel}","templated":true}]}}