{"id":305,"date":"2024-12-12T13:53:58","date_gmt":"2024-12-12T05:53:58","guid":{"rendered":"https:\/\/shuangy.gg12.globaldeepsea.site\/?post_type=product&#038;p=305"},"modified":"2024-12-12T13:53:58","modified_gmt":"2024-12-12T05:53:58","slug":"ip44-garden-sockets","status":"publish","type":"product","link":"https:\/\/www.soyang-group.com\/pt\/produto\/ip44-garden-sockets\/","title":{"rendered":"IP44 Garden Sockets"},"content":{"rendered":"<p><strong>1)Basic Information<\/strong><br \/>\nModelo no.: Soquetes de jardim<br \/>\nNome da marca: Shuangyang<br \/>\nMaterial: borracha e cobre<br \/>\nUso: conex\u00e3o da fonte de alimenta\u00e7\u00e3o a aparelhos el\u00e9tricos<br \/>\nWarratante: 1 ano<br \/>\nCertificado: CE, GS, S, ROHS, Reach, Pahs<\/p>\n<p>&nbsp;<\/p>\n<p><strong>(2) Detalhes do produto:<\/strong><br \/>\nIP44 Garden Sockets<br \/>\nN\u00famero do modelo: SYH05-D<br \/>\nSoquetes de 2 vias com timer de 24 horas na parte traseira<br \/>\nNome da marca: Shuangyang<br \/>\nUso: conex\u00e3o da fonte de alimenta\u00e7\u00e3o a aparelhos el\u00e9tricos<br \/>\nVers\u00e3o da Alemanha<\/p>\n<p><strong>Descri\u00e7\u00e3o e recursos<\/strong><br \/>\n1. Power de maximum: 3.680w<br \/>\n2. Voltagem: 250V AC<br \/>\n3.Frequ\u00eancia: 50Hz<br \/>\n4.Current: 16a<br \/>\n5.Water-proof:IP44<br \/>\n6.color:black<br \/>\n7. Cabine de seguinte: H05RR-F 3G1.5<br \/>\nH07RN-F 3G1.5\/2.5<br \/>\n8. O comprimento do cabo pode de acordo com a exig\u00eancia do cliente. Por exemplo: 10m, 25m, 50m\u2026.<br \/>\n9. pode, de acordo com os clientes, precisar de embalagem.<br \/>\n10. Capacidade de fornecimento: 9000000 metros\/metros por m\u00eas Cord\u00e3o de extens\u00e3o europeia<br \/>\n11. Capacidade dispon\u00edvel para outro design: vers\u00e3o da Fran\u00e7a, vers\u00e3o da Dinamarca, vers\u00e3o do Reino Unido,<\/p>\n<p><img decoding=\"async\" src=\"https:\/\/www.soyanggroup.com\/uploads\/6f376e2b.png\" alt=\"\" \/><img decoding=\"async\" src=\"https:\/\/www.soyanggroup.com\/uploads\/f9847a52.png\" alt=\"\" \/><img decoding=\"async\" src=\"https:\/\/www.soyanggroup.com\/uploads\/38ebe9c8.png\" alt=\"\" \/><\/p>\n<p><strong>Especifica\u00e7\u00e3o<\/strong><br \/>\nPacote: caixa branca<br \/>\nCertifica\u00e7\u00f5es: S, GS, CE, ROHS, Reach, Pahs<\/p>\n<p><img decoding=\"async\" src=\"https:\/\/www.soyanggroup.com\/uploads\/fa9c9669.png\" alt=\"\" \/><br \/>\n<strong>Ponto de vendas<\/strong><br \/>\n1. Alta qualidade<br \/>\n2. Pre\u00e7o favor\u00e1vel<br \/>\n3. Grande variedade de produtos<br \/>\n4. Design atraente<br \/>\n5. Tecnologia amig\u00e1vel ao ambiente<br \/>\n6. Servi\u00e7o de OEM e ODM fornecido<\/p>\n<p>&nbsp;<\/p>\n<p><strong>Visualizar<\/strong><br \/>\nZhejiang Shuangyang Group Co., Ltd Sempre se atenha \u00e0 qualidade e servi\u00e7o, n\u00e3o fornecemos apenas alta qualidade,<br \/>\nmas tamb\u00e9m preste aten\u00e7\u00e3o \u00e0 prote\u00e7\u00e3o do meio ambiente e \u00e0 seguran\u00e7a do ser humano.<br \/>\nMelhorar ininterruptamente a qualidade da vida humana \u00e9 nosso objetivo final.<\/p>\n<p><img decoding=\"async\" src=\"https:\/\/sc02.alicdn.com\/kf\/HTB1sKohk5OYBuNjSsD4q6zSkFXaQ\/1942321\/HTB1sKohk5OYBuNjSsD4q6zSkFXaQ.jpg_.webp\" alt=\"\" \/><\/p>\n<p>&nbsp;<\/p>\n<p><strong>Perguntas frequentes<\/strong><br \/>\nQ1. Voc\u00ea pode aceitar o pedido de amostra?<\/p>\n<p>A: Sim, claro, aceitamos o pedido de amostra.<\/p>\n<p>&nbsp;<\/p>\n<p>Q2. Como nos contratar?<\/p>\n<p>A: Voc\u00ea pode enviar e -mail para n\u00f3s ou ligar.<\/p>\n<p>&nbsp;<\/p>\n<p>Q3. How about warranty time and warranty products?<\/p>\n<p>R: A maioria dos produtos \u00e9 de 2 anos, corte fios e tira algumas fotos.<\/p>\n<p>&nbsp;<\/p>\n<p>Q4. What is your payment terms?<\/p>\n<p>A: T\/T, L\/C.<\/p>\n<p>&nbsp;<\/p>\n<p>Q5. How to establish long time business relationship between us?<\/p>\n<p>R: Oferecemos alta qualidade de produtos e pre\u00e7o muito competitivo para garantir o lucro de nossos clientes.<\/p>\n<p>&nbsp;<\/p>\n<p>Q6. What shipping terms can we choose?<\/p>\n<p>R: Existem por mar, por via a\u00e9rea, por entrega expressa para suas op\u00e7\u00f5es.<\/p>\n<p>&nbsp;<\/p>","protected":false},"excerpt":{"rendered":"<p>Soquetes de jardim<br \/>\nIP44<br \/>\nO comprimento do cabo pode de acordo com a exig\u00eancia do cliente.<br \/>\nPor exemplo: 10m, 25m, 50m\u2026.<\/p>","protected":false},"featured_media":306,"template":"","meta":[],"product_cat":[30],"product_tag":[],"class_list":{"0":"post-305","1":"product","2":"type-product","3":"status-publish","4":"has-post-thumbnail","6":"product_cat-gardenspike-sockets","8":"first","9":"instock","10":"shipping-taxable","11":"product-type-simple"},"_links":{"self":[{"href":"https:\/\/www.soyang-group.com\/pt\/wp-json\/wp\/v2\/product\/305","targetHints":{"allow":["GET"]}}],"collection":[{"href":"https:\/\/www.soyang-group.com\/pt\/wp-json\/wp\/v2\/product"}],"about":[{"href":"https:\/\/www.soyang-group.com\/pt\/wp-json\/wp\/v2\/types\/product"}],"version-history":[{"count":1,"href":"https:\/\/www.soyang-group.com\/pt\/wp-json\/wp\/v2\/product\/305\/revisions"}],"predecessor-version":[{"id":307,"href":"https:\/\/www.soyang-group.com\/pt\/wp-json\/wp\/v2\/product\/305\/revisions\/307"}],"wp:featuredmedia":[{"embeddable":true,"href":"https:\/\/www.soyang-group.com\/pt\/wp-json\/wp\/v2\/media\/306"}],"wp:attachment":[{"href":"https:\/\/www.soyang-group.com\/pt\/wp-json\/wp\/v2\/media?parent=305"}],"wp:term":[{"taxonomy":"product_cat","embeddable":true,"href":"https:\/\/www.soyang-group.com\/pt\/wp-json\/wp\/v2\/product_cat?post=305"},{"taxonomy":"product_tag","embeddable":true,"href":"https:\/\/www.soyang-group.com\/pt\/wp-json\/wp\/v2\/product_tag?post=305"}],"curies":[{"name":"wp","href":"https:\/\/api.w.org\/{rel}","templated":true}]}}