{"id":308,"date":"2024-12-12T13:58:07","date_gmt":"2024-12-12T05:58:07","guid":{"rendered":"https:\/\/shuangy.gg12.globaldeepsea.site\/?post_type=product&#038;p=308"},"modified":"2024-12-12T13:58:07","modified_gmt":"2024-12-12T05:58:07","slug":"water-proof-box","status":"publish","type":"product","link":"https:\/\/www.soyang-group.com\/pt\/produto\/water-proof-box\/","title":{"rendered":"Caixa \u00e0 prova de \u00e1gua"},"content":{"rendered":"<div class=\"fl-row fl-row-full-width fl-row-bg-none fl-node-5e997254d129b\" data-node=\"5e997254d129b\">\n<div class=\"fl-row-content-wrap\">\n<div class=\"fl-row-content fl-row-full-width fl-node-content\">\n<div class=\"fl-col-group fl-node-5e997254d1bad\" data-node=\"5e997254d1bad\">\n<div class=\"fl-col fl-node-5e997254d1c02 fl-col-has-cols\" data-node=\"5e997254d1c02\">\n<div class=\"fl-col-content fl-node-content\">\n<div class=\"fl-col-group fl-node-5e9f9a3977ba2 fl-col-group-nested\" data-node=\"5e9f9a3977ba2\">\n<div class=\"fl-col fl-node-5e9f9a39780e0 fl-col-small\" data-node=\"5e9f9a39780e0\">\n<div class=\"fl-col-content fl-node-content\">\n<div class=\"fl-module fl-module-rich-text fl-node-5e997254d1d2f\" data-node=\"5e997254d1d2f\" data-animation-delay=\"0.0\">\n<div class=\"fl-module-content fl-node-content\">\n<div class=\"fl-rich-text\">\n<p><b>Detalhes do produto:<\/b><b><\/b><\/p>\n<p><b><\/b><b>(1) Mini caixa \u00e0 prova de \u00e1gua<\/b>\u00a0<b><\/b><br \/>\nN\u00famero do modelo: FSH-01<br \/>\nNome da marca: Shuangyang<br \/>\nTepy: mini<\/p>\n<\/div>\n<\/div>\n<\/div>\n<\/div>\n<\/div>\n<div class=\"fl-col fl-node-5e9f9a3978138\" data-node=\"5e9f9a3978138\">\n<div class=\"fl-col-content fl-node-content\">\n<div class=\"fl-module fl-module-photo fl-node-5e997254d1dc0\" data-node=\"5e997254d1dc0\" data-animation-delay=\"0.0\">\n<div class=\"fl-module-content fl-node-content\">\n<div class=\"fl-photo fl-photo-align-center\">\n<div class=\"fl-photo-content fl-photo-img-png\"><img decoding=\"async\" class=\"fl-photo-img wp-image-1695 size-thumbnail\" src=\"https:\/\/www.soyanggroup.com\/uploads\/38a0b92310-300x217.png\" alt=\"1\" \/><\/div>\n<\/div>\n<\/div>\n<\/div>\n<\/div>\n<\/div>\n<\/div>\n<\/div>\n<\/div>\n<\/div>\n<div class=\"fl-col-group fl-node-5e997254d1e08\" data-node=\"5e997254d1e08\">\n<div class=\"fl-col fl-node-5e997254d1e50\" data-node=\"5e997254d1e50\">\n<div class=\"fl-col-content fl-node-content\">\n<div class=\"fl-module fl-module-rich-text fl-node-5e997254d1e98\" data-node=\"5e997254d1e98\" data-animation-delay=\"0.0\">\n<div class=\"fl-module-content fl-node-content\">\n<div class=\"fl-rich-text\">\n<p><b>Descri\u00e7\u00e3o e recursos<\/b><\/p>\n<p>1. Di\u00e2metro externo (mm): \u03c66.5-111<br \/>\n2. Prof\u00e9rico de Waer: IP44<br \/>\n3.color:red<br \/>\n4.UNIT Tamanho: 216x87x85mm<br \/>\n<img decoding=\"async\" class=\"alignnone size-full wp-image-1689\" src=\"https:\/\/www.soyanggroup.com\/uploads\/8d9d4c2f10.png\" alt=\"2\" \/><br \/>\n5.Usage:<br \/>\n<img decoding=\"async\" class=\"alignnone size-full wp-image-1690\" src=\"https:\/\/www.soyanggroup.com\/uploads\/7e4b5ce26.png\" alt=\"3\" \/><br \/>\n6. Capacidade de fornecimento: 10.000.000 de pe\u00e7as\/pe\u00e7as por m\u00eas Timer<\/p>\n<p><b>Especifica\u00e7\u00e3o<\/b><\/p>\n<p>Pacote: bolsa PP com r\u00f3tulo<br \/>\nQty\/CTN: 50pcs<br \/>\nGW: 9,7kg<br \/>\nNW: 8,8 kg<br \/>\nTamanho da caixa: 45x39x42 cm<br \/>\nQty\/20 \u2032: 18.300 PCs<br \/>\nCertifica\u00e7\u00f5es: CE, ROHS, Reach, PAHs<\/p>\n<\/div>\n<\/div>\n<\/div>\n<\/div>\n<\/div>\n<\/div>\n<\/div>\n<\/div>\n<\/div>\n<div class=\"fl-row fl-row-fixed-width fl-row-bg-none fl-node-5e99710fb8431\" data-node=\"5e99710fb8431\">\n<div class=\"fl-row-content-wrap\">\n<div class=\"fl-row-content fl-row-fixed-width fl-node-content\">\n<div class=\"fl-col-group fl-node-5e99710fbb6e8\" data-node=\"5e99710fbb6e8\">\n<div class=\"fl-col fl-node-5e99710fbb9e7\" data-node=\"5e99710fbb9e7\">\n<div class=\"fl-col-content fl-node-content\">\n<div class=\"fl-module fl-module-photo fl-node-5e99710fb808f\" data-node=\"5e99710fb808f\" data-animation-delay=\"0.0\">\n<div class=\"fl-module-content fl-node-content\">\n<div class=\"fl-photo fl-photo-align-left\">\n<div class=\"fl-photo-content fl-photo-img-png\"><img decoding=\"async\" class=\"fl-photo-img wp-image-1694 size-full\" src=\"https:\/\/www.soyanggroup.com\/uploads\/a19d8a122.png\" alt=\"111\" \/><\/div>\n<\/div>\n<\/div>\n<\/div>\n<\/div>\n<\/div>\n<\/div>\n<\/div>\n<\/div>\n<\/div>\n<div class=\"fl-row fl-row-full-width fl-row-bg-none fl-node-5e996dfb42b4a\" data-node=\"5e996dfb42b4a\">\n<div class=\"fl-row-content-wrap\">\n<div class=\"fl-row-content fl-row-full-width fl-node-content\">\n<div class=\"fl-col-group fl-node-5e9f9a5c13dd8\" data-node=\"5e9f9a5c13dd8\">\n<div class=\"fl-col fl-node-5e9f9a5c1429a fl-col-small\" data-node=\"5e9f9a5c1429a\">\n<div class=\"fl-col-content fl-node-content\">\n<div class=\"fl-module fl-module-rich-text fl-node-5e996e3b1e028\" data-node=\"5e996e3b1e028\" data-animation-delay=\"0.0\">\n<div class=\"fl-module-content fl-node-content\">\n<div class=\"fl-rich-text\">\n<p><b>(2)CEE\u00a0<\/b><b>Caixa \u00e0 prova de \u00e1gua<\/b>\u00a0<b><\/b><\/p>\n<p>N\u00famero do modelo: FSH-02<br \/>\nNome da marca: Shuangyang<br \/>\nTeoria: Ind\u00fastria<\/p>\n<\/div>\n<\/div>\n<\/div>\n<\/div>\n<\/div>\n<div class=\"fl-col fl-node-5e9f9a5c142f3\" data-node=\"5e9f9a5c142f3\">\n<div class=\"fl-col-content fl-node-content\">\n<div class=\"fl-module fl-module-photo fl-node-5e996e6e3cbb6\" data-node=\"5e996e6e3cbb6\" data-animation-delay=\"0.0\">\n<div class=\"fl-module-content fl-node-content\">\n<div class=\"fl-photo fl-photo-align-center\">\n<div class=\"fl-photo-content fl-photo-img-png\"><img decoding=\"async\" class=\"fl-photo-img wp-image-1696 size-thumbnail\" src=\"https:\/\/www.soyanggroup.com\/uploads\/38a0b92311-300x249.png\" alt=\"1\" \/><\/div>\n<\/div>\n<\/div>\n<\/div>\n<\/div>\n<\/div>\n<\/div>\n<div class=\"fl-col-group fl-node-5e996ea8cefcb\" data-node=\"5e996ea8cefcb\">\n<div class=\"fl-col fl-node-5e996ea8cf27e fl-col-has-cols\" data-node=\"5e996ea8cf27e\">\n<div class=\"fl-col-content fl-node-content\">\n<div class=\"fl-module fl-module-rich-text fl-node-5e996ea8cee06\" data-node=\"5e996ea8cee06\" data-animation-delay=\"0.0\">\n<div class=\"fl-module-content fl-node-content\">\n<div class=\"fl-rich-text\">\n<p><b>Descri\u00e7\u00e3o e recursos<\/b><\/p>\n<p>1. Di\u00e2metro externo (mm): \u03c66.5-a12<br \/>\n2. Imper imperme\u00e1vel: IP44<br \/>\n3.Color:Blue<br \/>\n4.UNIT Tamanho: 367x90x103mm<\/p>\n<\/div>\n<\/div>\n<\/div>\n<div class=\"fl-col-group fl-node-5e9fabf342e33 fl-col-group-nested\" data-node=\"5e9fabf342e33\">\n<div class=\"fl-col fl-node-5e9fabf34342d\" data-node=\"5e9fabf34342d\">\n<div class=\"fl-col-content fl-node-content\">\n<div class=\"fl-module fl-module-photo fl-node-5e99734426101\" data-node=\"5e99734426101\" data-animation-delay=\"0.0\">\n<div class=\"fl-module-content fl-node-content\">\n<div class=\"fl-photo fl-photo-align-center\">\n<div class=\"fl-photo-content fl-photo-img-png\"><img decoding=\"async\" class=\"fl-photo-img wp-image-1697 size-full\" src=\"https:\/\/www.soyanggroup.com\/uploads\/8d9d4c2f11.png\" alt=\"2\" \/><\/div>\n<\/div>\n<\/div>\n<\/div>\n<\/div>\n<\/div>\n<div class=\"fl-col fl-node-5e9fabf343484 fl-col-small\" data-node=\"5e9fabf343484\">\n<div class=\"fl-col-content fl-node-content\"><\/div>\n<\/div>\n<\/div>\n<\/div>\n<\/div>\n<\/div>\n<div class=\"fl-col-group fl-node-5e99735e7a0b0\" data-node=\"5e99735e7a0b0\">\n<div class=\"fl-col fl-node-5e99735e7a50c\" data-node=\"5e99735e7a50c\">\n<div class=\"fl-col-content fl-node-content\">\n<div class=\"fl-module fl-module-rich-text fl-node-5e99735a8f4df\" data-node=\"5e99735a8f4df\" data-animation-delay=\"0.0\">\n<div class=\"fl-module-content fl-node-content\">\n<div class=\"fl-rich-text\">\n<p>5.Usage<\/p>\n<\/div>\n<\/div>\n<\/div>\n<\/div>\n<\/div>\n<\/div>\n<div class=\"fl-col-group fl-node-5e9fac35bc8f0\" data-node=\"5e9fac35bc8f0\">\n<div class=\"fl-col fl-node-5e9fac35bce94\" data-node=\"5e9fac35bce94\">\n<div class=\"fl-col-content fl-node-content\">\n<div class=\"fl-module fl-module-photo fl-node-5e99737fb1d36\" data-node=\"5e99737fb1d36\" data-animation-delay=\"0.0\">\n<div class=\"fl-module-content fl-node-content\">\n<div class=\"fl-photo fl-photo-align-center\">\n<div class=\"fl-photo-content fl-photo-img-png\"><img decoding=\"async\" class=\"fl-photo-img wp-image-1699\" src=\"http:\/\/c517.quanqiusou.cn\/uploads\/7e4b5ce28.png\" alt=\"3\" \/><\/div>\n<\/div>\n<\/div>\n<\/div>\n<\/div>\n<\/div>\n<div class=\"fl-col fl-node-5e9fac35bceed fl-col-small\" data-node=\"5e9fac35bceed\">\n<div class=\"fl-col-content fl-node-content\"><\/div>\n<\/div>\n<\/div>\n<div class=\"fl-col-group fl-node-5e9973a0c1e72\" data-node=\"5e9973a0c1e72\">\n<div class=\"fl-col fl-node-5e9973a0c2306\" data-node=\"5e9973a0c2306\">\n<div class=\"fl-col-content fl-node-content\">\n<div class=\"fl-module fl-module-rich-text fl-node-5e99739cda354\" data-node=\"5e99739cda354\" data-animation-delay=\"0.0\">\n<div class=\"fl-module-content fl-node-content\">\n<div class=\"fl-rich-text\">\n<p>6. Capacidade de fornecimento: 10.000.000 de pe\u00e7as\/pe\u00e7as por m\u00eas Timer<\/p>\n<p><b>Especifica\u00e7\u00e3o<\/b><\/p>\n<p>Pacote: bolsa PP com cart\u00e3o<br \/>\nQty\/CTN: 10pcs<br \/>\nGW: 3,9 kg<br \/>\nNW: 2,9 kg<br \/>\nTamanho da caixa: 46x37x21 cm<br \/>\nQty\/20 \u2032: 7.550 PCs<br \/>\nCertifica\u00e7\u00f5es: CE, ROHS, Reach, PAHs<\/p>\n<\/div>\n<\/div>\n<\/div>\n<\/div>\n<\/div>\n<\/div>\n<\/div>\n<\/div>\n<\/div>\n<div class=\"fl-row fl-row-fixed-width fl-row-bg-none fl-node-5e9973c6a10f6\" data-node=\"5e9973c6a10f6\">\n<div class=\"fl-row-content-wrap\">\n<div class=\"fl-row-content fl-row-fixed-width fl-node-content\">\n<div class=\"fl-col-group fl-node-5e9973c6a1578\" data-node=\"5e9973c6a1578\">\n<div class=\"fl-col fl-node-5e9973c6a15c8\" data-node=\"5e9973c6a15c8\">\n<div class=\"fl-col-content fl-node-content\">\n<div class=\"fl-module fl-module-photo fl-node-5e9973c6a1615\" data-node=\"5e9973c6a1615\" data-animation-delay=\"0.0\">\n<div class=\"fl-module-content fl-node-content\">\n<div class=\"fl-photo fl-photo-align-left\">\n<div class=\"fl-photo-content fl-photo-img-png\"><img decoding=\"async\" class=\"fl-photo-img wp-image-1694 size-full\" src=\"https:\/\/www.soyanggroup.com\/uploads\/a19d8a122.png\" alt=\"111\" \/><\/div>\n<\/div>\n<\/div>\n<\/div>\n<\/div>\n<\/div>\n<\/div>\n<\/div>\n<\/div>\n<\/div>\n<div class=\"fl-row fl-row-fixed-width fl-row-bg-none fl-node-5e9973e722fd7\" data-node=\"5e9973e722fd7\">\n<div class=\"fl-row-content-wrap\">\n<div class=\"fl-row-content fl-row-fixed-width fl-node-content\">\n<div class=\"fl-col-group fl-node-5ea53002ddc48\" data-node=\"5ea53002ddc48\">\n<div class=\"fl-col fl-node-5ea53002de02e\" data-node=\"5ea53002de02e\">\n<div class=\"fl-col-content fl-node-content\">\n<div class=\"fl-module fl-module-rich-text fl-node-5ea53002dd9ae\" data-node=\"5ea53002dd9ae\" data-animation-delay=\"0.0\">\n<div class=\"fl-module-content fl-node-content\">\n<div class=\"fl-rich-text\">\n<h3><b>Fluxo de produ\u00e7\u00e3o:<\/b><b><\/b><\/h3>\n<\/div>\n<\/div>\n<\/div>\n<\/div>\n<\/div>\n<\/div>\n<div class=\"fl-col-group fl-node-5e9973e729e0e\" data-node=\"5e9973e729e0e\">\n<div class=\"fl-col fl-node-5e9973e72a1b7 fl-col-small\" data-node=\"5e9973e72a1b7\">\n<div class=\"fl-col-content fl-node-content\">\n<div class=\"fl-module fl-module-heading fl-node-5e9974ae31156\" data-node=\"5e9974ae31156\" data-animation-delay=\"0.0\">\n<div class=\"fl-module-content fl-node-content\">\n<h3 class=\"fl-heading\"><span class=\"fl-heading-text\">Materials Raw (Timersockets)<\/span><\/h3>\n<\/div>\n<\/div>\n<div class=\"fl-module fl-module-photo fl-node-5e9974220fab4\" data-node=\"5e9974220fab4\" data-animation-delay=\"0.0\">\n<div class=\"fl-module-content fl-node-content\">\n<div class=\"fl-photo fl-photo-align-center\">\n<div class=\"fl-photo-content fl-photo-img-png\"><img decoding=\"async\" class=\"fl-photo-img wp-image-1700 size-full\" src=\"https:\/\/www.soyanggroup.com\/uploads\/38a0b92312.png\" alt=\"1\" \/><\/div>\n<\/div>\n<\/div>\n<\/div>\n<\/div>\n<\/div>\n<div class=\"fl-col fl-node-5e9973e72a20f fl-col-small\" data-node=\"5e9973e72a20f\">\n<div class=\"fl-col-content fl-node-content\">\n<div class=\"fl-module fl-module-heading fl-node-5e99746f5c869\" data-node=\"5e99746f5c869\" data-animation-delay=\"0.0\">\n<div class=\"fl-module-content fl-node-content\">\n<h3 class=\"fl-heading\"><span class=\"fl-heading-text\">inje\u00e7\u00e3o<\/span><\/h3>\n<\/div>\n<\/div>\n<div class=\"fl-module fl-module-photo fl-node-5e99740fd34d5\" data-node=\"5e99740fd34d5\" data-animation-delay=\"0.0\">\n<div class=\"fl-module-content fl-node-content\">\n<div class=\"fl-photo fl-photo-align-center\">\n<div class=\"fl-photo-content fl-photo-img-png\"><img decoding=\"async\" class=\"fl-photo-img wp-image-1701 size-full\" src=\"https:\/\/www.soyanggroup.com\/uploads\/8d9d4c2f12.png\" alt=\"2\" \/><\/div>\n<\/div>\n<\/div>\n<\/div>\n<\/div>\n<\/div>\n<div class=\"fl-col fl-node-5e9973e72a262 fl-col-small\" data-node=\"5e9973e72a262\">\n<div class=\"fl-col-content fl-node-content\">\n<div class=\"fl-module fl-module-heading fl-node-5e9974b62b77d\" data-node=\"5e9974b62b77d\" data-animation-delay=\"0.0\">\n<div class=\"fl-module-content fl-node-content\">\n<h3 class=\"fl-heading\"><span class=\"fl-heading-text\">fascinante<\/span><\/h3>\n<\/div>\n<\/div>\n<div class=\"fl-module fl-module-photo fl-node-5e997423b7a10\" data-node=\"5e997423b7a10\" data-animation-delay=\"0.0\">\n<div class=\"fl-module-content fl-node-content\">\n<div class=\"fl-photo fl-photo-align-center\">\n<div class=\"fl-photo-content fl-photo-img-png\"><img decoding=\"async\" class=\"fl-photo-img wp-image-1703 size-full\" src=\"https:\/\/www.soyanggroup.com\/uploads\/7e4b5ce210.png\" alt=\"3\" \/><\/div>\n<\/div>\n<\/div>\n<\/div>\n<\/div>\n<\/div>\n<\/div>\n<\/div>\n<\/div>\n<\/div>\n<div class=\"fl-row fl-row-fixed-width fl-row-bg-none fl-node-5e9974e84048d\" data-node=\"5e9974e84048d\">\n<div class=\"fl-row-content-wrap\">\n<div class=\"fl-row-content fl-row-fixed-width fl-node-content\">\n<div class=\"fl-col-group fl-node-5e9974e840ef3\" data-node=\"5e9974e840ef3\">\n<div class=\"fl-col fl-node-5e9974e840f47 fl-col-small\" data-node=\"5e9974e840f47\">\n<div class=\"fl-col-content fl-node-content\">\n<div class=\"fl-module fl-module-heading fl-node-5e9974e840f9c\" data-node=\"5e9974e840f9c\" data-animation-delay=\"0.0\">\n<div class=\"fl-module-content fl-node-content\">\n<h3 class=\"fl-heading\"><span class=\"fl-heading-text\">montagem<\/span><\/h3>\n<\/div>\n<\/div>\n<div class=\"fl-module fl-module-photo fl-node-5e9974e840ff7\" data-node=\"5e9974e840ff7\" data-animation-delay=\"0.0\">\n<div class=\"fl-module-content fl-node-content\">\n<div class=\"fl-photo fl-photo-align-center\">\n<div class=\"fl-photo-content fl-photo-img-png\"><img decoding=\"async\" class=\"fl-photo-img wp-image-1704\" src=\"http:\/\/c517.quanqiusou.cn\/uploads\/79a2f3e72.png\" alt=\"4\" \/><\/div>\n<\/div>\n<\/div>\n<\/div>\n<\/div>\n<\/div>\n<div class=\"fl-col fl-node-5e9974e841044 fl-col-small\" data-node=\"5e9974e841044\">\n<div class=\"fl-col-content fl-node-content\">\n<div class=\"fl-module fl-module-heading fl-node-5e9974e84108e\" data-node=\"5e9974e84108e\" data-animation-delay=\"0.0\">\n<div class=\"fl-module-content fl-node-content\">\n<h3 class=\"fl-heading\"><span class=\"fl-heading-text\">teste<\/span><\/h3>\n<\/div>\n<\/div>\n<div class=\"fl-module fl-module-photo fl-node-5e9974e8410d7\" data-node=\"5e9974e8410d7\" data-animation-delay=\"0.0\">\n<div class=\"fl-module-content fl-node-content\">\n<div class=\"fl-photo fl-photo-align-center\">\n<div class=\"fl-photo-content fl-photo-img-png\"><img decoding=\"async\" class=\"fl-photo-img wp-image-1705\" src=\"http:\/\/c517.quanqiusou.cn\/uploads\/7fbbce231.png\" alt=\"5\" \/><\/div>\n<\/div>\n<\/div>\n<\/div>\n<\/div>\n<\/div>\n<div class=\"fl-col fl-node-5e9974e841122 fl-col-small\" data-node=\"5e9974e841122\">\n<div class=\"fl-col-content fl-node-content\">\n<div class=\"fl-module fl-module-heading fl-node-5e9974e841172\" data-node=\"5e9974e841172\" data-animation-delay=\"0.0\">\n<div class=\"fl-module-content fl-node-content\">\n<h3 class=\"fl-heading\"><span class=\"fl-heading-text\">armaz\u00e9m<\/span><\/h3>\n<\/div>\n<\/div>\n<div class=\"fl-module fl-module-photo fl-node-5e9974e8411cb\" data-node=\"5e9974e8411cb\" data-animation-delay=\"0.0\">\n<div class=\"fl-module-content fl-node-content\">\n<div class=\"fl-photo fl-photo-align-center\">\n<div class=\"fl-photo-content fl-photo-img-png\"><img decoding=\"async\" class=\"fl-photo-img wp-image-1706\" src=\"http:\/\/c517.quanqiusou.cn\/uploads\/1c5a880f1.png\" alt=\"6\" \/><\/div>\n<\/div>\n<\/div>\n<\/div>\n<\/div>\n<\/div>\n<\/div>\n<\/div>\n<\/div>\n<\/div>\n<div class=\"fl-row fl-row-fixed-width fl-row-bg-none fl-node-5e9975353b2b5\" data-node=\"5e9975353b2b5\">\n<div class=\"fl-row-content-wrap\">\n<div class=\"fl-row-content fl-row-fixed-width fl-node-content\">\n<div class=\"fl-col-group fl-node-5e9975354602f\" data-node=\"5e9975354602f\">\n<div class=\"fl-col fl-node-5e99753546455\" data-node=\"5e99753546455\">\n<div class=\"fl-col-content fl-node-content\">\n<div class=\"fl-module fl-module-rich-text fl-node-5e9975353a998\" data-node=\"5e9975353a998\" data-animation-delay=\"0.0\">\n<div class=\"fl-module-content fl-node-content\">\n<div class=\"fl-rich-text\">\n<p><b>Vantagem<\/b><b><\/b><\/p>\n<ul>\n<li>Pe\u00e7as de marca<\/li>\n<li>Pa\u00eds de origem<\/li>\n<li>Distribuidores oferecidos<\/li>\n<li>Funcion\u00e1rios experientes<\/li>\n<li>Forma a<\/li>\n<li>Produto verde<\/li>\n<li>Garantia\/garantia<\/li>\n<li>Aprova\u00e7\u00f5es internacionais<\/li>\n<li>Embalagem<\/li>\n<li>Pre\u00e7o<\/li>\n<li>Recursos do produto<\/li>\n<li>Desempenho do produto<\/li>\n<li>Entrega imediata<\/li>\n<li>Aprova\u00e7\u00f5es de qualidade<\/li>\n<li>Reputa\u00e7\u00e3o<\/li>\n<li>Servi\u00e7o<\/li>\n<li>Pequenas ordens aceitas<\/li>\n<li>Servi\u00e7o OEM e ODM fornecido<\/li>\n<li>Alta qualidade<\/li>\n<\/ul>\n<\/div>\n<\/div>\n<\/div>\n<\/div>\n<\/div>\n<\/div>\n<\/div>\n<\/div>\n<\/div>\n<div class=\"fl-row fl-row-fixed-width fl-row-bg-none fl-node-5e99755ec0ded\" data-node=\"5e99755ec0ded\">\n<div class=\"fl-row-content-wrap\">\n<div class=\"fl-row-content fl-row-fixed-width fl-node-content\">\n<div class=\"fl-col-group fl-node-5e99755ec12f3\" data-node=\"5e99755ec12f3\">\n<div class=\"fl-col fl-node-5e99755ec1343\" data-node=\"5e99755ec1343\">\n<div class=\"fl-col-content fl-node-content\">\n<div class=\"fl-module fl-module-rich-text fl-node-5e99755ec138e\" data-node=\"5e99755ec138e\" data-animation-delay=\"0.0\">\n<div class=\"fl-module-content fl-node-content\">\n<div class=\"fl-rich-text\">\n<p><b>Embalagem e pagamento e remessa<\/b><br \/>\n<strong>Detalhes da embalagem: bolsa PP com r\u00f3tulo<\/strong><br \/>\n<strong>M\u00e9todo de pagamento: adiantamento tt, t\/t, l\/c<\/strong><br \/>\n<strong>Entrega: 30-35 dias ap\u00f3s o recebimento do dep\u00f3sito<\/strong><br \/>\n<strong>Porto: Ningbo ou Xangai<\/strong><\/p>\n<p><b>perfil de companhia:<\/b><b><\/b><br \/>\n1. Business Tipo: Fabricante, Companhia de Com\u00e9rcio<br \/>\n2.Main Products: Sockets do timer, cabo, bobinas de cabo, ilumina\u00e7\u00e3o<br \/>\n3. Total de funcion\u00e1rios: 501 - 1000 pessoas<br \/>\n4.Year estabelecido: 1994<br \/>\n5. Certifica\u00e7\u00e3o do sistema de gerenciamento: ISO9001, ISO14001, OHSAS18001<br \/>\n6. Pa\u00eds \/ Regi\u00e3o: Zhejiang, China<br \/>\n7. Propriet\u00e1rio: Propriet\u00e1rio particular<br \/>\n8. Mercados principais:<\/p>\n<p>Europa Oriental 39.00%<br \/>\nNorthern Europe 30.00%<br \/>\nEuropa Ocidental 16.00%<br \/>\nMercado dom\u00e9stico: 7%<br \/>\nOriente M\u00e9dio: 5%<br \/>\nAm\u00e9rica do Sul: 3%<\/p>\n<p>&nbsp;<\/p>\n<p><b>Perguntas frequentes:<\/b><br \/>\n1. Os seus produtos podem imprimir o logotipo dos convidados?<br \/>\nSim, os h\u00f3spedes fornecem o logotipo, podemos imprimir no produto.<br \/>\n2. Que auditoria de responsabilidade social voc\u00ea passou?<br \/>\nSim, temos BSCI, Sedex.<br \/>\n3. Quais s\u00e3o seus pre\u00e7os?<br \/>\nNossos pre\u00e7os est\u00e3o sujeitos a altera\u00e7\u00f5es, dependendo da oferta e de outros fatores de mercado. Enviaremos a voc\u00ea e a lista de pre\u00e7os atualizada depois que sua conex\u00e3o entre em contato conosco para obter mais informa\u00e7\u00f5es.<\/p>\n<\/div>\n<\/div>\n<\/div>\n<\/div>\n<\/div>\n<\/div>\n<\/div>\n<\/div>\n<\/div>","protected":false},"excerpt":{"rendered":"<p>Modelo n\u00ba: Caixa \u00e0 prova de \u00e1gua<\/p>\n<p>Nome da marca: Shuangyang<\/p>\n<p>Material da concha: pp<\/p>\n<p>Uso: prova de \u00e1gua<\/p>\n<p>Warratante: 1 ano<\/p>\n<p>Certificado: CE, ROHS, Reach, Pahs<\/p>","protected":false},"featured_media":309,"template":"","meta":[],"product_cat":[31],"product_tag":[32],"class_list":{"0":"post-308","1":"product","2":"type-product","3":"status-publish","4":"has-post-thumbnail","6":"product_cat-wate-proof-box","7":"product_tag-water-proof-box","9":"first","10":"instock","11":"shipping-taxable","12":"product-type-simple"},"_links":{"self":[{"href":"https:\/\/www.soyang-group.com\/pt\/wp-json\/wp\/v2\/product\/308","targetHints":{"allow":["GET"]}}],"collection":[{"href":"https:\/\/www.soyang-group.com\/pt\/wp-json\/wp\/v2\/product"}],"about":[{"href":"https:\/\/www.soyang-group.com\/pt\/wp-json\/wp\/v2\/types\/product"}],"version-history":[{"count":0,"href":"https:\/\/www.soyang-group.com\/pt\/wp-json\/wp\/v2\/product\/308\/revisions"}],"wp:featuredmedia":[{"embeddable":true,"href":"https:\/\/www.soyang-group.com\/pt\/wp-json\/wp\/v2\/media\/309"}],"wp:attachment":[{"href":"https:\/\/www.soyang-group.com\/pt\/wp-json\/wp\/v2\/media?parent=308"}],"wp:term":[{"taxonomy":"product_cat","embeddable":true,"href":"https:\/\/www.soyang-group.com\/pt\/wp-json\/wp\/v2\/product_cat?post=308"},{"taxonomy":"product_tag","embeddable":true,"href":"https:\/\/www.soyang-group.com\/pt\/wp-json\/wp\/v2\/product_tag?post=308"}],"curies":[{"name":"wp","href":"https:\/\/api.w.org\/{rel}","templated":true}]}}