{"id":266,"date":"2024-12-12T13:10:17","date_gmt":"2024-12-12T05:10:17","guid":{"rendered":"https:\/\/shuangy.gg12.globaldeepsea.site\/?post_type=product&#038;p=266"},"modified":"2024-12-12T13:10:17","modified_gmt":"2024-12-12T05:10:17","slug":"2-1a-usb-socket","status":"publish","type":"product","link":"https:\/\/www.soyang-group.com\/ru\/product\/2-1a-usb-socket\/","title":{"rendered":"2.1A USB -\u0440\u043e\u0437\u0435\u0442\u043a\u0430"},"content":{"rendered":"<p><strong>\u041e\u0431\u0437\u043e\u0440<\/strong><\/p>\n<p><strong>\u0411\u044b\u0441\u0442\u0440\u044b\u0435 \u0434\u0435\u0442\u0430\u043b\u0438<\/strong><br \/>\n\u041c\u0435\u0441\u0442\u043e \u043f\u0440\u043e\u0438\u0441\u0445\u043e\u0436\u0434\u0435\u043d\u0438\u044f: \u0427\u0436\u044d\u0446\u0437\u044f\u043d, \u041a\u0438\u0442\u0430\u0439<br \/>\n\u0411\u0440\u0435\u043d\u0434: \u0421\u043e\u044f\u043d<br \/>\n\u041d\u043e\u043c\u0435\u0440 \u043c\u043e\u0434\u0435\u043b\u0438: USB-D2<br \/>\nDC: 5V AC<br \/>\nMax:2.1A<br \/>\n\u0426\u0432\u0435\u0442: \u0431\u0435\u043b\u044b\u0439<br \/>\n\u041f\u0440\u0438\u043b\u043e\u0436\u0435\u043d\u0438\u0435: \u043f\u0435\u0440\u0435\u043a\u043b\u044e\u0447\u0430\u0442\u0435\u043b\u044c \u0442\u0430\u0439\u043c\u0435\u0440\u0430<\/p>\n<p><strong>\u0421\u043f\u043e\u0441\u043e\u0431\u043d\u043e\u0441\u0442\u044c \u0441\u043d\u0430\u0431\u0436\u0435\u043d\u0438\u044f<\/strong><br \/>\n\u0421\u043f\u043e\u0441\u043e\u0431\u043d\u043e\u0441\u0442\u044c \u0441\u043d\u0430\u0431\u0436\u0435\u043d\u0438\u044f: 100000 \u0448\u0442\u0443\u043a\/\u043a\u0443\u0441\u043e\u0447\u043a\u0438 \u0432 \u043c\u0435\u0441\u044f\u0446<\/p>\n<p><strong>\u0423\u043f\u0430\u043a\u043e\u0432\u043a\u0430 \u0438 \u0434\u043e\u0441\u0442\u0430\u0432\u043a\u0430<\/strong><br \/>\n\u0414\u0435\u0442\u0430\u043b\u0438 \u0443\u043f\u0430\u043a\u043e\u0432\u043a\u0438: \u0434\u0432\u043e\u0439\u043d\u043e\u0439 \u0431\u043b\u0438\u0441\u0442\u0435\u0440, 10 \u0448\u0442.\/ \u0412\u043d\u0443\u0442\u0440\u0435\u043d\u043d\u044f\u044f \u043a\u043e\u0440\u043e\u0431\u043a\u0430, 60 \u0448\u0442.\/ \u0412\u043d\u0435\u0448\u043d\u044f\u044f \u043a\u043e\u0440\u043e\u0431\u043a\u0430<br \/>\n\u041f\u043e\u0440\u0442: \u041d\u0438\u043d\u0431\u043e\/\u0428\u0430\u043d\u0445\u0430\u0439<br \/>\n\u0412\u0440\u0435\u043c\u044f \u0432\u044b\u043f\u043e\u043b\u043d\u0435\u043d\u0438\u044f :<br \/>\n\u041a\u043e\u043b\u0438\u0447\u0435\u0441\u0442\u0432\u043e (\u043a\u0443\u0441\u043e\u0447\u043a\u0438) 1 - 10000&gt; 10000<br \/>\n\u0421\u0442\u0430\u043d\u0434\u0430\u0440\u0442\u043d\u043e\u0435 \u0432\u043e\u0441\u0442\u043e\u0447\u043d\u043e\u0435 \u0432\u0440\u0435\u043c\u044f. \u0412\u0440\u0435\u043c\u044f (\u0434\u043d\u0438) 60, \u0447\u0442\u043e\u0431\u044b \u0431\u044b\u0442\u044c \u0434\u043e\u0433\u043e\u0432\u043e\u0440\u0435\u043d\u043d\u043e<\/p>\n<p>&nbsp;<\/p>\n<p><strong>\u041f\u043e\u0434\u0440\u043e\u0431\u043d\u043e \u043e\u043f\u0438\u0441\u0430\u043d\u0438\u0435 \u043f\u0440\u043e\u0434\u0443\u043a\u0442\u0430<\/strong><\/p>\n<p><strong>2.1A USB -\u0440\u043e\u0437\u0435\u0442\u043a\u0430<\/strong><br \/>\n\u041d\u043e\u043c\u0435\u0440 \u043c\u043e\u0434\u0435\u043b\u0438: USB-D2<br \/>\n\u0413\u0435\u0440\u043c\u0430\u043d\u0438\u044f \u0432\u0435\u0440\u0441\u0438\u044f<br \/>\n\u0424\u0438\u0440\u043c\u0435\u043d\u043d\u0430\u044f \u043c\u0430\u0440\u043a\u0430: Shuangyang<br \/>\n\u0418\u0441\u043f\u043e\u043b\u044c\u0437\u043e\u0432\u0430\u043d\u0438\u0435: \u0433\u043d\u0435\u0437\u0434\u0430 \u0437\u0430\u0440\u044f\u0434\u043d\u043e\u0433\u043e \u0443\u0441\u0442\u0440\u043e\u0439\u0441\u0442\u0432\u0430<br \/>\n\u0422\u0435\u043e\u0440\u0438\u044f: \u043c\u0435\u0445\u0430\u043d\u0438\u0447\u0435\u0441\u043a\u0430\u044f<br \/>\n\u041e\u043f\u0438\u0441\u0430\u043d\u0438\u0435 \u0438 \u0444\u0443\u043d\u043a\u0446\u0438\u0438<br \/>\n1.max: 2.1a<br \/>\n2.DC: 5V<br \/>\n3. \u0420\u0430\u0437\u043c\u0435\u0440 \u0431\u043b\u043e\u043a\u0430:<\/p>\n<p><a class=\"fancybox\" href=\"https:\/\/www.soyanggroup.com\/uploads\/125.jpg\" target=\"_blank\" rel=\"noopener\"><img decoding=\"async\" class=\"alignnone size-full wp-image-4344\" src=\"https:\/\/www.soyanggroup.com\/uploads\/125.jpg\" alt=\"1\" \/><\/a><\/p>\n<p>4. \u0421\u043f\u043e\u0441\u043e\u0431\u043d\u043e\u0441\u0442\u044c \u0441\u043d\u0430\u0431\u0436\u0435\u043d\u0438\u044f: 1000000 \u0448\u0442\u0443\u043a\/\u043a\u0443\u0441\u043e\u0447\u043a\u0438 \u0432 \u043c\u0435\u0441\u044f\u0446 \u0442\u0430\u0439\u043c\u0435\u0440<br \/>\n5. \u0414\u043e\u0441\u0442\u0443\u043f\u043d\u0430\u044f \u0435\u043c\u043a\u043e\u0441\u0442\u044c \u0434\u043b\u044f \u0434\u0440\u0443\u0433\u043e\u0433\u043e \u0434\u0438\u0437\u0430\u0439\u043d\u0430: \u0432\u0435\u0440\u0441\u0438\u044f Gemany, \u0432\u0435\u0440\u0441\u0438\u044f \u0414\u0430\u043d\u0438\u0438, \u0424\u0440\u0430\u043d\u0446\u0438\u044f \u0432\u0435\u0440\u0441\u0438\u044f<\/p>\n<p>&nbsp;<\/p>\n<p><strong>\u0421\u043f\u0435\u0446\u0438\u0444\u0438\u043a\u0430\u0446\u0438\u044f<\/strong><br \/>\n\u041f\u0430\u043a\u0435\u0442: \u0434\u0432\u043e\u0439\u043d\u043e\u0439 \u0431\u043b\u0438\u0441\u0442\u0435\u0440<br \/>\nQty\/Box: 10pcs<br \/>\nQTY\/CTN: 60 \u0448\u0442<br \/>\nGW: 5,8 \u043a\u0433<br \/>\nNW: 4,8 \u043a\u0433<br \/>\n\u0420\u0430\u0437\u043c\u0435\u0440 \u043a\u0430\u0440\u0442\u043e\u043d\u043d\u043e\u0439 \u043a\u043e\u0440\u043e\u0431\u043a\u0438: 38*73*23 \u0441\u043c<br \/>\nQty\/20 \u2032: 23 040 \u0441<br \/>\n\u0421\u0435\u0440\u0442\u0438\u0444\u0438\u043a\u0430\u0442\u044b: GS, CE, ROHS, Reach, PAHS<\/p>\n<p>&nbsp;<\/p>\n<p><strong>\u0422\u043e\u0447\u043a\u0430 \u043f\u0440\u043e\u0434\u0430\u0436<\/strong><br \/>\n1. \u0412\u044b\u0441\u043e\u043a\u043e\u0435 \u043a\u0430\u0447\u0435\u0441\u0442\u0432\u043e<br \/>\n2. \u0412\u0432\u0430\u0440\u0435\u043d\u043d\u0430\u044f \u0446\u0435\u043d\u0430<br \/>\n3. \u0411\u043e\u043b\u044c\u0448\u043e\u0435 \u0440\u0430\u0437\u043d\u043e\u043e\u0431\u0440\u0430\u0437\u0438\u0435 \u043f\u0440\u043e\u0434\u0443\u043a\u0442\u043e\u0432<br \/>\n4. \u041f\u0440\u0438\u0432\u043b\u0435\u043a\u0430\u0442\u0435\u043b\u044c\u043d\u044b\u0439 \u0434\u0438\u0437\u0430\u0439\u043d<br \/>\n5. \u041e\u043a\u0440\u0443\u0436\u0430\u044e\u0449\u0430\u044f \u0441\u0440\u0435\u0434\u0430 \u0442\u0435\u0445\u043d\u043e\u043b\u043e\u0433\u0438\u0438<br \/>\n6. Service Service \u0438 ODM \u043f\u0440\u0435\u0434\u043e\u0441\u0442\u0430\u0432\u043b\u044f\u0435\u0442\u0441\u044f<\/p>\n<p>&nbsp;<\/p>\n<p><strong>\u0423\u043f\u0430\u043a\u043e\u0432\u043a\u0430 \u0438 \u043e\u043f\u043b\u0430\u0442\u0430 \u0438 \u043f\u0435\u0440\u0435\u0432\u043e\u0437\u043a\u0430<\/strong><br \/>\n\u0414\u0435\u0442\u0430\u043b\u0438 \u0443\u043f\u0430\u043a\u043e\u0432\u043a\u0438: \u0431\u0435\u043b\u0430\u044f \u043a\u043e\u0440\u043e\u0431\u043a\u0430<br \/>\n\u041c\u0435\u0442\u043e\u0434 \u043e\u043f\u043b\u0430\u0442\u044b: Advance TT, T\/T, L\/C<br \/>\n\u0414\u043e\u0441\u0442\u0430\u0432\u043a\u0430: \u0447\u0435\u0440\u0435\u0437 30-45 \u0434\u043d\u0435\u0439 \u043f\u043e\u0441\u043b\u0435 \u043f\u043e\u043b\u0443\u0447\u0435\u043d\u0438\u044f \u0434\u0435\u043f\u043e\u0437\u0438\u0442\u0430<br \/>\n\u041f\u043e\u0440\u0442: \u041d\u0438\u043d\u0431\u043e \u0438\u043b\u0438 \u0428\u0430\u043d\u0445\u0430\u0439<\/p>\n<p>&nbsp;<\/p>\n<p><strong>\u041d\u0430\u0448\u0438 \u0443\u0441\u043b\u0443\u0433\u0438<\/strong><br \/>\n1. \u041f\u043e\u0441\u043b\u0435 \u0442\u043e\u0433\u043e, \u043a\u0430\u043a \u043f\u043e\u043b\u0443\u0447\u0438\u0442\u0435 \u0432\u0430\u0448\u0435 \u0441\u043e\u043e\u0431\u0449\u0435\u043d\u0438\u0435, \u043c\u044b \u043e\u0442\u0432\u0435\u0442\u0438\u043c \u0432\u0430\u043c \u0447\u0435\u0440\u0435\u0437 24 \u0447\u0430\u0441\u0430<br \/>\n2. \u0423 \u043d\u0430\u0441 \u0435\u0441\u0442\u044c \u043f\u0440\u043e\u0444\u0435\u0441\u0441\u0438\u043e\u043d\u0430\u043b\u044c\u043d\u0430\u044f \u043a\u043e\u043c\u0430\u043d\u0434\u0430 \u043f\u043e \u043f\u0440\u043e\u0434\u0430\u0436\u0430\u043c, \u0447\u0442\u043e\u0431\u044b \u043f\u0440\u0435\u0434\u043b\u043e\u0436\u0438\u0442\u044c \u0432\u0430\u043c \u0443\u0441\u043b\u0443\u0433\u0438<br \/>\n3. \u041f\u0440\u0435\u0434\u043b\u043e\u0436\u0438\u0442\u0435 2 \u0433\u043e\u0434\u0430 \u0432 \u043a\u0430\u0447\u0435\u0441\u0442\u0432\u0435 \u0433\u0430\u0440\u0430\u043d\u0442\u0438\u0439\u043d\u043e\u0433\u043e \u0432\u0440\u0435\u043c\u0435\u043d\u0438 \u0438 \u043f\u043e\u0441\u043b\u0435\u043f\u0440\u043e\u0434\u0430\u0436\u043d\u043e\u0433\u043e \u043e\u0431\u0441\u043b\u0443\u0436\u0438\u0432\u0430\u043d\u0438\u044f<\/p>\n<p>&nbsp;<\/p>\n<p><strong>\u0418\u043d\u0444\u043e\u0440\u043c\u0430\u0446\u0438\u044f \u043e \u043a\u043e\u043c\u043f\u0430\u043d\u0438\u0438<\/strong><\/p>\n<p>Zhejiang Shuangyang Group Co.ltd. \u0411\u044b\u043b \u043e\u0441\u043d\u043e\u0432\u0430\u043d \u0432 1986 \u0433\u043e\u0434\u0443, \u044f\u0432\u043b\u044f\u0435\u0442\u0441\u044f \u0447\u0430\u0441\u0442\u043d\u044b\u043c \u043f\u0440\u0435\u0434\u043f\u0440\u0438\u044f\u0442\u0438\u0435\u043c, \u043e\u0434\u043d\u0438\u043c \u0438\u0437 \u0437\u0432\u0435\u0437\u0434\u043d\u044b\u0445 \u043f\u0440\u0435\u0434\u043f\u0440\u0438\u044f\u0442\u0438\u0439 \u0433\u043e\u0440\u043e\u0434\u0430 \u041d\u0438\u043d\u0431\u043e \u0432 1998 \u0433\u043e\u0434\u0443 \u0438 \u043e\u0434\u043e\u0431\u0440\u0435\u043d\u043e ISO9001\/14000\/18000. \u041c\u044b \u043d\u0430\u0445\u043e\u0434\u0438\u043c\u0441\u044f \u0432 \u0421\u0438\u043a\u0441\u0438, \u0433\u043e\u0440\u043e\u0434 \u041d\u0438\u043d\u0431\u043e, \u043a\u043e\u0442\u043e\u0440\u044b\u0439 \u043d\u0430\u0445\u043e\u0434\u0438\u0442\u0441\u044f \u0432\u0441\u0435\u0433\u043e \u0432 \u043e\u0434\u043d\u043e\u043c \u0447\u0430\u0441 \u0434\u043e \u0433\u0430\u0432\u0430\u043d\u0438 \u041d\u0438\u043d\u0431\u043e \u0438 \u0430\u044d\u0440\u043e\u043f\u043e\u0440\u0442\u0443, \u0438 \u0432 \u0434\u0432\u0430 \u0447\u0430\u0441\u0430 \u0434\u043e \u0428\u0430\u043d\u0445\u0430\u044f.<\/p>\n<p><a class=\"fancybox\" href=\"https:\/\/www.soyanggroup.com\/uploads\/11.jpg\" target=\"_blank\" rel=\"noopener\"><img decoding=\"async\" class=\"alignnone size-full wp-image-4014\" src=\"https:\/\/www.soyanggroup.com\/uploads\/11.jpg\" alt=\"\u00c4\u00da\u00d2\u00b3\u00d0\u00a7\u00b9\u00fb-1\" \/><\/a><br \/>\n\u0414\u043e \u0441\u0438\u0445 \u043f\u043e\u0440 \u0437\u0430\u0440\u0435\u0433\u0438\u0441\u0442\u0440\u0438\u0440\u043e\u0432\u0430\u043d\u043d\u044b\u0439 \u043a\u0430\u043f\u0438\u0442\u0430\u043b \u0441\u043e\u0441\u0442\u0430\u0432\u043b\u044f\u0435\u0442 \u0431\u043e\u043b\u0435\u0435 16 \u043c\u0438\u043b\u043b\u0438\u043e\u043d\u043e\u0432 USDOLLAR. \u041d\u0430\u0448\u0430 \u043f\u043b\u043e\u0449\u0430\u0434\u044c \u043f\u043e\u043b\u0430 \u0441\u043e\u0441\u0442\u0430\u0432\u043b\u044f\u0435\u0442 \u043e\u043a\u043e\u043b\u043e 120 000 \u043a\u0432. \u041c, \u0430 \u0437\u043e\u043d\u0430 \u0441\u0442\u0440\u043e\u0438\u0442\u0435\u043b\u044c\u0441\u0442\u0432\u0430 \u0441\u043e\u0441\u0442\u0430\u0432\u043b\u044f\u0435\u0442 \u043e\u043a\u043e\u043b\u043e 85 000 \u043a\u0432. \u0412 2018 \u0433\u043e\u0434\u0443 \u043d\u0430\u0448 \u043e\u0431\u0449\u0438\u0439 \u043e\u0431\u043e\u0440\u043e\u0442 - 80 \u043c\u0438\u043b\u043b\u0438\u043e\u043d\u043e\u0432 USDOLLAR. \u0423 \u043d\u0430\u0441 \u0435\u0441\u0442\u044c \u0434\u0435\u0441\u044f\u0442\u044c \u0438\u0441\u0441\u043b\u0435\u0434\u043e\u0432\u0430\u043d\u0438\u0439 \u0438 \u0440\u0430\u0437\u0440\u0430\u0431\u043e\u0442\u043e\u043a \u0438 \u0431\u043e\u043b\u0435\u0435 100 \u041a\u041a, \u0447\u0442\u043e\u0431\u044b \u0433\u0430\u0440\u0430\u043d\u0442\u0438\u0440\u043e\u0432\u0430\u0442\u044c \u043a\u0430\u0447\u0435\u0441\u0442\u0432\u043e, \u043a\u0430\u0436\u0434\u044b\u0439 \u0433\u043e\u0434 \u043c\u044b \u0440\u0430\u0437\u0440\u0430\u0431\u0430\u0442\u044b\u0432\u0430\u0435\u043c \u0438 \u0440\u0430\u0437\u0440\u0430\u0431\u0430\u0442\u044b\u0432\u0430\u0435\u043c \u0431\u043e\u043b\u0435\u0435 \u0434\u0435\u0441\u044f\u0442\u0438 \u043d\u043e\u0432\u044b\u0445 \u043f\u0440\u043e\u0434\u0443\u043a\u0442\u043e\u0432, \u0432\u044b\u0441\u0442\u0443\u043f\u0430\u044e\u0449\u0438\u0445 \u0432 \u043a\u0430\u0447\u0435\u0441\u0442\u0432\u0435 \u0432\u0435\u0434\u0443\u0449\u0435\u0433\u043e \u043f\u0440\u043e\u0438\u0437\u0432\u043e\u0434\u0438\u0442\u0435\u043b\u044f.<\/p>\n<p>\u041d\u0430\u0448\u0438 \u043e\u0441\u043d\u043e\u0432\u043d\u044b\u0435 \u043f\u0440\u043e\u0434\u0443\u043a\u0442\u044b - \u044d\u0442\u043e \u0442\u0430\u0439\u043c\u0435\u0440\u044b, \u0440\u043e\u0437\u0435\u0442\u043a\u0438, \u0433\u0438\u0431\u043a\u0438\u0435 \u043a\u0430\u0431\u0435\u043b\u0438, \u0448\u043d\u0443\u0440\u044b \u043f\u0438\u0442\u0430\u043d\u0438\u044f, \u0432\u0438\u043b\u043a\u0438, \u0443\u0434\u043b\u0438\u043d\u0438\u0442\u0435\u043b\u0438, \u043a\u0430\u0431\u0435\u043b\u044c\u043d\u044b\u0435 \u043a\u0430\u0442\u0443\u0448\u043a\u0438 \u0438 \u043e\u0441\u0432\u0435\u0449\u0435\u043d\u0438\u0435. \u041c\u044b \u043c\u043e\u0436\u0435\u043c \u043f\u0440\u0435\u0434\u043e\u0441\u0442\u0430\u0432\u0438\u0442\u044c \u043c\u043d\u043e\u0433\u043e \u0442\u0438\u043f\u043e\u0432 \u0442\u0430\u0439\u043c\u0435\u0440\u043e\u0432, \u0442\u0430\u043a\u0438\u0445 \u043a\u0430\u043a \u0435\u0436\u0435\u0434\u043d\u0435\u0432\u043d\u044b\u0435 \u0442\u0430\u0439\u043c\u0435\u0440\u044b, \u043c\u0435\u0445\u0430\u043d\u0438\u0447\u0435\u0441\u043a\u0438\u0435 \u0438 \u0446\u0438\u0444\u0440\u043e\u0432\u044b\u0435 \u0442\u0430\u0439\u043c\u0435\u0440\u044b, \u0442\u0430\u0439\u043c\u0435\u0440\u044b \u043e\u0442\u0441\u0447\u0435\u0442\u0430, \u0442\u0430\u0439\u043c\u0435\u0440\u044b \u043e\u0442\u0440\u0430\u0441\u043b\u0438 \u0441\u043e \u0432\u0441\u0435\u043c\u0438 \u0432\u0438\u0434\u0430\u043c\u0438 \u0440\u043e\u0437\u0435\u0442\u043a\u043e\u0432. \u041d\u0430\u0448\u0438 \u0446\u0435\u043b\u0435\u0432\u044b\u0435 \u0440\u044b\u043d\u043a\u0438 - \u0435\u0432\u0440\u043e\u043f\u0435\u0439\u0441\u043a\u0438\u0439 \u0440\u044b\u043d\u043e\u043a \u0438 \u0430\u043c\u0435\u0440\u0438\u043a\u0430\u043d\u0441\u043a\u0438\u0439 \u0440\u044b\u043d\u043e\u043a. \u041d\u0430\u0448\u0438 \u043f\u0440\u043e\u0434\u0443\u043a\u0442\u044b, \u043e\u0434\u043e\u0431\u0440\u0435\u043d\u043d\u044b\u0435 CE, GS, D, N, S, NF, ETL, VDE, ROHS, Reach, PAHS \u0438 \u0442\u0430\u043a \u0434\u0430\u043b\u0435\u0435.<\/p>\n<p>\u0423 \u043d\u0430\u0441 \u0445\u043e\u0440\u043e\u0448\u0430\u044f \u0440\u0435\u043f\u0443\u0442\u0430\u0446\u0438\u044f \u0441\u0440\u0435\u0434\u0438 \u043d\u0430\u0448\u0438\u0445 \u043a\u043b\u0438\u0435\u043d\u0442\u043e\u0432. \u041c\u044b \u0432\u0441\u0435\u0433\u0434\u0430 \u0441\u043e\u0441\u0440\u0435\u0434\u043e\u0442\u0430\u0447\u0438\u0432\u0430\u0435\u043c\u0441\u044f \u043d\u0430 \u0437\u0430\u0449\u0438\u0442\u0435 \u043e\u043a\u0440\u0443\u0436\u0430\u044e\u0449\u0435\u0439 \u0441\u0440\u0435\u0434\u044b \u0438 \u0431\u0435\u0437\u043e\u043f\u0430\u0441\u043d\u043e\u0441\u0442\u0438 \u0447\u0435\u043b\u043e\u0432\u0435\u043a\u0430. \u0423\u043b\u0443\u0447\u0448\u0435\u043d\u0438\u0435 \u043a\u0430\u0447\u0435\u0441\u0442\u0432\u0430 \u0436\u0438\u0437\u043d\u0438 - \u043d\u0430\u0448\u0430 \u043a\u043e\u043d\u0435\u0447\u043d\u0430\u044f \u0446\u0435\u043b\u044c.<\/p>\n<p>\u041a\u0440\u0443\u0431\u043e\u0442\u044b \u043f\u0438\u0442\u0430\u043d\u0438\u044f, \u0443\u0434\u043b\u0438\u043d\u0438\u0442\u0435\u043b\u044c \u0438 \u043a\u0430\u0431\u0435\u043b\u044c\u043d\u044b\u0435 \u043a\u0430\u0442\u0443\u0448\u043a\u0438 \u044f\u0432\u043b\u044f\u044e\u0442\u0441\u044f \u043d\u0430\u0448\u0438\u043c \u043e\u0441\u043d\u043e\u0432\u043d\u044b\u043c \u0431\u0438\u0437\u043d\u0435\u0441\u043e\u043c, \u043c\u044b \u044f\u0432\u043b\u044f\u0435\u043c\u0441\u044f \u0432\u0435\u0434\u0443\u0449\u0438\u043c \u043f\u0440\u043e\u0438\u0437\u0432\u043e\u0434\u0438\u0442\u0435\u043b\u0435\u043c \u0437\u0430\u043a\u0430\u0437\u043e\u0432 \u043d\u0430 \u043f\u0440\u043e\u0434\u0432\u0438\u0436\u0435\u043d\u0438\u0435 \u043d\u0430 \u0435\u0432\u0440\u043e\u043f\u0435\u0439\u0441\u043a\u043e\u043c \u0440\u044b\u043d\u043a\u0435 \u043a\u0430\u0436\u0434\u044b\u0439 \u0433\u043e\u0434. \u041c\u044b \u044f\u0432\u043b\u044f\u0435\u043c\u0441\u044f \u043b\u0443\u0447\u0448\u0438\u043c \u043f\u0440\u043e\u0438\u0437\u0432\u043e\u0434\u0438\u0442\u0435\u043b\u0435\u043c, \u0441\u043e\u0442\u0440\u0443\u0434\u043d\u0438\u0447\u0430\u044e\u0449\u0438\u043c \u0441 VDE Global Service \u0432 \u0413\u0435\u0440\u043c\u0430\u043d\u0438\u0438 \u0434\u043b\u044f \u0437\u0430\u0449\u0438\u0442\u044b \u0442\u043e\u0432\u0430\u0440\u043d\u043e\u0433\u043e \u0437\u043d\u0430\u043a\u0430.<\/p>\n<p>\u041f\u0440\u0438\u0433\u043b\u0430\u0448\u0430\u0435\u043c \u0432\u043c\u0435\u0441\u0442\u0435 \u0441\u043e\u0442\u0440\u0443\u0434\u043d\u0438\u0447\u0430\u0442\u044c \u0441\u043e \u0432\u0441\u0435\u043c\u0438 \u043a\u043b\u0438\u0435\u043d\u0442\u0430\u043c\u0438 \u0434\u043b\u044f \u0432\u0437\u0430\u0438\u043c\u043d\u043e\u0433\u043e \u0438 \u0441\u0432\u0435\u0442\u043b\u043e\u0433\u043e \u0431\u0443\u0434\u0443\u0449\u0435\u0433\u043e.<\/p>\n<p>&nbsp;<\/p>\n<p><strong>\u0427\u0430\u0441\u0442\u043e \u0437\u0430\u0434\u0430\u0432\u0430\u0435\u043c\u044b\u0435 \u0432\u043e\u043f\u0440\u043e\u0441\u044b<\/strong><br \/>\nQ1 \u041c\u043e\u0436\u0435\u0442\u0435 \u043b\u0438 \u0432\u044b \u043f\u0440\u0438\u043d\u044f\u0442\u044c \u043f\u0440\u0438\u043c\u0435\u0440 \u0437\u0430\u043a\u0430\u0437\u0430?<\/p>\n<p>A: \u0414\u0430, \u043a\u043e\u043d\u0435\u0447\u043d\u043e, \u043c\u044b \u043f\u0440\u0438\u043d\u0438\u043c\u0430\u0435\u043c \u043f\u0440\u0438\u043c\u0435\u0440 \u0437\u0430\u043a\u0430\u0437\u0430.<\/p>\n<p>&nbsp;<\/p>\n<p>Q2. \u041a\u0430\u043a \u0437\u0430\u043a\u043b\u044e\u0447\u0438\u0442\u044c \u043d\u0430\u0441?<\/p>\n<p>A: \u0412\u044b \u043c\u043e\u0436\u0435\u0442\u0435 \u043e\u0442\u043f\u0440\u0430\u0432\u0438\u0442\u044c \u043d\u0430\u043c \u043f\u043e\u0447\u0442\u0443 \u0438\u043b\u0438 \u043f\u043e\u0437\u0432\u043e\u043d\u0438\u0442\u044c.<\/p>","protected":false},"excerpt":{"rendered":"<p>Home USB Charger Mini Socket Plug<br \/>\n\u0423\u0441\u0442\u0440\u043e\u0439\u0441\u0442\u0432\u0430 iOS \u0438 Android \u0441\u043e\u0432\u043c\u0435\u0441\u0442\u0438\u043c\u044b,<br \/>\n\u041f\u043e\u0434\u0434\u0435\u0440\u0436\u0438\u0442\u0435 \u0434\u0432\u0430 \u0443\u0441\u0442\u0440\u043e\u0439\u0441\u0442\u0432\u0430 \u0434\u043b\u044f \u0437\u0430\u0440\u044f\u0434\u043a\u0438 \u0432\u043c\u0435\u0441\u0442\u0435 \u0440\u0435\u0448\u0430\u0439\u0442\u0435 \u043f\u0440\u043e\u0431\u043b\u0435\u043c\u0443 \u0441\u043b\u043e\u0436\u043d\u043e\u0439 \u0437\u0430\u0440\u044f\u0434\u043a\u0438<\/p>","protected":false},"featured_media":270,"template":"","meta":[],"product_cat":[24],"product_tag":[],"class_list":{"0":"post-266","1":"product","2":"type-product","3":"status-publish","4":"has-post-thumbnail","6":"product_cat-socketplug","8":"first","9":"instock","10":"shipping-taxable","11":"product-type-simple"},"_links":{"self":[{"href":"https:\/\/www.soyang-group.com\/ru\/wp-json\/wp\/v2\/product\/266","targetHints":{"allow":["GET"]}}],"collection":[{"href":"https:\/\/www.soyang-group.com\/ru\/wp-json\/wp\/v2\/product"}],"about":[{"href":"https:\/\/www.soyang-group.com\/ru\/wp-json\/wp\/v2\/types\/product"}],"version-history":[{"count":0,"href":"https:\/\/www.soyang-group.com\/ru\/wp-json\/wp\/v2\/product\/266\/revisions"}],"wp:featuredmedia":[{"embeddable":true,"href":"https:\/\/www.soyang-group.com\/ru\/wp-json\/wp\/v2\/media\/270"}],"wp:attachment":[{"href":"https:\/\/www.soyang-group.com\/ru\/wp-json\/wp\/v2\/media?parent=266"}],"wp:term":[{"taxonomy":"product_cat","embeddable":true,"href":"https:\/\/www.soyang-group.com\/ru\/wp-json\/wp\/v2\/product_cat?post=266"},{"taxonomy":"product_tag","embeddable":true,"href":"https:\/\/www.soyang-group.com\/ru\/wp-json\/wp\/v2\/product_tag?post=266"}],"curies":[{"name":"wp","href":"https:\/\/api.w.org\/{rel}","templated":true}]}}