{"id":266,"date":"2024-12-12T13:10:17","date_gmt":"2024-12-12T05:10:17","guid":{"rendered":"https:\/\/shuangy.gg12.globaldeepsea.site\/?post_type=product&#038;p=266"},"modified":"2024-12-12T13:10:17","modified_gmt":"2024-12-12T05:10:17","slug":"2-1a-usb-socket","status":"publish","type":"product","link":"https:\/\/www.soyang-group.com\/sw\/product\/2-1a-usb-socket\/","title":{"rendered":"2.1A USB Socket"},"content":{"rendered":"<p><strong>Muhtasari<\/strong><\/p>\n<p><strong>Maelezo ya haraka<\/strong><br \/>\nMahali pa asili: Zhejiang, Uchina<br \/>\nJina la chapa: Soyang<br \/>\nNambari ya mfano: USB-D2<br \/>\nDC: 5V AC<br \/>\nMax:2.1A<br \/>\nRangi: Nyeupe<br \/>\nMaombi: Kubadilisha timer<\/p>\n<p><strong>Uwezo wa usambazaji<\/strong><br \/>\nUwezo wa Ugavi: Vipande\/vipande 100000 kwa mwezi<\/p>\n<p><strong>Ufungaji na Uwasilishaji<\/strong><br \/>\nMaelezo ya ufungaji: blister mara mbili, 10pcs\/ sanduku la ndani, 60pcs\/ carton ya nje<br \/>\nBandari: Ningbo\/Shanghai<br \/>\nWakati wa Kuongoza :<br \/>\nWingi (vipande) 1 - 10000&gt; 10000<br \/>\nEst. Wakati (siku) 60 kujadiliwa<\/p>\n<p>&nbsp;<\/p>\n<p><strong>Maelezo ya Bidhaa ya kina<\/strong><\/p>\n<p><strong>2.1A USB Socket<\/strong><br \/>\nNambari ya mfano: USB-D2<br \/>\nToleo la Ujerumani<br \/>\nJina la chapa: Shuangyang<br \/>\nMatumizi: Soketi ya Chaja<br \/>\nTheory: Mechanical<br \/>\nMaelezo na huduma<br \/>\n1.Max: 2.1a<br \/>\n2.DC: 5V<br \/>\n3. Ukubwa wa kitengo:<\/p>\n<p><a class=\"fancybox\" href=\"https:\/\/www.soyanggroup.com\/uploads\/125.jpg\" target=\"_blank\" rel=\"noopener\"><img decoding=\"async\" class=\"alignnone size-full wp-image-4344\" src=\"https:\/\/www.soyanggroup.com\/uploads\/125.jpg\" alt=\"1\" \/><\/a><\/p>\n<p>4. Uwezo wa Ugavi: Vipande\/vipande 1000000 kwa muda wa mwezi<br \/>\n5. Uwezo unaopatikana wa muundo mwingine: Toleo la Gemany, Toleo la Denmark, Toleo la Ufaransa<\/p>\n<p>&nbsp;<\/p>\n<p><strong>Uainishaji<\/strong><br \/>\nKifurushi: Blister mara mbili<br \/>\nQty\/sanduku: 10pcs<br \/>\nQty\/ctn: 60pcs<br \/>\nGW: 5.8kg<br \/>\nNW: 4.8kg<br \/>\nSaizi ya Carton: 38*73*23cm<br \/>\nQTY\/20 \u2032: 23,040pcs<br \/>\nVyeti: GS, CE, ROHS, Fikia, PAHS<\/p>\n<p>&nbsp;<\/p>\n<p><strong>Hatua ya mauzo<\/strong><br \/>\n1. Ubora<br \/>\n2. Bei nzuri<br \/>\n3. Aina tofauti za bidhaa<br \/>\n4. Ubunifu wa kuvutia<br \/>\nTeknolojia ya urafiki ya mazingira<br \/>\n6.OEM na huduma ya ODM iliyotolewa<\/p>\n<p>&nbsp;<\/p>\n<p><strong>Ufungaji na Malipo na Usafirishaji<\/strong><br \/>\nMaelezo ya ufungaji: sanduku nyeupe<br \/>\nNjia ya malipo: Advance TT, T\/T, L\/C.<br \/>\nUwasilishaji: Siku 30-45 baada ya kupokea amana<br \/>\nBandari: Ningbo au Shanghai<\/p>\n<p>&nbsp;<\/p>\n<p><strong>Huduma zetu<\/strong><br \/>\n1. Mara tu pata ujumbe wako, tutakujibu kwa masaa 24<br \/>\n2. Tuna timu ya mauzo ya kitaalam kukupa huduma<br \/>\n3. Toa miaka 2 kama wakati wa dhamana na huduma ya baada ya mauzo<\/p>\n<p>&nbsp;<\/p>\n<p><strong>Habari ya Kampuni<\/strong><\/p>\n<p>Zhejiang Shuangyang Group Co.ltd. Ilianzishwa mnamo 1986, ni biashara inayomilikiwa kibinafsi, moja ya Star Enterprise ya Ningbo City mnamo 1998, na kupitishwa na ISO9001\/14000\/18000. Tulipata Cixi, Ningbo City, ambayo ni saa moja tu kwa Bandari ya Ningbo na Uwanja wa Ndege, na masaa mawili kwenda Shanghai.<\/p>\n<p><a class=\"fancybox\" href=\"https:\/\/www.soyanggroup.com\/uploads\/11.jpg\" target=\"_blank\" rel=\"noopener\"><img decoding=\"async\" class=\"alignnone size-full wp-image-4014\" src=\"https:\/\/www.soyanggroup.com\/uploads\/11.jpg\" alt=\"\u00c4\u00da\u00d2\u00b3\u00d0\u00a7\u00b9\u00fb-1\" \/><\/a><br \/>\nMpaka sasa, mtaji uliosajiliwa ni zaidi ya Usdollar milioni 16. Sehemu yetu ya sakafu ni karibu 120.000 sqm, na eneo la ujenzi ni karibu 85,000 sqm. Mnamo 2018, zamu yetu ya jumla ni USDollar milioni 80. Tunayo watu kumi wa R&amp;D na zaidi ya QC 100 ili kuhakikisha ubora, kila mwaka, tunabuni na kukuza bidhaa zaidi ya kumi zinazofanya kama mtengenezaji wa risasi.<\/p>\n<p>Bidhaa zetu kuu ni wakati, soketi, nyaya zinazobadilika, kamba za nguvu, plugs, soketi za ugani, reels za cable, na taa. Tunaweza kusambaza aina nyingi za wakati kama vile wakati wa kila siku, mitambo ya mitambo na dijiti, hesabu za wakati, wakati wa tasnia na kila aina ya soketi. Masoko yetu ya lengo ni Soko la Ulaya na Soko la Amerika. Bidhaa zetu zilizopitishwa na CE, GS, D, N, S, NF, ETL, VDE, ROHS, Fikia, PAH na kadhalika.<\/p>\n<p>Tuna sifa nzuri kati ya wateja wetu. Sisi daima tunazingatia ulinzi wa mazingira na usalama wa mwanadamu. Kuboresha hali ya maisha ni kusudi letu la mwisho.<\/p>\n<p>Kamba za nguvu, kamba za upanuzi na reels za cable ni biashara yetu kuu, sisi ndio mtengenezaji wa maagizo ya kukuza kutoka soko la Ulaya kila mwaka. Sisi ni mtengenezaji wa juu mmoja anayeshirikiana na huduma ya VDE Global nchini Ujerumani kulinda alama ya biashara.<\/p>\n<p>Karibu kwa joto kushirikiana na wateja wote kwa faida ya pande zote na mustakabali mkali.<\/p>\n<p>&nbsp;<\/p>\n<p><strong>Maswali<\/strong><br \/>\nQ1. Je! Unaweza kukubali mpangilio wa mfano?<\/p>\n<p>J: Ndio, hakika, tunakubali utaratibu wa mfano.<\/p>\n<p>&nbsp;<\/p>\n<p>Q2. Jinsi ya kutuhesabu?<\/p>\n<p>J: Unaweza kutuma barua kwetu au kupiga simu.<\/p>","protected":false},"excerpt":{"rendered":"<p>Plug ya Socket ya USB ya nyumbani<br \/>\nVifaa vya iOS na Android vinafaa,<br \/>\nKusaidia vifaa viwili kushtaki pamoja kutatua shida ya malipo magumu<\/p>","protected":false},"featured_media":270,"template":"","meta":[],"product_cat":[24],"product_tag":[],"class_list":{"0":"post-266","1":"product","2":"type-product","3":"status-publish","4":"has-post-thumbnail","6":"product_cat-socketplug","8":"first","9":"instock","10":"shipping-taxable","11":"product-type-simple"},"_links":{"self":[{"href":"https:\/\/www.soyang-group.com\/sw\/wp-json\/wp\/v2\/product\/266","targetHints":{"allow":["GET"]}}],"collection":[{"href":"https:\/\/www.soyang-group.com\/sw\/wp-json\/wp\/v2\/product"}],"about":[{"href":"https:\/\/www.soyang-group.com\/sw\/wp-json\/wp\/v2\/types\/product"}],"version-history":[{"count":0,"href":"https:\/\/www.soyang-group.com\/sw\/wp-json\/wp\/v2\/product\/266\/revisions"}],"wp:featuredmedia":[{"embeddable":true,"href":"https:\/\/www.soyang-group.com\/sw\/wp-json\/wp\/v2\/media\/270"}],"wp:attachment":[{"href":"https:\/\/www.soyang-group.com\/sw\/wp-json\/wp\/v2\/media?parent=266"}],"wp:term":[{"taxonomy":"product_cat","embeddable":true,"href":"https:\/\/www.soyang-group.com\/sw\/wp-json\/wp\/v2\/product_cat?post=266"},{"taxonomy":"product_tag","embeddable":true,"href":"https:\/\/www.soyang-group.com\/sw\/wp-json\/wp\/v2\/product_tag?post=266"}],"curies":[{"name":"wp","href":"https:\/\/api.w.org\/{rel}","templated":true}]}}