{"id":266,"date":"2024-12-12T13:10:17","date_gmt":"2024-12-12T05:10:17","guid":{"rendered":"https:\/\/shuangy.gg12.globaldeepsea.site\/?post_type=product&#038;p=266"},"modified":"2024-12-12T13:10:17","modified_gmt":"2024-12-12T05:10:17","slug":"2-1a-usb-socket","status":"publish","type":"product","link":"https:\/\/www.soyang-group.com\/ta\/product\/2-1a-usb-socket\/","title":{"rendered":"2.1 \u0b85 \u0baf\u0bc2.\u0b8e\u0bb8\u0bcd.\u0baa\u0bbf \u0b9a\u0bbe\u0b95\u0bcd\u0b95\u0bc6\u0b9f\u0bcd"},"content":{"rendered":"<p><strong>\u0b95\u0ba3\u0bcd\u0ba3\u0bcb\u0b9f\u0bcd\u0b9f\u0bae\u0bcd<\/strong><\/p>\n<p><strong>\u0bb5\u0bbf\u0bb0\u0bc8\u0bb5\u0bbe\u0ba9 \u0bb5\u0bbf\u0bb5\u0bb0\u0b99\u0bcd\u0b95\u0bb3\u0bcd<\/strong><br \/>\n\u0ba4\u0bcb\u0bb1\u0bcd\u0bb1 \u0b87\u0b9f\u0bae\u0bcd: \u0b9c\u0bc6\u0b9c\u0bbf\u0baf\u0bbe\u0b99\u0bcd, \u0b9a\u0bc0\u0ba9\u0bbe<br \/>\n\u0baa\u0bbf\u0bb0\u0bbe\u0ba3\u0bcd\u0b9f\u0bcd \u0baa\u0bc6\u0baf\u0bb0\u0bcd: \u0b9a\u0bcb\u0baf\u0bbe\u0b99\u0bcd<br \/>\n\u0bae\u0bbe\u0ba4\u0bbf\u0bb0\u0bbf \u0b8e\u0ba3\u0bcd: \u0baf\u0bc2.\u0b8e\u0bb8\u0bcd.\u0baa\u0bbf-\u0b9f\u0bbf 2<br \/>\n\u0b9f\u0bbf.\u0b9a\u0bbf: 5 \u0bb5\u0bbf \u0b8f.\u0b9a\u0bbf.<br \/>\nMax:2.1A<br \/>\n\u0ba8\u0bbf\u0bb1\u0bae\u0bcd: \u0bb5\u0bc6\u0bb3\u0bcd\u0bb3\u0bc8<br \/>\n\u0baa\u0baf\u0ba9\u0bcd\u0baa\u0bbe\u0b9f\u0bc1: \u0b9f\u0bc8\u0bae\u0bb0\u0bcd \u0b9a\u0bc1\u0bb5\u0bbf\u0b9f\u0bcd\u0b9a\u0bcd<\/p>\n<p><strong>\u0bb5\u0bbf\u0ba8\u0bbf\u0baf\u0bcb\u0b95 \u0ba4\u0bbf\u0bb1\u0ba9\u0bcd<\/strong><br \/>\n\u0bb5\u0bbf\u0ba8\u0bbf\u0baf\u0bcb\u0b95 \u0ba4\u0bbf\u0bb1\u0ba9\u0bcd: \u0bae\u0bbe\u0ba4\u0ba4\u0bcd\u0ba4\u0bbf\u0bb1\u0bcd\u0b95\u0bc1 100000 \u0ba4\u0bc1\u0ba3\u0bcd\u0b9f\u0bc1\/\u0ba4\u0bc1\u0ba3\u0bcd\u0b9f\u0bc1\u0b95\u0bb3\u0bcd<\/p>\n<p><strong>\u0baa\u0bc7\u0b95\u0bcd\u0b95\u0bc7\u0b9c\u0bbf\u0b99\u0bcd &amp; \u0b9f\u0bc6\u0bb2\u0bbf\u0bb5\u0bb0\u0bbf<\/strong><br \/>\n\u0baa\u0bc7\u0b95\u0bcd\u0b95\u0bc7\u0b9c\u0bbf\u0b99\u0bcd \u0bb5\u0bbf\u0bb5\u0bb0\u0b99\u0bcd\u0b95\u0bb3\u0bcd: \u0b87\u0bb0\u0b9f\u0bcd\u0b9f\u0bc8 \u0b95\u0bca\u0baa\u0bcd\u0baa\u0bc1\u0bb3\u0bae\u0bcd, 10 \u0baa\u0bbf\u0b9a\u0bbf\u0b95\u0bcd\u0b95\u0bb3\u0bcd\/ \u0b89\u0bb3\u0bcd \u0baa\u0bc6\u0b9f\u0bcd\u0b9f\u0bbf, 60 \u0baa\u0bbf\u0b9a\u0bbf\u0b95\u0bcd\u0b95\u0bb3\u0bcd\/ \u0bb5\u0bc6\u0bb3\u0bbf\u0baa\u0bcd\u0baa\u0bc1\u0bb1 \u0b85\u0b9f\u0bcd\u0b9f\u0bc8\u0baa\u0bcd\u0baa\u0bc6\u0b9f\u0bcd\u0b9f\u0bbf<br \/>\n\u0baa\u0bcb\u0bb0\u0bcd\u0b9f\u0bcd: \u0ba8\u0bbf\u0b99\u0bcd\u0baa\u0bcb\/\u0bb7\u0bbe\u0b99\u0bcd\u0b95\u0bbe\u0baf\u0bcd<br \/>\n\u0bae\u0bc1\u0ba9\u0bcd\u0ba9\u0ba3\u0bbf \u0ba8\u0bc7\u0bb0\u0bae\u0bcd :<br \/>\n\u0b85\u0bb3\u0bb5\u0bc1 (\u0ba4\u0bc1\u0ba3\u0bcd\u0b9f\u0bc1\u0b95\u0bb3\u0bcd) 1 - 10000&gt; 10000<br \/>\nEST. \u0ba8\u0bc7\u0bb0\u0bae\u0bcd (\u0ba8\u0bbe\u0b9f\u0bcd\u0b95\u0bb3\u0bcd) 60 \u0baa\u0bc7\u0b9a\u0bcd\u0b9a\u0bc1\u0bb5\u0bbe\u0bb0\u0bcd\u0ba4\u0bcd\u0ba4\u0bc8 \u0ba8\u0b9f\u0ba4\u0bcd\u0ba4\u0baa\u0bcd\u0baa\u0b9f \u0bb5\u0bc7\u0ba3\u0bcd\u0b9f\u0bc1\u0bae\u0bcd<\/p>\n<p>&nbsp;<\/p>\n<p><strong>\u0bb5\u0bbf\u0bb5\u0bb0\u0bae\u0bcd \u0ba4\u0baf\u0bbe\u0bb0\u0bbf\u0baa\u0bcd\u0baa\u0bc1 \u0bb5\u0bbf\u0bb3\u0b95\u0bcd\u0b95\u0bae\u0bcd<\/strong><\/p>\n<p><strong>2.1 \u0b85 \u0baf\u0bc2.\u0b8e\u0bb8\u0bcd.\u0baa\u0bbf \u0b9a\u0bbe\u0b95\u0bcd\u0b95\u0bc6\u0b9f\u0bcd<\/strong><br \/>\n\u0bae\u0bbe\u0ba4\u0bbf\u0bb0\u0bbf \u0b8e\u0ba3\u0bcd: \u0baf\u0bc2.\u0b8e\u0bb8\u0bcd.\u0baa\u0bbf-\u0b9f\u0bbf 2<br \/>\n\u0b9c\u0bc6\u0bb0\u0bcd\u0bae\u0ba9\u0bbf \u0baa\u0ba4\u0bbf\u0baa\u0bcd\u0baa\u0bc1<br \/>\n\u0baa\u0bbf\u0bb0\u0bbe\u0ba3\u0bcd\u0b9f\u0bcd \u0baa\u0bc6\u0baf\u0bb0\u0bcd: \u0bb7\u0bc1\u0bb5\u0bbe\u0b99\u0bcd\u0baf\u0bbe\u0b99\u0bcd<br \/>\n\u0baa\u0baf\u0ba9\u0bcd\u0baa\u0bbe\u0b9f\u0bc1: \u0b9a\u0bbe\u0bb0\u0bcd\u0b9c\u0bb0\u0bcd \u0b9a\u0bbe\u0b95\u0bcd\u0b95\u0bc6\u0b9f\u0bcd<br \/>\n\u0b95\u0bcb\u0b9f\u0bcd\u0baa\u0bbe\u0b9f\u0bc1: \u0b87\u0baf\u0ba8\u0bcd\u0ba4\u0bbf\u0bb0<br \/>\n\u0bb5\u0bbf\u0bb3\u0b95\u0bcd\u0b95\u0bae\u0bcd &amp; \u0b85\u0bae\u0bcd\u0b9a\u0b99\u0bcd\u0b95\u0bb3\u0bcd<br \/>\n1. \u0bae\u0bc7\u0b95\u0bcd\u0bb8\u0bcd: 2.1 \u0b85<br \/>\n2.DC: 5 \u0bb5\u0bbf<br \/>\n3. \u0b85\u0bb2\u0b95\u0bc1 \u0b85\u0bb3\u0bb5\u0bc1:<\/p>\n<p><a class=\"fancybox\" href=\"https:\/\/www.soyanggroup.com\/uploads\/125.jpg\" target=\"_blank\" rel=\"noopener\"><img decoding=\"async\" class=\"alignnone size-full wp-image-4344\" src=\"https:\/\/www.soyanggroup.com\/uploads\/125.jpg\" alt=\"1\" \/><\/a><\/p>\n<p>4. \u0bb5\u0bbf\u0ba8\u0bbf\u0baf\u0bcb\u0b95 \u0ba4\u0bbf\u0bb1\u0ba9\u0bcd: \u0bae\u0bbe\u0ba4\u0ba4\u0bcd\u0ba4\u0bbf\u0bb1\u0bcd\u0b95\u0bc1 1000000 \u0ba4\u0bc1\u0ba3\u0bcd\u0b9f\u0bc1\/\u0ba4\u0bc1\u0ba3\u0bcd\u0b9f\u0bc1\u0b95\u0bb3\u0bcd \u0b9f\u0bc8\u0bae\u0bb0\u0bcd<br \/>\n5. \u0bae\u0bb1\u0bcd\u0bb1\u0bca\u0bb0\u0bc1 \u0bb5\u0b9f\u0bbf\u0bb5\u0bae\u0bc8\u0baa\u0bcd\u0baa\u0bbf\u0bb1\u0bcd\u0b95\u0bbe\u0ba9 \u0b95\u0bbf\u0b9f\u0bc8\u0b95\u0bcd\u0b95\u0b95\u0bcd\u0b95\u0bc2\u0b9f\u0bbf\u0baf \u0ba4\u0bbf\u0bb1\u0ba9\u0bcd: \u0b9c\u0bc6\u0bae\u0ba9\u0bbf \u0baa\u0ba4\u0bbf\u0baa\u0bcd\u0baa\u0bc1, \u0b9f\u0bc6\u0ba9\u0bcd\u0bae\u0bbe\u0bb0\u0bcd\u0b95\u0bcd \u0baa\u0ba4\u0bbf\u0baa\u0bcd\u0baa\u0bc1, \u0baa\u0bbf\u0bb0\u0bbe\u0ba9\u0bcd\u0bb8\u0bcd \u0baa\u0ba4\u0bbf\u0baa\u0bcd\u0baa\u0bc1<\/p>\n<p>&nbsp;<\/p>\n<p><strong>\u0bb5\u0bbf\u0bb5\u0bb0\u0b95\u0bcd\u0b95\u0bc1\u0bb1\u0bbf\u0baa\u0bcd\u0baa\u0bc1<\/strong><br \/>\n\u0ba4\u0bca\u0b95\u0bc1\u0baa\u0bcd\u0baa\u0bc1: \u0b87\u0bb0\u0b9f\u0bcd\u0b9f\u0bc8 \u0b95\u0bca\u0baa\u0bcd\u0baa\u0bc1\u0bb3\u0bae\u0bcd<br \/>\nQTY\/BOX: 10pcs<br \/>\nQty\/ctn: 60pcs<br \/>\nGW: 5.8 \u0b95\u0bbf\u0bb2\u0bcb<br \/>\nNW: 4.8 \u0b95\u0bbf\u0bb2\u0bcb<br \/>\n\u0b85\u0b9f\u0bcd\u0b9f\u0bc8\u0baa\u0bcd\u0baa\u0bc6\u0b9f\u0bcd\u0b9f\u0bbf \u0b85\u0bb3\u0bb5\u0bc1: 38*73*23 \u0b9a\u0bc6.\u0bae\u0bc0.<br \/>\nQTY\/20 \u2032: 23,040PCS<br \/>\n\u0b9a\u0bbe\u0ba9\u0bcd\u0bb1\u0bbf\u0ba4\u0bb4\u0bcd\u0b95\u0bb3\u0bcd: \u0b9c\u0bbf.\u0b8e\u0bb8\u0bcd., \u0b9a\u0bbf.\u0b87., \u0bb0\u0bcb\u0bb9\u0bcd\u0bb8\u0bcd, \u0bb0\u0bc0\u0b9a\u0bcd, \u0baa\u0bbf.\u0b8f.\u0b8e\u0b9a\u0bcd.\u0b8e\u0bb8\u0bcd<\/p>\n<p>&nbsp;<\/p>\n<p><strong>\u0bb5\u0bbf\u0bb1\u0bcd\u0baa\u0ba9\u0bc8 \u0baa\u0bc1\u0bb3\u0bcd\u0bb3\u0bbf<\/strong><br \/>\n1. \u0b89\u0baf\u0bb0\u0bcd \u0ba4\u0bb0\u0bae\u0bcd<br \/>\n2. \u0bb5\u0bbf\u0bb0\u0bc1\u0baa\u0bcd\u0baa\u0bae\u0bbe\u0ba9 \u0bb5\u0bbf\u0bb2\u0bc8<br \/>\n3. \u0baa\u0bc6\u0bb0\u0bbf\u0baf \u0baa\u0bb2\u0bcd\u0bb5\u0bc7\u0bb1\u0bc1 \u0ba4\u0baf\u0bbe\u0bb0\u0bbf\u0baa\u0bcd\u0baa\u0bc1\u0b95\u0bb3\u0bcd<br \/>\n4. \u0b95\u0bb5\u0b9a \u0bb5\u0b9f\u0bbf\u0bb5\u0bae\u0bc8\u0baa\u0bcd\u0baa\u0bc1<br \/>\n5. \u0b9a\u0bc1\u0bb1\u0bcd\u0bb1\u0bc1\u0b9a\u0bcd\u0b9a\u0bc2\u0bb4\u0bb2\u0bcd \u0ba8\u0b9f\u0bcd\u0baa\u0bc1 \u0ba4\u0bca\u0bb4\u0bbf\u0bb2\u0bcd\u0ba8\u0bc1\u0b9f\u0bcd\u0baa\u0bae\u0bcd<br \/>\n6.OEM \u0bae\u0bb1\u0bcd\u0bb1\u0bc1\u0bae\u0bcd ODM \u0b9a\u0bc7\u0bb5\u0bc8 \u0bb5\u0bb4\u0b99\u0bcd\u0b95\u0baa\u0bcd\u0baa\u0b9f\u0bcd\u0b9f\u0ba4\u0bc1<\/p>\n<p>&nbsp;<\/p>\n<p><strong>\u0baa\u0bc7\u0b95\u0bcd\u0b95\u0bc7\u0b9c\u0bbf\u0b99\u0bcd &amp; \u0b95\u0b9f\u0bcd\u0b9f\u0ba3\u0bae\u0bcd \u0bae\u0bb1\u0bcd\u0bb1\u0bc1\u0bae\u0bcd \u0b95\u0baa\u0bcd\u0baa\u0bb2\u0bcd<\/strong><br \/>\n\u0baa\u0bc7\u0b95\u0bcd\u0b95\u0bc7\u0b9c\u0bbf\u0b99\u0bcd \u0bb5\u0bbf\u0bb5\u0bb0\u0b99\u0bcd\u0b95\u0bb3\u0bcd: \u0bb5\u0bc6\u0bb3\u0bcd\u0bb3\u0bc8 \u0baa\u0bc6\u0b9f\u0bcd\u0b9f\u0bbf<br \/>\n\u0b95\u0b9f\u0bcd\u0b9f\u0ba3 \u0bae\u0bc1\u0bb1\u0bc8: \u0bae\u0bc1\u0ba9\u0bcd\u0b95\u0bc2\u0b9f\u0bcd\u0b9f\u0bbf\u0baf\u0bc7 TT, T\/T, L\/C.<br \/>\n\u0b9f\u0bc6\u0bb2\u0bbf\u0bb5\u0bb0\u0bbf: \u0bb5\u0bc8\u0baa\u0bcd\u0baa\u0bc1\u0ba4\u0bcd\u0ba4\u0bca\u0b95\u0bc8\u0baf\u0bc8\u0baa\u0bcd \u0baa\u0bc6\u0bb1\u0bcd\u0bb1 30-45 \u0ba8\u0bbe\u0b9f\u0bcd\u0b95\u0bb3\u0bc1\u0b95\u0bcd\u0b95\u0bc1\u0baa\u0bcd \u0baa\u0bbf\u0bb1\u0b95\u0bc1<br \/>\n\u0baa\u0bcb\u0bb0\u0bcd\u0b9f\u0bcd: \u0ba8\u0bbf\u0b99\u0bcd\u0baa\u0bcb \u0b85\u0bb2\u0bcd\u0bb2\u0ba4\u0bc1 \u0bb7\u0bbe\u0b99\u0bcd\u0b95\u0bbe\u0baf\u0bcd<\/p>\n<p>&nbsp;<\/p>\n<p><strong>\u0b8e\u0b99\u0bcd\u0b95\u0bb3\u0bcd \u0b9a\u0bc7\u0bb5\u0bc8\u0b95\u0bb3\u0bcd<\/strong><br \/>\n1. \u0b89\u0b99\u0bcd\u0b95\u0bb3\u0bcd \u0b9a\u0bc6\u0baf\u0bcd\u0ba4\u0bbf\u0baf\u0bc8\u0baa\u0bcd \u0baa\u0bc6\u0bb1\u0bcd\u0bb1\u0bb5\u0bc1\u0b9f\u0ba9\u0bcd, \u0ba8\u0bbe\u0b99\u0bcd\u0b95\u0bb3\u0bcd \u0b89\u0b99\u0bcd\u0b95\u0bb3\u0bc1\u0b95\u0bcd\u0b95\u0bc1 24 \u0bae\u0ba3\u0bbf \u0ba8\u0bc7\u0bb0\u0ba4\u0bcd\u0ba4\u0bbf\u0bb2\u0bcd \u0baa\u0ba4\u0bbf\u0bb2\u0bb3\u0bbf\u0baa\u0bcd\u0baa\u0bcb\u0bae\u0bcd<br \/>\n2. \u0b89\u0b99\u0bcd\u0b95\u0bb3\u0bc1\u0b95\u0bcd\u0b95\u0bbe\u0b95 \u0b9a\u0bc7\u0bb5\u0bc8\u0baf\u0bc8 \u0bb5\u0bb4\u0b99\u0bcd\u0b95 \u0ba4\u0bca\u0bb4\u0bbf\u0bb2\u0bcd\u0bae\u0bc1\u0bb1\u0bc8 \u0bb5\u0bbf\u0bb1\u0bcd\u0baa\u0ba9\u0bc8\u0b95\u0bcd \u0b95\u0bc1\u0bb4\u0bc1 \u0b8e\u0b99\u0bcd\u0b95\u0bb3\u0bbf\u0b9f\u0bae\u0bcd \u0b89\u0bb3\u0bcd\u0bb3\u0ba4\u0bc1<br \/>\n3. \u0b89\u0ba4\u0bcd\u0ba4\u0bb0\u0bb5\u0bbe\u0ba4 \u0ba8\u0bc7\u0bb0\u0bae\u0bbe\u0b95\u0bb5\u0bc1\u0bae\u0bcd, \u0bb5\u0bbf\u0bb1\u0bcd\u0baa\u0ba9\u0bc8\u0b95\u0bcd\u0b95\u0bc1\u0baa\u0bcd \u0baa\u0bbf\u0ba9\u0bcd \u0b9a\u0bc7\u0bb5\u0bc8\u0baf\u0bbe\u0b95\u0bb5\u0bc1\u0bae\u0bcd 2 \u0b86\u0ba3\u0bcd\u0b9f\u0bc1\u0b95\u0bb3\u0bcd \u0bb5\u0bb4\u0b99\u0bcd\u0b95\u0bb5\u0bc1\u0bae\u0bcd<\/p>\n<p>&nbsp;<\/p>\n<p><strong>\u0ba8\u0bbf\u0bb1\u0bc1\u0bb5\u0ba9\u0ba4\u0bcd\u0ba4\u0bbf\u0ba9\u0bcd \u0ba4\u0b95\u0bb5\u0bb2\u0bcd<\/strong><\/p>\n<p>\u0b9c\u0bc6\u0b9c\u0bbf\u0baf\u0bbe\u0b99\u0bcd \u0bb7\u0bc1\u0bb5\u0bbe\u0b99\u0bcd\u0baf\u0bbe\u0b99\u0bcd \u0b95\u0bc1\u0bb0\u0bc2\u0baa\u0bcd \u0b95\u0bcb. 1986 \u0b86\u0bae\u0bcd \u0b86\u0ba3\u0bcd\u0b9f\u0bbf\u0bb2\u0bcd \u0ba8\u0bbf\u0bb1\u0bc1\u0bb5\u0baa\u0bcd\u0baa\u0b9f\u0bcd\u0b9f\u0ba4\u0bc1, \u0b87\u0ba4\u0bc1 \u0b92\u0bb0\u0bc1 \u0ba4\u0ba9\u0bbf\u0baf\u0bbe\u0bb0\u0bcd \u0b9a\u0bca\u0ba8\u0bcd\u0ba4\u0bae\u0bbe\u0ba9 \u0ba8\u0bbf\u0bb1\u0bc1\u0bb5\u0ba9\u0bae\u0bbe\u0b95\u0bc1\u0bae\u0bcd, \u0b87\u0ba4\u0bc1 1998 \u0b86\u0bae\u0bcd \u0b86\u0ba3\u0bcd\u0b9f\u0bbf\u0bb2\u0bcd \u0ba8\u0bbf\u0b99\u0bcd\u0baa\u0bcb \u0ba8\u0b95\u0bb0\u0ba4\u0bcd\u0ba4\u0bbf\u0ba9\u0bcd \u0bb8\u0bcd\u0b9f\u0bbe\u0bb0\u0bcd \u0b8e\u0ba3\u0bcd\u0b9f\u0bb0\u0bcd\u0baa\u0bbf\u0bb0\u0bc8\u0b9a\u0bbf\u0bb2\u0bcd \u0b92\u0ba9\u0bcd\u0bb1\u0bbe\u0b95\u0bc1\u0bae\u0bcd, \u0bae\u0bc7\u0bb2\u0bc1\u0bae\u0bcd ISO9001\/14000\/18000 \u0b92\u0baa\u0bcd\u0baa\u0bc1\u0ba4\u0bb2\u0bcd \u0b85\u0bb3\u0bbf\u0ba4\u0bcd\u0ba4\u0ba4\u0bc1. \u0ba8\u0bbe\u0b99\u0bcd\u0b95\u0bb3\u0bcd \u0ba8\u0bbf\u0b99\u0bcd\u0baa\u0bcb \u0ba8\u0b95\u0bb0\u0ba4\u0bcd\u0ba4\u0bbf\u0ba9\u0bcd \u0b9a\u0bbf\u0b95\u0bcd\u0bb8\u0bbf\u0baf\u0bbf\u0bb2\u0bcd \u0b85\u0bae\u0bc8\u0ba8\u0bcd\u0ba4\u0bbf\u0bb0\u0bc1\u0ba8\u0bcd\u0ba4\u0bcb\u0bae\u0bcd, \u0b87\u0ba4\u0bc1 \u0ba8\u0bbf\u0b99\u0bcd\u0baa\u0bcb \u0bb9\u0bbe\u0bb0\u0bcd\u0baa\u0bb0\u0bcd \u0bae\u0bb1\u0bcd\u0bb1\u0bc1\u0bae\u0bcd \u0bb5\u0bbf\u0bae\u0bbe\u0ba9 \u0ba8\u0bbf\u0bb2\u0bc8\u0baf\u0ba4\u0bcd\u0ba4\u0bbf\u0bb1\u0bcd\u0b95\u0bc1 \u0b92\u0bb0\u0bc1 \u0bae\u0ba3\u0bbf \u0ba8\u0bc7\u0bb0\u0bae\u0bcd \u0bae\u0b9f\u0bcd\u0b9f\u0bc1\u0bae\u0bc7, \u0bb7\u0bbe\u0b99\u0bcd\u0b95\u0bbe\u0baf\u0bcd\u0b95\u0bcd\u0b95\u0bc1 \u0b87\u0bb0\u0ba3\u0bcd\u0b9f\u0bc1 \u0bae\u0ba3\u0bbf \u0ba8\u0bc7\u0bb0\u0bae\u0bcd.<\/p>\n<p><a class=\"fancybox\" href=\"https:\/\/www.soyanggroup.com\/uploads\/11.jpg\" target=\"_blank\" rel=\"noopener\"><img decoding=\"async\" class=\"alignnone size-full wp-image-4014\" src=\"https:\/\/www.soyanggroup.com\/uploads\/11.jpg\" alt=\"\u00c4\u00da\u00d2\u00b3\u00d0\u00a7\u00b9\u00fb-1\" \/><\/a><br \/>\n\u0b87\u0baa\u0bcd\u0baa\u0bcb\u0ba4\u0bc1 \u0bb5\u0bb0\u0bc8, \u0baa\u0ba4\u0bbf\u0bb5\u0bc1\u0b9a\u0bc6\u0baf\u0bcd\u0baf\u0baa\u0bcd\u0baa\u0b9f\u0bcd\u0b9f \u0bae\u0bc2\u0bb2\u0ba4\u0ba9\u0bae\u0bcd 16 \u0bae\u0bbf\u0bb2\u0bcd\u0bb2\u0bbf\u0baf\u0ba9\u0bcd \u0b85\u0bae\u0bc6\u0bb0\u0bbf\u0b95\u0bcd\u0b95 \u0b9f\u0bbe\u0bb2\u0bb0\u0bcd. \u0b8e\u0b99\u0bcd\u0b95\u0bb3\u0bcd \u0bae\u0bbe\u0b9f\u0bbf \u0baa\u0b95\u0bc1\u0ba4\u0bbf \u0b9a\u0bc1\u0bae\u0bbe\u0bb0\u0bcd 120.000 \u0b9a\u0ba4\u0bc1\u0bb0 \u0bae\u0bc0\u0b9f\u0bcd\u0b9f\u0bb0\u0bcd, \u0bae\u0bb1\u0bcd\u0bb1\u0bc1\u0bae\u0bcd \u0b95\u0b9f\u0bcd\u0b9f\u0bc1\u0bae\u0bbe\u0ba9\u0baa\u0bcd \u0baa\u0b95\u0bc1\u0ba4\u0bbf \u0b9a\u0bc1\u0bae\u0bbe\u0bb0\u0bcd 85,000 \u0b9a\u0ba4\u0bc1\u0bb0 \u0bae\u0bc0\u0b9f\u0bcd\u0b9f\u0bb0\u0bcd \u0b86\u0b95\u0bc1\u0bae\u0bcd. 2018 \u0b86\u0bae\u0bcd \u0b86\u0ba3\u0bcd\u0b9f\u0bbf\u0bb2\u0bcd, \u0b8e\u0b99\u0bcd\u0b95\u0bb3\u0bcd \u0bae\u0bca\u0ba4\u0bcd\u0ba4 \u0ba4\u0bbf\u0bb0\u0bc1\u0baa\u0bcd\u0baa\u0bae\u0bcd 80 \u0bae\u0bbf\u0bb2\u0bcd\u0bb2\u0bbf\u0baf\u0ba9\u0bcd USDollar \u0b86\u0b95\u0bc1\u0bae\u0bcd. \u0ba4\u0bb0\u0ba4\u0bcd\u0ba4\u0bbf\u0bb1\u0bcd\u0b95\u0bc1 \u0b89\u0ba4\u0bcd\u0ba4\u0bb0\u0bb5\u0bbe\u0ba4\u0bae\u0bcd \u0b85\u0bb3\u0bbf\u0b95\u0bcd\u0b95 \u0b8e\u0b99\u0bcd\u0b95\u0bb3\u0bbf\u0b9f\u0bae\u0bcd \u0baa\u0ba4\u0bcd\u0ba4\u0bc1 \u0b86\u0bb0\u0bcd &amp; \u0b9f\u0bbf \u0ba8\u0baa\u0bb0\u0bcd\u0b95\u0bb3\u0bcd \u0bae\u0bb1\u0bcd\u0bb1\u0bc1\u0bae\u0bcd 100 \u0b95\u0bcd\u0b95\u0bc1\u0bae\u0bcd \u0bae\u0bc7\u0bb1\u0bcd\u0baa\u0b9f\u0bcd\u0b9f \u0b95\u0bbf\u0baf\u0bc2\u0b9a\u0bbf\u0b95\u0bcd\u0b95\u0bb3\u0bcd \u0b89\u0bb3\u0bcd\u0bb3\u0ba9, \u0b92\u0bb5\u0bcd\u0bb5\u0bca\u0bb0\u0bc1 \u0b86\u0ba3\u0bcd\u0b9f\u0bc1\u0bae\u0bcd, \u0b92\u0bb0\u0bc1 \u0bae\u0bc1\u0ba9\u0bcd\u0ba9\u0ba3\u0bbf \u0b89\u0bb1\u0bcd\u0baa\u0ba4\u0bcd\u0ba4\u0bbf\u0baf\u0bbe\u0bb3\u0bb0\u0bbe\u0b95 \u0b9a\u0bc6\u0baf\u0bb2\u0bcd\u0baa\u0b9f\u0bc1\u0bae\u0bcd \u0baa\u0ba4\u0bcd\u0ba4\u0bc1 \u0baa\u0bc1\u0ba4\u0bbf\u0baf \u0ba4\u0baf\u0bbe\u0bb0\u0bbf\u0baa\u0bcd\u0baa\u0bc1\u0b95\u0bb3\u0bc8 \u0ba8\u0bbe\u0b99\u0bcd\u0b95\u0bb3\u0bcd \u0bb5\u0b9f\u0bbf\u0bb5\u0bae\u0bc8\u0ba4\u0bcd\u0ba4\u0bc1 \u0b89\u0bb0\u0bc1\u0bb5\u0bbe\u0b95\u0bcd\u0b95\u0bc1\u0b95\u0bbf\u0bb1\u0bcb\u0bae\u0bcd.<\/p>\n<p>\u0b8e\u0b99\u0bcd\u0b95\u0bb3\u0bcd \u0bae\u0bc1\u0b95\u0bcd\u0b95\u0bbf\u0baf \u0ba4\u0baf\u0bbe\u0bb0\u0bbf\u0baa\u0bcd\u0baa\u0bc1\u0b95\u0bb3\u0bcd \u0b9f\u0bc8\u0bae\u0bb0\u0bcd\u0b95\u0bb3\u0bcd, \u0b9a\u0bbe\u0b95\u0bcd\u0b95\u0bc6\u0b9f\u0bcd\u0b9f\u0bc1\u0b95\u0bb3\u0bcd, \u0ba8\u0bc6\u0b95\u0bbf\u0bb4\u0bcd\u0bb5\u0bbe\u0ba9 \u0b95\u0bc7\u0baa\u0bbf\u0bb3\u0bcd\u0b95\u0bb3\u0bcd, \u0baa\u0bb5\u0bb0\u0bcd \u0b95\u0baf\u0bbf\u0bb1\u0bc1\u0b95\u0bb3\u0bcd, \u0b9a\u0bc6\u0bb0\u0bc1\u0b95\u0bb2\u0bcd\u0b95\u0bb3\u0bcd, \u0ba8\u0bc0\u0b9f\u0bcd\u0b9f\u0bbf\u0baa\u0bcd\u0baa\u0bc1 \u0b9a\u0bbe\u0b95\u0bcd\u0b95\u0bc6\u0b9f\u0bcd\u0b9f\u0bc1\u0b95\u0bb3\u0bcd, \u0b95\u0bc7\u0baa\u0bbf\u0bb3\u0bcd \u0bb0\u0bc0\u0bb2\u0bcd\u0b95\u0bb3\u0bcd \u0bae\u0bb1\u0bcd\u0bb1\u0bc1\u0bae\u0bcd \u0bb2\u0bc8\u0b9f\u0bcd\u0b9f\u0bbf\u0b99\u0bcd\u0bb8\u0bcd. \u0ba4\u0bbf\u0ba9\u0b9a\u0bb0\u0bbf \u0b9f\u0bc8\u0bae\u0bb0\u0bcd\u0b95\u0bb3\u0bcd, \u0bae\u0bc6\u0b95\u0bcd\u0b95\u0bbe\u0ba9\u0bbf\u0b95\u0bcd\u0b95\u0bb2\u0bcd \u0bae\u0bb1\u0bcd\u0bb1\u0bc1\u0bae\u0bcd \u0b9f\u0bbf\u0b9c\u0bbf\u0b9f\u0bcd\u0b9f\u0bb2\u0bcd \u0b9f\u0bc8\u0bae\u0bb0\u0bcd\u0b95\u0bb3\u0bcd, \u0b9f\u0bc8\u0bae\u0bb0\u0bcd\u0b95\u0bb3\u0bc8 \u0b8e\u0ba3\u0bcd\u0ba3\u0bc1\u0bb5\u0ba4\u0bc1, \u0b85\u0ba9\u0bc8\u0ba4\u0bcd\u0ba4\u0bc1 \u0bb5\u0b95\u0bc8\u0baf\u0bbe\u0ba9 \u0b9a\u0bbe\u0b95\u0bcd\u0b95\u0bc6\u0b9f\u0bcd\u0b9f\u0bc1\u0b95\u0bb3\u0bc1\u0b9f\u0ba9\u0bcd \u0ba4\u0bca\u0bb4\u0bbf\u0bb2\u0bcd \u0b9f\u0bc8\u0bae\u0bb0\u0bcd\u0b95\u0bb3\u0bc8\u0baf\u0bc1\u0bae\u0bcd \u0baa\u0bcb\u0ba9\u0bcd\u0bb1 \u0baa\u0bb2 \u0bb5\u0b95\u0bc8\u0baf\u0bbe\u0ba9 \u0b9f\u0bc8\u0bae\u0bb0\u0bcd\u0b95\u0bb3\u0bc8 \u0ba8\u0bbe\u0bae\u0bcd \u0bb5\u0bb4\u0b99\u0bcd\u0b95 \u0bae\u0bc1\u0b9f\u0bbf\u0baf\u0bc1\u0bae\u0bcd. \u0b8e\u0b99\u0bcd\u0b95\u0bb3\u0bcd \u0b87\u0bb2\u0b95\u0bcd\u0b95\u0bc1 \u0b9a\u0ba8\u0bcd\u0ba4\u0bc8\u0b95\u0bb3\u0bcd \u0b90\u0bb0\u0bcb\u0baa\u0bcd\u0baa\u0bbf\u0baf \u0b9a\u0ba8\u0bcd\u0ba4\u0bc8 \u0bae\u0bb1\u0bcd\u0bb1\u0bc1\u0bae\u0bcd \u0b85\u0bae\u0bc6\u0bb0\u0bbf\u0b95\u0bcd\u0b95 \u0b9a\u0ba8\u0bcd\u0ba4\u0bc8. \u0b8e\u0b99\u0bcd\u0b95\u0bb3\u0bcd \u0ba4\u0baf\u0bbe\u0bb0\u0bbf\u0baa\u0bcd\u0baa\u0bc1\u0b95\u0bb3\u0bcd CE, GS, D, N, S, NF, ETL, VDE, ROHS, REAT, PAHS \u0bae\u0bb1\u0bcd\u0bb1\u0bc1\u0bae\u0bcd \u0baa\u0bb2\u0bb5\u0bb1\u0bcd\u0bb1\u0bbe\u0bb2\u0bcd \u0b85\u0b99\u0bcd\u0b95\u0bc0\u0b95\u0bb0\u0bbf\u0b95\u0bcd\u0b95\u0baa\u0bcd\u0baa\u0b9f\u0bcd\u0b9f\u0bc1\u0bb3\u0bcd\u0bb3\u0ba9.<\/p>\n<p>\u0b8e\u0b99\u0bcd\u0b95\u0bb3\u0bcd \u0bb5\u0bbe\u0b9f\u0bbf\u0b95\u0bcd\u0b95\u0bc8\u0baf\u0bbe\u0bb3\u0bb0\u0bcd\u0b95\u0bb3\u0bbf\u0b9f\u0bc8\u0baf\u0bc7 \u0b8e\u0b99\u0bcd\u0b95\u0bb3\u0bc1\u0b95\u0bcd\u0b95\u0bc1 \u0ba8\u0bb2\u0bcd\u0bb2 \u0baa\u0bc6\u0baf\u0bb0\u0bcd \u0b89\u0bb3\u0bcd\u0bb3\u0ba4\u0bc1. \u0b9a\u0bc1\u0bb1\u0bcd\u0bb1\u0bc1\u0b9a\u0bcd\u0b9a\u0bc2\u0bb4\u0bb2\u0bcd \u0bae\u0bb1\u0bcd\u0bb1\u0bc1\u0bae\u0bcd \u0bae\u0ba9\u0bbf\u0ba4\u0ba9\u0bbf\u0ba9\u0bcd \u0baa\u0bbe\u0ba4\u0bc1\u0b95\u0bbe\u0baa\u0bcd\u0baa\u0bc1 \u0b86\u0b95\u0bbf\u0baf\u0bb5\u0bb1\u0bcd\u0bb1\u0bbf\u0bb2\u0bcd \u0ba8\u0bbe\u0b99\u0bcd\u0b95\u0bb3\u0bcd \u0b8e\u0baa\u0bcd\u0baa\u0bcb\u0ba4\u0bc1\u0bae\u0bcd \u0b95\u0bb5\u0ba9\u0bae\u0bcd \u0b9a\u0bc6\u0bb2\u0bc1\u0ba4\u0bcd\u0ba4\u0bc1\u0b95\u0bbf\u0bb1\u0bcb\u0bae\u0bcd. \u0bb5\u0bbe\u0bb4\u0bcd\u0b95\u0bcd\u0b95\u0bc8\u0ba4\u0bcd \u0ba4\u0bb0\u0ba4\u0bcd\u0ba4\u0bc8 \u0bae\u0bc7\u0bae\u0bcd\u0baa\u0b9f\u0bc1\u0ba4\u0bcd\u0ba4\u0bc1\u0bb5\u0ba4\u0bc1 \u0b8e\u0b99\u0bcd\u0b95\u0bb3\u0bcd \u0b87\u0bb1\u0bc1\u0ba4\u0bbf \u0ba8\u0bcb\u0b95\u0bcd\u0b95\u0bae\u0bcd.<\/p>\n<p>\u0baa\u0bb5\u0bb0\u0bcd \u0b95\u0bbe\u0bb0\u0bcd\u0b9f\u0bcd\u0b95\u0bb3\u0bcd, \u0ba8\u0bc0\u0b9f\u0bcd\u0b9f\u0bbf\u0baa\u0bcd\u0baa\u0bc1 \u0bb5\u0b9f\u0b99\u0bcd\u0b95\u0bb3\u0bcd \u0bae\u0bb1\u0bcd\u0bb1\u0bc1\u0bae\u0bcd \u0b95\u0bc7\u0baa\u0bbf\u0bb3\u0bcd \u0bb0\u0bc0\u0bb2\u0bcd\u0b95\u0bb3\u0bcd \u0b8e\u0b99\u0bcd\u0b95\u0bb3\u0bcd \u0bae\u0bc1\u0b95\u0bcd\u0b95\u0bbf\u0baf \u0bb5\u0ba3\u0bbf\u0b95\u0bae\u0bbe\u0b95\u0bc1\u0bae\u0bcd, \u0b92\u0bb5\u0bcd\u0bb5\u0bca\u0bb0\u0bc1 \u0b86\u0ba3\u0bcd\u0b9f\u0bc1\u0bae\u0bcd \u0b90\u0bb0\u0bcb\u0baa\u0bcd\u0baa\u0bbf\u0baf \u0b9a\u0ba8\u0bcd\u0ba4\u0bc8\u0baf\u0bbf\u0bb2\u0bbf\u0bb0\u0bc1\u0ba8\u0bcd\u0ba4\u0bc1 \u0bb5\u0bbf\u0bb3\u0bae\u0bcd\u0baa\u0bb0 \u0b86\u0bb0\u0bcd\u0b9f\u0bb0\u0bcd\u0b95\u0bb3\u0bbf\u0ba9\u0bcd \u0bae\u0bc1\u0ba9\u0bcd\u0ba9\u0ba3\u0bbf \u0b89\u0bb1\u0bcd\u0baa\u0ba4\u0bcd\u0ba4\u0bbf\u0baf\u0bbe\u0bb3\u0bb0\u0bcd \u0ba8\u0bbe\u0b99\u0bcd\u0b95\u0bb3\u0bcd. \u0bb5\u0bb0\u0bcd\u0ba4\u0bcd\u0ba4\u0b95 \u0bae\u0bc1\u0ba4\u0bcd\u0ba4\u0bbf\u0bb0\u0bc8\u0baf\u0bc8\u0baa\u0bcd \u0baa\u0bbe\u0ba4\u0bc1\u0b95\u0bbe\u0b95\u0bcd\u0b95 \u0b9c\u0bc6\u0bb0\u0bcd\u0bae\u0ba9\u0bbf\u0baf\u0bbf\u0bb2\u0bcd \u0bb5\u0bbf.\u0b9f\u0bbf.\u0b87 \u0b95\u0bc1\u0bb3\u0bcb\u0baa\u0bb2\u0bcd \u0b9a\u0bc7\u0bb5\u0bc8\u0baf\u0bc1\u0b9f\u0ba9\u0bcd \u0b92\u0ba4\u0bcd\u0ba4\u0bc1\u0bb4\u0bc8\u0b95\u0bcd\u0b95\u0bc1\u0bae\u0bcd \u0bae\u0bc1\u0ba4\u0bb2\u0bcd \u0b89\u0bb1\u0bcd\u0baa\u0ba4\u0bcd\u0ba4\u0bbf\u0baf\u0bbe\u0bb3\u0bb0\u0bcd \u0ba8\u0bbe\u0b99\u0bcd\u0b95\u0bb3\u0bcd \u0b87\u0bb0\u0bc1\u0b95\u0bcd\u0b95\u0bbf\u0bb1\u0bcb\u0bae\u0bcd.<\/p>\n<p>\u0baa\u0bb0\u0bb8\u0bcd\u0baa\u0bb0 \u0ba8\u0ba9\u0bcd\u0bae\u0bc8 \u0bae\u0bb1\u0bcd\u0bb1\u0bc1\u0bae\u0bcd \u0baa\u0bbf\u0bb0\u0b95\u0bbe\u0b9a\u0bae\u0bbe\u0ba9 \u0b8e\u0ba4\u0bbf\u0bb0\u0bcd\u0b95\u0bbe\u0bb2\u0ba4\u0bcd\u0ba4\u0bbf\u0bb1\u0bcd\u0b95\u0bbe\u0b95 \u0b85\u0ba9\u0bc8\u0ba4\u0bcd\u0ba4\u0bc1 \u0bb5\u0bbe\u0b9f\u0bbf\u0b95\u0bcd\u0b95\u0bc8\u0baf\u0bbe\u0bb3\u0bb0\u0bcd\u0b95\u0bb3\u0bc1\u0b9f\u0ba9\u0bc1\u0bae\u0bcd \u0b92\u0ba4\u0bcd\u0ba4\u0bc1\u0bb4\u0bc8\u0b95\u0bcd\u0b95 \u0b85\u0ba9\u0bcd\u0baa\u0bc1\u0b9f\u0ba9\u0bcd \u0bb5\u0bb0\u0bb5\u0bc7\u0bb1\u0bcd\u0b95\u0bbf\u0bb1\u0bcb\u0bae\u0bcd.<\/p>\n<p>&nbsp;<\/p>\n<p><strong>\u0b95\u0bc7\u0bb3\u0bcd\u0bb5\u0bbf\u0b95\u0bb3\u0bcd<\/strong><br \/>\nQ1. \u0bae\u0bbe\u0ba4\u0bbf\u0bb0\u0bbf \u0b86\u0bb0\u0bcd\u0b9f\u0bb0\u0bc8 \u0b8f\u0bb1\u0bcd\u0b95 \u0bae\u0bc1\u0b9f\u0bbf\u0baf\u0bc1\u0bae\u0bbe?<\/p>\n<p>\u0baa: \u0b86\u0bae\u0bcd, \u0ba8\u0bbf\u0b9a\u0bcd\u0b9a\u0baf\u0bae\u0bbe\u0b95, \u0ba8\u0bbe\u0b99\u0bcd\u0b95\u0bb3\u0bcd \u0bae\u0bbe\u0ba4\u0bbf\u0bb0\u0bbf \u0bb5\u0bb0\u0bbf\u0b9a\u0bc8\u0baf\u0bc8 \u0b8f\u0bb1\u0bcd\u0bb1\u0bc1\u0b95\u0bcd\u0b95\u0bca\u0bb3\u0bcd\u0b95\u0bbf\u0bb1\u0bcb\u0bae\u0bcd.<\/p>\n<p>&nbsp;<\/p>\n<p>Q2. \u0b8e\u0b99\u0bcd\u0b95\u0bb3\u0bc8 \u0b8e\u0bb5\u0bcd\u0bb5\u0bbe\u0bb1\u0bc1 \u0b92\u0baa\u0bcd\u0baa\u0ba8\u0bcd\u0ba4\u0bae\u0bcd \u0b9a\u0bc6\u0baf\u0bcd\u0bb5\u0ba4\u0bc1?<\/p>\n<p>\u0baa: \u0ba8\u0bc0\u0b99\u0bcd\u0b95\u0bb3\u0bcd \u0b8e\u0b99\u0bcd\u0b95\u0bb3\u0bc1\u0b95\u0bcd\u0b95\u0bc1 \u0b85\u0b9e\u0bcd\u0b9a\u0bb2\u0bcd \u0b85\u0ba9\u0bc1\u0baa\u0bcd\u0baa\u0bb2\u0bbe\u0bae\u0bcd \u0b85\u0bb2\u0bcd\u0bb2\u0ba4\u0bc1 \u0b85\u0bb4\u0bc8\u0b95\u0bcd\u0b95\u0bb2\u0bbe\u0bae\u0bcd.<\/p>","protected":false},"excerpt":{"rendered":"<p>\u0bb5\u0bc0\u0b9f\u0bcd\u0b9f\u0bc1 \u0baf\u0bc2.\u0b8e\u0bb8\u0bcd.\u0baa\u0bbf \u0b9a\u0bbe\u0bb0\u0bcd\u0b9c\u0bb0\u0bcd \u0bae\u0bbf\u0ba9\u0bbf \u0b9a\u0bbe\u0b95\u0bcd\u0b95\u0bc6\u0b9f\u0bcd \u0baa\u0bbf\u0bb3\u0b95\u0bcd<br \/>\nIOS \u0bae\u0bb1\u0bcd\u0bb1\u0bc1\u0bae\u0bcd Android \u0b9a\u0bbe\u0ba4\u0ba9\u0b99\u0bcd\u0b95\u0bb3\u0bcd \u0b87\u0ba3\u0b95\u0bcd\u0b95\u0bae\u0bbe\u0ba9\u0bb5\u0bc8,<br \/>\n\u0b92\u0ba9\u0bcd\u0bb1\u0bbe\u0b95 \u0b95\u0b9f\u0bcd\u0b9f\u0ba3\u0bae\u0bcd \u0bb5\u0b9a\u0bc2\u0bb2\u0bbf\u0b95\u0bcd\u0b95 \u0b87\u0bb0\u0ba3\u0bcd\u0b9f\u0bc1 \u0b9a\u0bbe\u0ba4\u0ba9\u0b99\u0bcd\u0b95\u0bb3\u0bc8 \u0b86\u0ba4\u0bb0\u0bbf\u0b95\u0bcd\u0b95\u0bb5\u0bc1\u0bae\u0bcd \u0b95\u0b9f\u0bbf\u0ba9\u0bae\u0bbe\u0ba9 \u0b9a\u0bbe\u0bb0\u0bcd\u0b9c\u0bbf\u0b99\u0bcd \u0b9a\u0bbf\u0b95\u0bcd\u0b95\u0bb2\u0bc8 \u0ba4\u0bc0\u0bb0\u0bcd\u0b95\u0bcd\u0b95\u0bb5\u0bc1\u0bae\u0bcd<\/p>","protected":false},"featured_media":270,"template":"","meta":[],"product_cat":[24],"product_tag":[],"class_list":{"0":"post-266","1":"product","2":"type-product","3":"status-publish","4":"has-post-thumbnail","6":"product_cat-socketplug","8":"first","9":"instock","10":"shipping-taxable","11":"product-type-simple"},"_links":{"self":[{"href":"https:\/\/www.soyang-group.com\/ta\/wp-json\/wp\/v2\/product\/266","targetHints":{"allow":["GET"]}}],"collection":[{"href":"https:\/\/www.soyang-group.com\/ta\/wp-json\/wp\/v2\/product"}],"about":[{"href":"https:\/\/www.soyang-group.com\/ta\/wp-json\/wp\/v2\/types\/product"}],"version-history":[{"count":0,"href":"https:\/\/www.soyang-group.com\/ta\/wp-json\/wp\/v2\/product\/266\/revisions"}],"wp:featuredmedia":[{"embeddable":true,"href":"https:\/\/www.soyang-group.com\/ta\/wp-json\/wp\/v2\/media\/270"}],"wp:attachment":[{"href":"https:\/\/www.soyang-group.com\/ta\/wp-json\/wp\/v2\/media?parent=266"}],"wp:term":[{"taxonomy":"product_cat","embeddable":true,"href":"https:\/\/www.soyang-group.com\/ta\/wp-json\/wp\/v2\/product_cat?post=266"},{"taxonomy":"product_tag","embeddable":true,"href":"https:\/\/www.soyang-group.com\/ta\/wp-json\/wp\/v2\/product_tag?post=266"}],"curies":[{"name":"wp","href":"https:\/\/api.w.org\/{rel}","templated":true}]}}