{"id":266,"date":"2024-12-12T13:10:17","date_gmt":"2024-12-12T05:10:17","guid":{"rendered":"https:\/\/shuangy.gg12.globaldeepsea.site\/?post_type=product&#038;p=266"},"modified":"2024-12-12T13:10:17","modified_gmt":"2024-12-12T05:10:17","slug":"2-1a-usb-socket","status":"publish","type":"product","link":"https:\/\/www.soyang-group.com\/te\/product\/2-1a-usb-socket\/","title":{"rendered":"2.1A USB \u0c38\u0c3e\u0c15\u0c46\u0c1f\u0c4d"},"content":{"rendered":"<p><strong>\u0c05\u0c35\u0c32\u0c4b\u0c15\u0c28\u0c02<\/strong><\/p>\n<p><strong>\u0c36\u0c40\u0c18\u0c4d\u0c30 \u0c35\u0c3f\u0c35\u0c30\u0c3e\u0c32\u0c41<\/strong><br \/>\n\u0c2e\u0c42\u0c32\u0c02 \u0c38\u0c4d\u0c25\u0c32\u0c02: \u0c1c\u0c46\u0c1c\u0c3f\u0c2f\u0c3e\u0c02\u0c17\u0c4d, \u0c1a\u0c48\u0c28\u0c3e<br \/>\n\u0c2c\u0c4d\u0c30\u0c3e\u0c02\u0c21\u0c4d \u0c2a\u0c47\u0c30\u0c41: \u0c38\u0c4b\u0c2f\u0c3e\u0c02\u0c17\u0c4d<br \/>\n\u0c2e\u0c4b\u0c21\u0c32\u0c4d \u0c38\u0c02\u0c16\u0c4d\u0c2f: USB-D2<br \/>\nDC: 5V AC<br \/>\nMax:2.1A<br \/>\n\u0c30\u0c02\u0c17\u0c41: \u0c24\u0c46\u0c32\u0c41\u0c2a\u0c41<br \/>\n\u0c05\u0c2a\u0c4d\u0c32\u0c3f\u0c15\u0c47\u0c37\u0c28\u0c4d: \u0c1f\u0c48\u0c2e\u0c30\u0c4d \u0c38\u0c4d\u0c35\u0c3f\u0c1a\u0c4d<\/p>\n<p><strong>\u0c38\u0c30\u0c2b\u0c30\u0c3e \u0c38\u0c3e\u0c2e\u0c30\u0c4d\u0c25\u0c4d\u0c2f\u0c02<\/strong><br \/>\n\u0c38\u0c30\u0c2b\u0c30\u0c3e \u0c38\u0c3e\u0c2e\u0c30\u0c4d\u0c25\u0c4d\u0c2f\u0c02: \u0c28\u0c46\u0c32\u0c15\u0c41 100000 \u0c2e\u0c41\u0c15\u0c4d\u0c15\/\u0c2e\u0c41\u0c15\u0c4d\u0c15\u0c32\u0c41<\/p>\n<p><strong>\u0c2a\u0c4d\u0c2f\u0c3e\u0c15\u0c47\u0c1c\u0c3f\u0c02\u0c17\u0c4d &amp; \u0c21\u0c46\u0c32\u0c3f\u0c35\u0c30\u0c40<\/strong><br \/>\n\u0c2a\u0c4d\u0c2f\u0c3e\u0c15\u0c47\u0c1c\u0c3f\u0c02\u0c17\u0c4d \u0c35\u0c3f\u0c35\u0c30\u0c3e\u0c32\u0c41: \u0c21\u0c2c\u0c41\u0c32\u0c4d \u0c2c\u0c4d\u0c32\u0c3f\u0c38\u0c4d\u0c1f\u0c30\u0c4d, 10 \u0c2a\u0c3f\u0c38\u0c3f\u0c32\u0c41\/ \u0c07\u0c28\u0c4d\u0c28\u0c30\u0c4d \u0c2c\u0c3e\u0c15\u0c4d\u0c38\u0c4d, 60 \u0c2a\u0c3f\u0c38\u0c3f\u0c32\u0c41\/ \u0c2c\u0c3e\u0c39\u0c4d\u0c2f \u0c15\u0c3e\u0c30\u0c4d\u0c1f\u0c28\u0c4d<br \/>\n\u0c2a\u0c4b\u0c30\u0c4d\u0c1f\u0c4d: \u0c28\u0c3f\u0c02\u0c17\u0c4d\u0c2c\u0c4b\/\u0c37\u0c3e\u0c02\u0c18\u0c48<br \/>\n\u0c2a\u0c4d\u0c30\u0c27\u0c3e\u0c28 \u0c38\u0c2e\u0c2f\u0c02 :<br \/>\n\u0c2a\u0c30\u0c3f\u0c2e\u0c3e\u0c23\u0c02 (\u0c2e\u0c41\u0c15\u0c4d\u0c15\u0c32\u0c41) 1 - 10000&gt; 10000<br \/>\n\u0c05\u0c02\u0c1a\u0c28\u0c3e. \u0c38\u0c2e\u0c2f\u0c02 (\u0c30\u0c4b\u0c1c\u0c41\u0c32\u0c41) 60 \u0c1a\u0c30\u0c4d\u0c1a\u0c32\u0c41 \u0c1c\u0c30\u0c2a\u0c21\u0c3e\u0c28\u0c3f\u0c15\u0c3f<\/p>\n<p>&nbsp;<\/p>\n<p><strong>\u0c35\u0c3f\u0c35\u0c30\u0c3e\u0c32\u0c41 \u0c09\u0c24\u0c4d\u0c2a\u0c24\u0c4d\u0c24\u0c3f \u0c35\u0c3f\u0c35\u0c30\u0c23<\/strong><\/p>\n<p><strong>2.1A USB \u0c38\u0c3e\u0c15\u0c46\u0c1f\u0c4d<\/strong><br \/>\n\u0c2e\u0c4b\u0c21\u0c32\u0c4d \u0c38\u0c02\u0c16\u0c4d\u0c2f: USB-D2<br \/>\n\u0c1c\u0c30\u0c4d\u0c2e\u0c28\u0c40 \u0c35\u0c46\u0c30\u0c4d\u0c37\u0c28\u0c4d<br \/>\n\u0c2c\u0c4d\u0c30\u0c3e\u0c02\u0c21\u0c4d \u0c2a\u0c47\u0c30\u0c41: \u0c37\u0c41\u0c35\u0c3e\u0c02\u0c17\u0c4d\u0c2f\u0c3e\u0c02\u0c17\u0c4d<br \/>\n\u0c09\u0c2a\u0c2f\u0c4b\u0c17\u0c02: \u0c1b\u0c3e\u0c30\u0c4d\u0c1c\u0c30\u0c4d \u0c38\u0c3e\u0c15\u0c46\u0c1f\u0c4d<br \/>\n\u0c38\u0c3f\u0c26\u0c4d\u0c27\u0c3e\u0c02\u0c24\u0c02: \u0c2e\u0c46\u0c15\u0c3e\u0c28\u0c3f\u0c15\u0c32\u0c4d<br \/>\n\u0c35\u0c3f\u0c35\u0c30\u0c23 &amp; \u0c32\u0c15\u0c4d\u0c37\u0c23\u0c3e\u0c32\u0c41<br \/>\n1.\u0c2e\u0c3e\u0c15\u0c4d\u0c38\u0c4d: 2.1 \u0c0e<br \/>\n2.DC: 5 \u0c35\u0c3f<br \/>\n3. \u0c2f\u0c42\u0c28\u0c3f\u0c1f\u0c4d \u0c2a\u0c30\u0c3f\u0c2e\u0c3e\u0c23\u0c02:<\/p>\n<p><a class=\"fancybox\" href=\"https:\/\/www.soyanggroup.com\/uploads\/125.jpg\" target=\"_blank\" rel=\"noopener\"><img decoding=\"async\" class=\"alignnone size-full wp-image-4344\" src=\"https:\/\/www.soyanggroup.com\/uploads\/125.jpg\" alt=\"1\" \/><\/a><\/p>\n<p>4. \u0c38\u0c30\u0c2b\u0c30\u0c3e \u0c38\u0c3e\u0c2e\u0c30\u0c4d\u0c25\u0c4d\u0c2f\u0c02: \u0c28\u0c46\u0c32\u0c15\u0c41 1000000 \u0c2e\u0c41\u0c15\u0c4d\u0c15\/\u0c2e\u0c41\u0c15\u0c4d\u0c15\u0c32\u0c41 \u0c1f\u0c48\u0c2e\u0c30\u0c4d<br \/>\n5. \u0c2e\u0c30\u0c4a\u0c15 \u0c21\u0c3f\u0c1c\u0c48\u0c28\u0c4d \u0c15\u0c4b\u0c38\u0c02 \u0c05\u0c02\u0c26\u0c41\u0c2c\u0c3e\u0c1f\u0c41\u0c32\u0c4b \u0c09\u0c28\u0c4d\u0c28 \u0c38\u0c3e\u0c2e\u0c30\u0c4d\u0c25\u0c4d\u0c2f\u0c02: \u0c1c\u0c46\u0c2e\u0c28\u0c40 \u0c35\u0c46\u0c30\u0c4d\u0c37\u0c28\u0c4d, \u0c21\u0c46\u0c28\u0c4d\u0c2e\u0c3e\u0c30\u0c4d\u0c15\u0c4d \u0c35\u0c46\u0c30\u0c4d\u0c37\u0c28\u0c4d, \u0c2b\u0c4d\u0c30\u0c3e\u0c28\u0c4d\u0c38\u0c4d \u0c35\u0c46\u0c30\u0c4d\u0c37\u0c28\u0c4d<\/p>\n<p>&nbsp;<\/p>\n<p><strong>\u0c38\u0c4d\u0c2a\u0c46\u0c38\u0c3f\u0c2b\u0c3f\u0c15\u0c47\u0c37\u0c28\u0c4d<\/strong><br \/>\n\u0c2a\u0c4d\u0c2f\u0c3e\u0c15\u0c47\u0c1c\u0c40: \u0c21\u0c2c\u0c41\u0c32\u0c4d \u0c2c\u0c4d\u0c32\u0c3f\u0c38\u0c4d\u0c1f\u0c30\u0c4d<br \/>\nQTY\/BOX: 10PCS<br \/>\nQty\/ctn: 60pcs<br \/>\nGW: 5.8 \u0c15\u0c3f\u0c32\u0c4b\u0c32\u0c41<br \/>\nNW: 4.8 \u0c15\u0c3f\u0c32\u0c4b\u0c32\u0c41<br \/>\n\u0c15\u0c3e\u0c30\u0c4d\u0c1f\u0c28\u0c4d \u0c2a\u0c30\u0c3f\u0c2e\u0c3e\u0c23\u0c02: 38*73*23 \u0c38\u0c46\u0c02.\u0c2e\u0c40.<br \/>\nQTY\/20 \u2032: 23,040pcs<br \/>\n\u0c27\u0c43\u0c35\u0c2a\u0c24\u0c4d\u0c30\u0c3e\u0c32\u0c41: GS, CE, ROHS, REACK, PAHS<\/p>\n<p>&nbsp;<\/p>\n<p><strong>\u0c38\u0c47\u0c32\u0c4d\u0c38\u0c4d \u0c2a\u0c3e\u0c2f\u0c3f\u0c02\u0c1f\u0c4d<\/strong><br \/>\n1. \u0c05\u0c27\u0c3f\u0c15 \u0c28\u0c3e\u0c23\u0c4d\u0c2f\u0c24<br \/>\n2.\u0c2b\u0c35\u0c30\u0c4d\u0c21\u0c4d \u0c27\u0c30<br \/>\n3. \u0c17\u0c4d\u0c30\u0c47\u0c1f\u0c4d \u0c35\u0c3f\u0c35\u0c3f\u0c27 \u0c30\u0c15\u0c3e\u0c32 \u0c09\u0c24\u0c4d\u0c2a\u0c24\u0c4d\u0c24\u0c41\u0c32\u0c41<br \/>\n4.attractive \u0c21\u0c3f\u0c1c\u0c48\u0c28\u0c4d<br \/>\n5. \u0c2a\u0c30\u0c4d\u0c2f\u0c3e\u0c35\u0c30\u0c23 \u0c38\u0c4d\u0c28\u0c47\u0c39\u0c2a\u0c42\u0c30\u0c4d\u0c35\u0c15 \u0c38\u0c3e\u0c02\u0c15\u0c47\u0c24\u0c3f\u0c15\u0c24<br \/>\n6.OEM \u0c2e\u0c30\u0c3f\u0c2f\u0c41 ODM \u0c38\u0c47\u0c35 \u0c05\u0c02\u0c26\u0c3f\u0c02\u0c1a\u0c2c\u0c21\u0c3f\u0c02\u0c26\u0c3f<\/p>\n<p>&nbsp;<\/p>\n<p><strong>\u0c2a\u0c4d\u0c2f\u0c3e\u0c15\u0c47\u0c1c\u0c3f\u0c02\u0c17\u0c4d &amp; \u0c1a\u0c46\u0c32\u0c4d\u0c32\u0c3f\u0c02\u0c2a\u0c41 &amp; \u0c30\u0c35\u0c3e\u0c23\u0c3e<\/strong><br \/>\n\u0c2a\u0c4d\u0c2f\u0c3e\u0c15\u0c47\u0c1c\u0c3f\u0c02\u0c17\u0c4d \u0c35\u0c3f\u0c35\u0c30\u0c3e\u0c32\u0c41: \u0c35\u0c48\u0c1f\u0c4d \u0c2c\u0c3e\u0c15\u0c4d\u0c38\u0c4d<br \/>\n\u0c1a\u0c46\u0c32\u0c4d\u0c32\u0c3f\u0c02\u0c2a\u0c41 \u0c35\u0c3f\u0c27\u0c3e\u0c28\u0c02: \u0c05\u0c21\u0c4d\u0c35\u0c3e\u0c28\u0c4d\u0c38\u0c4d \u0c1f\u0c3f\u0c1f\u0c3f, \u0c1f\u0c3f\/\u0c1f\u0c3f, \u0c0e\u0c32\u0c4d\/\u0c38\u0c3f<br \/>\n\u0c21\u0c46\u0c32\u0c3f\u0c35\u0c30\u0c40: \u0c21\u0c3f\u0c2a\u0c3e\u0c1c\u0c3f\u0c1f\u0c4d \u0c05\u0c02\u0c26\u0c41\u0c15\u0c41\u0c28\u0c4d\u0c28 30-45 \u0c30\u0c4b\u0c1c\u0c41\u0c32 \u0c24\u0c30\u0c41\u0c35\u0c3e\u0c24<br \/>\n\u0c2a\u0c4b\u0c30\u0c4d\u0c1f\u0c4d: \u0c28\u0c3f\u0c02\u0c17\u0c4d\u0c2c\u0c4b \u0c32\u0c47\u0c26\u0c3e \u0c37\u0c3e\u0c02\u0c18\u0c48<\/p>\n<p>&nbsp;<\/p>\n<p><strong>\u0c2e\u0c3e \u0c38\u0c47\u0c35\u0c32\u0c41<\/strong><br \/>\n1. \u0c2e\u0c40 \u0c38\u0c02\u0c26\u0c47\u0c36\u0c3e\u0c28\u0c4d\u0c28\u0c3f \u0c2a\u0c4a\u0c02\u0c26\u0c3f\u0c28 \u0c24\u0c30\u0c4d\u0c35\u0c3e\u0c24, \u0c2e\u0c47\u0c2e\u0c41 \u0c2e\u0c40\u0c15\u0c41 24 \u0c17\u0c02\u0c1f\u0c32\u0c4d\u0c32\u0c4b \u0c2a\u0c4d\u0c30\u0c24\u0c4d\u0c2f\u0c41\u0c24\u0c4d\u0c24\u0c30\u0c02 \u0c07\u0c38\u0c4d\u0c24\u0c3e\u0c2e\u0c41<br \/>\n2. \u0c2e\u0c40 \u0c15\u0c4b\u0c38\u0c02 \u0c38\u0c47\u0c35\u0c32\u0c28\u0c41 \u0c05\u0c02\u0c26\u0c3f\u0c02\u0c1a\u0c21\u0c3e\u0c28\u0c3f\u0c15\u0c3f \u0c2e\u0c3e\u0c15\u0c41 \u0c2a\u0c4d\u0c30\u0c4a\u0c2b\u0c46\u0c37\u0c28\u0c32\u0c4d \u0c38\u0c47\u0c32\u0c4d\u0c38\u0c4d \u0c1f\u0c40\u0c02 \u0c09\u0c02\u0c26\u0c3f<br \/>\n3. 2 \u0c38\u0c02\u0c35\u0c24\u0c4d\u0c38\u0c30\u0c3e\u0c32\u0c41 \u0c35\u0c3e\u0c30\u0c02\u0c1f\u0c40 \u0c38\u0c2e\u0c2f\u0c02 \u0c2e\u0c30\u0c3f\u0c2f\u0c41 \u0c05\u0c2e\u0c4d\u0c2e\u0c15\u0c3e\u0c32 \u0c24\u0c30\u0c41\u0c35\u0c3e\u0c24 \u0c38\u0c47\u0c35\u0c17\u0c3e \u0c06\u0c2b\u0c30\u0c4d \u0c1a\u0c47\u0c2f\u0c02\u0c21\u0c3f<\/p>\n<p>&nbsp;<\/p>\n<p><strong>\u0c15\u0c02\u0c2a\u0c46\u0c28\u0c40 \u0c38\u0c2e\u0c3e\u0c1a\u0c3e\u0c30\u0c02<\/strong><\/p>\n<p>\u0c1c\u0c46\u0c1c\u0c3f\u0c2f\u0c3e\u0c02\u0c17\u0c4d \u0c37\u0c41\u0c35\u0c3e\u0c02\u0c17\u0c4d\u0c2f\u0c3e\u0c02\u0c17\u0c4d \u0c17\u0c4d\u0c30\u0c42\u0c2a\u0c4d \u0c15\u0c4b.\u0c0e\u0c32\u0c4d\u0c1f\u0c3f\u0c21\u0c3f. 1986 \u0c32\u0c4b \u0c38\u0c4d\u0c25\u0c3e\u0c2a\u0c3f\u0c02\u0c1a\u0c2c\u0c21\u0c3f\u0c02\u0c26\u0c3f, \u0c07\u0c26\u0c3f \u0c12\u0c15 \u0c2a\u0c4d\u0c30\u0c48\u0c35\u0c47\u0c1f\u0c4d \u0c2f\u0c3e\u0c1c\u0c2e\u0c3e\u0c28\u0c4d\u0c2f\u0c02\u0c32\u0c4b\u0c28\u0c3f \u0c38\u0c02\u0c38\u0c4d\u0c25, \u0c07\u0c26\u0c3f 1998 \u0c32\u0c4b \u0c28\u0c3f\u0c02\u0c17\u0c4d\u0c2c\u0c4b \u0c38\u0c3f\u0c1f\u0c40 \u0c2f\u0c4a\u0c15\u0c4d\u0c15 \u0c38\u0c4d\u0c1f\u0c3e\u0c30\u0c4d \u0c0e\u0c02\u0c1f\u0c30\u0c4d\u0c2a\u0c4d\u0c30\u0c48\u0c1c\u0c4d, \u0c2e\u0c30\u0c3f\u0c2f\u0c41 ISO9001\/14000\/18000 \u0c1a\u0c47\u0c24 \u0c06\u0c2e\u0c4b\u0c26\u0c3f\u0c02\u0c1a\u0c2c\u0c21\u0c3f\u0c02\u0c26\u0c3f. \u0c2e\u0c47\u0c2e\u0c41 \u0c28\u0c3f\u0c02\u0c17\u0c4d\u0c2c\u0c4b \u0c38\u0c3f\u0c1f\u0c40\u0c32\u0c4b\u0c28\u0c3f \u0c38\u0c3f\u0c15\u0c4d\u0c38\u0c40\u0c32\u0c4b \u0c09\u0c28\u0c4d\u0c28\u0c3e\u0c2e\u0c41, \u0c07\u0c26\u0c3f \u0c28\u0c3f\u0c02\u0c17\u0c4d\u0c2c\u0c4b \u0c39\u0c3e\u0c30\u0c4d\u0c2c\u0c30\u0c4d \u0c2e\u0c30\u0c3f\u0c2f\u0c41 \u0c35\u0c3f\u0c2e\u0c3e\u0c28\u0c3e\u0c36\u0c4d\u0c30\u0c2f\u0c3e\u0c28\u0c3f\u0c15\u0c3f \u0c12\u0c15 \u0c17\u0c02\u0c1f, \u0c2e\u0c30\u0c3f\u0c2f\u0c41 \u0c37\u0c3e\u0c02\u0c18\u0c48\u0c15\u0c3f \u0c30\u0c46\u0c02\u0c21\u0c41 \u0c17\u0c02\u0c1f\u0c32\u0c41.<\/p>\n<p><a class=\"fancybox\" href=\"https:\/\/www.soyanggroup.com\/uploads\/11.jpg\" target=\"_blank\" rel=\"noopener\"><img decoding=\"async\" class=\"alignnone size-full wp-image-4014\" src=\"https:\/\/www.soyanggroup.com\/uploads\/11.jpg\" alt=\"\u00c4\u00da\u00d2\u00b3\u00d0\u00a7\u00b9\u00fb-1\" \/><\/a><br \/>\n\u0c07\u0c2a\u0c4d\u0c2a\u0c1f\u0c3f \u0c35\u0c30\u0c15\u0c41, \u0c30\u0c3f\u0c1c\u0c3f\u0c38\u0c4d\u0c1f\u0c30\u0c4d\u0c21\u0c4d \u0c15\u0c4d\u0c2f\u0c3e\u0c2a\u0c3f\u0c1f\u0c32\u0c4d 16 \u0c2e\u0c3f\u0c32\u0c3f\u0c2f\u0c28\u0c4d\u0c32\u0c15\u0c41 \u0c2a\u0c48\u0c17\u0c3e \u0c09\u0c02\u0c26\u0c3f. \u0c2e\u0c3e \u0c05\u0c02\u0c24\u0c38\u0c4d\u0c24\u0c41 \u0c2a\u0c4d\u0c30\u0c3e\u0c02\u0c24\u0c02 \u0c38\u0c41\u0c2e\u0c3e\u0c30\u0c41 120.000 \u0c1a\u0c26\u0c30\u0c2a\u0c41 \u0c2e\u0c40\u0c1f\u0c30\u0c4d\u0c32\u0c41, \u0c28\u0c3f\u0c30\u0c4d\u0c2e\u0c3e\u0c23 \u0c2a\u0c4d\u0c30\u0c3e\u0c02\u0c24\u0c02 85,000 \u0c1a\u0c26\u0c30\u0c2a\u0c41 \u0c2e\u0c40\u0c1f\u0c30\u0c4d\u0c32\u0c41. 2018 \u0c32\u0c4b, \u0c2e\u0c3e \u0c2e\u0c4a\u0c24\u0c4d\u0c24\u0c02 \u0c2e\u0c32\u0c41\u0c2a\u0c41 80 \u0c2e\u0c3f\u0c32\u0c3f\u0c2f\u0c28\u0c4d \u0c2f\u0c41\u0c0e\u0c38\u0c4d\u0c21\u0c4b\u0c32\u0c30\u0c4d. \u0c28\u0c3e\u0c23\u0c4d\u0c2f\u0c24\u0c15\u0c41 \u0c39\u0c3e\u0c2e\u0c40 \u0c07\u0c35\u0c4d\u0c35\u0c21\u0c3e\u0c28\u0c3f\u0c15\u0c3f \u0c2e\u0c3e\u0c15\u0c41 \u0c2a\u0c26\u0c3f R&amp;D \u0c35\u0c4d\u0c2f\u0c15\u0c4d\u0c24\u0c41\u0c32\u0c41 \u0c2e\u0c30\u0c3f\u0c2f\u0c41 100 QC \u0c32\u0c41 \u0c09\u0c28\u0c4d\u0c28\u0c3e\u0c2f\u0c3f, \u0c2a\u0c4d\u0c30\u0c24\u0c3f \u0c38\u0c02\u0c35\u0c24\u0c4d\u0c38\u0c30\u0c02, \u0c2e\u0c47\u0c2e\u0c41 \u0c2a\u0c4d\u0c30\u0c27\u0c3e\u0c28 \u0c24\u0c2f\u0c3e\u0c30\u0c40\u0c26\u0c3e\u0c30\u0c41\u0c17\u0c3e \u0c2a\u0c28\u0c3f\u0c1a\u0c47\u0c38\u0c47 \u0c2a\u0c26\u0c3f \u0c15\u0c4a\u0c24\u0c4d\u0c24 \u0c09\u0c24\u0c4d\u0c2a\u0c24\u0c4d\u0c24\u0c41\u0c32\u0c28\u0c41 \u0c30\u0c42\u0c2a\u0c15\u0c32\u0c4d\u0c2a\u0c28 \u0c1a\u0c47\u0c38\u0c3f \u0c05\u0c2d\u0c3f\u0c35\u0c43\u0c26\u0c4d\u0c27\u0c3f \u0c1a\u0c47\u0c38\u0c4d\u0c24\u0c3e\u0c2e\u0c41.<\/p>\n<p>\u0c2e\u0c3e \u0c2a\u0c4d\u0c30\u0c27\u0c3e\u0c28 \u0c09\u0c24\u0c4d\u0c2a\u0c24\u0c4d\u0c24\u0c41\u0c32\u0c41 \u0c1f\u0c48\u0c2e\u0c30\u0c4d\u0c32\u0c41, \u0c38\u0c3e\u0c15\u0c46\u0c1f\u0c4d\u0c32\u0c41, \u0c38\u0c4c\u0c15\u0c30\u0c4d\u0c2f\u0c35\u0c02\u0c24\u0c2e\u0c48\u0c28 \u0c24\u0c02\u0c24\u0c41\u0c32\u0c41, \u0c2a\u0c35\u0c30\u0c4d \u0c15\u0c3e\u0c30\u0c4d\u0c21\u0c4d\u0c38\u0c4d, \u0c2a\u0c4d\u0c32\u0c17\u0c4d\u0c38\u0c4d, \u0c0e\u0c15\u0c4d\u0c38\u0c4d\u200c\u0c1f\u0c46\u0c28\u0c4d\u0c37\u0c28\u0c4d \u0c38\u0c3e\u0c15\u0c46\u0c1f\u0c4d\u0c32\u0c41, \u0c15\u0c47\u0c2c\u0c41\u0c32\u0c4d \u0c30\u0c40\u0c32\u0c4d\u0c38\u0c4d \u0c2e\u0c30\u0c3f\u0c2f\u0c41 \u0c32\u0c48\u0c1f\u0c3f\u0c02\u0c17\u0c4d\u200c\u0c32\u0c41. \u0c2e\u0c47\u0c2e\u0c41 \u0c30\u0c4b\u0c1c\u0c41\u0c35\u0c3e\u0c30\u0c40 \u0c1f\u0c48\u0c2e\u0c30\u0c4d\u200c\u0c32\u0c41, \u0c2e\u0c46\u0c15\u0c3e\u0c28\u0c3f\u0c15\u0c32\u0c4d \u0c2e\u0c30\u0c3f\u0c2f\u0c41 \u0c21\u0c3f\u0c1c\u0c3f\u0c1f\u0c32\u0c4d \u0c1f\u0c48\u0c2e\u0c30\u0c4d\u200c\u0c32\u0c41 \u0c35\u0c02\u0c1f\u0c3f \u0c05\u0c28\u0c47\u0c15 \u0c30\u0c15\u0c3e\u0c32 \u0c1f\u0c48\u0c2e\u0c30\u0c4d\u200c\u0c32\u0c28\u0c41 \u0c38\u0c30\u0c2b\u0c30\u0c3e \u0c1a\u0c47\u0c2f\u0c35\u0c1a\u0c4d\u0c1a\u0c41, \u0c1f\u0c48\u0c2e\u0c30\u0c4d\u200c\u0c32\u0c28\u0c41 \u0c32\u0c46\u0c15\u0c4d\u0c15\u0c3f\u0c02\u0c1a\u0c35\u0c1a\u0c4d\u0c1a\u0c41, \u0c05\u0c28\u0c4d\u0c28\u0c3f \u0c30\u0c15\u0c3e\u0c32 \u0c38\u0c3e\u0c15\u0c46\u0c1f\u0c4d\u0c32\u0c24\u0c4b \u0c2a\u0c30\u0c3f\u0c36\u0c4d\u0c30\u0c2e \u0c1f\u0c48\u0c2e\u0c30\u0c4d\u200c\u0c32\u0c41. \u0c2e\u0c3e \u0c32\u0c15\u0c4d\u0c37\u0c4d\u0c2f \u0c2e\u0c3e\u0c30\u0c4d\u0c15\u0c46\u0c1f\u0c4d\u0c32\u0c41 \u0c2f\u0c42\u0c30\u0c4b\u0c2a\u0c3f\u0c2f\u0c28\u0c4d \u0c2e\u0c3e\u0c30\u0c4d\u0c15\u0c46\u0c1f\u0c4d \u0c2e\u0c30\u0c3f\u0c2f\u0c41 \u0c05\u0c2e\u0c46\u0c30\u0c3f\u0c15\u0c28\u0c4d \u0c2e\u0c3e\u0c30\u0c4d\u0c15\u0c46\u0c1f\u0c4d. \u0c2e\u0c3e \u0c09\u0c24\u0c4d\u0c2a\u0c24\u0c4d\u0c24\u0c41\u0c32\u0c41 CE, GS, D, N, S, NF, ETL, VDE, ROHS, REACK, PAHS \u0c2e\u0c30\u0c3f\u0c2f\u0c41 \u0c2e\u0c4a\u0c26\u0c32\u0c48\u0c28\u0c35\u0c3f \u0c06\u0c2e\u0c4b\u0c26\u0c3f\u0c02\u0c1a\u0c3e\u0c2f\u0c3f.<\/p>\n<p>\u0c2e\u0c3e \u0c15\u0c38\u0c4d\u0c1f\u0c2e\u0c30\u0c4d\u0c32\u0c32\u0c4b \u0c2e\u0c3e\u0c15\u0c41 \u0c2e\u0c02\u0c1a\u0c3f \u0c16\u0c4d\u0c2f\u0c3e\u0c24\u0c3f \u0c09\u0c02\u0c26\u0c3f. \u0c2e\u0c47\u0c2e\u0c41 \u0c0e\u0c32\u0c4d\u0c32\u0c2a\u0c4d\u0c2a\u0c41\u0c21\u0c42 \u0c2a\u0c30\u0c4d\u0c2f\u0c3e\u0c35\u0c30\u0c23\u0c02 \u0c2e\u0c30\u0c3f\u0c2f\u0c41 \u0c2e\u0c3e\u0c28\u0c35\u0c41\u0c28\u0c3f \u0c2d\u0c26\u0c4d\u0c30\u0c24\u0c2a\u0c48 \u0c26\u0c43\u0c37\u0c4d\u0c1f\u0c3f \u0c2a\u0c46\u0c21\u0c24\u0c3e\u0c2e\u0c41. \u0c1c\u0c40\u0c35\u0c28 \u0c28\u0c3e\u0c23\u0c4d\u0c2f\u0c24\u0c28\u0c41 \u0c2e\u0c46\u0c30\u0c41\u0c17\u0c41\u0c2a\u0c30\u0c1a\u0c21\u0c02 \u0c2e\u0c3e \u0c24\u0c41\u0c26\u0c3f \u0c09\u0c26\u0c4d\u0c26\u0c47\u0c36\u0c4d\u0c2f\u0c02.<\/p>\n<p>\u0c2a\u0c35\u0c30\u0c4d \u0c15\u0c3e\u0c30\u0c4d\u0c21\u0c4d\u0c38\u0c4d, \u0c0e\u0c15\u0c4d\u0c38\u0c4d\u200c\u0c1f\u0c46\u0c28\u0c4d\u0c37\u0c28\u0c4d \u0c24\u0c4d\u0c30\u0c3e\u0c21\u0c41\u0c32\u0c41 \u0c2e\u0c30\u0c3f\u0c2f\u0c41 \u0c15\u0c47\u0c2c\u0c41\u0c32\u0c4d \u0c30\u0c40\u0c32\u0c4d\u0c38\u0c4d \u0c2e\u0c3e \u0c2a\u0c4d\u0c30\u0c27\u0c3e\u0c28 \u0c35\u0c4d\u0c2f\u0c3e\u0c2a\u0c3e\u0c30\u0c02, \u0c2e\u0c47\u0c2e\u0c41 \u0c2a\u0c4d\u0c30\u0c24\u0c3f \u0c38\u0c02\u0c35\u0c24\u0c4d\u0c38\u0c30\u0c02 \u0c2f\u0c42\u0c30\u0c4b\u0c2a\u0c3f\u0c2f\u0c28\u0c4d \u0c2e\u0c3e\u0c30\u0c4d\u0c15\u0c46\u0c1f\u0c4d \u0c28\u0c41\u0c02\u0c21\u0c3f \u0c2a\u0c4d\u0c30\u0c2e\u0c4b\u0c37\u0c28\u0c4d \u0c06\u0c30\u0c4d\u0c21\u0c30\u0c4d\u200c\u0c32\u0c28\u0c41 \u0c24\u0c2f\u0c3e\u0c30\u0c41\u0c1a\u0c47\u0c38\u0c47 \u0c2a\u0c4d\u0c30\u0c27\u0c3e\u0c28 \u0c24\u0c2f\u0c3e\u0c30\u0c40\u0c26\u0c3e\u0c30\u0c41. \u0c1f\u0c4d\u0c30\u0c47\u0c21\u0c4d\u0c2e\u0c3e\u0c30\u0c4d\u0c15\u0c4d\u0c28\u0c41 \u0c30\u0c15\u0c4d\u0c37\u0c3f\u0c02\u0c1a\u0c21\u0c3e\u0c28\u0c3f\u0c15\u0c3f \u0c2e\u0c47\u0c2e\u0c41 \u0c1c\u0c30\u0c4d\u0c2e\u0c28\u0c40\u0c32\u0c4b VDE \u0c17\u0c4d\u0c32\u0c4b\u0c2c\u0c32\u0c4d \u0c38\u0c30\u0c4d\u0c35\u0c40\u0c38\u0c4d\u200c\u0c24\u0c4b \u0c38\u0c39\u0c15\u0c30\u0c3f\u0c02\u0c1a\u0c3f\u0c28 \u0c05\u0c17\u0c4d\u0c30\u0c38\u0c4d\u0c25\u0c3e\u0c28\u0c02\u0c32\u0c4b \u0c09\u0c28\u0c4d\u0c28\u0c3e\u0c2e\u0c41.<\/p>\n<p>\u0c2a\u0c30\u0c38\u0c4d\u0c2a\u0c30 \u0c2a\u0c4d\u0c30\u0c2f\u0c4b\u0c1c\u0c28\u0c02 \u0c2e\u0c30\u0c3f\u0c2f\u0c41 \u0c09\u0c1c\u0c4d\u0c35\u0c32 \u0c2d\u0c35\u0c3f\u0c37\u0c4d\u0c2f\u0c24\u0c4d\u0c24\u0c41 \u0c15\u0c4b\u0c38\u0c02 \u0c35\u0c3f\u0c28\u0c3f\u0c2f\u0c4b\u0c17\u0c26\u0c3e\u0c30\u0c41\u0c32\u0c02\u0c26\u0c30\u0c3f\u0c24\u0c4b \u0c38\u0c39\u0c15\u0c30\u0c3f\u0c02\u0c1a\u0c21\u0c3e\u0c28\u0c3f\u0c15\u0c3f \u0c39\u0c43\u0c26\u0c2f\u0c2a\u0c42\u0c30\u0c4d\u0c35\u0c15\u0c02\u0c17\u0c3e \u0c38\u0c4d\u0c35\u0c3e\u0c17\u0c24\u0c02.<\/p>\n<p>&nbsp;<\/p>\n<p><strong>\u0c24\u0c30\u0c1a\u0c41\u0c17\u0c3e \u0c05\u0c21\u0c3f\u0c17\u0c47 \u0c2a\u0c4d\u0c30\u0c36\u0c4d\u0c28\u0c32\u0c41<\/strong><br \/>\nQ1. \u0c2e\u0c40\u0c30\u0c41 \u0c28\u0c2e\u0c42\u0c28\u0c3e \u0c15\u0c4d\u0c30\u0c2e\u0c3e\u0c28\u0c4d\u0c28\u0c3f \u0c05\u0c02\u0c17\u0c40\u0c15\u0c30\u0c3f\u0c02\u0c1a\u0c17\u0c32\u0c30\u0c3e?<\/p>\n<p>\u0c1c: \u0c05\u0c35\u0c41\u0c28\u0c41, \u0c16\u0c1a\u0c4d\u0c1a\u0c3f\u0c24\u0c02\u0c17\u0c3e, \u0c2e\u0c47\u0c2e\u0c41 \u0c28\u0c2e\u0c42\u0c28\u0c3e \u0c15\u0c4d\u0c30\u0c2e\u0c3e\u0c28\u0c4d\u0c28\u0c3f \u0c05\u0c02\u0c17\u0c40\u0c15\u0c30\u0c3f\u0c38\u0c4d\u0c24\u0c3e\u0c2e\u0c41.<\/p>\n<p>&nbsp;<\/p>\n<p>Q2. \u0c2e\u0c2e\u0c4d\u0c2e\u0c32\u0c4d\u0c28\u0c3f \u0c0e\u0c32\u0c3e \u0c12\u0c2a\u0c4d\u0c2a\u0c02\u0c26\u0c02 \u0c15\u0c41\u0c26\u0c41\u0c30\u0c4d\u0c1a\u0c41\u0c15\u0c4b\u0c35\u0c3e\u0c32\u0c3f?<\/p>\n<p>\u0c1c: \u0c2e\u0c40\u0c30\u0c41 \u0c2e\u0c3e\u0c15\u0c41 \u0c2e\u0c46\u0c2f\u0c3f\u0c32\u0c4d \u0c2a\u0c02\u0c2a\u0c35\u0c1a\u0c4d\u0c1a\u0c41 \u0c32\u0c47\u0c26\u0c3e \u0c15\u0c3e\u0c32\u0c4d \u0c1a\u0c47\u0c2f\u0c35\u0c1a\u0c4d\u0c1a\u0c41.<\/p>","protected":false},"excerpt":{"rendered":"<p>\u0c39\u0c4b\u0c2e\u0c4d \u0c2f\u0c41\u0c0e\u0c38\u0c4d\u200c\u0c2c\u0c3f \u0c1b\u0c3e\u0c30\u0c4d\u0c1c\u0c30\u0c4d \u0c2e\u0c3f\u0c28\u0c40 \u0c38\u0c3e\u0c15\u0c46\u0c1f\u0c4d \u0c2a\u0c4d\u0c32\u0c17\u0c4d<br \/>\nIOS \u0c2e\u0c30\u0c3f\u0c2f\u0c41 Android \u0c2a\u0c30\u0c3f\u0c15\u0c30\u0c3e\u0c32\u0c41 \u0c05\u0c28\u0c41\u0c15\u0c42\u0c32\u0c02\u0c17\u0c3e \u0c09\u0c02\u0c1f\u0c3e\u0c2f\u0c3f,<br \/>\n\u0c15\u0c32\u0c3f\u0c38\u0c3f \u0c35\u0c38\u0c42\u0c32\u0c41 \u0c1a\u0c47\u0c2f\u0c21\u0c3e\u0c28\u0c3f\u0c15\u0c3f \u0c30\u0c46\u0c02\u0c21\u0c41 \u0c2a\u0c30\u0c3f\u0c15\u0c30\u0c3e\u0c32\u0c15\u0c41 \u0c2e\u0c26\u0c4d\u0c26\u0c24\u0c41 \u0c07\u0c35\u0c4d\u0c35\u0c02\u0c21\u0c3f \u0c15\u0c37\u0c4d\u0c1f\u0c2e\u0c48\u0c28 \u0c1b\u0c3e\u0c30\u0c4d\u0c1c\u0c3f\u0c02\u0c17\u0c4d \u0c38\u0c2e\u0c38\u0c4d\u0c2f\u0c28\u0c41 \u0c2a\u0c30\u0c3f\u0c37\u0c4d\u0c15\u0c30\u0c3f\u0c02\u0c1a\u0c02\u0c21\u0c3f<\/p>","protected":false},"featured_media":270,"template":"","meta":[],"product_cat":[24],"product_tag":[],"class_list":{"0":"post-266","1":"product","2":"type-product","3":"status-publish","4":"has-post-thumbnail","6":"product_cat-socketplug","8":"first","9":"instock","10":"shipping-taxable","11":"product-type-simple"},"_links":{"self":[{"href":"https:\/\/www.soyang-group.com\/te\/wp-json\/wp\/v2\/product\/266","targetHints":{"allow":["GET"]}}],"collection":[{"href":"https:\/\/www.soyang-group.com\/te\/wp-json\/wp\/v2\/product"}],"about":[{"href":"https:\/\/www.soyang-group.com\/te\/wp-json\/wp\/v2\/types\/product"}],"version-history":[{"count":0,"href":"https:\/\/www.soyang-group.com\/te\/wp-json\/wp\/v2\/product\/266\/revisions"}],"wp:featuredmedia":[{"embeddable":true,"href":"https:\/\/www.soyang-group.com\/te\/wp-json\/wp\/v2\/media\/270"}],"wp:attachment":[{"href":"https:\/\/www.soyang-group.com\/te\/wp-json\/wp\/v2\/media?parent=266"}],"wp:term":[{"taxonomy":"product_cat","embeddable":true,"href":"https:\/\/www.soyang-group.com\/te\/wp-json\/wp\/v2\/product_cat?post=266"},{"taxonomy":"product_tag","embeddable":true,"href":"https:\/\/www.soyang-group.com\/te\/wp-json\/wp\/v2\/product_tag?post=266"}],"curies":[{"name":"wp","href":"https:\/\/api.w.org\/{rel}","templated":true}]}}