{"id":266,"date":"2024-12-12T13:10:17","date_gmt":"2024-12-12T05:10:17","guid":{"rendered":"https:\/\/shuangy.gg12.globaldeepsea.site\/?post_type=product&#038;p=266"},"modified":"2024-12-12T13:10:17","modified_gmt":"2024-12-12T05:10:17","slug":"2-1a-usb-socket","status":"publish","type":"product","link":"https:\/\/www.soyang-group.com\/th\/product\/2-1a-usb-socket\/","title":{"rendered":"2.1A \u0e0b\u0e47\u0e2d\u0e01\u0e40\u0e01\u0e47\u0e15 USB"},"content":{"rendered":"<p><strong>\u0e20\u0e32\u0e1e\u0e23\u0e27\u0e21<\/strong><\/p>\n<p><strong>\u0e23\u0e32\u0e22\u0e25\u0e30\u0e40\u0e2d\u0e35\u0e22\u0e14\u0e14\u0e48\u0e27\u0e19<\/strong><br \/>\nPlace of Origin: Zhejiang, China<br \/>\n\u0e0a\u0e37\u0e48\u0e2d\u0e41\u0e1a\u0e23\u0e19\u0e14\u0e4c: Soyang<br \/>\n\u0e2b\u0e21\u0e32\u0e22\u0e40\u0e25\u0e02\u0e23\u0e38\u0e48\u0e19: USB-D2<br \/>\nDC: 5V AC<br \/>\nMax:2.1A<br \/>\n\u0e2a\u0e35: \u0e2a\u0e35\u0e02\u0e32\u0e27<br \/>\n\u0e41\u0e2d\u0e1b\u0e1e\u0e25\u0e34\u0e40\u0e04\u0e0a\u0e31\u0e19: \u0e2a\u0e27\u0e34\u0e15\u0e0a\u0e4c\u0e08\u0e31\u0e1a\u0e40\u0e27\u0e25\u0e32<\/p>\n<p><strong>\u0e04\u0e27\u0e32\u0e21\u0e2a\u0e32\u0e21\u0e32\u0e23\u0e16\u0e43\u0e19\u0e01\u0e32\u0e23\u0e08\u0e31\u0e14\u0e2b\u0e32<\/strong><br \/>\n\u0e04\u0e27\u0e32\u0e21\u0e2a\u0e32\u0e21\u0e32\u0e23\u0e16\u0e43\u0e19\u0e01\u0e32\u0e23\u0e08\u0e31\u0e14\u0e2b\u0e32: 100000 \u0e0a\u0e34\u0e49\u0e19\/\u0e0a\u0e34\u0e49\u0e19\u0e15\u0e48\u0e2d\u0e40\u0e14\u0e37\u0e2d\u0e19<\/p>\n<p><strong>\u0e1a\u0e23\u0e23\u0e08\u0e38\u0e20\u0e31\u0e13\u0e11\u0e4c\u0e41\u0e25\u0e30\u0e01\u0e32\u0e23\u0e08\u0e31\u0e14\u0e2a\u0e48\u0e07<\/strong><br \/>\n\u0e23\u0e32\u0e22\u0e25\u0e30\u0e40\u0e2d\u0e35\u0e22\u0e14\u0e1a\u0e23\u0e23\u0e08\u0e38\u0e20\u0e31\u0e13\u0e11\u0e4c: Blister \u0e2a\u0e2d\u0e07\u0e04\u0e23\u0e31\u0e49\u0e07, 10pcs\/ Inner Box, 60pcs\/ outer carton<br \/>\n\u0e1e\u0e2d\u0e23\u0e4c\u0e15: \u0e2b\u0e19\u0e34\u0e07\u0e42\u0e1a\/\u0e40\u0e0b\u0e35\u0e48\u0e22\u0e07\u0e44\u0e2e\u0e49<br \/>\n\u0e40\u0e27\u0e25\u0e32\u0e19\u0e33 :<br \/>\n\u0e1b\u0e23\u0e34\u0e21\u0e32\u0e13 (\u0e0a\u0e34\u0e49\u0e19) 1 - 10,000&gt; 10,000<br \/>\nEST \u0e40\u0e27\u0e25\u0e32 (\u0e27\u0e31\u0e19) 60 \u0e17\u0e35\u0e48\u0e08\u0e30\u0e40\u0e08\u0e23\u0e08\u0e32\u0e15\u0e48\u0e2d\u0e23\u0e2d\u0e07<\/p>\n<p>&nbsp;<\/p>\n<p><strong>\u0e23\u0e32\u0e22\u0e25\u0e30\u0e40\u0e2d\u0e35\u0e22\u0e14\u0e1c\u0e25\u0e34\u0e15\u0e20\u0e31\u0e13\u0e11\u0e4c\u0e23\u0e32\u0e22\u0e25\u0e30\u0e40\u0e2d\u0e35\u0e22\u0e14<\/strong><\/p>\n<p><strong>2.1A \u0e0b\u0e47\u0e2d\u0e01\u0e40\u0e01\u0e47\u0e15 USB<\/strong><br \/>\n\u0e2b\u0e21\u0e32\u0e22\u0e40\u0e25\u0e02\u0e23\u0e38\u0e48\u0e19: USB-D2<br \/>\n\u0e40\u0e27\u0e2d\u0e23\u0e4c\u0e0a\u0e31\u0e19\u0e40\u0e22\u0e2d\u0e23\u0e21\u0e19\u0e35<br \/>\n\u0e41\u0e1a\u0e23\u0e19\u0e14\u0e4c\u0e0a\u0e37\u0e48\u0e2d: Shuangyang<br \/>\n\u0e01\u0e32\u0e23\u0e43\u0e0a\u0e49\u0e07\u0e32\u0e19: \u0e0b\u0e47\u0e2d\u0e01\u0e40\u0e01\u0e47\u0e15\u0e0a\u0e32\u0e23\u0e4c\u0e08<br \/>\n\u0e17\u0e24\u0e29\u0e0e\u0e35: \u0e40\u0e04\u0e23\u0e37\u0e48\u0e2d\u0e07\u0e08\u0e31\u0e01\u0e23\u0e01\u0e25<br \/>\n\u0e04\u0e33\u0e2d\u0e18\u0e34\u0e1a\u0e32\u0e22\u0e41\u0e25\u0e30\u0e04\u0e38\u0e13\u0e2a\u0e21\u0e1a\u0e31\u0e15\u0e34<br \/>\n1.max: 2.1a<br \/>\n2.DC: 5V<br \/>\n3. \u0e02\u0e19\u0e32\u0e14\u0e2b\u0e19\u0e48\u0e27\u0e22:<\/p>\n<p><a class=\"fancybox\" href=\"https:\/\/www.soyanggroup.com\/uploads\/125.jpg\" target=\"_blank\" rel=\"noopener\"><img decoding=\"async\" class=\"alignnone size-full wp-image-4344\" src=\"https:\/\/www.soyanggroup.com\/uploads\/125.jpg\" alt=\"1\" \/><\/a><\/p>\n<p>4. \u0e04\u0e27\u0e32\u0e21\u0e2a\u0e32\u0e21\u0e32\u0e23\u0e16\u0e43\u0e19\u0e01\u0e32\u0e23\u0e08\u0e31\u0e14\u0e2b\u0e32: 100000 \u0e0a\u0e34\u0e49\u0e19\/\u0e0a\u0e34\u0e49\u0e19\u0e15\u0e48\u0e2d\u0e40\u0e14\u0e37\u0e2d\u0e19\u0e08\u0e31\u0e1a\u0e40\u0e27\u0e25\u0e32<br \/>\n5. \u0e04\u0e27\u0e32\u0e21\u0e2a\u0e32\u0e21\u0e32\u0e23\u0e16\u0e17\u0e35\u0e48\u0e21\u0e35\u0e2d\u0e22\u0e39\u0e48\u0e2a\u0e33\u0e2b\u0e23\u0e31\u0e1a\u0e01\u0e32\u0e23\u0e2d\u0e2d\u0e01\u0e41\u0e1a\u0e1a\u0e2d\u0e37\u0e48\u0e19: Gemany \u0e40\u0e27\u0e2d\u0e23\u0e4c\u0e0a\u0e31\u0e19\u0e40\u0e14\u0e19\u0e21\u0e32\u0e23\u0e4c\u0e01\u0e40\u0e27\u0e2d\u0e23\u0e4c\u0e0a\u0e31\u0e19\u0e1d\u0e23\u0e31\u0e48\u0e07\u0e40\u0e28\u0e2a\u0e40\u0e27\u0e2d\u0e23\u0e4c\u0e0a\u0e31\u0e19<\/p>\n<p>&nbsp;<\/p>\n<p><strong>\u0e02\u0e49\u0e2d\u0e21\u0e39\u0e25\u0e08\u0e33\u0e40\u0e1e\u0e32\u0e30<\/strong><br \/>\n\u0e41\u0e1e\u0e47\u0e04\u0e40\u0e01\u0e08: \u0e15\u0e38\u0e48\u0e21\u0e04\u0e39\u0e48<br \/>\n\u0e08\u0e33\u0e19\u0e27\u0e19\/\u0e01\u0e25\u0e48\u0e2d\u0e07: 10pcs<br \/>\n\u0e08\u0e33\u0e19\u0e27\u0e19\/ctn: 60pcs<br \/>\nGW: 5.8kg<br \/>\nNW: 4.8 \u0e01\u0e34\u0e42\u0e25\u0e01\u0e23\u0e31\u0e21<br \/>\n\u0e02\u0e19\u0e32\u0e14\u0e01\u0e25\u0e48\u0e2d\u0e07: 38*73*23 \u0e0b\u0e21.<br \/>\n\u0e08\u0e33\u0e19\u0e27\u0e19\/20 \u2032: 23,040pcs<br \/>\n\u0e01\u0e32\u0e23\u0e23\u0e31\u0e1a\u0e23\u0e2d\u0e07: GS, CE, ROHS, REACH, PAHS<\/p>\n<p>&nbsp;<\/p>\n<p><strong>\u0e08\u0e38\u0e14\u0e02\u0e32\u0e22<\/strong><br \/>\n1. \u0e04\u0e38\u0e13\u0e20\u0e32\u0e1e\u0e2a\u0e39\u0e07<br \/>\n2. \u0e23\u0e32\u0e04\u0e32\u0e17\u0e35\u0e48\u0e19\u0e48\u0e32\u0e1e\u0e2d\u0e43\u0e08<br \/>\n3. \u0e1c\u0e25\u0e34\u0e15\u0e20\u0e31\u0e13\u0e11\u0e4c\u0e17\u0e35\u0e48\u0e2b\u0e25\u0e32\u0e01\u0e2b\u0e25\u0e32\u0e22\u0e21\u0e32\u0e01<br \/>\n4. \u0e01\u0e32\u0e23\u0e2d\u0e2d\u0e01\u0e41\u0e1a\u0e1a\u0e17\u0e35\u0e48\u0e19\u0e48\u0e32\u0e2a\u0e19\u0e43\u0e08<br \/>\n5. \u0e40\u0e17\u0e04\u0e42\u0e19\u0e42\u0e25\u0e22\u0e35\u0e17\u0e35\u0e48\u0e40\u0e1b\u0e47\u0e19\u0e21\u0e34\u0e15\u0e23\u0e01\u0e31\u0e1a\u0e2a\u0e34\u0e48\u0e07\u0e41\u0e27\u0e14\u0e25\u0e49\u0e2d\u0e21<br \/>\n6. \u0e43\u0e2b\u0e49\u0e1a\u0e23\u0e34\u0e01\u0e32\u0e23 OEM \u0e41\u0e25\u0e30 ODM<\/p>\n<p>&nbsp;<\/p>\n<p><strong>\u0e1a\u0e23\u0e23\u0e08\u0e38\u0e20\u0e31\u0e13\u0e11\u0e4c\u0e41\u0e25\u0e30\u0e01\u0e32\u0e23\u0e0a\u0e33\u0e23\u0e30\u0e40\u0e07\u0e34\u0e19\u0e41\u0e25\u0e30\u0e01\u0e32\u0e23\u0e08\u0e31\u0e14\u0e2a\u0e48\u0e07<\/strong><br \/>\n\u0e23\u0e32\u0e22\u0e25\u0e30\u0e40\u0e2d\u0e35\u0e22\u0e14\u0e1a\u0e23\u0e23\u0e08\u0e38\u0e20\u0e31\u0e13\u0e11\u0e4c: \u0e01\u0e25\u0e48\u0e2d\u0e07\u0e2a\u0e35\u0e02\u0e32\u0e27<br \/>\n\u0e27\u0e34\u0e18\u0e35\u0e01\u0e32\u0e23\u0e0a\u0e33\u0e23\u0e30\u0e40\u0e07\u0e34\u0e19: \u0e25\u0e48\u0e27\u0e07\u0e2b\u0e19\u0e49\u0e32 TT, T\/T, L\/C<br \/>\n\u0e01\u0e32\u0e23\u0e08\u0e31\u0e14\u0e2a\u0e48\u0e07: 30-45 \u0e27\u0e31\u0e19\u0e2b\u0e25\u0e31\u0e07\u0e08\u0e32\u0e01\u0e44\u0e14\u0e49\u0e23\u0e31\u0e1a\u0e40\u0e07\u0e34\u0e19\u0e1d\u0e32\u0e01<br \/>\n\u0e1e\u0e2d\u0e23\u0e4c\u0e15: \u0e2b\u0e19\u0e34\u0e07\u0e42\u0e1a\u0e2b\u0e23\u0e37\u0e2d\u0e40\u0e0b\u0e35\u0e48\u0e22\u0e07\u0e44\u0e2e\u0e49<\/p>\n<p>&nbsp;<\/p>\n<p><strong>\u0e1a\u0e23\u0e34\u0e01\u0e32\u0e23\u0e02\u0e2d\u0e07\u0e40\u0e23\u0e32<\/strong><br \/>\n1. \u0e40\u0e21\u0e37\u0e48\u0e2d\u0e44\u0e14\u0e49\u0e23\u0e31\u0e1a\u0e02\u0e49\u0e2d\u0e04\u0e27\u0e32\u0e21\u0e02\u0e2d\u0e07\u0e04\u0e38\u0e13\u0e40\u0e23\u0e32\u0e08\u0e30\u0e15\u0e2d\u0e1a\u0e01\u0e25\u0e31\u0e1a\u0e04\u0e38\u0e13\u0e43\u0e19 24 \u0e0a\u0e31\u0e48\u0e27\u0e42\u0e21\u0e07<br \/>\n2. \u0e40\u0e23\u0e32\u0e21\u0e35\u0e17\u0e35\u0e21\u0e02\u0e32\u0e22\u0e21\u0e37\u0e2d\u0e2d\u0e32\u0e0a\u0e35\u0e1e\u0e17\u0e35\u0e48\u0e08\u0e30\u0e43\u0e2b\u0e49\u0e1a\u0e23\u0e34\u0e01\u0e32\u0e23\u0e2a\u0e33\u0e2b\u0e23\u0e31\u0e1a\u0e04\u0e38\u0e13<br \/>\n3. \u0e02\u0e49\u0e2d\u0e40\u0e2a\u0e19\u0e2d 2 \u0e1b\u0e35\u0e40\u0e1b\u0e47\u0e19\u0e40\u0e27\u0e25\u0e32\u0e23\u0e31\u0e1a\u0e1b\u0e23\u0e30\u0e01\u0e31\u0e19\u0e41\u0e25\u0e30\u0e1a\u0e23\u0e34\u0e01\u0e32\u0e23\u0e2b\u0e25\u0e31\u0e07\u0e01\u0e32\u0e23\u0e02\u0e32\u0e22<\/p>\n<p>&nbsp;<\/p>\n<p><strong>\u0e02\u0e49\u0e2d\u0e21\u0e39\u0e25 \u0e1a\u0e23\u0e34\u0e29\u0e31\u0e17<\/strong><\/p>\n<p>Zhejiang Shuangyang Group Co.Ltd \u0e01\u0e48\u0e2d\u0e15\u0e31\u0e49\u0e07\u0e02\u0e36\u0e49\u0e19\u0e43\u0e19\u0e1b\u0e35 2529 \u0e40\u0e1b\u0e47\u0e19\u0e2d\u0e07\u0e04\u0e4c\u0e01\u0e23\u0e40\u0e2d\u0e01\u0e0a\u0e19\u0e0b\u0e36\u0e48\u0e07\u0e40\u0e1b\u0e47\u0e19\u0e2b\u0e19\u0e36\u0e48\u0e07\u0e43\u0e19\u0e2d\u0e07\u0e04\u0e4c\u0e01\u0e23\u0e14\u0e32\u0e27\u0e41\u0e2b\u0e48\u0e07\u0e2b\u0e19\u0e34\u0e07\u0e42\u0e1a\u0e43\u0e19\u0e1b\u0e35 2541 \u0e41\u0e25\u0e30\u0e44\u0e14\u0e49\u0e23\u0e31\u0e1a\u0e01\u0e32\u0e23\u0e2d\u0e19\u0e38\u0e21\u0e31\u0e15\u0e34\u0e08\u0e32\u0e01 ISO9001\/14000\/18000 \u0e40\u0e23\u0e32\u0e15\u0e31\u0e49\u0e07\u0e2d\u0e22\u0e39\u0e48\u0e43\u0e19 Cixi, Ningbo City \u0e0b\u0e36\u0e48\u0e07\u0e43\u0e0a\u0e49\u0e40\u0e27\u0e25\u0e32\u0e40\u0e1e\u0e35\u0e22\u0e07\u0e2b\u0e19\u0e36\u0e48\u0e07\u0e0a\u0e31\u0e48\u0e27\u0e42\u0e21\u0e07\u0e44\u0e1b\u0e22\u0e31\u0e07\u0e17\u0e48\u0e32\u0e40\u0e23\u0e37\u0e2d Ningbo \u0e41\u0e25\u0e30\u0e2a\u0e19\u0e32\u0e21\u0e1a\u0e34\u0e19\u0e41\u0e25\u0e30\u0e2a\u0e2d\u0e07\u0e0a\u0e31\u0e48\u0e27\u0e42\u0e21\u0e07\u0e16\u0e36\u0e07\u0e40\u0e0b\u0e35\u0e48\u0e22\u0e07\u0e44\u0e2e\u0e49<\/p>\n<p><a class=\"fancybox\" href=\"https:\/\/www.soyanggroup.com\/uploads\/11.jpg\" target=\"_blank\" rel=\"noopener\"><img decoding=\"async\" class=\"alignnone size-full wp-image-4014\" src=\"https:\/\/www.soyanggroup.com\/uploads\/11.jpg\" alt=\"\u00c4\u00da\u00d2\u00b3\u00d0\u00a7\u00b9\u00fb-1\" \/><\/a><br \/>\n\u0e08\u0e19\u0e16\u0e36\u0e07\u0e15\u0e2d\u0e19\u0e19\u0e35\u0e49\u0e40\u0e21\u0e37\u0e2d\u0e07\u0e2b\u0e25\u0e27\u0e07\u0e17\u0e35\u0e48\u0e08\u0e14\u0e17\u0e30\u0e40\u0e1a\u0e35\u0e22\u0e19\u0e21\u0e32\u0e01\u0e01\u0e27\u0e48\u0e32 16 \u0e25\u0e49\u0e32\u0e19\u0e40\u0e2b\u0e23\u0e35\u0e22\u0e0d\u0e2a\u0e2b\u0e23\u0e31\u0e10 \u0e1e\u0e37\u0e49\u0e19\u0e17\u0e35\u0e48\u0e1e\u0e37\u0e49\u0e19\u0e02\u0e2d\u0e07\u0e40\u0e23\u0e32\u0e2d\u0e22\u0e39\u0e48\u0e17\u0e35\u0e48\u0e1b\u0e23\u0e30\u0e21\u0e32\u0e13 120.000 \u0e15\u0e32\u0e23\u0e32\u0e07\u0e40\u0e21\u0e15\u0e23\u0e41\u0e25\u0e30\u0e1e\u0e37\u0e49\u0e19\u0e17\u0e35\u0e48\u0e01\u0e48\u0e2d\u0e2a\u0e23\u0e49\u0e32\u0e07\u0e2d\u0e22\u0e39\u0e48\u0e17\u0e35\u0e48\u0e1b\u0e23\u0e30\u0e21\u0e32\u0e13 85,000 \u0e15\u0e32\u0e23\u0e32\u0e07\u0e40\u0e21\u0e15\u0e23 \u0e43\u0e19\u0e1b\u0e35 2561 \u0e01\u0e32\u0e23\u0e40\u0e25\u0e35\u0e49\u0e22\u0e27\u0e17\u0e31\u0e49\u0e07\u0e2b\u0e21\u0e14\u0e02\u0e2d\u0e07\u0e40\u0e23\u0e32\u0e04\u0e37\u0e2d 80 \u0e25\u0e49\u0e32\u0e19\u0e40\u0e2b\u0e23\u0e35\u0e22\u0e0d\u0e2a\u0e2b\u0e23\u0e31\u0e10 \u0e40\u0e23\u0e32\u0e21\u0e35\u0e1a\u0e38\u0e04\u0e04\u0e25 R&amp;D \u0e2a\u0e34\u0e1a\u0e04\u0e19\u0e41\u0e25\u0e30\u0e21\u0e32\u0e01\u0e01\u0e27\u0e48\u0e32 100 QCs \u0e40\u0e1e\u0e37\u0e48\u0e2d\u0e23\u0e31\u0e1a\u0e1b\u0e23\u0e30\u0e01\u0e31\u0e19\u0e04\u0e38\u0e13\u0e20\u0e32\u0e1e\u0e43\u0e19\u0e41\u0e15\u0e48\u0e25\u0e30\u0e1b\u0e35\u0e40\u0e23\u0e32\u0e2d\u0e2d\u0e01\u0e41\u0e1a\u0e1a\u0e41\u0e25\u0e30\u0e1e\u0e31\u0e12\u0e19\u0e32\u0e1c\u0e25\u0e34\u0e15\u0e20\u0e31\u0e13\u0e11\u0e4c\u0e43\u0e2b\u0e21\u0e48\u0e01\u0e27\u0e48\u0e32\u0e2a\u0e34\u0e1a\u0e23\u0e32\u0e22\u0e01\u0e32\u0e23\u0e17\u0e35\u0e48\u0e17\u0e33\u0e2b\u0e19\u0e49\u0e32\u0e17\u0e35\u0e48\u0e40\u0e1b\u0e47\u0e19\u0e1c\u0e39\u0e49\u0e1c\u0e25\u0e34\u0e15\u0e2b\u0e25\u0e31\u0e01<\/p>\n<p>\u0e1c\u0e25\u0e34\u0e15\u0e20\u0e31\u0e13\u0e11\u0e4c\u0e2b\u0e25\u0e31\u0e01\u0e02\u0e2d\u0e07\u0e40\u0e23\u0e32\u0e04\u0e37\u0e2d\u0e15\u0e31\u0e27\u0e08\u0e31\u0e1a\u0e40\u0e27\u0e25\u0e32, \u0e0b\u0e47\u0e2d\u0e01\u0e40\u0e01\u0e47\u0e15, \u0e2a\u0e32\u0e22\u0e40\u0e04\u0e40\u0e1a\u0e34\u0e25\u0e17\u0e35\u0e48\u0e22\u0e37\u0e14\u0e2b\u0e22\u0e38\u0e48\u0e19, \u0e2a\u0e32\u0e22\u0e44\u0e1f, \u0e1b\u0e25\u0e31\u0e4a\u0e01, \u0e0b\u0e47\u0e2d\u0e01\u0e40\u0e01\u0e47\u0e15\u0e02\u0e22\u0e32\u0e22, \u0e27\u0e07\u0e08\u0e23\u0e2a\u0e32\u0e22\u0e40\u0e04\u0e40\u0e1a\u0e34\u0e25\u0e41\u0e25\u0e30\u0e41\u0e2a\u0e07\u0e2a\u0e27\u0e48\u0e32\u0e07 \u0e40\u0e23\u0e32\u0e2a\u0e32\u0e21\u0e32\u0e23\u0e16\u0e08\u0e31\u0e14\u0e2b\u0e32\u0e15\u0e31\u0e27\u0e08\u0e31\u0e1a\u0e40\u0e27\u0e25\u0e32\u0e2b\u0e25\u0e32\u0e22\u0e1b\u0e23\u0e30\u0e40\u0e20\u0e17\u0e40\u0e0a\u0e48\u0e19\u0e15\u0e31\u0e27\u0e08\u0e31\u0e1a\u0e40\u0e27\u0e25\u0e32\u0e23\u0e32\u0e22\u0e27\u0e31\u0e19\u0e40\u0e04\u0e23\u0e37\u0e48\u0e2d\u0e07\u0e08\u0e31\u0e1a\u0e40\u0e27\u0e25\u0e32\u0e40\u0e04\u0e23\u0e37\u0e48\u0e2d\u0e07\u0e01\u0e25\u0e41\u0e25\u0e30\u0e14\u0e34\u0e08\u0e34\u0e15\u0e2d\u0e25\u0e19\u0e31\u0e1a\u0e15\u0e31\u0e27\u0e08\u0e31\u0e1a\u0e40\u0e27\u0e25\u0e32\u0e15\u0e31\u0e27\u0e08\u0e31\u0e1a\u0e40\u0e27\u0e25\u0e32\u0e2d\u0e38\u0e15\u0e2a\u0e32\u0e2b\u0e01\u0e23\u0e23\u0e21\u0e17\u0e35\u0e48\u0e21\u0e35\u0e0b\u0e47\u0e2d\u0e01\u0e40\u0e01\u0e47\u0e15\u0e17\u0e38\u0e01\u0e0a\u0e19\u0e34\u0e14 \u0e15\u0e25\u0e32\u0e14\u0e40\u0e1b\u0e49\u0e32\u0e2b\u0e21\u0e32\u0e22\u0e02\u0e2d\u0e07\u0e40\u0e23\u0e32\u0e04\u0e37\u0e2d\u0e15\u0e25\u0e32\u0e14\u0e22\u0e38\u0e42\u0e23\u0e1b\u0e41\u0e25\u0e30\u0e15\u0e25\u0e32\u0e14\u0e2d\u0e40\u0e21\u0e23\u0e34\u0e01\u0e32 \u0e1c\u0e25\u0e34\u0e15\u0e20\u0e31\u0e13\u0e11\u0e4c\u0e02\u0e2d\u0e07\u0e40\u0e23\u0e32\u0e44\u0e14\u0e49\u0e23\u0e31\u0e1a\u0e01\u0e32\u0e23\u0e2d\u0e19\u0e38\u0e21\u0e31\u0e15\u0e34\u0e08\u0e32\u0e01 CE, GS, D, N, S, NF, ETL, VDE, ROHS, \u0e01\u0e32\u0e23\u0e40\u0e02\u0e49\u0e32\u0e16\u0e36\u0e07, PAHS \u0e41\u0e25\u0e30\u0e2d\u0e37\u0e48\u0e19 \u0e46<\/p>\n<p>\u0e40\u0e23\u0e32\u0e21\u0e35\u0e0a\u0e37\u0e48\u0e2d\u0e40\u0e2a\u0e35\u0e22\u0e07\u0e17\u0e35\u0e48\u0e14\u0e35\u0e43\u0e19\u0e2b\u0e21\u0e39\u0e48\u0e25\u0e39\u0e01\u0e04\u0e49\u0e32\u0e02\u0e2d\u0e07\u0e40\u0e23\u0e32 \u0e40\u0e23\u0e32\u0e21\u0e31\u0e01\u0e08\u0e30\u0e21\u0e38\u0e48\u0e07\u0e40\u0e19\u0e49\u0e19\u0e44\u0e1b\u0e17\u0e35\u0e48\u0e01\u0e32\u0e23\u0e1b\u0e01\u0e1b\u0e49\u0e2d\u0e07\u0e2a\u0e34\u0e48\u0e07\u0e41\u0e27\u0e14\u0e25\u0e49\u0e2d\u0e21\u0e41\u0e25\u0e30\u0e04\u0e27\u0e32\u0e21\u0e1b\u0e25\u0e2d\u0e14\u0e20\u0e31\u0e22\u0e02\u0e2d\u0e07\u0e21\u0e19\u0e38\u0e29\u0e22\u0e4c \u0e01\u0e32\u0e23\u0e1b\u0e23\u0e31\u0e1a\u0e1b\u0e23\u0e38\u0e07\u0e04\u0e38\u0e13\u0e20\u0e32\u0e1e\u0e0a\u0e35\u0e27\u0e34\u0e15\u0e40\u0e1b\u0e47\u0e19\u0e08\u0e38\u0e14\u0e1b\u0e23\u0e30\u0e2a\u0e07\u0e04\u0e4c\u0e2a\u0e38\u0e14\u0e17\u0e49\u0e32\u0e22\u0e02\u0e2d\u0e07\u0e40\u0e23\u0e32<\/p>\n<p>\u0e2a\u0e32\u0e22\u0e44\u0e1f\u0e2a\u0e32\u0e22\u0e44\u0e1f\u0e40\u0e2a\u0e23\u0e34\u0e21\u0e41\u0e25\u0e30\u0e27\u0e07\u0e25\u0e49\u0e2d\u0e40\u0e04\u0e40\u0e1a\u0e34\u0e25\u0e40\u0e1b\u0e47\u0e19\u0e18\u0e38\u0e23\u0e01\u0e34\u0e08\u0e2b\u0e25\u0e31\u0e01\u0e02\u0e2d\u0e07\u0e40\u0e23\u0e32\u0e40\u0e23\u0e32\u0e40\u0e1b\u0e47\u0e19\u0e1c\u0e39\u0e49\u0e1c\u0e25\u0e34\u0e15\u0e2b\u0e25\u0e31\u0e01\u0e02\u0e2d\u0e07\u0e04\u0e33\u0e2a\u0e31\u0e48\u0e07\u0e2a\u0e48\u0e07\u0e40\u0e2a\u0e23\u0e34\u0e21\u0e01\u0e32\u0e23\u0e02\u0e32\u0e22\u0e08\u0e32\u0e01\u0e15\u0e25\u0e32\u0e14\u0e22\u0e38\u0e42\u0e23\u0e1b\u0e17\u0e38\u0e01\u0e1b\u0e35 \u0e40\u0e23\u0e32\u0e40\u0e1b\u0e47\u0e19\u0e1c\u0e39\u0e49\u0e1c\u0e25\u0e34\u0e15\u0e0a\u0e31\u0e49\u0e19\u0e19\u0e33\u0e17\u0e35\u0e48\u0e43\u0e2b\u0e49\u0e04\u0e27\u0e32\u0e21\u0e23\u0e48\u0e27\u0e21\u0e21\u0e37\u0e2d\u0e01\u0e31\u0e1a VDE Global Service \u0e43\u0e19\u0e1b\u0e23\u0e30\u0e40\u0e17\u0e28\u0e40\u0e22\u0e2d\u0e23\u0e21\u0e19\u0e35\u0e40\u0e1e\u0e37\u0e48\u0e2d\u0e1b\u0e01\u0e1b\u0e49\u0e2d\u0e07\u0e40\u0e04\u0e23\u0e37\u0e48\u0e2d\u0e07\u0e2b\u0e21\u0e32\u0e22\u0e01\u0e32\u0e23\u0e04\u0e49\u0e32<\/p>\n<p>\u0e22\u0e34\u0e19\u0e14\u0e35\u0e15\u0e49\u0e2d\u0e19\u0e23\u0e31\u0e1a\u0e2d\u0e22\u0e48\u0e32\u0e07\u0e2d\u0e1a\u0e2d\u0e38\u0e48\u0e19\u0e40\u0e1e\u0e37\u0e48\u0e2d\u0e23\u0e48\u0e27\u0e21\u0e21\u0e37\u0e2d\u0e01\u0e31\u0e1a\u0e25\u0e39\u0e01\u0e04\u0e49\u0e32\u0e17\u0e38\u0e01\u0e04\u0e19\u0e40\u0e1e\u0e37\u0e48\u0e2d\u0e1b\u0e23\u0e30\u0e42\u0e22\u0e0a\u0e19\u0e4c\u0e23\u0e48\u0e27\u0e21\u0e01\u0e31\u0e19\u0e41\u0e25\u0e30\u0e2d\u0e19\u0e32\u0e04\u0e15\u0e17\u0e35\u0e48\u0e2a\u0e14\u0e43\u0e2a<\/p>\n<p>&nbsp;<\/p>\n<p><strong>\u0e04\u0e33\u0e16\u0e32\u0e21\u0e17\u0e35\u0e48\u0e1e\u0e1a\u0e1a\u0e48\u0e2d\u0e22<\/strong><br \/>\nQ1. \u0e04\u0e38\u0e13\u0e2a\u0e32\u0e21\u0e32\u0e23\u0e16\u0e22\u0e2d\u0e21\u0e23\u0e31\u0e1a\u0e04\u0e33\u0e2a\u0e31\u0e48\u0e07\u0e0b\u0e37\u0e49\u0e2d\u0e15\u0e31\u0e27\u0e2d\u0e22\u0e48\u0e32\u0e07\u0e44\u0e14\u0e49\u0e2b\u0e23\u0e37\u0e2d\u0e44\u0e21\u0e48?<\/p>\n<p>\u0e15\u0e2d\u0e1a: \u0e43\u0e0a\u0e48\u0e41\u0e19\u0e48\u0e19\u0e2d\u0e19\u0e40\u0e23\u0e32\u0e22\u0e2d\u0e21\u0e23\u0e31\u0e1a\u0e04\u0e33\u0e2a\u0e31\u0e48\u0e07\u0e0b\u0e37\u0e49\u0e2d\u0e15\u0e31\u0e27\u0e2d\u0e22\u0e48\u0e32\u0e07<\/p>\n<p>&nbsp;<\/p>\n<p>Q2. \u0e08\u0e30\u0e17\u0e33\u0e2a\u0e31\u0e0d\u0e0d\u0e32\u0e01\u0e31\u0e1a\u0e40\u0e23\u0e32\u0e44\u0e14\u0e49\u0e2d\u0e22\u0e48\u0e32\u0e07\u0e44\u0e23?<\/p>\n<p>\u0e15\u0e2d\u0e1a: \u0e04\u0e38\u0e13\u0e2a\u0e32\u0e21\u0e32\u0e23\u0e16\u0e2a\u0e48\u0e07\u0e08\u0e14\u0e2b\u0e21\u0e32\u0e22\u0e16\u0e36\u0e07\u0e40\u0e23\u0e32\u0e2b\u0e23\u0e37\u0e2d\u0e42\u0e17\u0e23<\/p>","protected":false},"excerpt":{"rendered":"<p>\u0e2b\u0e19\u0e49\u0e32\u0e41\u0e23\u0e01\u0e1b\u0e25\u0e31\u0e4a\u0e01\u0e0b\u0e47\u0e2d\u0e01\u0e40\u0e01\u0e47\u0e15 Mini Socket<br \/>\n\u0e2d\u0e38\u0e1b\u0e01\u0e23\u0e13\u0e4c iOS \u0e41\u0e25\u0e30 Android \u0e40\u0e02\u0e49\u0e32\u0e01\u0e31\u0e19\u0e44\u0e14\u0e49<br \/>\n\u0e2a\u0e19\u0e31\u0e1a\u0e2a\u0e19\u0e38\u0e19\u0e2d\u0e38\u0e1b\u0e01\u0e23\u0e13\u0e4c\u0e2a\u0e2d\u0e07\u0e15\u0e31\u0e27\u0e40\u0e1e\u0e37\u0e48\u0e2d\u0e40\u0e23\u0e35\u0e22\u0e01\u0e40\u0e01\u0e47\u0e1a\u0e40\u0e07\u0e34\u0e19\u0e23\u0e48\u0e27\u0e21\u0e01\u0e31\u0e19\u0e41\u0e01\u0e49\u0e1b\u0e31\u0e0d\u0e2b\u0e32\u0e01\u0e32\u0e23\u0e0a\u0e32\u0e23\u0e4c\u0e08\u0e17\u0e35\u0e48\u0e22\u0e32\u0e01<\/p>","protected":false},"featured_media":270,"template":"","meta":[],"product_cat":[24],"product_tag":[],"class_list":{"0":"post-266","1":"product","2":"type-product","3":"status-publish","4":"has-post-thumbnail","6":"product_cat-socketplug","8":"first","9":"instock","10":"shipping-taxable","11":"product-type-simple"},"_links":{"self":[{"href":"https:\/\/www.soyang-group.com\/th\/wp-json\/wp\/v2\/product\/266","targetHints":{"allow":["GET"]}}],"collection":[{"href":"https:\/\/www.soyang-group.com\/th\/wp-json\/wp\/v2\/product"}],"about":[{"href":"https:\/\/www.soyang-group.com\/th\/wp-json\/wp\/v2\/types\/product"}],"version-history":[{"count":0,"href":"https:\/\/www.soyang-group.com\/th\/wp-json\/wp\/v2\/product\/266\/revisions"}],"wp:featuredmedia":[{"embeddable":true,"href":"https:\/\/www.soyang-group.com\/th\/wp-json\/wp\/v2\/media\/270"}],"wp:attachment":[{"href":"https:\/\/www.soyang-group.com\/th\/wp-json\/wp\/v2\/media?parent=266"}],"wp:term":[{"taxonomy":"product_cat","embeddable":true,"href":"https:\/\/www.soyang-group.com\/th\/wp-json\/wp\/v2\/product_cat?post=266"},{"taxonomy":"product_tag","embeddable":true,"href":"https:\/\/www.soyang-group.com\/th\/wp-json\/wp\/v2\/product_tag?post=266"}],"curies":[{"name":"wp","href":"https:\/\/api.w.org\/{rel}","templated":true}]}}