{"id":227,"date":"2024-12-12T11:13:59","date_gmt":"2024-12-12T03:13:59","guid":{"rendered":"https:\/\/shuangy.gg12.globaldeepsea.site\/?post_type=product&#038;p=227"},"modified":"2024-12-12T11:13:59","modified_gmt":"2024-12-12T03:13:59","slug":"digital-weekly-timer-switch","status":"publish","type":"product","link":"https:\/\/www.soyang-group.com\/tr\/urun\/digital-weekly-timer-switch\/","title":{"rendered":"Dijital haftal\u0131k zamanlay\u0131c\u0131 anahtar\u0131"},"content":{"rendered":"<p><strong>Genel bak\u0131\u015f<\/strong><\/p>\n<p><strong>H\u0131zl\u0131 Detaylar<\/strong><br \/>\nMen\u015fe yeri: Zhejiang, \u00c7in<br \/>\nMarka Ad\u0131: Soyang<br \/>\nModel numaras\u0131: TS-ED20<br \/>\nTeori: Dijital<br \/>\nUsage:Timer Switch<br \/>\nVoltaj: 220-240V AC<br \/>\nFrequency:50Hz<br \/>\nMaksimum G\u00fc\u00e7: 3500W<br \/>\nRenk: Beyaz<br \/>\nUygulama: Zamanlay\u0131c\u0131 anahtar\u0131<br \/>\ncurrent:16A<\/p>\n<p>&nbsp;<\/p>\n<p><strong>Tedarik Yetene\u011fi<\/strong><br \/>\nSupply Ability:100000 Piece\/Pieces per Month<\/p>\n<p>&nbsp;<\/p>\n<p><strong>Ambalaj ve Teslimat<\/strong><br \/>\nPackaging Details:double blister,12pcs\/ inner box, 48pcs\/ outer carton<br \/>\nPort:Ningbo\/Shanghai<br \/>\nKur\u015fun zaman\u0131 :<br \/>\nMiktar (Par\u00e7a) 1 - 10000&gt; 10000<br \/>\nAvustralya, Brezilya ve Kuzey Amerika \u00fclkelerinin kulland\u0131\u011f\u0131 saat uygulamas\u0131. Zaman (g\u00fcn) 60 m\u00fczakere edilecek<\/p>\n<p>&nbsp;<\/p>\n<p><strong>Detay \u00dcr\u00fcn A\u00e7\u0131klamas\u0131<\/strong><\/p>\n<p>A\u00e7\u0131k Dijital Haftal\u0131k Zamanlay\u0131c\u0131<br \/>\nModel numaras\u0131: TS-ED20<br \/>\nAlmanya S\u00fcr\u00fcm\u00fc<br \/>\nMarka Ad\u0131: Shuangyang<br \/>\nUsage:Timer Switch<br \/>\nTeori: Dijital<br \/>\n<strong>A\u00e7\u0131klama ve \u00d6zellikler<\/strong><br \/>\n1.Maximum G\u00fc\u00e7: 3500W<br \/>\n2. voltaj: 220-240V AC<br \/>\n3.Frequency: 50Hz<br \/>\n4.Current: 16A<br \/>\n5. Zaman ekran\u0131: saat\/dakika\/saniye<br \/>\n6.20 A\u00e7ma\/Kapama Programlar\u0131<br \/>\nKolay \u00c7al\u0131\u015fma i\u00e7in 7.7 D\u00fc\u011fmeler<br \/>\n8. Yaz Zamanlay\u0131c\u0131s\u0131 i\u00e7in De\u011fi\u015fiklik<br \/>\n9. \u0130\u00e7inde kullan\u0131lan Ni-Mh pil<br \/>\n10. i\u015flev<br \/>\n11.<br \/>\n14.Akiplik: Bir g\u00fcnde 3 saniyeden az<br \/>\n15. Tedarik Yetene\u011fi: Ayl\u0131k 1000000 Par\u00e7a\/Par\u00e7a Zamanlay\u0131c\u0131<\/p>\n<p><strong>Spesifikasyon<\/strong><br \/>\nPaket: Double Blister<br \/>\nMiktar\/Kutu: 12 adet<br \/>\nMiktar\/ctn: 48pcs<br \/>\nGW: 10kg<br \/>\nKB: 8kg<br \/>\nKarton Boyutu: 55*53*28cm<br \/>\nMiktar\/20 \u2032: 16.464pcs<br \/>\nSertifikalar: GS, CE, ROHS, Reach, PAHS<\/p>\n<p><strong>Sales point<\/strong><br \/>\n1.High quality<br \/>\n2.Favorable price<br \/>\n3.Great variety of products<br \/>\n4.Attractive design<br \/>\n5.Environment friendly technology<br \/>\n6.OEM and ODM service provided<\/p>\n<p>&nbsp;<\/p>\n<p>&nbsp;<\/p>\n<p><strong>\u015eirket bilgileri<\/strong><\/p>\n<p>Zhejiang Shuangyang Group Co.Ltd. 1986 y\u0131l\u0131nda kurulmu\u015ftur, 1998 y\u0131l\u0131nda Ningbo City'nin y\u0131ld\u0131z i\u015fletmelerinden biri olan ve ISO9001\/14000\/18000 taraf\u0131ndan onaylanan \u00f6zel bir i\u015fletme olan\u0131d\u0131r. Ningbo Liman\u0131 ve Havaalan\u0131'na sadece bir saat ve \u015eangay'a iki saat olan Cixi, Ningbo City'de bulunduk.<\/p>\n<p><img decoding=\"async\" src=\"https:\/\/sc01.alicdn.com\/kf\/He5ba632c74e44a68a587403dde671c5eH\/1942321\/He5ba632c74e44a68a587403dde671c5eH.png_.webp\" alt=\"\" \/><br \/>\n\u015eimdiye kadar, kay\u0131tl\u0131 sermaye 16 milyon USDollar'\u0131n \u00fczerindedir. Zemin alan\u0131m\u0131z yakla\u015f\u0131k 120.000 metrekaredir ve in\u015faat alan\u0131 yakla\u015f\u0131k 85.000 m2'dir. 2018'de toplam d\u00f6n\u00fc\u015f\u00fcm\u00fcz 80 milyon USDollar. Her y\u0131l kaliteyi garanti etmek i\u00e7in on Ar -Ge ve 100'den fazla QC'imiz var, her y\u0131l ba\u015f \u00fcreticisi olarak hareket eden on yeni \u00fcr\u00fcn tasarl\u0131yor ve geli\u015ftiriyoruz.<\/p>\n<p>Ana \u00fcr\u00fcnlerimiz zamanlay\u0131c\u0131lar, soketler, esnek kablolar, g\u00fc\u00e7 kablolar\u0131, fi\u015fler, uzatma soketleri, kablo makaralar\u0131 ve ayd\u0131nlatmalard\u0131r. G\u00fcnl\u00fck zamanlay\u0131c\u0131lar, mekanik ve dijital zamanlay\u0131c\u0131lar, sayma zamanlay\u0131c\u0131lar, her t\u00fcrl\u00fc soketle end\u00fcstri zamanlay\u0131c\u0131lar gibi bir\u00e7ok zamanlay\u0131c\u0131 sa\u011flayabiliriz. Hedef pazarlar\u0131m\u0131z Avrupa pazar\u0131 ve Amerikan pazar\u0131d\u0131r. CE, GS, D, N, S, NF, ETL, VDE, ROHS, REACH, PAHS vb.<\/p>\n<p>M\u00fc\u015fterilerimiz aras\u0131nda iyi bir \u00fcne sahibiz. Her zaman \u00e7evrenin ve insan g\u00fcvenli\u011finin korunmas\u0131na odaklan\u0131r\u0131z. Ya\u015fam kalitesini iyile\u015ftirmek bizim nihai amac\u0131m\u0131zd\u0131r.<\/p>\n<p>G\u00fc\u00e7 kablolar\u0131, uzatma kablolar\u0131 ve kablo makaralar\u0131 bizim ana i\u015fimizdir, her y\u0131l Avrupa pazar\u0131ndan gelen promosyon sipari\u015flerinin ba\u015f \u00fcreticisiyiz. Ticari markay\u0131 korumak i\u00e7in Almanya'daki VDE Global Service ile i\u015fbirli\u011fi yapan en iyi bir \u00fcreticiyiz.<\/p>\n<p>Kar\u015f\u0131l\u0131kl\u0131 fayda ve parlak gelecek i\u00e7in t\u00fcm m\u00fc\u015fterilerle i\u015fbirli\u011fi yapmay\u0131 s\u0131cak bir \u015fekilde kar\u015f\u0131lay\u0131n.<\/p>\n<p>&nbsp;<\/p>\n<p><strong>Company Profile:<\/strong><br \/>\n1.Business Type:Manufacturer, Trading Company<br \/>\n2.Main products:Timer Sockets,Cable,Cable Reels,Lighting<br \/>\n3. Total Employees: 501 \u2013 1000 People<br \/>\n4.Year Established:1994<br \/>\n5.Management System Certification: ISO9001, ISO14001, OHSAS18001<br \/>\n6. Country \/ Region:Zhejiang, China<br \/>\n7.Ownership:Private owner<br \/>\n8. Main Markets: Eastern Europe 39.00%<br \/>\nNorthern Europe 30.00%<br \/>\nWestern Europe 16.00%<br \/>\nDomestic Market:7%<br \/>\nMid East:5%<br \/>\nSouth America:3%<\/p>\n<p><strong>FAQ<\/strong><\/p>\n<p>\u00c7eyrek. \u00d6deme \u015eartlar\u0131n\u0131z Nedir?<\/p>\n<p>A : T\/T, L\/C.<\/p>\n<p>&nbsp;<\/p>\n<p>S2. Aram\u0131zda uzun zamand\u0131r i\u015f ili\u015fkisi nas\u0131l kurulur?<\/p>\n<p>C: M\u00fc\u015fterilerimizin k\u00e2r\u0131n\u0131 sa\u011flamak i\u00e7in y\u00fcksek kaliteli \u00fcr\u00fcnler ve \u00e7ok rekabet\u00e7i fiyat sunuyoruz.<\/p>\n<p>&nbsp;<\/p>\n<p>S3. Hangi nakliye \u015fartlar\u0131n\u0131 se\u00e7ebiliriz?<\/p>\n<p>C: Deniz yoluyla, hava ile, se\u00e7enekleriniz i\u00e7in ekspres teslimat ile vard\u0131r.<\/p>","protected":false},"excerpt":{"rendered":"<p>Zamanlay\u0131c\u0131 anahtar\u0131, sabit s\u00fcreye g\u00f6re \u00e7e\u015fitli elektrikli ekipman\u0131 otomatik olarak a\u00e7abilir ve kapatabilir.<br \/>\nElektrikli ocak, g\u00fc\u00e7lendirici, lamba, su \u0131s\u0131t\u0131c\u0131s\u0131, p\u00fcsk\u00fcrt\u00fcc\u00fc, \u015fi\u015fe\u00e7i, \u00f6n \u0131s\u0131t\u0131c\u0131, programlanabilir kontrol\u00fcnde yayg\u0131n olarak kullan\u0131l\u0131r.<br \/>\nTar\u0131m tesisleri, yay\u0131n ekipmanlar\u0131 ve a\u00e7mak ve kapatmak i\u00e7in zaman ayarlamas\u0131 gereken t\u00fcm devre fikst\u00fcrleri ve ev aletleri.<br \/>\nDijital zamanlay\u0131c\u0131 mekanik zamanlay\u0131c\u0131dan daha do\u011frudur.<br \/>\nZamanlay\u0131c\u0131lar sadece paran\u0131z\u0131 kurtarmakla kalmaz, ayn\u0131 zamanda en \u00f6nemlisi size g\u00fcvenli, sa\u011fl\u0131kl\u0131, \u00e7evre ve ak\u0131ll\u0131 bir ya\u015fam sa\u011flamakt\u0131r.<\/p>","protected":false},"featured_media":228,"template":"","meta":[],"product_cat":[22],"product_tag":[],"class_list":{"0":"post-227","1":"product","2":"type-product","3":"status-publish","4":"has-post-thumbnail","6":"product_cat-timer","8":"first","9":"instock","10":"shipping-taxable","11":"product-type-simple"},"_links":{"self":[{"href":"https:\/\/www.soyang-group.com\/tr\/wp-json\/wp\/v2\/product\/227","targetHints":{"allow":["GET"]}}],"collection":[{"href":"https:\/\/www.soyang-group.com\/tr\/wp-json\/wp\/v2\/product"}],"about":[{"href":"https:\/\/www.soyang-group.com\/tr\/wp-json\/wp\/v2\/types\/product"}],"version-history":[{"count":0,"href":"https:\/\/www.soyang-group.com\/tr\/wp-json\/wp\/v2\/product\/227\/revisions"}],"wp:featuredmedia":[{"embeddable":true,"href":"https:\/\/www.soyang-group.com\/tr\/wp-json\/wp\/v2\/media\/228"}],"wp:attachment":[{"href":"https:\/\/www.soyang-group.com\/tr\/wp-json\/wp\/v2\/media?parent=227"}],"wp:term":[{"taxonomy":"product_cat","embeddable":true,"href":"https:\/\/www.soyang-group.com\/tr\/wp-json\/wp\/v2\/product_cat?post=227"},{"taxonomy":"product_tag","embeddable":true,"href":"https:\/\/www.soyang-group.com\/tr\/wp-json\/wp\/v2\/product_tag?post=227"}],"curies":[{"name":"wp","href":"https:\/\/api.w.org\/{rel}","templated":true}]}}