{"id":248,"date":"2024-12-12T11:37:52","date_gmt":"2024-12-12T03:37:52","guid":{"rendered":"https:\/\/shuangy.gg12.globaldeepsea.site\/?post_type=product&#038;p=248"},"modified":"2024-12-12T11:37:52","modified_gmt":"2024-12-12T03:37:52","slug":"germany-weekly-mechanical-timer","status":"publish","type":"product","link":"https:\/\/www.soyang-group.com\/tr\/urun\/germany-weekly-mechanical-timer\/","title":{"rendered":"Germany weekly mechanical timer"},"content":{"rendered":"<p><strong>Genel bak\u0131\u015f<\/strong><\/p>\n<p><strong>H\u0131zl\u0131 Detaylar<\/strong><br \/>\nMen\u015fe yeri: Zhejiang, \u00c7in<br \/>\nMarka Ad\u0131: Shuangyang<br \/>\nModel Number:TS-WD1<br \/>\nTheory:mechanical<br \/>\nUsage:Timer Switch<br \/>\ncertificate:GS,CE,ROHS,REACH PAHS<br \/>\nSoyang<br \/>\nCircle:7 days programming<\/p>\n<p><strong>Tedarik Yetene\u011fi<\/strong><br \/>\nSupply Ability:100000 Piece\/Pieces per Month<\/p>\n<p><strong>Ambalaj ve Teslimat<\/strong><br \/>\nPackaging Details:double blister,12pcs\/ inner box, 48pcs\/ outer carton<br \/>\nPort:Ningbo\/Shanghai<br \/>\nLead Time :\u00a040 days after received the deposite<\/p>\n<p>&nbsp;<\/p>\n<p><strong>Detay \u00dcr\u00fcn A\u00e7\u0131klamas\u0131<\/strong><\/p>\n<p>Men\u015fe Yeri: Zhejiang China (Anakara)<br \/>\nMarka Ad\u0131: Shuangyang<br \/>\nModel Number:TS-WD1<br \/>\nTheory: Mechanical<br \/>\nView:Zhejiang Shuangyang Group Co.,Ltd always stick to quality&amp;service ,<br \/>\nwe don\u2019t only supply high quality, but also pay attention to the protection of environment and Human being safety.<br \/>\n\u0130nsan ya\u015fam\u0131n\u0131n kalitesini kesintisiz olarak iyile\u015ftirmek bizim son amac\u0131m\u0131zd\u0131r.<\/p>\n<p>&nbsp;<\/p>\n<p><strong>Sales point<\/strong><br \/>\n1.High quality<br \/>\n2.Favorable price<br \/>\n3.Great variety of products<br \/>\n4.Attractive design<br \/>\n5.Environment friendly technology<br \/>\n6.OEM and ODM service provided<\/p>\n<p>&nbsp;<\/p>\n<p><strong>Spesifikasyon<\/strong><br \/>\nPackaging: 12pcs\/ inner box, 48pcs\/ outer carton<br \/>\nCarton size:61*48*25cm<br \/>\nQ\u2019ty\/20\u2032FT:18720pcs<br \/>\nPower Supply: 220-240V\/50Hz max.3500W<br \/>\nG.W\/N.W of carton: 13\/11 kgs<\/p>\n<p>&nbsp;<\/p>\n<p><strong>A\u00e7\u0131klama ve \u00d6zellikler<\/strong><\/p>\n<p>1.7 days programming<br \/>\n2.42 on\/off programmes<br \/>\n3.accuracy: Less than 2 hours each week<br \/>\n4.Minimum setting:2hours<br \/>\n5.compact and elegant design for easy operation<br \/>\n6.Multi-countries styles with different plug and socket<br \/>\n7.Available Capacity For Another Design<br \/>\nBrazil version, Germany version, France version, Argentina version,<br \/>\nAustralia version, Italy version, U.S.A. version, Denmark version<br \/>\n8.Popular Market:European<\/p>\n<p>&nbsp;<\/p>\n<p><strong>Avantaj<\/strong><br \/>\n1 Brand-name Parts<br \/>\n2 Country of Origin<br \/>\n3 Distributorships Offered<br \/>\n4 Experienced Staff<br \/>\n5 Form A<br \/>\n6 Green Product<br \/>\n7 Guarantee\/Warranty<br \/>\n8 International Approvals<br \/>\n9 Packaging<br \/>\n10 Price<br \/>\n11 Product Features<br \/>\n12 Product Performance<br \/>\n13 Prompt Delivery<br \/>\n14 Quality Approvals<br \/>\n15 Reputation<br \/>\n16 Service<br \/>\n17 Small Orders Accepted<br \/>\n18 OEM and ODM service provided<br \/>\n19 High quality<\/p>\n<p>&nbsp;<\/p>\n<p><strong>Packaging&amp;Payment&amp;Shippment<\/strong><br \/>\nPackaging Details: Double blister<br \/>\nPayment Method:Advance TT, T\/T, L\/C<br \/>\nDelivery:30-45 days after received the deposite<br \/>\nPort:Ningbo or Shanghai<\/p>\n<p>&nbsp;<\/p>\n<p><strong>Hizmetlerimiz<\/strong><\/p>\n<p>1. Mesaj\u0131n\u0131z\u0131 ald\u0131ktan sonra size 24 saat i\u00e7inde cevap verece\u011fiz<br \/>\n2. Sizin i\u00e7in hizmet sunacak profesyonel sat\u0131\u015f ekibimiz var<br \/>\n3. Garanti zaman\u0131 ve sat\u0131\u015f sonras\u0131 hizmet olarak 2 y\u0131l teklif edin<\/p>\n<p>&nbsp;<\/p>\n<p><strong>Company Profile:<\/strong><br \/>\n1.Business Type:Manufacturer, Trading Company<br \/>\n2.Main products:Timer Sockets,Cable,Cable Reels,Lighting<br \/>\n3. Total Employees: 501 \u2013 1000 People<br \/>\n4.Year Established:1994<br \/>\n5.Management System Certification: ISO9001, ISO14001, OHSAS18001<br \/>\n6. Country \/ Region:Zhejiang, China<br \/>\n7.Ownership:Private owner<br \/>\n8. Main Markets: Eastern Europe 39.00%<br \/>\nNorthern Europe 30.00%<br \/>\nWestern Europe 16.00%<br \/>\nDomestic Market:7%<br \/>\nMid East:5%<br \/>\nSouth America:3%<br \/>\n<strong>FAQ<\/strong><\/p>\n<p>Q1. How to contract us?<\/p>\n<p>A : You can send mail to us or call.<\/p>\n<p>&nbsp;<\/p>\n<p>Q2. What is your payment terms?<\/p>\n<p>A : T\/T, L\/C.<\/p>\n<p>&nbsp;<\/p>\n<p>S3. Hangi nakliye \u015fartlar\u0131n\u0131 se\u00e7ebiliriz?<\/p>\n<p>C: Deniz yoluyla, hava ile, se\u00e7enekleriniz i\u00e7in ekspres teslimat ile vard\u0131r.<\/p>\n<p>Q4. Can your products print guests LOGO?<\/p>\n<p>C: Evet, konuklar logo sa\u011flar, \u00fcr\u00fcne yazd\u0131rabiliriz.<\/p>","protected":false},"excerpt":{"rendered":"<p>Mechanical operation,<br \/>\nSimple to use,<br \/>\nQuiet operation,<br \/>\nChildren protector door,<br \/>\nAvoid accidentally plug,<br \/>\nprevent children from electric,<br \/>\nshock improve safety,<br \/>\nkeep the timer powered on cycle ,<br \/>\nmechanical disc technology,<\/p>","protected":false},"featured_media":249,"template":"","meta":[],"product_cat":[22],"product_tag":[],"class_list":{"0":"post-248","1":"product","2":"type-product","3":"status-publish","4":"has-post-thumbnail","6":"product_cat-timer","8":"first","9":"instock","10":"shipping-taxable","11":"product-type-simple"},"_links":{"self":[{"href":"https:\/\/www.soyang-group.com\/tr\/wp-json\/wp\/v2\/product\/248","targetHints":{"allow":["GET"]}}],"collection":[{"href":"https:\/\/www.soyang-group.com\/tr\/wp-json\/wp\/v2\/product"}],"about":[{"href":"https:\/\/www.soyang-group.com\/tr\/wp-json\/wp\/v2\/types\/product"}],"version-history":[{"count":0,"href":"https:\/\/www.soyang-group.com\/tr\/wp-json\/wp\/v2\/product\/248\/revisions"}],"wp:featuredmedia":[{"embeddable":true,"href":"https:\/\/www.soyang-group.com\/tr\/wp-json\/wp\/v2\/media\/249"}],"wp:attachment":[{"href":"https:\/\/www.soyang-group.com\/tr\/wp-json\/wp\/v2\/media?parent=248"}],"wp:term":[{"taxonomy":"product_cat","embeddable":true,"href":"https:\/\/www.soyang-group.com\/tr\/wp-json\/wp\/v2\/product_cat?post=248"},{"taxonomy":"product_tag","embeddable":true,"href":"https:\/\/www.soyang-group.com\/tr\/wp-json\/wp\/v2\/product_tag?post=248"}],"curies":[{"name":"wp","href":"https:\/\/api.w.org\/{rel}","templated":true}]}}