{"id":250,"date":"2024-12-12T11:41:57","date_gmt":"2024-12-12T03:41:57","guid":{"rendered":"https:\/\/shuangy.gg12.globaldeepsea.site\/?post_type=product&#038;p=250"},"modified":"2025-01-10T17:54:36","modified_gmt":"2025-01-10T09:54:36","slug":"diy-assemble-plugsocket","status":"publish","type":"product","link":"https:\/\/www.soyang-group.com\/tr\/urun\/diy-assemble-plugsocket\/","title":{"rendered":"DIY Assemble Plug&amp;Socket"},"content":{"rendered":"<p>(<strong>1)Basic Information<\/strong><br \/>\nModel No.: Assemble\u00a0Plug&amp;\u00a0Socket<br \/>\nMarka Ad\u0131: Shuangyang<br \/>\nColor for shell:black(can be change by your idea)<br \/>\nUsage: Connect with wire<br \/>\nSava\u015f\u00e7\u0131: 1 y\u0131l<br \/>\nCertificate: CE,GS,ROHS,REACH,PAHS<br \/>\n<strong>(2) IP20 Rubber plug&amp;socket<\/strong><br \/>\nModel Number:SY-32\/SY-CZ-32<br \/>\nAlmanya S\u00fcr\u00fcm\u00fc<br \/>\nMarka Ad\u0131: Shuangyang<br \/>\nUsage:Connect with wire<br \/>\nMaterial: Rubber,Copper<br \/>\nType: DIY<br \/>\nA\u00e7\u0131klama ve \u00d6zellikler<br \/>\n1.Maximum power: 3,680W<br \/>\n2.Voltage: 250V AC<br \/>\n3.Frequency: 50Hz<br \/>\n4.Current: 16A<br \/>\n5.Water proof:IP20<\/p>\n<p><strong>Spesifikasyon<\/strong><br \/>\nPaket: Etiket<br \/>\nUnit size:<\/p>\n<p><a class=\"fancybox\" href=\"https:\/\/www.soyanggroup.com\/uploads\/774005f81.png\" target=\"_blank\" rel=\"noopener\"><img decoding=\"async\" class=\"alignnone size-full wp-image-4415\" src=\"https:\/\/www.soyanggroup.com\/uploads\/774005f81.png\" alt=\"774005f8\" \/><\/a><br \/>\nCertifications: TUV-GS, CE, RoHS, REACH, PAHS<\/p>\n<p>&nbsp;<\/p>\n<p><strong>Sales point<\/strong><br \/>\n1.High quality<br \/>\n2.Favorable price<br \/>\n3.Great variety of products<br \/>\n4.Attractive design<br \/>\n5.Environment friendly technology<br \/>\n6.OEM and ODM service provided<\/p>\n<p>&nbsp;<\/p>\n<p><strong>Packaging&amp;Payment&amp;Shippment<\/strong><br \/>\nPackaging Details: Double blister<br \/>\nPayment Method:Advance TT, T\/T, L\/C<br \/>\nDelivery:30-45 days after received the deposite<br \/>\nPort:Ningbo or Shanghai<\/p>\n<p>&nbsp;<\/p>\n<p><strong>Hizmetlerimiz<\/strong><br \/>\n1. Mesaj\u0131n\u0131z\u0131 ald\u0131ktan sonra size 24 saat i\u00e7inde cevap verece\u011fiz<br \/>\n2. Sizin i\u00e7in hizmet sunacak profesyonel sat\u0131\u015f ekibimiz var<br \/>\n3. Garanti zaman\u0131 ve sat\u0131\u015f sonras\u0131 hizmet olarak 2 y\u0131l teklif edin<\/p>\n<p>&nbsp;<\/p>\n<p><strong>FAQ<\/strong><br \/>\n\u00c7eyrek. \u00d6rnek sipari\u015fi kabul edebilir misiniz?<\/p>\n<p>C: Evet, elbette, \u00f6rnek sipari\u015fi kabul ediyoruz.<\/p>\n<p>&nbsp;<\/p>\n<p>Q2. How to contract us?<\/p>\n<p>A : You can send mail to us or call.<\/p>\n<p>&nbsp;<\/p>\n<p>Q3. How about warranty time and warranty products?<\/p>\n<p>C: \u00dcr\u00fcnlerin \u00e7o\u011fu 2 y\u0131ld\u0131r, kablolar\u0131 kesin ve baz\u0131 foto\u011fraflar \u00e7eker.<\/p>\n<p>&nbsp;<\/p>\n<p>Q4. What is your payment terms?<\/p>\n<p>A : T\/T, L\/C.<\/p>\n<p>&nbsp;<\/p>\n<p>Q5. How to establish long time business relationship between us?<\/p>\n<p>C: M\u00fc\u015fterilerimizin k\u00e2r\u0131n\u0131 sa\u011flamak i\u00e7in y\u00fcksek kaliteli \u00fcr\u00fcnler ve \u00e7ok rekabet\u00e7i fiyat sunuyoruz.<\/p>\n<p>&nbsp;<\/p>\n<p>Q6. What shipping terms can we choose?<\/p>\n<p>C: Deniz yoluyla, hava ile, se\u00e7enekleriniz i\u00e7in ekspres teslimat ile vard\u0131r.<\/p>\n<p>&nbsp;<\/p>\n<p>Q7. Do you test all of products before delivery?<\/p>\n<p>C: Evet, teslimattan \u00f6nce 100% \u00fcr\u00fcn test ediyoruz, 100% \u00fcr\u00fcnlerinin normal \u00e7al\u0131\u015fmas\u0131n\u0131 sa\u011flay\u0131n.<\/p>\n<p>Q8.Can your products print guests LOGO?<\/p>\n<p>C: Evet, konuklar logo sa\u011flar, \u00fcr\u00fcne yazd\u0131rabiliriz.<\/p>\n<p>&nbsp;<\/p>\n<p>Q9.What social responsibility audit did you pass?<\/p>\n<p>C: Evet, BSCI, sedex var.<\/p>\n<p>&nbsp;<\/p>\n<p>Q10.What are your prices?<\/p>\n<p>A:Our prices are subject to change depending on supply and other market factors.<br \/>\nWe will send you and updated price list after your conmany contact us for further information.<\/p>","protected":false},"excerpt":{"rendered":"<p>Assemble plug&amp;socket<br \/>\nEasy DIY<\/p>\n<p>Tedarik Yetene\u011fi<br \/>\nSupply Ability:100000 Piece\/Pieces per Month<\/p>","protected":false},"featured_media":543,"template":"","meta":[],"product_cat":[24],"product_tag":[],"class_list":{"0":"post-250","1":"product","2":"type-product","3":"status-publish","4":"has-post-thumbnail","6":"product_cat-socketplug","8":"first","9":"instock","10":"shipping-taxable","11":"product-type-simple"},"_links":{"self":[{"href":"https:\/\/www.soyang-group.com\/tr\/wp-json\/wp\/v2\/product\/250","targetHints":{"allow":["GET"]}}],"collection":[{"href":"https:\/\/www.soyang-group.com\/tr\/wp-json\/wp\/v2\/product"}],"about":[{"href":"https:\/\/www.soyang-group.com\/tr\/wp-json\/wp\/v2\/types\/product"}],"version-history":[{"count":2,"href":"https:\/\/www.soyang-group.com\/tr\/wp-json\/wp\/v2\/product\/250\/revisions"}],"predecessor-version":[{"id":544,"href":"https:\/\/www.soyang-group.com\/tr\/wp-json\/wp\/v2\/product\/250\/revisions\/544"}],"wp:featuredmedia":[{"embeddable":true,"href":"https:\/\/www.soyang-group.com\/tr\/wp-json\/wp\/v2\/media\/543"}],"wp:attachment":[{"href":"https:\/\/www.soyang-group.com\/tr\/wp-json\/wp\/v2\/media?parent=250"}],"wp:term":[{"taxonomy":"product_cat","embeddable":true,"href":"https:\/\/www.soyang-group.com\/tr\/wp-json\/wp\/v2\/product_cat?post=250"},{"taxonomy":"product_tag","embeddable":true,"href":"https:\/\/www.soyang-group.com\/tr\/wp-json\/wp\/v2\/product_tag?post=250"}],"curies":[{"name":"wp","href":"https:\/\/api.w.org\/{rel}","templated":true}]}}