{"id":257,"date":"2024-12-12T13:06:21","date_gmt":"2024-12-12T05:06:21","guid":{"rendered":"https:\/\/shuangy.gg12.globaldeepsea.site\/?post_type=product&#038;p=257"},"modified":"2025-01-10T17:53:46","modified_gmt":"2025-01-10T09:53:46","slug":"cee-5-pin-16a-6h-plug","status":"publish","type":"product","link":"https:\/\/www.soyang-group.com\/tr\/urun\/cee-5-pin-16a-6h-plug\/","title":{"rendered":"CEE 5-PIN 16A 6H fi\u015f"},"content":{"rendered":"<p><strong>Genel bak\u0131\u015f<\/strong><\/p>\n<p><strong>H\u0131zl\u0131 Detaylar<\/strong><br \/>\nMen\u015fe Yeri: Zhejiang, \u00c7in Marka Ad\u0131: Shuangyang<br \/>\nModel Numaras\u0131: GP55 T\u00fcr\u00fc: Fi\u015f<br \/>\nTopraklama: Standart Topraklama Nominal Voltaj: 200\/346-240\/415V<br \/>\nDe\u011ferlendirilmi\u015f Ak\u0131m: 16A Uygulama: End\u00fcstriyel<br \/>\nSertifika: CE Aray\u00fcz\u00fc: 2P+E<br \/>\nIP:44<\/p>\n<p><strong>Tedarik Yetene\u011fi<\/strong><br \/>\nSupply Ability:100000 Piece\/Pieces per Month<\/p>\n<p><strong>Ambalaj ve Teslimat<\/strong><br \/>\nAmbalaj Ayr\u0131nt\u0131lar\u0131: Standart \u0130hracat Paketleme veya M\u00fc\u015fterinin Talebine g\u00f6re<br \/>\nLiman: Ningbo, \u015eangay<br \/>\nKur\u015fun S\u00fcresi: Sipari\u015f miktar\u0131n\u0131za ba\u011fl\u0131<\/p>\n<p>&nbsp;<\/p>\n<p><strong>Detay \u00dcr\u00fcn A\u00e7\u0131klamas\u0131<\/strong><\/p>\n<p><strong>A\u00e7\u0131klama ve \u00d6zellikler<\/strong><br \/>\nMen\u015fe Yeri: Zhejiang China (Anakara)<br \/>\nModel numaras\u0131: GP55<br \/>\nTopraklama: Standart topraklama<br \/>\nNominal Voltaj: 200\/346-240\/415V<br \/>\nDe\u011ferlendirilmi\u015f Ak\u0131m: 16A-6H<br \/>\nUygulama: End\u00fcstriyel fi\u015f<br \/>\nSu ge\u00e7irmez: IP44 s\u0131\u00e7rama ge\u00e7irmez<br \/>\nKutuplar: 3p+n+e<br \/>\nRenk: K\u0131rm\u0131z\u0131<br \/>\nTedarik Yetene\u011fi: Ayda 5000000 Par\u00e7a\/Par\u00e7a Zamanlay\u0131c\u0131<\/p>\n<p><strong>Spesifikasyon<\/strong><br \/>\nPaket: Kartl\u0131 PP \u00e7antas\u0131<br \/>\nMiktar\/ctn: 100pcs<br \/>\nGW: 12kg<br \/>\nKB: 11kg<br \/>\nKarton Boyutu: 60x29x24.6 cm<br \/>\nMiktar\/20 \u2032: 63.000 adet<br \/>\nSertifikalar: CE, Rohs, Reach, PAHS<\/p>\n<p><strong>G\u00f6r\u00fc\u015f<\/strong><br \/>\nZhejiang Shuangyang Group Co., Ltd her zaman kalite ve hizmete sad\u0131k kal\u0131n,<br \/>\nwe don\u2019t only supply high quality, but also pay attention to the protection of environment and Human being safety.<br \/>\n\u0130nsan ya\u015fam\u0131n\u0131n kalitesini kesintisiz olarak iyile\u015ftirmek bizim son amac\u0131m\u0131zd\u0131r.<\/p>\n<p><img decoding=\"async\" src=\"https:\/\/sc01.alicdn.com\/kf\/HTB1XAGrIFXXXXX8XVXXq6xXFXXXD\/1942321\/HTB1XAGrIFXXXXX8XVXXq6xXFXXXD.jpg_.webp\" alt=\"\" \/><\/p>\n<p><strong>\u00dcr\u00fcn hatt\u0131<\/strong><\/p>\n<p><img decoding=\"async\" src=\"https:\/\/sc01.alicdn.com\/kf\/HTB1FM3uIFXXXXXxXVXXq6xXFXXXK\/1942321\/HTB1FM3uIFXXXXXxXVXXq6xXFXXXK.jpg_.webp\" alt=\"\" \/><\/p>\n<p>&nbsp;<\/p>\n<p><strong>Hizmetlerimiz<\/strong><\/p>\n<p>G\u00f6ndermek<\/p>\n<p><img decoding=\"async\" src=\"https:\/\/sc01.alicdn.com\/kf\/HTB19FIlJFXXXXXkXVXXq6xXFXXXv\/1942321\/HTB19FIlJFXXXXXkXVXXq6xXFXXXv.jpg_.webp\" alt=\"\" \/><\/p>\n<p>M\u00fc\u015fteri i\u00e7in atanan nakliye \u015firketini veya m\u00fcvekkil i\u00e7in rezervasyon gemisini kabul edebiliriz, m\u00fc\u015fteri mallar\u0131 alana kadar kaplar\u0131 izleyebiliriz<br \/>\nDaha fazla bilgi bilmek istiyorsan\u0131z, l\u00fctfen teredd\u00fct etmeden bizimle ileti\u015fime ge\u00e7in.<\/p>\n<p><strong>FAQ\u00a0<\/strong><\/p>\n<p>S1. \u00dcr\u00fcnleriniz konuklar logosunu yazd\u0131rabilir mi?<\/p>\n<p>C: Evet, konuklar logo sa\u011flar, \u00fcr\u00fcne yazd\u0131rabiliriz.<\/p>\n<p>&nbsp;<\/p>\n<p>S2. Aram\u0131zda uzun zamand\u0131r i\u015f ili\u015fkisi nas\u0131l kurulur?<\/p>\n<p>C: M\u00fc\u015fterilerimizin k\u00e2r\u0131n\u0131 sa\u011flamak i\u00e7in y\u00fcksek kaliteli \u00fcr\u00fcnler ve \u00e7ok rekabet\u00e7i fiyat sunuyoruz.<\/p>\n<p>&nbsp;<\/p>\n<p>S3. Hangi nakliye \u015fartlar\u0131n\u0131 se\u00e7ebiliriz?<\/p>\n<p>C: Deniz yoluyla, hava ile, se\u00e7enekleriniz i\u00e7in ekspres teslimat ile vard\u0131r.<\/p>","protected":false},"excerpt":{"rendered":"<p>End\u00fcstriyel 5pin 16A fi\u015f<\/p>\n<p>Supply Ability:100000 Piece\/Pieces per Month<\/p>\n<p>Ambalaj Detaylar\u0131: PE \u00c7antas\u0131<br \/>\nPort:Ningbo\/Shanghai<br \/>\nKur\u015fun zaman\u0131 :<br \/>\nMiktar (Par\u00e7a) 1 - 10000&gt; 10000<br \/>\nAvustralya, Brezilya ve Kuzey Amerika \u00fclkelerinin kulland\u0131\u011f\u0131 saat uygulamas\u0131. Zaman (g\u00fcn) 60 m\u00fczakere edilecek<\/p>","protected":false},"featured_media":541,"template":"","meta":[],"product_cat":[24],"product_tag":[],"class_list":{"0":"post-257","1":"product","2":"type-product","3":"status-publish","4":"has-post-thumbnail","6":"product_cat-socketplug","8":"first","9":"instock","10":"shipping-taxable","11":"product-type-simple"},"_links":{"self":[{"href":"https:\/\/www.soyang-group.com\/tr\/wp-json\/wp\/v2\/product\/257","targetHints":{"allow":["GET"]}}],"collection":[{"href":"https:\/\/www.soyang-group.com\/tr\/wp-json\/wp\/v2\/product"}],"about":[{"href":"https:\/\/www.soyang-group.com\/tr\/wp-json\/wp\/v2\/types\/product"}],"version-history":[{"count":1,"href":"https:\/\/www.soyang-group.com\/tr\/wp-json\/wp\/v2\/product\/257\/revisions"}],"predecessor-version":[{"id":542,"href":"https:\/\/www.soyang-group.com\/tr\/wp-json\/wp\/v2\/product\/257\/revisions\/542"}],"wp:featuredmedia":[{"embeddable":true,"href":"https:\/\/www.soyang-group.com\/tr\/wp-json\/wp\/v2\/media\/541"}],"wp:attachment":[{"href":"https:\/\/www.soyang-group.com\/tr\/wp-json\/wp\/v2\/media?parent=257"}],"wp:term":[{"taxonomy":"product_cat","embeddable":true,"href":"https:\/\/www.soyang-group.com\/tr\/wp-json\/wp\/v2\/product_cat?post=257"},{"taxonomy":"product_tag","embeddable":true,"href":"https:\/\/www.soyang-group.com\/tr\/wp-json\/wp\/v2\/product_tag?post=257"}],"curies":[{"name":"wp","href":"https:\/\/api.w.org\/{rel}","templated":true}]}}