{"id":259,"date":"2024-12-12T13:08:15","date_gmt":"2024-12-12T05:08:15","guid":{"rendered":"https:\/\/shuangy.gg12.globaldeepsea.site\/?post_type=product&#038;p=259"},"modified":"2025-01-10T17:52:59","modified_gmt":"2025-01-10T09:52:59","slug":"industrial-socket","status":"publish","type":"product","link":"https:\/\/www.soyang-group.com\/tr\/urun\/industrial-socket\/","title":{"rendered":"End\u00fcstriyel soket"},"content":{"rendered":"<div class=\"fl-col-group fl-node-5ea1012f9e458\" data-node=\"5ea1012f9e458\">\n<div class=\"fl-col fl-node-5ea1012f9e87c\" data-node=\"5ea1012f9e87c\">\n<div class=\"fl-col-content fl-node-content\">\n<div class=\"fl-module fl-module-rich-text fl-node-5ea1012f9e180\" data-node=\"5ea1012f9e180\" data-animation-delay=\"0.0\">\n<div class=\"fl-module-content fl-node-content\">\n<div class=\"fl-rich-text\">\n<p><b>Temel Bilgi<\/b><b><\/b><br \/>\nModel No.: End\u00fcstriyel CEE fi\u015fi ve soketi<br \/>\nMarka Ad\u0131: Shuangyang<br \/>\nKabuk Malzemesi: Naylon ve Bak\u0131r<br \/>\nKullan\u0131m: Kablo ile ba\u011flant\u0131 kurun<br \/>\nSava\u015f\u00e7\u0131: 1 y\u0131l<br \/>\nSertifika: CE, Rohs, Reach, PAHS<\/p>\n<\/div>\n<\/div>\n<\/div>\n<\/div>\n<\/div>\n<\/div>\n<div class=\"fl-col-group fl-node-5ea10128c6e2f\" data-node=\"5ea10128c6e2f\">\n<div class=\"fl-col fl-node-5ea10128c71e0\" data-node=\"5ea10128c71e0\">\n<div class=\"fl-col-content fl-node-content\">\n<div class=\"fl-module fl-module-rich-text fl-node-5ea10174f2dbe\" data-node=\"5ea10174f2dbe\" data-animation-delay=\"0.0\">\n<div class=\"fl-module-content fl-node-content\">\n<div class=\"fl-rich-text\">\n<p><b>\u00dcr\u00fcn detay\u0131:<\/b><br \/>\n<b>\u00a0(1)<\/b><b>CEE 16A 6H Soket<\/b><br \/>\nModel numaras\u0131: EZ53<br \/>\nMarka Ad\u0131: Shuangyang<br \/>\nKullan\u0131m: CEE soketi<br \/>\nTopraklama: Standart topraklama<br \/>\nTeori: End\u00fcstri<br \/>\n<b>A\u00e7\u0131klama ve \u00d6zellikler<\/b><b><\/b><br \/>\n1. Voltaj: 200-250V AC<br \/>\n2. Nominal ak\u0131m: 16a ~ 6h<br \/>\n3. Waerproof: IP44<br \/>\n4.poles: 2p+e<br \/>\n5.color:blue<br \/>\n6. Tedarik yetene\u011fi: ayda 5000000 par\u00e7a\/par\u00e7a zamanlay\u0131c\u0131<br \/>\n<b><\/b><b>Spesifikasyon<\/b><br \/>\nPaket: Kartl\u0131 PP \u00e7antas\u0131<br \/>\nMiktar\/ctn: 100pcs<br \/>\nGW: 15kg<br \/>\nKB: 14kg<br \/>\nKarton Boyutu: 75x29x26 cm<br \/>\nMiktar\/20 \u2032: 47.700 adet<br \/>\nSertifikalar: CE, Rohs, Reach, PAHS<br \/>\n<img decoding=\"async\" src=\"https:\/\/www.soyanggroup.com\/uploads\/693988eb.png\" alt=\"ccc\" \/><\/p>\n<\/div>\n<\/div>\n<\/div>\n<\/div>\n<\/div>\n<div class=\"fl-col fl-node-5ea10128c7236 fl-col-small\" data-node=\"5ea10128c7236\">\n<div class=\"fl-col-content fl-node-content\">\n<div class=\"fl-module fl-module-rich-text fl-node-5ea101f4d563e\" data-node=\"5ea101f4d563e\" data-animation-delay=\"0.0\">\n<div class=\"fl-module-content fl-node-content\">\n<div class=\"fl-rich-text\">\n<p><a class=\"fancybox\" href=\"https:\/\/www.soyanggroup.com\/uploads\/d9a4f57d.png\" target=\"_blank\" rel=\"noopener\"><img decoding=\"async\" src=\"https:\/\/www.soyanggroup.com\/uploads\/d9a4f57d.png\" alt=\"End\u00fcstriyel Socket341\" \/><\/a><\/p>\n<\/div>\n<\/div>\n<\/div>\n<\/div>\n<\/div>\n<\/div>\n<div class=\"fl-col-group fl-node-5ea1026852090\" data-node=\"5ea1026852090\">\n<div class=\"fl-col fl-node-5ea1026852489\" data-node=\"5ea1026852489\">\n<div class=\"fl-col-content fl-node-content\">\n<div class=\"fl-module fl-module-rich-text fl-node-5ea1026c09741\" data-node=\"5ea1026c09741\" data-animation-delay=\"0.0\">\n<div class=\"fl-module-content fl-node-content\">\n<div class=\"fl-rich-text\">\n<p><b>(2) CEE 16A 6H\u00a0<\/b><b>soket<\/b><br \/>\n<b><\/b>Model numaras\u0131: EZ54<br \/>\nMarka Ad\u0131: Shuangyang<br \/>\nKullan\u0131m: CEE soketi<br \/>\nTopraklama: Standart topraklama<br \/>\nTeori: End\u00fcstri<br \/>\n<b>A\u00e7\u0131klama ve \u00d6zellikler<\/b><b><\/b><br \/>\n1. Voltaj: 100-130V AC<br \/>\n2. Nominal ak\u0131m: 16a ~ 4h<br \/>\n3. Waerproof: IP44<br \/>\n4.poles: 2p+e<br \/>\n5.color:yellow<br \/>\n6. Tedarik yetene\u011fi: ayda 5000000 par\u00e7a\/par\u00e7a zamanlay\u0131c\u0131<br \/>\n<b>Spesifikasyon<\/b><br \/>\nPaket: Kartl\u0131 PP \u00e7antas\u0131<br \/>\nMiktar\/ctn: 100pcs<br \/>\nGW: 15kg<br \/>\nKB: 14kg<br \/>\nKarton Boyutu: 75x29x26 cm<br \/>\nMiktar\/20 \u2032: 47.700 adet<br \/>\nSertifikalar: CE, Rohs, Reach, PAHS<br \/>\n<img decoding=\"async\" src=\"https:\/\/www.soyanggroup.com\/uploads\/693988eb.png\" alt=\"ccc\" \/><\/p>\n<\/div>\n<\/div>\n<\/div>\n<\/div>\n<\/div>\n<div class=\"fl-col fl-node-5ea10268524f6 fl-col-small\" data-node=\"5ea10268524f6\">\n<div class=\"fl-col-content fl-node-content\">\n<div class=\"fl-module fl-module-rich-text fl-node-5ea102e0f2ccb\" data-node=\"5ea102e0f2ccb\" data-animation-delay=\"0.0\">\n<div class=\"fl-module-content fl-node-content\">\n<div class=\"fl-rich-text\">\n<p><a class=\"fancybox\" href=\"https:\/\/www.soyanggroup.com\/uploads\/57ee1dc1.png\" target=\"_blank\" rel=\"noopener\"><img decoding=\"async\" src=\"https:\/\/www.soyanggroup.com\/uploads\/57ee1dc1.png\" alt=\"End\u00fcstriyel Soket163\" \/><\/a><\/p>\n<\/div>\n<\/div>\n<\/div>\n<\/div>\n<\/div>\n<\/div>\n<div class=\"fl-col-group fl-node-5ea102fe5d748\" data-node=\"5ea102fe5d748\">\n<div class=\"fl-col fl-node-5ea102fe5da3f\" data-node=\"5ea102fe5da3f\">\n<div class=\"fl-col-content fl-node-content\">\n<div class=\"fl-module fl-module-rich-text fl-node-5ea102fe5d574\" data-node=\"5ea102fe5d574\" data-animation-delay=\"0.0\">\n<div class=\"fl-module-content fl-node-content\">\n<div class=\"fl-rich-text\">\n<p><b>(3)CEE\u00a0<\/b><b>5-pin\u00a0<\/b><b>16a 6h\u00a0<\/b><b>soket<\/b><br \/>\n<b><\/b>Model numaras\u0131: EZ55<br \/>\nMarka Ad\u0131: Shuangyang<br \/>\nKullan\u0131m: CEE fi\u015fi<br \/>\nTopraklama: Standart topraklama<br \/>\nTeori: End\u00fcstri<br \/>\n<b>A\u00e7\u0131klama ve \u00d6zellikler<\/b><b><\/b><br \/>\n1. Voltaj: 200\/346-240\/415V AC<br \/>\n2. Nominal ak\u0131m: 16a ~ 6h<br \/>\n3. Waerproof: IP44<br \/>\n4.poles: 3p+n+e<br \/>\n5.color:Red<br \/>\n6. Tedarik yetene\u011fi: ayda 5000000 par\u00e7a\/par\u00e7a zamanlay\u0131c\u0131<br \/>\n<b>Spesifikasyon<\/b><br \/>\nPaket: Kartl\u0131 PP \u00e7antas\u0131<br \/>\nMiktar\/ctn: 100pcs<br \/>\nGW: 16kg<br \/>\nKB: 15kg<br \/>\nKarton Boyutu: 75x29x26 cm<br \/>\nMiktar\/20 \u2032: 47.700 adet<br \/>\nSertifikalar: CE, Rohs, Reach, PAHS<br \/>\n<img decoding=\"async\" src=\"https:\/\/www.soyanggroup.com\/uploads\/693988eb.png\" alt=\"ccc\" \/><\/p>\n<\/div>\n<\/div>\n<\/div>\n<\/div>\n<\/div>\n<div class=\"fl-col fl-node-5ea103ab2c643 fl-col-small\" data-node=\"5ea103ab2c643\">\n<div class=\"fl-col-content fl-node-content\">\n<div class=\"fl-module fl-module-rich-text fl-node-5ea103ab2bfc1\" data-node=\"5ea103ab2bfc1\" data-animation-delay=\"0.0\">\n<div class=\"fl-module-content fl-node-content\">\n<div class=\"fl-rich-text\">\n<p><a class=\"fancybox\" href=\"https:\/\/www.soyanggroup.com\/uploads\/000d6979.png\" target=\"_blank\" rel=\"noopener\"><img decoding=\"async\" src=\"https:\/\/www.soyanggroup.com\/uploads\/000d6979.png\" alt=\"End\u00fcstriyel soket1993\" \/><\/a><\/p>\n<\/div>\n<\/div>\n<\/div>\n<\/div>\n<\/div>\n<\/div>\n<div class=\"fl-col-group fl-node-5ea536c393e80\" data-node=\"5ea536c393e80\">\n<div class=\"fl-col fl-node-5ea536c39425e\" data-node=\"5ea536c39425e\">\n<div class=\"fl-col-content fl-node-content\">\n<div class=\"fl-module fl-module-rich-text fl-node-5ea536c393c70\" data-node=\"5ea536c393c70\" data-animation-delay=\"0.0\">\n<div class=\"fl-module-content fl-node-content\">\n<div class=\"fl-rich-text\">\n<p><b>\u0130\u015fleme ad\u0131mlar\u0131:<\/b><\/p>\n<\/div>\n<\/div>\n<\/div>\n<\/div>\n<\/div>\n<\/div>\n<div class=\"fl-col-group fl-node-5ea10438dfe90\" data-node=\"5ea10438dfe90\">\n<div class=\"fl-col fl-node-5ea10438e02e5 fl-col-small\" data-node=\"5ea10438e02e5\">\n<div class=\"fl-col-content fl-node-content\">\n<div class=\"fl-module fl-module-rich-text fl-node-5ea1046d58be1\" data-node=\"5ea1046d58be1\" data-animation-delay=\"0.0\">\n<div class=\"fl-module-content fl-node-content\">\n<div class=\"fl-rich-text\">\n<p>Rawmaterials (TimerSockets)<\/p>\n<p><img decoding=\"async\" src=\"https:\/\/www.soyanggroup.com\/uploads\/38a0b923.png\" alt=\"1\" \/><\/p>\n<\/div>\n<\/div>\n<\/div>\n<\/div>\n<\/div>\n<div class=\"fl-col fl-node-5ea10438e033d fl-col-small\" data-node=\"5ea10438e033d\">\n<div class=\"fl-col-content fl-node-content\">\n<div class=\"fl-module fl-module-rich-text fl-node-5ea1047d56ccc\" data-node=\"5ea1047d56ccc\" data-animation-delay=\"0.0\">\n<div class=\"fl-module-content fl-node-content\">\n<div class=\"fl-rich-text\">\n<p>enjeksiyon<\/p>\n<p><img decoding=\"async\" src=\"https:\/\/www.soyanggroup.com\/uploads\/8d9d4c2f.png\" alt=\"2\" \/><\/p>\n<\/div>\n<\/div>\n<\/div>\n<\/div>\n<\/div>\n<div class=\"fl-col fl-node-5ea10438e038e fl-col-small\" data-node=\"5ea10438e038e\">\n<div class=\"fl-col-content fl-node-content\">\n<div class=\"fl-module fl-module-rich-text fl-node-5ea104b265427\" data-node=\"5ea104b265427\" data-animation-delay=\"0.0\">\n<div class=\"fl-module-content fl-node-content\">\n<div class=\"fl-rich-text\">\n<p>per\u00e7inleme<\/p>\n<p><img decoding=\"async\" src=\"https:\/\/www.soyanggroup.com\/uploads\/7e4b5ce22.png\" alt=\"3\" \/><\/p>\n<\/div>\n<\/div>\n<\/div>\n<\/div>\n<\/div>\n<\/div>\n<div class=\"fl-col-group fl-node-5ea1043dae44c\" data-node=\"5ea1043dae44c\">\n<div class=\"fl-col fl-node-5ea1043dae8ae fl-col-small\" data-node=\"5ea1043dae8ae\">\n<div class=\"fl-col-content fl-node-content\">\n<div class=\"fl-module fl-module-rich-text fl-node-5ea104e2d9e57\" data-node=\"5ea104e2d9e57\" data-animation-delay=\"0.0\">\n<div class=\"fl-module-content fl-node-content\">\n<div class=\"fl-rich-text\">\n<p>montaj<br \/>\n<img decoding=\"async\" src=\"https:\/\/www.soyanggroup.com\/uploads\/79a2f3e7.png\" alt=\"4\" \/><\/p>\n<\/div>\n<\/div>\n<\/div>\n<\/div>\n<\/div>\n<div class=\"fl-col fl-node-5ea1043dae903 fl-col-small\" data-node=\"5ea1043dae903\">\n<div class=\"fl-col-content fl-node-content\">\n<div class=\"fl-module fl-module-rich-text fl-node-5ea104ffd3975\" data-node=\"5ea104ffd3975\" data-animation-delay=\"0.0\">\n<div class=\"fl-module-content fl-node-content\">\n<div class=\"fl-rich-text\">\n<p>test<br \/>\n<img decoding=\"async\" src=\"https:\/\/www.soyanggroup.com\/uploads\/7fbbce23.png\" alt=\"5\" \/><\/p>\n<\/div>\n<\/div>\n<\/div>\n<\/div>\n<\/div>\n<div class=\"fl-col fl-node-5ea1043dae953 fl-col-small\" data-node=\"5ea1043dae953\">\n<div class=\"fl-col-content fl-node-content\">\n<div class=\"fl-module fl-module-rich-text fl-node-5ea1051578e1b\" data-node=\"5ea1051578e1b\" data-animation-delay=\"0.0\">\n<div class=\"fl-module-content fl-node-content\">\n<div class=\"fl-rich-text\">\n<p>depo<br \/>\n<img decoding=\"async\" src=\"https:\/\/www.soyanggroup.com\/uploads\/1c5a880f.png\" alt=\"6\" \/><\/p>\n<\/div>\n<\/div>\n<\/div>\n<\/div>\n<\/div>\n<\/div>\n<div class=\"fl-col-group fl-node-5ea103c700bbf\" data-node=\"5ea103c700bbf\">\n<div class=\"fl-col fl-node-5ea103c700ea5\" data-node=\"5ea103c700ea5\">\n<div class=\"fl-col-content fl-node-content\">\n<div class=\"fl-module fl-module-rich-text fl-node-5ea103c7009b3\" data-node=\"5ea103c7009b3\" data-animation-delay=\"0.0\">\n<div class=\"fl-module-content fl-node-content\">\n<div class=\"fl-rich-text\">\n<p><strong>Avantaj<\/strong><\/p>\n<p>\u25cf Marka par\u00e7alar\u0131<br \/>\n\u25cf Men\u015fei \u00fclke<br \/>\n\u25cf Sunulan distrib\u00fct\u00f6rl\u00fckler<br \/>\n\u25cf Deneyimli personel<br \/>\n\u25cf Bi\u00e7im A<br \/>\n\u25cf Ye\u015fil \u00fcr\u00fcn<br \/>\n\u25cf Garanti\/Garanti<br \/>\n\u25cf Uluslararas\u0131 Onaylar<br \/>\n\u25cf Ambalajlama<br \/>\n\u25cf Fiyat<br \/>\n\u25cf \u00dcr\u00fcn \u00f6zellikleri<br \/>\n\u25cf \u00dcr\u00fcn performans\u0131<br \/>\n\u25cf H\u0131zl\u0131 teslimat<br \/>\n\u25cf Kalite onaylar\u0131<br \/>\n\u25cf \u0130tibar<br \/>\n\u25cf Hizmet vermek<br \/>\n\u25cf Kabul edilen k\u00fc\u00e7\u00fck sipari\u015fler<br \/>\n\u25cf OEM ve ODM hizmeti<br \/>\n\u25cf Y\u00fcksek kalitede<\/p>\n<p><b>Benzer \u00fcr\u00fcnler<\/b><\/p>\n<p><img decoding=\"async\" src=\"https:\/\/www.soyanggroup.com\/uploads\/7c8bcc9a.png\" alt=\"ggggg\" \/><\/p>\n<p><b>Packaging&amp;Payment&amp;Shippment<br \/>\n<\/b><b>Ambalaj detaylar\u0131:\u00a0<\/b><b>Kartl\u0131 PP \u00e7antas\u0131<br \/>\n<\/b><b>Payment Method:Advance TT, T\/T, L\/C<br \/>\n<\/b><b>Delivery:30-45 days after received the deposite<br \/>\n<\/b><b>Port:Ningbo or Shanghai<\/b><\/p>\n<p><strong>Company Profile:<\/strong><br \/>\n1.Business Type:Manufacturer, Trading Company<br \/>\n2.Main products:Timer Sockets,Cable,Cable Reels,Lighting<br \/>\n3. Total Employees: 501 \u2013 1000 People<br \/>\n4.Year Established:1994<br \/>\n5.Management System Certification: ISO9001, ISO14001, OHSAS18001<br \/>\n6. Country \/ Region:Zhejiang, China<br \/>\n7.Ownership:Private owner<br \/>\n8. Ana Piyasalar:<\/p>\n<p>Do\u011fu Avrupa 39.00%<br \/>\nKuzey Avrupa 30.00%<br \/>\nBat\u0131 Avrupa 16.00%<br \/>\nDomestic Market:7%<br \/>\nMid East:5%<br \/>\nSouth America:3%<\/p>\n<p><strong>SSS:<\/strong><br \/>\n1. \u00dcr\u00fcnleriniz konuklar logosunu yazd\u0131rabilir mi?<br \/>\nEvet, konuklar logoyu sa\u011flar, \u00fcr\u00fcne yazd\u0131rabiliriz.<br \/>\n2. Hangi sosyal sorumluluk denetimini ge\u00e7tiniz?<br \/>\nEvet, bsci var, sedex.<br \/>\n3. Fiyatlar\u0131n\u0131z nedir?<br \/>\nFiyatlar\u0131m\u0131z arz ve di\u011fer piyasa fakt\u00f6rlerine ba\u011fl\u0131 olarak de\u011fi\u015febilir. Conmany'nizden sonra size daha fazla bilgi i\u00e7in bize ula\u015f\u0131n.<\/p>\n<\/div>\n<\/div>\n<\/div>\n<\/div>\n<\/div>\n<\/div>","protected":false},"excerpt":{"rendered":"<p>End\u00fcstriyel g\u00fc\u00e7 konnekt\u00f6r\u00fc 2p+e<\/p>\n<p>IP44<\/p>","protected":false},"featured_media":539,"template":"","meta":[],"product_cat":[24],"product_tag":[],"class_list":{"0":"post-259","1":"product","2":"type-product","3":"status-publish","4":"has-post-thumbnail","6":"product_cat-socketplug","8":"first","9":"instock","10":"shipping-taxable","11":"product-type-simple"},"_links":{"self":[{"href":"https:\/\/www.soyang-group.com\/tr\/wp-json\/wp\/v2\/product\/259","targetHints":{"allow":["GET"]}}],"collection":[{"href":"https:\/\/www.soyang-group.com\/tr\/wp-json\/wp\/v2\/product"}],"about":[{"href":"https:\/\/www.soyang-group.com\/tr\/wp-json\/wp\/v2\/types\/product"}],"version-history":[{"count":1,"href":"https:\/\/www.soyang-group.com\/tr\/wp-json\/wp\/v2\/product\/259\/revisions"}],"predecessor-version":[{"id":540,"href":"https:\/\/www.soyang-group.com\/tr\/wp-json\/wp\/v2\/product\/259\/revisions\/540"}],"wp:featuredmedia":[{"embeddable":true,"href":"https:\/\/www.soyang-group.com\/tr\/wp-json\/wp\/v2\/media\/539"}],"wp:attachment":[{"href":"https:\/\/www.soyang-group.com\/tr\/wp-json\/wp\/v2\/media?parent=259"}],"wp:term":[{"taxonomy":"product_cat","embeddable":true,"href":"https:\/\/www.soyang-group.com\/tr\/wp-json\/wp\/v2\/product_cat?post=259"},{"taxonomy":"product_tag","embeddable":true,"href":"https:\/\/www.soyang-group.com\/tr\/wp-json\/wp\/v2\/product_tag?post=259"}],"curies":[{"name":"wp","href":"https:\/\/api.w.org\/{rel}","templated":true}]}}