{"id":266,"date":"2024-12-12T13:10:17","date_gmt":"2024-12-12T05:10:17","guid":{"rendered":"https:\/\/shuangy.gg12.globaldeepsea.site\/?post_type=product&#038;p=266"},"modified":"2024-12-12T13:10:17","modified_gmt":"2024-12-12T05:10:17","slug":"2-1a-usb-socket","status":"publish","type":"product","link":"https:\/\/www.soyang-group.com\/tr\/urun\/2-1a-usb-socket\/","title":{"rendered":"2.1A USB soketi"},"content":{"rendered":"<p><strong>Genel bak\u0131\u015f<\/strong><\/p>\n<p><strong>H\u0131zl\u0131 Detaylar<\/strong><br \/>\nMen\u015fe yeri: Zhejiang, \u00c7in<br \/>\nMarka Ad\u0131: Soyang<br \/>\nModel numaras\u0131: USB-D2<br \/>\nDC: 5V AC<br \/>\nMax:2.1A<br \/>\nRenk: Beyaz<br \/>\nUygulama: Zamanlay\u0131c\u0131 anahtar\u0131<\/p>\n<p><strong>Tedarik Yetene\u011fi<\/strong><br \/>\nSupply Ability:100000 Piece\/Pieces per Month<\/p>\n<p><strong>Ambalaj ve Teslimat<\/strong><br \/>\nAmbalaj Detaylar\u0131: \u00c7ift Kabarc\u0131k, 10 adet\/ i\u00e7 kutu, 60 adet\/ d\u0131\u015f karton<br \/>\nPort:Ningbo\/Shanghai<br \/>\nKur\u015fun zaman\u0131 :<br \/>\nMiktar (Par\u00e7a) 1 - 10000&gt; 10000<br \/>\nAvustralya, Brezilya ve Kuzey Amerika \u00fclkelerinin kulland\u0131\u011f\u0131 saat uygulamas\u0131. Zaman (g\u00fcn) 60 m\u00fczakere edilecek<\/p>\n<p>&nbsp;<\/p>\n<p><strong>Detay \u00dcr\u00fcn A\u00e7\u0131klamas\u0131<\/strong><\/p>\n<p><strong>2.1A USB soketi<\/strong><br \/>\nModel numaras\u0131: USB-D2<br \/>\nAlmanya S\u00fcr\u00fcm\u00fc<br \/>\nMarka Ad\u0131: Shuangyang<br \/>\nKullan\u0131m: \u015earj Cihaz\u0131 Soketi<br \/>\nTheory: Mechanical<br \/>\nA\u00e7\u0131klama ve \u00d6zellikler<br \/>\n1.Max: 2.1a<br \/>\n2.DC: 5V<br \/>\n3. birim boyutu:<\/p>\n<p><a class=\"fancybox\" href=\"https:\/\/www.soyanggroup.com\/uploads\/125.jpg\" target=\"_blank\" rel=\"noopener\"><img decoding=\"async\" class=\"alignnone size-full wp-image-4344\" src=\"https:\/\/www.soyanggroup.com\/uploads\/125.jpg\" alt=\"1\" \/><\/a><\/p>\n<p>4. Tedarik Yetene\u011fi: Ayda 1000000 Par\u00e7a\/Par\u00e7a Zamanlay\u0131c\u0131<br \/>\n5. Ba\u015fka bir tasar\u0131m i\u00e7in mevcut kapasite: Gemany s\u00fcr\u00fcm\u00fc, Danimarka s\u00fcr\u00fcm\u00fc, Fransa s\u00fcr\u00fcm\u00fc<\/p>\n<p>&nbsp;<\/p>\n<p><strong>Spesifikasyon<\/strong><br \/>\nPaket: Double Blister<br \/>\nMiktar\/Kutu: 10 adet<br \/>\nMiktar\/CTN: 60 adet<br \/>\nGW: 5.8kg<br \/>\nKB: 4.8kg<br \/>\nKarton Boyutu: 38*73*23cm<br \/>\nMiktar\/20 \u2032: 23.040pcs<br \/>\nSertifikalar: GS, CE, ROHS, Reach, PAHS<\/p>\n<p>&nbsp;<\/p>\n<p><strong>Sales point<\/strong><br \/>\n1.High quality<br \/>\n2.Favorable price<br \/>\n3.Great variety of products<br \/>\n4.Attractive design<br \/>\n5.Environment friendly technology<br \/>\n6.OEM and ODM service provided<\/p>\n<p>&nbsp;<\/p>\n<p><strong>Packaging&amp;Payment&amp;Shippment<\/strong><br \/>\nAmbalaj Detaylar\u0131: Beyaz Kutu<br \/>\nPayment Method:Advance TT, T\/T, L\/C<br \/>\nDelivery:30-45 days after received the deposite<br \/>\nPort:Ningbo or Shanghai<\/p>\n<p>&nbsp;<\/p>\n<p><strong>Hizmetlerimiz<\/strong><br \/>\n1. Mesaj\u0131n\u0131z\u0131 ald\u0131ktan sonra size 24 saat i\u00e7inde cevap verece\u011fiz<br \/>\n2. Sizin i\u00e7in hizmet sunacak profesyonel sat\u0131\u015f ekibimiz var<br \/>\n3. Garanti zaman\u0131 ve sat\u0131\u015f sonras\u0131 hizmet olarak 2 y\u0131l teklif edin<\/p>\n<p>&nbsp;<\/p>\n<p><strong>\u015eirket bilgileri<\/strong><\/p>\n<p>Zhejiang Shuangyang Group Co.Ltd. 1986 y\u0131l\u0131nda kurulmu\u015ftur, 1998 y\u0131l\u0131nda Ningbo City'nin y\u0131ld\u0131z i\u015fletmelerinden biri olan ve ISO9001\/14000\/18000 taraf\u0131ndan onaylanan \u00f6zel bir i\u015fletme olan\u0131d\u0131r. Ningbo Liman\u0131 ve Havaalan\u0131'na sadece bir saat ve \u015eangay'a iki saat olan Cixi, Ningbo City'de bulunduk.<\/p>\n<p><a class=\"fancybox\" href=\"https:\/\/www.soyanggroup.com\/uploads\/11.jpg\" target=\"_blank\" rel=\"noopener\"><img decoding=\"async\" class=\"alignnone size-full wp-image-4014\" src=\"https:\/\/www.soyanggroup.com\/uploads\/11.jpg\" alt=\"\u00c4\u00da\u00d2\u00b3\u00d0\u00a7\u00b9\u00fb-1\" \/><\/a><br \/>\n\u015eimdiye kadar, kay\u0131tl\u0131 sermaye 16 milyon USDollar'\u0131n \u00fczerindedir. Zemin alan\u0131m\u0131z yakla\u015f\u0131k 120.000 metrekaredir ve in\u015faat alan\u0131 yakla\u015f\u0131k 85.000 m2'dir. 2018'de toplam d\u00f6n\u00fc\u015f\u00fcm\u00fcz 80 milyon USDollar. Her y\u0131l kaliteyi garanti etmek i\u00e7in on Ar -Ge ve 100'den fazla QC'imiz var, her y\u0131l ba\u015f \u00fcreticisi olarak hareket eden on yeni \u00fcr\u00fcn tasarl\u0131yor ve geli\u015ftiriyoruz.<\/p>\n<p>Ana \u00fcr\u00fcnlerimiz zamanlay\u0131c\u0131lar, soketler, esnek kablolar, g\u00fc\u00e7 kablolar\u0131, fi\u015fler, uzatma soketleri, kablo makaralar\u0131 ve ayd\u0131nlatmalard\u0131r. G\u00fcnl\u00fck zamanlay\u0131c\u0131lar, mekanik ve dijital zamanlay\u0131c\u0131lar, sayma zamanlay\u0131c\u0131lar, her t\u00fcrl\u00fc soketle end\u00fcstri zamanlay\u0131c\u0131lar gibi bir\u00e7ok zamanlay\u0131c\u0131 sa\u011flayabiliriz. Hedef pazarlar\u0131m\u0131z Avrupa pazar\u0131 ve Amerikan pazar\u0131d\u0131r. CE, GS, D, N, S, NF, ETL, VDE, ROHS, REACH, PAHS vb.<\/p>\n<p>M\u00fc\u015fterilerimiz aras\u0131nda iyi bir \u00fcne sahibiz. Her zaman \u00e7evrenin ve insan g\u00fcvenli\u011finin korunmas\u0131na odaklan\u0131r\u0131z. Ya\u015fam kalitesini iyile\u015ftirmek bizim nihai amac\u0131m\u0131zd\u0131r.<\/p>\n<p>G\u00fc\u00e7 kablolar\u0131, uzatma kablolar\u0131 ve kablo makaralar\u0131 bizim ana i\u015fimizdir, her y\u0131l Avrupa pazar\u0131ndan gelen promosyon sipari\u015flerinin ba\u015f \u00fcreticisiyiz. Ticari markay\u0131 korumak i\u00e7in Almanya'daki VDE Global Service ile i\u015fbirli\u011fi yapan en iyi bir \u00fcreticiyiz.<\/p>\n<p>Kar\u015f\u0131l\u0131kl\u0131 fayda ve parlak gelecek i\u00e7in t\u00fcm m\u00fc\u015fterilerle i\u015fbirli\u011fi yapmay\u0131 s\u0131cak bir \u015fekilde kar\u015f\u0131lay\u0131n.<\/p>\n<p>&nbsp;<\/p>\n<p><strong>FAQ<\/strong><br \/>\n\u00c7eyrek. \u00d6rnek sipari\u015fi kabul edebilir misiniz?<\/p>\n<p>C: Evet, elbette, \u00f6rnek sipari\u015fi kabul ediyoruz.<\/p>\n<p>&nbsp;<\/p>\n<p>Q2. How to contract us?<\/p>\n<p>A : You can send mail to us or call.<\/p>","protected":false},"excerpt":{"rendered":"<p>Ana Sayfa USB \u015farj cihaz\u0131 mini soket fi\u015fi<br \/>\n\u0130OS ve Android cihazlar uyumludur,<br \/>\nBirlikte \u015farj etmek i\u00e7in iki cihaz\u0131 desteklemek zor \u015farj sorununu \u00e7\u00f6zmek<\/p>","protected":false},"featured_media":270,"template":"","meta":[],"product_cat":[24],"product_tag":[],"class_list":{"0":"post-266","1":"product","2":"type-product","3":"status-publish","4":"has-post-thumbnail","6":"product_cat-socketplug","8":"first","9":"instock","10":"shipping-taxable","11":"product-type-simple"},"_links":{"self":[{"href":"https:\/\/www.soyang-group.com\/tr\/wp-json\/wp\/v2\/product\/266","targetHints":{"allow":["GET"]}}],"collection":[{"href":"https:\/\/www.soyang-group.com\/tr\/wp-json\/wp\/v2\/product"}],"about":[{"href":"https:\/\/www.soyang-group.com\/tr\/wp-json\/wp\/v2\/types\/product"}],"version-history":[{"count":0,"href":"https:\/\/www.soyang-group.com\/tr\/wp-json\/wp\/v2\/product\/266\/revisions"}],"wp:featuredmedia":[{"embeddable":true,"href":"https:\/\/www.soyang-group.com\/tr\/wp-json\/wp\/v2\/media\/270"}],"wp:attachment":[{"href":"https:\/\/www.soyang-group.com\/tr\/wp-json\/wp\/v2\/media?parent=266"}],"wp:term":[{"taxonomy":"product_cat","embeddable":true,"href":"https:\/\/www.soyang-group.com\/tr\/wp-json\/wp\/v2\/product_cat?post=266"},{"taxonomy":"product_tag","embeddable":true,"href":"https:\/\/www.soyang-group.com\/tr\/wp-json\/wp\/v2\/product_tag?post=266"}],"curies":[{"name":"wp","href":"https:\/\/api.w.org\/{rel}","templated":true}]}}