{"id":278,"date":"2024-12-12T13:12:57","date_gmt":"2024-12-12T05:12:57","guid":{"rendered":"https:\/\/shuangy.gg12.globaldeepsea.site\/?post_type=product&#038;p=278"},"modified":"2024-12-12T13:12:57","modified_gmt":"2024-12-12T05:12:57","slug":"industry-extension-cord","status":"publish","type":"product","link":"https:\/\/www.soyang-group.com\/tr\/urun\/industry-extension-cord\/","title":{"rendered":"Industry Extension Cord"},"content":{"rendered":"<p><strong>Genel bak\u0131\u015f<\/strong><br \/>\n<strong>H\u0131zl\u0131 Detaylar<\/strong><br \/>\nMen\u015fe yeri: Zhejiang, \u00c7in<br \/>\nBrand Name:SY<br \/>\nModel Number:EZ54\/GP52<br \/>\nType:Extension Socket with industry plug<br \/>\nTopraklama: Standart topraklama<br \/>\nRated Voltage:16A<br \/>\nRated Current:250V<br \/>\nApplication:Residential \/ General-Purpose<br \/>\ncertification:CE,S<br \/>\nCable style:Rubber cable VDE<br \/>\nWater proof:IP44<br \/>\ncable length:according the customers\u2019<\/p>\n<p><a class=\"fancybox\" href=\"https:\/\/www.soyanggroup.com\/uploads\/135.jpg\" target=\"_blank\" rel=\"noopener\"><img fetchpriority=\"high\" decoding=\"async\" class=\"alignnone  wp-image-4903\" src=\"https:\/\/www.soyanggroup.com\/uploads\/135.jpg\" alt=\"13\" width=\"434\" height=\"298\" \/><\/a><\/p>\n<p><strong>Tedarik Yetene\u011fi<\/strong><br \/>\nSupply Ability:500000 Piece\/Pieces per Month extension multi socket<\/p>\n<p><strong>Ambalaj ve Teslimat<\/strong><br \/>\nAmbalaj Detaylar\u0131: Kartl\u0131 PE \u00c7antas\u0131<br \/>\nLiman: Ningbo<br \/>\nKur\u015fun S\u00fcresi: Depoziti ald\u0131ktan 25 g\u00fcn sonra<\/p>\n<p>&nbsp;<\/p>\n<p><strong>A\u00e7\u0131klama ve \u00d6zellikler<\/strong><br \/>\n1. CEE plug:<br \/>\nVoltage: 100-130VAC<br \/>\nCurrent: 16A- 4H<br \/>\nPoles:2P+E<br \/>\nWater-proof:IP44<\/p>\n<p>2. CEE socket:<br \/>\nVoltage: 100-130VAC<br \/>\nCurrent: 16A- 4H<br \/>\nPoles:2P+E<br \/>\nWater-proof:IP44<\/p>\n<p>3.color:yellow<\/p>\n<p>4.Match cable as follow: H05VV-F 3G1.5\/2.5 ,<br \/>\nH05RR-F 3G1.5\/2.5 ,<br \/>\nH07RN-F 3G1.5\/2.5.<\/p>\n<p>5.The cable\u2019s length can according to customer\u2019s requirement. for example: 10m,25m,50m\u2026.<\/p>\n<p>6.Can according to customer\u2019s require to packing.<\/p>\n<p>7. Supply Ability: 9000000 Meter\/Meters per Month European\u00a0Extension Cord<br \/>\n<strong>Spesifikasyon<\/strong><br \/>\nPackage: PE bag with card<br \/>\nSertifikalar: CE, Rohs, Reach, PAHS<\/p>\n<p><img decoding=\"async\" src=\"https:\/\/sc01.alicdn.com\/kf\/HTB1eXO6JFXXXXbAXFXXq6xXFXXX1\/1942321\/HTB1eXO6JFXXXXbAXFXXq6xXFXXX1.jpg\" alt=\"\" width=\"639\" height=\"469\" \/><br \/>\n<strong>G\u00f6r\u00fc\u015f<\/strong><br \/>\nZhejiang Shuangyang Group Co., Ltd her zaman kalite ve hizmete sad\u0131k kal\u0131n, sadece y\u00fcksek kalite tedarik etmiyoruz,<br \/>\nayn\u0131 zamanda \u00e7evrenin ve insan g\u00fcvenli\u011finin korunmas\u0131na da dikkat edin.<br \/>\n\u0130nsan ya\u015fam\u0131n\u0131n kalitesini kesintisiz olarak iyile\u015ftirmek bizim son amac\u0131m\u0131zd\u0131r.<\/p>\n<p><a class=\"fancybox\" href=\"https:\/\/www.soyanggroup.com\/uploads\/1211.jpg\" target=\"_blank\" rel=\"noopener\"><img decoding=\"async\" class=\"alignnone  wp-image-4900\" src=\"https:\/\/www.soyanggroup.com\/uploads\/1211.jpg\" alt=\"12\" width=\"269\" height=\"196\" \/><\/a>\u00a0 \u00a0<img loading=\"lazy\" decoding=\"async\" class=\"wp-image-4904 alignnone\" src=\"https:\/\/www.soyanggroup.com\/uploads\/1212.jpg\" alt=\"12\" width=\"301\" height=\"175\" \/><\/p>\n<p>&nbsp;<\/p>\n<p><strong>Avantaj<\/strong><br \/>\n1.Brand ad\u0131 par\u00e7alar\u0131<br \/>\n2. Men\u015fe B\u00f6lgesi<br \/>\n3.DistributeShips Sunulan<br \/>\n4. Muazzam Personel<br \/>\n5. form a<br \/>\n6. Ye\u015fil \u00dcr\u00fcn<br \/>\n7.Guarantee\/Warranty<br \/>\n8. Uluslararas\u0131 Onaylar<br \/>\n9.Packaging<br \/>\n10.Price<br \/>\n11. \u00dcr\u00fcn \u00f6zellikleri<br \/>\n12. \u00dcr\u00fcn Performans\u0131<br \/>\n13. Teslimat<br \/>\n14.<br \/>\n15.Reputation<br \/>\n16.Service<br \/>\n17. Kabul edilen k\u00fc\u00e7\u00fck sipari\u015fler<br \/>\n18.oem ve ODM hizmeti<br \/>\n19.<br \/>\n<strong>Pop\u00fcler pazar: Avrupa<\/strong><strong><br \/>\n<\/strong><\/p>\n<p><img decoding=\"async\" src=\"https:\/\/sc01.alicdn.com\/kf\/HTB1.scCIFXXXXXVXpXXq6xXFXXX6\/1942321\/HTB1.scCIFXXXXXVXpXXq6xXFXXX6.jpg_.webp\" alt=\"\" \/><\/p>\n<p>&nbsp;<\/p>\n<p><strong>Temas etmek<\/strong><br \/>\nE -postan\u0131z\u0131 veya faks\u0131n\u0131z\u0131 24 saat i\u00e7inde yan\u0131tlayaca\u011f\u0131z<br \/>\n\u00dcretimimizle ilgili herhangi bir soru varsa bizi istedi\u011finiz zaman arayabilirsiniz<\/p>\n<p>&nbsp;<\/p>\n<p><strong>G\u00f6ndermek<\/strong><br \/>\nM\u00fc\u015fteri i\u00e7in atanan nakliye \u015firketini veya m\u00fcvekkil i\u00e7in rezervasyon gemisini kabul edebiliriz, m\u00fc\u015fteri mallar\u0131 alana kadar kaplar\u0131 izleyebiliriz<\/p>\n<p><img decoding=\"async\" src=\"https:\/\/sc01.alicdn.com\/kf\/HTB19FIlJFXXXXXkXVXXq6xXFXXXv\/1942321\/HTB19FIlJFXXXXXkXVXXq6xXFXXXv.jpg_.webp\" alt=\"\" \/><br \/>\n<strong>If you want to know more information, please contact us without hesitate<\/strong><\/p>","protected":false},"excerpt":{"rendered":"<p>Kablonun uzunlu\u011fu m\u00fc\u015fterinin gereksinimine g\u00f6re olabilir.<br \/>\n\u00d6rne\u011fin: 10m, 25m, 50m\u2026.<\/p>\n<p>Ambalaj ve Teslimat<br \/>\nAmbalaj Detaylar\u0131: PE \u00c7antas\u0131<br \/>\nPort:Ningbo\/Shanghai<br \/>\nKur\u015fun zaman\u0131 :<br \/>\nMiktar (Par\u00e7a) 1 - 10000&gt; 10000<br \/>\nAvustralya, Brezilya ve Kuzey Amerika \u00fclkelerinin kulland\u0131\u011f\u0131 saat uygulamas\u0131. Zaman (g\u00fcn) 60 m\u00fczakere edilecek<\/p>","protected":false},"featured_media":279,"template":"","meta":[],"product_cat":[25],"product_tag":[],"class_list":{"0":"post-278","1":"product","2":"type-product","3":"status-publish","4":"has-post-thumbnail","6":"product_cat-extension-cord","8":"first","9":"instock","10":"shipping-taxable","11":"product-type-simple"},"_links":{"self":[{"href":"https:\/\/www.soyang-group.com\/tr\/wp-json\/wp\/v2\/product\/278","targetHints":{"allow":["GET"]}}],"collection":[{"href":"https:\/\/www.soyang-group.com\/tr\/wp-json\/wp\/v2\/product"}],"about":[{"href":"https:\/\/www.soyang-group.com\/tr\/wp-json\/wp\/v2\/types\/product"}],"version-history":[{"count":0,"href":"https:\/\/www.soyang-group.com\/tr\/wp-json\/wp\/v2\/product\/278\/revisions"}],"wp:featuredmedia":[{"embeddable":true,"href":"https:\/\/www.soyang-group.com\/tr\/wp-json\/wp\/v2\/media\/279"}],"wp:attachment":[{"href":"https:\/\/www.soyang-group.com\/tr\/wp-json\/wp\/v2\/media?parent=278"}],"wp:term":[{"taxonomy":"product_cat","embeddable":true,"href":"https:\/\/www.soyang-group.com\/tr\/wp-json\/wp\/v2\/product_cat?post=278"},{"taxonomy":"product_tag","embeddable":true,"href":"https:\/\/www.soyang-group.com\/tr\/wp-json\/wp\/v2\/product_tag?post=278"}],"curies":[{"name":"wp","href":"https:\/\/api.w.org\/{rel}","templated":true}]}}